{"id":8520,"date":"2024-06-30T02:40:19","date_gmt":"2024-06-30T02:40:19","guid":{"rendered":"https:\/\/thr.tools\/product\/1-2200-ft-lb-heavy-duty-air-impact-wrench-8-extended-anvil-length-twin-hammer-type-trigger\/"},"modified":"2024-07-02T00:51:34","modified_gmt":"2024-07-02T00:51:34","slug":"i-808302l","status":"publish","type":"product","link":"https:\/\/thr.tools\/es\/product\/i-808302l\/","title":{"rendered":"Llave de Impacto Neum\u00e1tica De Servicio Pesado de 1&#x0022;, 2983-Nm y Yunque Extendido de 8&#x0022; &#8211; Gatillo Tipo Twin Hammer"},"content":{"rendered":"","protected":false},"excerpt":{"rendered":"<p>Presentamos la herramienta definitiva para todas sus necesidades mec\u00e1nicas de servicio pesado: \u00a1la llave de impacto de aire con yunque extendido de servicio pesado! Esta potente m\u00e1quina cuenta con un tama\u00f1o de unidad 1&#x0022; y un torque m\u00e1ximo de 2983-Nm, lo que le permite manejar sin esfuerzo incluso los pernos y tuercas m\u00e1s dif\u00edciles. Con su longitud de yunque extendido de 8&#x0022;, llegar a espacios profundos y estrechos ya no es un problema. Adem\u00e1s, el tipo de acci\u00f3n del gatillo Twin Hammer proporciona un control preciso y precisi\u00f3n para una experiencia de trabajo sin problemas. Diga adi\u00f3s al trabajo manual y d\u00e9 la bienvenida a la eficiencia con nuestra Llave De Impacto De Aire De Servicio Pesado. <\/p>\n<p>\u00bfEst\u00e1 cansado de luchar constantemente con su vieja llave de impacto desactualizada? \u00a1No busque m\u00e1s! Nuestra llave de impacto de aire de servicio pesado con yunque extendido est\u00e1 aqu\u00ed para revolucionar la forma en que trabaja. Con su construcci\u00f3n de servicio pesado y tama\u00f1o de unidad 1&#x0022;, este monstruo puede aflojar o apretar f\u00e1cilmente cualquier perno o tuerca tercos. Gracias a su torque m\u00e1ximo de 2983-Nm, ahora puede abordar cualquier tarea con facilidad y confianza. La longitud del yunque extendido de 8&#x0022; asegura un alcance y versatilidad m\u00e1ximos, mientras que el tipo de accionamiento del gatillo Twin Hammer ofrece un rendimiento suave y preciso. Actualice su arsenal de herramientas con la m\u00e1xima llave de impacto de aire de servicio pesado y experimente un nuevo nivel de eficiencia. <\/p>\n","protected":false},"featured_media":7692,"template":"","meta":{"site-sidebar-layout":"default","site-content-layout":"","ast-site-content-layout":"default","site-content-style":"default","site-sidebar-style":"default","ast-global-header-display":"","ast-banner-title-visibility":"","ast-main-header-display":"","ast-hfb-above-header-display":"","ast-hfb-below-header-display":"","ast-hfb-mobile-header-display":"","site-post-title":"","ast-breadcrumbs-content":"","ast-featured-img":"","footer-sml-layout":"","ast-disable-related-posts":"","theme-transparent-header-meta":"","adv-header-id-meta":"","stick-header-meta":"","header-above-stick-meta":"","header-main-stick-meta":"","header-below-stick-meta":"","astra-migrate-meta-layouts":"default","ast-page-background-enabled":"default","ast-page-background-meta":{"desktop":{"background-color":"","background-image":"","background-repeat":"repeat","background-position":"center center","background-size":"auto","background-attachment":"scroll","background-type":"","background-media":"","overlay-type":"","overlay-color":"","overlay-opacity":"","overlay-gradient":""},"tablet":{"background-color":"","background-image":"","background-repeat":"repeat","background-position":"center center","background-size":"auto","background-attachment":"scroll","background-type":"","background-media":"","overlay-type":"","overlay-color":"","overlay-opacity":"","overlay-gradient":""},"mobile":{"background-color":"","background-image":"","background-repeat":"repeat","background-position":"center center","background-size":"auto","background-attachment":"scroll","background-type":"","background-media":"","overlay-type":"","overlay-color":"","overlay-opacity":"","overlay-gradient":""}},"ast-content-background-meta":{"desktop":{"background-color":"var(--ast-global-color-5)","background-image":"","background-repeat":"repeat","background-position":"center center","background-size":"auto","background-attachment":"scroll","background-type":"","background-media":"","overlay-type":"","overlay-color":"","overlay-opacity":"","overlay-gradient":""},"tablet":{"background-color":"var(--ast-global-color-5)","background-image":"","background-repeat":"repeat","background-position":"center center","background-size":"auto","background-attachment":"scroll","background-type":"","background-media":"","overlay-type":"","overlay-color":"","overlay-opacity":"","overlay-gradient":""},"mobile":{"background-color":"var(--ast-global-color-5)","background-image":"","background-repeat":"repeat","background-position":"center center","background-size":"auto","background-attachment":"scroll","background-type":"","background-media":"","overlay-type":"","overlay-color":"","overlay-opacity":"","overlay-gradient":""}}},"product_brand":[],"product_cat":[565,580,569],"product_tag":[],"class_list":{"0":"post-8520","1":"product","2":"type-product","3":"status-publish","4":"has-post-thumbnail","6":"product_cat-herramientas","7":"product_cat-llaves","8":"product_cat-neumaticas","9":"desktop-align-left","10":"tablet-align-left","11":"mobile-align-left","13":"first","14":"instock","15":"shipping-taxable","16":"purchasable","17":"product-type-simple"},"yoast_head":"<!-- This site is optimized with the Yoast SEO plugin v26.7 - https:\/\/yoast.com\/wordpress\/plugins\/seo\/ -->\n<title>Llave de Impacto Neum\u00e1tica De Servicio Pesado de 1&#x22;, 2983-Nm y Yunque Extendido de 8&#x22; - Gatillo Tipo Twin Hammer - THR Industrial Supplies<\/title>\n<meta name=\"robots\" content=\"index, follow, max-snippet:-1, max-image-preview:large, max-video-preview:-1\" \/>\n<link rel=\"canonical\" href=\"https:\/\/thr.tools\/es\/product\/i-808302l\/\" \/>\n<meta property=\"og:locale\" content=\"es_ES\" \/>\n<meta property=\"og:type\" content=\"article\" \/>\n<meta property=\"og:title\" content=\"Llave de Impacto Neum\u00e1tica De Servicio Pesado de 1&#x22;, 2983-Nm y Yunque Extendido de 8&#x22; - Gatillo Tipo Twin Hammer - THR Industrial Supplies\" \/>\n<meta property=\"og:description\" content=\"Presentamos la herramienta definitiva para todas sus necesidades mec\u00e1nicas de servicio pesado: \u00a1la llave de impacto de aire con yunque extendido de servicio pesado! Esta potente m\u00e1quina cuenta con un tama\u00f1o de unidad 1&#x22; y un torque m\u00e1ximo de 2983-Nm, lo que le permite manejar sin esfuerzo incluso los pernos y tuercas m\u00e1s dif\u00edciles. Con su longitud de yunque extendido de 8&#x22;, llegar a espacios profundos y estrechos ya no es un problema. Adem\u00e1s, el tipo de acci\u00f3n del gatillo Twin Hammer proporciona un control preciso y precisi\u00f3n para una experiencia de trabajo sin problemas. Diga adi\u00f3s al trabajo manual y d\u00e9 la bienvenida a la eficiencia con nuestra Llave De Impacto De Aire De Servicio Pesado.  \u00bfEst\u00e1 cansado de luchar constantemente con su vieja llave de impacto desactualizada? \u00a1No busque m\u00e1s! Nuestra llave de impacto de aire de servicio pesado con yunque extendido est\u00e1 aqu\u00ed para revolucionar la forma en que trabaja. Con su construcci\u00f3n de servicio pesado y tama\u00f1o de unidad 1&#x22;, este monstruo puede aflojar o apretar f\u00e1cilmente cualquier perno o tuerca tercos. Gracias a su torque m\u00e1ximo de 2983-Nm, ahora puede abordar cualquier tarea con facilidad y confianza. La longitud del yunque extendido de 8&#x22; asegura un alcance y versatilidad m\u00e1ximos, mientras que el tipo de accionamiento del gatillo Twin Hammer ofrece un rendimiento suave y preciso. Actualice su arsenal de herramientas con la m\u00e1xima llave de impacto de aire de servicio pesado y experimente un nuevo nivel de eficiencia.\" \/>\n<meta property=\"og:url\" content=\"https:\/\/thr.tools\/es\/product\/i-808302l\/\" \/>\n<meta property=\"og:site_name\" content=\"THR Industrial Supplies\" \/>\n<meta property=\"article:modified_time\" content=\"2024-07-02T00:51:34+00:00\" \/>\n<meta property=\"og:image\" content=\"https:\/\/thr.tools\/wp-content\/uploads\/2024\/06\/I-808302L_1200x1200.jpg\" \/>\n\t<meta property=\"og:image:width\" content=\"1200\" \/>\n\t<meta property=\"og:image:height\" content=\"1200\" \/>\n\t<meta property=\"og:image:type\" content=\"image\/jpeg\" \/>\n<meta name=\"twitter:card\" content=\"summary_large_image\" \/>\n<script type=\"application\/ld+json\" class=\"yoast-schema-graph\">{\"@context\":\"https:\/\/schema.org\",\"@graph\":[{\"@type\":\"WebPage\",\"@id\":\"https:\/\/thr.tools\/es\/product\/i-808302l\/\",\"url\":\"https:\/\/thr.tools\/es\/product\/i-808302l\/\",\"name\":\"Llave de Impacto Neum\u00e1tica De Servicio Pesado de 1&#x0022;, 2983-Nm y Yunque Extendido de 8&#x0022; - Gatillo Tipo Twin Hammer - THR Industrial Supplies\",\"isPartOf\":{\"@id\":\"https:\/\/thr.tools\/es\/#website\"},\"primaryImageOfPage\":{\"@id\":\"https:\/\/thr.tools\/es\/product\/i-808302l\/#primaryimage\"},\"image\":{\"@id\":\"https:\/\/thr.tools\/es\/product\/i-808302l\/#primaryimage\"},\"thumbnailUrl\":\"https:\/\/thr.tools\/wp-content\/uploads\/2024\/06\/I-808302L_1200x1200.jpg\",\"datePublished\":\"2024-06-30T02:40:19+00:00\",\"dateModified\":\"2024-07-02T00:51:34+00:00\",\"breadcrumb\":{\"@id\":\"https:\/\/thr.tools\/es\/product\/i-808302l\/#breadcrumb\"},\"inLanguage\":\"es\",\"potentialAction\":[{\"@type\":\"ReadAction\",\"target\":[\"https:\/\/thr.tools\/es\/product\/i-808302l\/\"]}]},{\"@type\":\"ImageObject\",\"inLanguage\":\"es\",\"@id\":\"https:\/\/thr.tools\/es\/product\/i-808302l\/#primaryimage\",\"url\":\"https:\/\/thr.tools\/wp-content\/uploads\/2024\/06\/I-808302L_1200x1200.jpg\",\"contentUrl\":\"https:\/\/thr.tools\/wp-content\/uploads\/2024\/06\/I-808302L_1200x1200.jpg\",\"width\":1200,\"height\":1200},{\"@type\":\"BreadcrumbList\",\"@id\":\"https:\/\/thr.tools\/es\/product\/i-808302l\/#breadcrumb\",\"itemListElement\":[{\"@type\":\"ListItem\",\"position\":1,\"name\":\"Home\",\"item\":\"https:\/\/thr.tools\/es\/\"},{\"@type\":\"ListItem\",\"position\":2,\"name\":\"Store\",\"item\":\"https:\/\/thr.tools\/store\/\"},{\"@type\":\"ListItem\",\"position\":3,\"name\":\"Llave de Impacto Neum\u00e1tica De Servicio Pesado de 1&#x0022;, 2983-Nm y Yunque Extendido de 8&#x0022; &#8211; Gatillo Tipo Twin Hammer\"}]},{\"@type\":\"WebSite\",\"@id\":\"https:\/\/thr.tools\/es\/#website\",\"url\":\"https:\/\/thr.tools\/es\/\",\"name\":\"THR Industrial Supplies | Air Compressors & Tools\",\"description\":\"OEM, ODM Air Equipment Supplier\",\"publisher\":{\"@id\":\"https:\/\/thr.tools\/es\/#organization\"},\"alternateName\":\"THR Industrial Supplies | Compresores de Aire y Herramientas\",\"potentialAction\":[{\"@type\":\"SearchAction\",\"target\":{\"@type\":\"EntryPoint\",\"urlTemplate\":\"https:\/\/thr.tools\/es\/?s={search_term_string}\"},\"query-input\":{\"@type\":\"PropertyValueSpecification\",\"valueRequired\":true,\"valueName\":\"search_term_string\"}}],\"inLanguage\":\"es\"},{\"@type\":\"Organization\",\"@id\":\"https:\/\/thr.tools\/es\/#organization\",\"name\":\"THR Electronics LLC\",\"url\":\"https:\/\/thr.tools\/es\/\",\"logo\":{\"@type\":\"ImageObject\",\"inLanguage\":\"es\",\"@id\":\"https:\/\/thr.tools\/es\/#\/schema\/logo\/image\/\",\"url\":\"https:\/\/thr.tools\/wp-content\/uploads\/2023\/07\/cropped-favicon-thr-logo-512x512-1.png\",\"contentUrl\":\"https:\/\/thr.tools\/wp-content\/uploads\/2023\/07\/cropped-favicon-thr-logo-512x512-1.png\",\"width\":815,\"height\":814,\"caption\":\"THR Electronics LLC\"},\"image\":{\"@id\":\"https:\/\/thr.tools\/es\/#\/schema\/logo\/image\/\"}}]}<\/script>\n<!-- \/ Yoast SEO plugin. -->","yoast_head_json":{"title":"Llave de Impacto Neum\u00e1tica De Servicio Pesado de 1&#x0022;, 2983-Nm y Yunque Extendido de 8&#x0022; - Gatillo Tipo Twin Hammer - THR Industrial Supplies","robots":{"index":"index","follow":"follow","max-snippet":"max-snippet:-1","max-image-preview":"max-image-preview:large","max-video-preview":"max-video-preview:-1"},"canonical":"https:\/\/thr.tools\/es\/product\/i-808302l\/","og_locale":"es_ES","og_type":"article","og_title":"Llave de Impacto Neum\u00e1tica De Servicio Pesado de 1&#x0022;, 2983-Nm y Yunque Extendido de 8&#x0022; - Gatillo Tipo Twin Hammer - THR Industrial Supplies","og_description":"Presentamos la herramienta definitiva para todas sus necesidades mec\u00e1nicas de servicio pesado: \u00a1la llave de impacto de aire con yunque extendido de servicio pesado! Esta potente m\u00e1quina cuenta con un tama\u00f1o de unidad 1&#x0022; y un torque m\u00e1ximo de 2983-Nm, lo que le permite manejar sin esfuerzo incluso los pernos y tuercas m\u00e1s dif\u00edciles. Con su longitud de yunque extendido de 8&#x0022;, llegar a espacios profundos y estrechos ya no es un problema. Adem\u00e1s, el tipo de acci\u00f3n del gatillo Twin Hammer proporciona un control preciso y precisi\u00f3n para una experiencia de trabajo sin problemas. Diga adi\u00f3s al trabajo manual y d\u00e9 la bienvenida a la eficiencia con nuestra Llave De Impacto De Aire De Servicio Pesado.  \u00bfEst\u00e1 cansado de luchar constantemente con su vieja llave de impacto desactualizada? \u00a1No busque m\u00e1s! Nuestra llave de impacto de aire de servicio pesado con yunque extendido est\u00e1 aqu\u00ed para revolucionar la forma en que trabaja. Con su construcci\u00f3n de servicio pesado y tama\u00f1o de unidad 1&#x0022;, este monstruo puede aflojar o apretar f\u00e1cilmente cualquier perno o tuerca tercos. Gracias a su torque m\u00e1ximo de 2983-Nm, ahora puede abordar cualquier tarea con facilidad y confianza. La longitud del yunque extendido de 8&#x0022; asegura un alcance y versatilidad m\u00e1ximos, mientras que el tipo de accionamiento del gatillo Twin Hammer ofrece un rendimiento suave y preciso. Actualice su arsenal de herramientas con la m\u00e1xima llave de impacto de aire de servicio pesado y experimente un nuevo nivel de eficiencia.","og_url":"https:\/\/thr.tools\/es\/product\/i-808302l\/","og_site_name":"THR Industrial Supplies","article_modified_time":"2024-07-02T00:51:34+00:00","og_image":[{"width":1200,"height":1200,"url":"https:\/\/thr.tools\/wp-content\/uploads\/2024\/06\/I-808302L_1200x1200.jpg","type":"image\/jpeg"}],"twitter_card":"summary_large_image","schema":{"@context":"https:\/\/schema.org","@graph":[{"@type":"WebPage","@id":"https:\/\/thr.tools\/es\/product\/i-808302l\/","url":"https:\/\/thr.tools\/es\/product\/i-808302l\/","name":"Llave de Impacto Neum\u00e1tica De Servicio Pesado de 1&#x0022;, 2983-Nm y Yunque Extendido de 8&#x0022; - Gatillo Tipo Twin Hammer - THR Industrial Supplies","isPartOf":{"@id":"https:\/\/thr.tools\/es\/#website"},"primaryImageOfPage":{"@id":"https:\/\/thr.tools\/es\/product\/i-808302l\/#primaryimage"},"image":{"@id":"https:\/\/thr.tools\/es\/product\/i-808302l\/#primaryimage"},"thumbnailUrl":"https:\/\/thr.tools\/wp-content\/uploads\/2024\/06\/I-808302L_1200x1200.jpg","datePublished":"2024-06-30T02:40:19+00:00","dateModified":"2024-07-02T00:51:34+00:00","breadcrumb":{"@id":"https:\/\/thr.tools\/es\/product\/i-808302l\/#breadcrumb"},"inLanguage":"es","potentialAction":[{"@type":"ReadAction","target":["https:\/\/thr.tools\/es\/product\/i-808302l\/"]}]},{"@type":"ImageObject","inLanguage":"es","@id":"https:\/\/thr.tools\/es\/product\/i-808302l\/#primaryimage","url":"https:\/\/thr.tools\/wp-content\/uploads\/2024\/06\/I-808302L_1200x1200.jpg","contentUrl":"https:\/\/thr.tools\/wp-content\/uploads\/2024\/06\/I-808302L_1200x1200.jpg","width":1200,"height":1200},{"@type":"BreadcrumbList","@id":"https:\/\/thr.tools\/es\/product\/i-808302l\/#breadcrumb","itemListElement":[{"@type":"ListItem","position":1,"name":"Home","item":"https:\/\/thr.tools\/es\/"},{"@type":"ListItem","position":2,"name":"Store","item":"https:\/\/thr.tools\/store\/"},{"@type":"ListItem","position":3,"name":"Llave de Impacto Neum\u00e1tica De Servicio Pesado de 1&#x0022;, 2983-Nm y Yunque Extendido de 8&#x0022; &#8211; Gatillo Tipo Twin Hammer"}]},{"@type":"WebSite","@id":"https:\/\/thr.tools\/es\/#website","url":"https:\/\/thr.tools\/es\/","name":"THR Industrial Supplies | Air Compressors & Tools","description":"OEM, ODM Air Equipment Supplier","publisher":{"@id":"https:\/\/thr.tools\/es\/#organization"},"alternateName":"THR Industrial Supplies | Compresores de Aire y Herramientas","potentialAction":[{"@type":"SearchAction","target":{"@type":"EntryPoint","urlTemplate":"https:\/\/thr.tools\/es\/?s={search_term_string}"},"query-input":{"@type":"PropertyValueSpecification","valueRequired":true,"valueName":"search_term_string"}}],"inLanguage":"es"},{"@type":"Organization","@id":"https:\/\/thr.tools\/es\/#organization","name":"THR Electronics LLC","url":"https:\/\/thr.tools\/es\/","logo":{"@type":"ImageObject","inLanguage":"es","@id":"https:\/\/thr.tools\/es\/#\/schema\/logo\/image\/","url":"https:\/\/thr.tools\/wp-content\/uploads\/2023\/07\/cropped-favicon-thr-logo-512x512-1.png","contentUrl":"https:\/\/thr.tools\/wp-content\/uploads\/2023\/07\/cropped-favicon-thr-logo-512x512-1.png","width":815,"height":814,"caption":"THR Electronics LLC"},"image":{"@id":"https:\/\/thr.tools\/es\/#\/schema\/logo\/image\/"}}]}},"_links":{"self":[{"href":"https:\/\/thr.tools\/es\/wp-json\/wp\/v2\/product\/8520","targetHints":{"allow":["GET"]}}],"collection":[{"href":"https:\/\/thr.tools\/es\/wp-json\/wp\/v2\/product"}],"about":[{"href":"https:\/\/thr.tools\/es\/wp-json\/wp\/v2\/types\/product"}],"version-history":[{"count":1,"href":"https:\/\/thr.tools\/es\/wp-json\/wp\/v2\/product\/8520\/revisions"}],"predecessor-version":[{"id":8603,"href":"https:\/\/thr.tools\/es\/wp-json\/wp\/v2\/product\/8520\/revisions\/8603"}],"wp:featuredmedia":[{"embeddable":true,"href":"https:\/\/thr.tools\/es\/wp-json\/wp\/v2\/media\/7692"}],"wp:attachment":[{"href":"https:\/\/thr.tools\/es\/wp-json\/wp\/v2\/media?parent=8520"}],"wp:term":[{"taxonomy":"product_brand","embeddable":true,"href":"https:\/\/thr.tools\/es\/wp-json\/wp\/v2\/product_brand?post=8520"},{"taxonomy":"product_cat","embeddable":true,"href":"https:\/\/thr.tools\/es\/wp-json\/wp\/v2\/product_cat?post=8520"},{"taxonomy":"product_tag","embeddable":true,"href":"https:\/\/thr.tools\/es\/wp-json\/wp\/v2\/product_tag?post=8520"}],"curies":[{"name":"wp","href":"https:\/\/api.w.org\/{rel}","templated":true}]}}