{"id":8493,"date":"2024-06-30T02:42:05","date_gmt":"2024-06-30T02:42:05","guid":{"rendered":"https:\/\/thr.tools\/product\/38-composite-reversible-air-drill\/"},"modified":"2024-07-02T00:51:54","modified_gmt":"2024-07-02T00:51:54","slug":"d-31r","status":"publish","type":"product","link":"https:\/\/thr.tools\/es\/product\/d-31r\/","title":{"rendered":"Taladro Neum\u00e1tico Compuesto Reversible de 10mm"},"content":{"rendered":"","protected":false},"excerpt":{"rendered":"<p>\u00a1Presentamos el taladro neum\u00e1tico de uso general vers\u00e1til y resistente! Hecho con materiales compuestos de alta calidad, este taladro est\u00e1 dise\u00f1ado para durar y manejar incluso los trabajos m\u00e1s dif\u00edciles. Con su funci\u00f3n de direcci\u00f3n reversible, el taladro te permite alternar f\u00e1cilmente entre rotaciones en sentido horario y antihorario, lo que lo hace perfecto para diversas tareas. Su 10mm te permite cambiar f\u00e1cilmente de brocas, d\u00e1ndote la capacidad de trabajar con una amplia gama de materiales. La 1800-RPM garantiza una perforaci\u00f3n eficiente y precisa, mientras que el dise\u00f1o liviano del taladro con un peso de 1.1-kg asegura facilidad de uso y reduce la tensi\u00f3n en tu brazo. \u00a1Mejora tu caja de herramientas con el taladro neum\u00e1tico de uso general y afronta cualquier proyecto con confianza! <\/p>\n<p>Experimenta el poder y la comodidad del taladro neum\u00e1tico de uso general. Ya seas un entusiasta del bricolaje o un profesional, este taladro es la adici\u00f3n perfecta a tu arsenal. La funci\u00f3n de direcci\u00f3n reversible no solo facilita la perforaci\u00f3n, sino que tambi\u00e9n permite una eliminaci\u00f3n eficiente de brocas atascadas o bloqueadas. Con su 10mm, puedes acomodar f\u00e1cilmente brocas de diferentes tama\u00f1os, lo que lo hace adecuado para diversas tareas. Con una 1800-RPM, puedes afrontar cualquier tarea de perforaci\u00f3n con precisi\u00f3n y rapidez. Y con un peso de 1.1-kg, este taladro es compacto y liviano, lo que hace que sea f\u00e1cil de usar y transportar. Actualiza al taladro neum\u00e1tico de uso general y prep\u00e1rate para trabajar de manera m\u00e1s inteligente, no m\u00e1s dif\u00edcil. <\/p>\n","protected":false},"featured_media":7773,"template":"","meta":{"site-sidebar-layout":"default","site-content-layout":"","ast-site-content-layout":"default","site-content-style":"default","site-sidebar-style":"default","ast-global-header-display":"","ast-banner-title-visibility":"","ast-main-header-display":"","ast-hfb-above-header-display":"","ast-hfb-below-header-display":"","ast-hfb-mobile-header-display":"","site-post-title":"","ast-breadcrumbs-content":"","ast-featured-img":"","footer-sml-layout":"","ast-disable-related-posts":"","theme-transparent-header-meta":"","adv-header-id-meta":"","stick-header-meta":"","header-above-stick-meta":"","header-main-stick-meta":"","header-below-stick-meta":"","astra-migrate-meta-layouts":"default","ast-page-background-enabled":"default","ast-page-background-meta":{"desktop":{"background-color":"","background-image":"","background-repeat":"repeat","background-position":"center center","background-size":"auto","background-attachment":"scroll","background-type":"","background-media":"","overlay-type":"","overlay-color":"","overlay-opacity":"","overlay-gradient":""},"tablet":{"background-color":"","background-image":"","background-repeat":"repeat","background-position":"center center","background-size":"auto","background-attachment":"scroll","background-type":"","background-media":"","overlay-type":"","overlay-color":"","overlay-opacity":"","overlay-gradient":""},"mobile":{"background-color":"","background-image":"","background-repeat":"repeat","background-position":"center center","background-size":"auto","background-attachment":"scroll","background-type":"","background-media":"","overlay-type":"","overlay-color":"","overlay-opacity":"","overlay-gradient":""}},"ast-content-background-meta":{"desktop":{"background-color":"var(--ast-global-color-5)","background-image":"","background-repeat":"repeat","background-position":"center center","background-size":"auto","background-attachment":"scroll","background-type":"","background-media":"","overlay-type":"","overlay-color":"","overlay-opacity":"","overlay-gradient":""},"tablet":{"background-color":"var(--ast-global-color-5)","background-image":"","background-repeat":"repeat","background-position":"center center","background-size":"auto","background-attachment":"scroll","background-type":"","background-media":"","overlay-type":"","overlay-color":"","overlay-opacity":"","overlay-gradient":""},"mobile":{"background-color":"var(--ast-global-color-5)","background-image":"","background-repeat":"repeat","background-position":"center center","background-size":"auto","background-attachment":"scroll","background-type":"","background-media":"","overlay-type":"","overlay-color":"","overlay-opacity":"","overlay-gradient":""}}},"product_brand":[],"product_cat":[565,569,573],"product_tag":[],"class_list":{"0":"post-8493","1":"product","2":"type-product","3":"status-publish","4":"has-post-thumbnail","6":"product_cat-herramientas","7":"product_cat-neumaticas","8":"product_cat-taladros-y-destornilladores-es","9":"desktop-align-left","10":"tablet-align-left","11":"mobile-align-left","13":"first","14":"instock","15":"shipping-taxable","16":"purchasable","17":"product-type-simple"},"yoast_head":"<!-- This site is optimized with the Yoast SEO plugin v26.7 - https:\/\/yoast.com\/wordpress\/plugins\/seo\/ -->\n<title>Taladro Neum\u00e1tico Compuesto Reversible de 10mm - THR Industrial Supplies<\/title>\n<meta name=\"robots\" content=\"index, follow, max-snippet:-1, max-image-preview:large, max-video-preview:-1\" \/>\n<link rel=\"canonical\" href=\"https:\/\/thr.tools\/es\/product\/d-31r\/\" \/>\n<meta property=\"og:locale\" content=\"es_ES\" \/>\n<meta property=\"og:type\" content=\"article\" \/>\n<meta property=\"og:title\" content=\"Taladro Neum\u00e1tico Compuesto Reversible de 10mm - THR Industrial Supplies\" \/>\n<meta property=\"og:description\" content=\"\u00a1Presentamos el taladro neum\u00e1tico de uso general vers\u00e1til y resistente! Hecho con materiales compuestos de alta calidad, este taladro est\u00e1 dise\u00f1ado para durar y manejar incluso los trabajos m\u00e1s dif\u00edciles. Con su funci\u00f3n de direcci\u00f3n reversible, el taladro te permite alternar f\u00e1cilmente entre rotaciones en sentido horario y antihorario, lo que lo hace perfecto para diversas tareas. Su 10mm te permite cambiar f\u00e1cilmente de brocas, d\u00e1ndote la capacidad de trabajar con una amplia gama de materiales. La 1800-RPM garantiza una perforaci\u00f3n eficiente y precisa, mientras que el dise\u00f1o liviano del taladro con un peso de 1.1-kg asegura facilidad de uso y reduce la tensi\u00f3n en tu brazo. \u00a1Mejora tu caja de herramientas con el taladro neum\u00e1tico de uso general y afronta cualquier proyecto con confianza!  Experimenta el poder y la comodidad del taladro neum\u00e1tico de uso general. Ya seas un entusiasta del bricolaje o un profesional, este taladro es la adici\u00f3n perfecta a tu arsenal. La funci\u00f3n de direcci\u00f3n reversible no solo facilita la perforaci\u00f3n, sino que tambi\u00e9n permite una eliminaci\u00f3n eficiente de brocas atascadas o bloqueadas. Con su 10mm, puedes acomodar f\u00e1cilmente brocas de diferentes tama\u00f1os, lo que lo hace adecuado para diversas tareas. Con una 1800-RPM, puedes afrontar cualquier tarea de perforaci\u00f3n con precisi\u00f3n y rapidez. Y con un peso de 1.1-kg, este taladro es compacto y liviano, lo que hace que sea f\u00e1cil de usar y transportar. Actualiza al taladro neum\u00e1tico de uso general y prep\u00e1rate para trabajar de manera m\u00e1s inteligente, no m\u00e1s dif\u00edcil.\" \/>\n<meta property=\"og:url\" content=\"https:\/\/thr.tools\/es\/product\/d-31r\/\" \/>\n<meta property=\"og:site_name\" content=\"THR Industrial Supplies\" \/>\n<meta property=\"article:modified_time\" content=\"2024-07-02T00:51:54+00:00\" \/>\n<meta property=\"og:image\" content=\"https:\/\/thr.tools\/wp-content\/uploads\/2024\/06\/D-31R_1200x1200.jpg\" \/>\n\t<meta property=\"og:image:width\" content=\"1200\" \/>\n\t<meta property=\"og:image:height\" content=\"1200\" \/>\n\t<meta property=\"og:image:type\" content=\"image\/jpeg\" \/>\n<meta name=\"twitter:card\" content=\"summary_large_image\" \/>\n<script type=\"application\/ld+json\" class=\"yoast-schema-graph\">{\"@context\":\"https:\/\/schema.org\",\"@graph\":[{\"@type\":\"WebPage\",\"@id\":\"https:\/\/thr.tools\/es\/product\/d-31r\/\",\"url\":\"https:\/\/thr.tools\/es\/product\/d-31r\/\",\"name\":\"Taladro Neum\u00e1tico Compuesto Reversible de 10mm - THR Industrial Supplies\",\"isPartOf\":{\"@id\":\"https:\/\/thr.tools\/es\/#website\"},\"primaryImageOfPage\":{\"@id\":\"https:\/\/thr.tools\/es\/product\/d-31r\/#primaryimage\"},\"image\":{\"@id\":\"https:\/\/thr.tools\/es\/product\/d-31r\/#primaryimage\"},\"thumbnailUrl\":\"https:\/\/thr.tools\/wp-content\/uploads\/2024\/06\/D-31R_1200x1200.jpg\",\"datePublished\":\"2024-06-30T02:42:05+00:00\",\"dateModified\":\"2024-07-02T00:51:54+00:00\",\"breadcrumb\":{\"@id\":\"https:\/\/thr.tools\/es\/product\/d-31r\/#breadcrumb\"},\"inLanguage\":\"es\",\"potentialAction\":[{\"@type\":\"ReadAction\",\"target\":[\"https:\/\/thr.tools\/es\/product\/d-31r\/\"]}]},{\"@type\":\"ImageObject\",\"inLanguage\":\"es\",\"@id\":\"https:\/\/thr.tools\/es\/product\/d-31r\/#primaryimage\",\"url\":\"https:\/\/thr.tools\/wp-content\/uploads\/2024\/06\/D-31R_1200x1200.jpg\",\"contentUrl\":\"https:\/\/thr.tools\/wp-content\/uploads\/2024\/06\/D-31R_1200x1200.jpg\",\"width\":1200,\"height\":1200},{\"@type\":\"BreadcrumbList\",\"@id\":\"https:\/\/thr.tools\/es\/product\/d-31r\/#breadcrumb\",\"itemListElement\":[{\"@type\":\"ListItem\",\"position\":1,\"name\":\"Home\",\"item\":\"https:\/\/thr.tools\/es\/\"},{\"@type\":\"ListItem\",\"position\":2,\"name\":\"Store\",\"item\":\"https:\/\/thr.tools\/store\/\"},{\"@type\":\"ListItem\",\"position\":3,\"name\":\"Taladro Neum\u00e1tico Compuesto Reversible de 10mm\"}]},{\"@type\":\"WebSite\",\"@id\":\"https:\/\/thr.tools\/es\/#website\",\"url\":\"https:\/\/thr.tools\/es\/\",\"name\":\"THR Industrial Supplies | Air Compressors & Tools\",\"description\":\"OEM, ODM Air Equipment Supplier\",\"publisher\":{\"@id\":\"https:\/\/thr.tools\/es\/#organization\"},\"alternateName\":\"THR Industrial Supplies | Compresores de Aire y Herramientas\",\"potentialAction\":[{\"@type\":\"SearchAction\",\"target\":{\"@type\":\"EntryPoint\",\"urlTemplate\":\"https:\/\/thr.tools\/es\/?s={search_term_string}\"},\"query-input\":{\"@type\":\"PropertyValueSpecification\",\"valueRequired\":true,\"valueName\":\"search_term_string\"}}],\"inLanguage\":\"es\"},{\"@type\":\"Organization\",\"@id\":\"https:\/\/thr.tools\/es\/#organization\",\"name\":\"THR Electronics LLC\",\"url\":\"https:\/\/thr.tools\/es\/\",\"logo\":{\"@type\":\"ImageObject\",\"inLanguage\":\"es\",\"@id\":\"https:\/\/thr.tools\/es\/#\/schema\/logo\/image\/\",\"url\":\"https:\/\/thr.tools\/wp-content\/uploads\/2023\/07\/cropped-favicon-thr-logo-512x512-1.png\",\"contentUrl\":\"https:\/\/thr.tools\/wp-content\/uploads\/2023\/07\/cropped-favicon-thr-logo-512x512-1.png\",\"width\":815,\"height\":814,\"caption\":\"THR Electronics LLC\"},\"image\":{\"@id\":\"https:\/\/thr.tools\/es\/#\/schema\/logo\/image\/\"}}]}<\/script>\n<!-- \/ Yoast SEO plugin. -->","yoast_head_json":{"title":"Taladro Neum\u00e1tico Compuesto Reversible de 10mm - THR Industrial Supplies","robots":{"index":"index","follow":"follow","max-snippet":"max-snippet:-1","max-image-preview":"max-image-preview:large","max-video-preview":"max-video-preview:-1"},"canonical":"https:\/\/thr.tools\/es\/product\/d-31r\/","og_locale":"es_ES","og_type":"article","og_title":"Taladro Neum\u00e1tico Compuesto Reversible de 10mm - THR Industrial Supplies","og_description":"\u00a1Presentamos el taladro neum\u00e1tico de uso general vers\u00e1til y resistente! Hecho con materiales compuestos de alta calidad, este taladro est\u00e1 dise\u00f1ado para durar y manejar incluso los trabajos m\u00e1s dif\u00edciles. Con su funci\u00f3n de direcci\u00f3n reversible, el taladro te permite alternar f\u00e1cilmente entre rotaciones en sentido horario y antihorario, lo que lo hace perfecto para diversas tareas. Su 10mm te permite cambiar f\u00e1cilmente de brocas, d\u00e1ndote la capacidad de trabajar con una amplia gama de materiales. La 1800-RPM garantiza una perforaci\u00f3n eficiente y precisa, mientras que el dise\u00f1o liviano del taladro con un peso de 1.1-kg asegura facilidad de uso y reduce la tensi\u00f3n en tu brazo. \u00a1Mejora tu caja de herramientas con el taladro neum\u00e1tico de uso general y afronta cualquier proyecto con confianza!  Experimenta el poder y la comodidad del taladro neum\u00e1tico de uso general. Ya seas un entusiasta del bricolaje o un profesional, este taladro es la adici\u00f3n perfecta a tu arsenal. La funci\u00f3n de direcci\u00f3n reversible no solo facilita la perforaci\u00f3n, sino que tambi\u00e9n permite una eliminaci\u00f3n eficiente de brocas atascadas o bloqueadas. Con su 10mm, puedes acomodar f\u00e1cilmente brocas de diferentes tama\u00f1os, lo que lo hace adecuado para diversas tareas. Con una 1800-RPM, puedes afrontar cualquier tarea de perforaci\u00f3n con precisi\u00f3n y rapidez. Y con un peso de 1.1-kg, este taladro es compacto y liviano, lo que hace que sea f\u00e1cil de usar y transportar. Actualiza al taladro neum\u00e1tico de uso general y prep\u00e1rate para trabajar de manera m\u00e1s inteligente, no m\u00e1s dif\u00edcil.","og_url":"https:\/\/thr.tools\/es\/product\/d-31r\/","og_site_name":"THR Industrial Supplies","article_modified_time":"2024-07-02T00:51:54+00:00","og_image":[{"width":1200,"height":1200,"url":"https:\/\/thr.tools\/wp-content\/uploads\/2024\/06\/D-31R_1200x1200.jpg","type":"image\/jpeg"}],"twitter_card":"summary_large_image","schema":{"@context":"https:\/\/schema.org","@graph":[{"@type":"WebPage","@id":"https:\/\/thr.tools\/es\/product\/d-31r\/","url":"https:\/\/thr.tools\/es\/product\/d-31r\/","name":"Taladro Neum\u00e1tico Compuesto Reversible de 10mm - THR Industrial Supplies","isPartOf":{"@id":"https:\/\/thr.tools\/es\/#website"},"primaryImageOfPage":{"@id":"https:\/\/thr.tools\/es\/product\/d-31r\/#primaryimage"},"image":{"@id":"https:\/\/thr.tools\/es\/product\/d-31r\/#primaryimage"},"thumbnailUrl":"https:\/\/thr.tools\/wp-content\/uploads\/2024\/06\/D-31R_1200x1200.jpg","datePublished":"2024-06-30T02:42:05+00:00","dateModified":"2024-07-02T00:51:54+00:00","breadcrumb":{"@id":"https:\/\/thr.tools\/es\/product\/d-31r\/#breadcrumb"},"inLanguage":"es","potentialAction":[{"@type":"ReadAction","target":["https:\/\/thr.tools\/es\/product\/d-31r\/"]}]},{"@type":"ImageObject","inLanguage":"es","@id":"https:\/\/thr.tools\/es\/product\/d-31r\/#primaryimage","url":"https:\/\/thr.tools\/wp-content\/uploads\/2024\/06\/D-31R_1200x1200.jpg","contentUrl":"https:\/\/thr.tools\/wp-content\/uploads\/2024\/06\/D-31R_1200x1200.jpg","width":1200,"height":1200},{"@type":"BreadcrumbList","@id":"https:\/\/thr.tools\/es\/product\/d-31r\/#breadcrumb","itemListElement":[{"@type":"ListItem","position":1,"name":"Home","item":"https:\/\/thr.tools\/es\/"},{"@type":"ListItem","position":2,"name":"Store","item":"https:\/\/thr.tools\/store\/"},{"@type":"ListItem","position":3,"name":"Taladro Neum\u00e1tico Compuesto Reversible de 10mm"}]},{"@type":"WebSite","@id":"https:\/\/thr.tools\/es\/#website","url":"https:\/\/thr.tools\/es\/","name":"THR Industrial Supplies | Air Compressors & Tools","description":"OEM, ODM Air Equipment Supplier","publisher":{"@id":"https:\/\/thr.tools\/es\/#organization"},"alternateName":"THR Industrial Supplies | Compresores de Aire y Herramientas","potentialAction":[{"@type":"SearchAction","target":{"@type":"EntryPoint","urlTemplate":"https:\/\/thr.tools\/es\/?s={search_term_string}"},"query-input":{"@type":"PropertyValueSpecification","valueRequired":true,"valueName":"search_term_string"}}],"inLanguage":"es"},{"@type":"Organization","@id":"https:\/\/thr.tools\/es\/#organization","name":"THR Electronics LLC","url":"https:\/\/thr.tools\/es\/","logo":{"@type":"ImageObject","inLanguage":"es","@id":"https:\/\/thr.tools\/es\/#\/schema\/logo\/image\/","url":"https:\/\/thr.tools\/wp-content\/uploads\/2023\/07\/cropped-favicon-thr-logo-512x512-1.png","contentUrl":"https:\/\/thr.tools\/wp-content\/uploads\/2023\/07\/cropped-favicon-thr-logo-512x512-1.png","width":815,"height":814,"caption":"THR Electronics LLC"},"image":{"@id":"https:\/\/thr.tools\/es\/#\/schema\/logo\/image\/"}}]}},"_links":{"self":[{"href":"https:\/\/thr.tools\/es\/wp-json\/wp\/v2\/product\/8493","targetHints":{"allow":["GET"]}}],"collection":[{"href":"https:\/\/thr.tools\/es\/wp-json\/wp\/v2\/product"}],"about":[{"href":"https:\/\/thr.tools\/es\/wp-json\/wp\/v2\/types\/product"}],"version-history":[{"count":1,"href":"https:\/\/thr.tools\/es\/wp-json\/wp\/v2\/product\/8493\/revisions"}],"predecessor-version":[{"id":8634,"href":"https:\/\/thr.tools\/es\/wp-json\/wp\/v2\/product\/8493\/revisions\/8634"}],"wp:featuredmedia":[{"embeddable":true,"href":"https:\/\/thr.tools\/es\/wp-json\/wp\/v2\/media\/7773"}],"wp:attachment":[{"href":"https:\/\/thr.tools\/es\/wp-json\/wp\/v2\/media?parent=8493"}],"wp:term":[{"taxonomy":"product_brand","embeddable":true,"href":"https:\/\/thr.tools\/es\/wp-json\/wp\/v2\/product_brand?post=8493"},{"taxonomy":"product_cat","embeddable":true,"href":"https:\/\/thr.tools\/es\/wp-json\/wp\/v2\/product_cat?post=8493"},{"taxonomy":"product_tag","embeddable":true,"href":"https:\/\/thr.tools\/es\/wp-json\/wp\/v2\/product_tag?post=8493"}],"curies":[{"name":"wp","href":"https:\/\/api.w.org\/{rel}","templated":true}]}}