{"id":8489,"date":"2024-06-30T02:42:21","date_gmt":"2024-06-30T02:42:21","guid":{"rendered":"https:\/\/thr.tools\/product\/12-heavy-duty-reversible-air-drill\/"},"modified":"2024-07-02T00:51:57","modified_gmt":"2024-07-02T00:51:57","slug":"d-44","status":"publish","type":"product","link":"https:\/\/thr.tools\/es\/product\/d-44\/","title":{"rendered":"Taladro Neum\u00e1tico de Servicio Pesado Reversible de 13mm"},"content":{"rendered":"","protected":false},"excerpt":{"rendered":"<p>El Taladro Neum\u00e1tico de Servicio Pesado es una herramienta poderosa dise\u00f1ada para los trabajos de perforaci\u00f3n m\u00e1s dif\u00edciles. Con su resistente tecnolog\u00eda neum\u00e1tica (de aire), este taladro puede perforar sin esfuerzo a trav\u00e9s de varios materiales con precisi\u00f3n y facilidad. Su funci\u00f3n reversible permite un uso vers\u00e1til, lo que lo hace adecuado tanto para operaciones de perforaci\u00f3n hacia adelante como hacia atr\u00e1s. Ya sea que est\u00e9 trabajando en un sitio de construcci\u00f3n o en su taller, este taladro puede manejar cualquier tarea con su impresionante rendimiento. <\/p>\n<p>Presumiendo de un tama\u00f1o de mandril de 13mm, este taladro puede acomodar una amplia gama de brocas, d\u00e1ndole la flexibilidad para abordar diferentes tareas sin tener que cambiar de herramientas. Su velocidad de carga cero de 800-RPM ofrece una perforaci\u00f3n r\u00e1pida y eficiente, asegurando que el trabajo se realice en tiempo r\u00e9cord. A pesar de sus capacidades de servicio pesado, este taladro es sorprendentemente liviano, con un peso de 1.3-kg que permite un manejo c\u00f3modo y un uso prolongado. Mejore su experiencia de perforaci\u00f3n con el Taladro Neum\u00e1tico de Servicio Pesado.<\/p>\n","protected":false},"featured_media":7785,"template":"","meta":{"site-sidebar-layout":"default","site-content-layout":"","ast-site-content-layout":"default","site-content-style":"default","site-sidebar-style":"default","ast-global-header-display":"","ast-banner-title-visibility":"","ast-main-header-display":"","ast-hfb-above-header-display":"","ast-hfb-below-header-display":"","ast-hfb-mobile-header-display":"","site-post-title":"","ast-breadcrumbs-content":"","ast-featured-img":"","footer-sml-layout":"","ast-disable-related-posts":"","theme-transparent-header-meta":"","adv-header-id-meta":"","stick-header-meta":"","header-above-stick-meta":"","header-main-stick-meta":"","header-below-stick-meta":"","astra-migrate-meta-layouts":"default","ast-page-background-enabled":"default","ast-page-background-meta":{"desktop":{"background-color":"","background-image":"","background-repeat":"repeat","background-position":"center center","background-size":"auto","background-attachment":"scroll","background-type":"","background-media":"","overlay-type":"","overlay-color":"","overlay-opacity":"","overlay-gradient":""},"tablet":{"background-color":"","background-image":"","background-repeat":"repeat","background-position":"center center","background-size":"auto","background-attachment":"scroll","background-type":"","background-media":"","overlay-type":"","overlay-color":"","overlay-opacity":"","overlay-gradient":""},"mobile":{"background-color":"","background-image":"","background-repeat":"repeat","background-position":"center center","background-size":"auto","background-attachment":"scroll","background-type":"","background-media":"","overlay-type":"","overlay-color":"","overlay-opacity":"","overlay-gradient":""}},"ast-content-background-meta":{"desktop":{"background-color":"var(--ast-global-color-5)","background-image":"","background-repeat":"repeat","background-position":"center center","background-size":"auto","background-attachment":"scroll","background-type":"","background-media":"","overlay-type":"","overlay-color":"","overlay-opacity":"","overlay-gradient":""},"tablet":{"background-color":"var(--ast-global-color-5)","background-image":"","background-repeat":"repeat","background-position":"center center","background-size":"auto","background-attachment":"scroll","background-type":"","background-media":"","overlay-type":"","overlay-color":"","overlay-opacity":"","overlay-gradient":""},"mobile":{"background-color":"var(--ast-global-color-5)","background-image":"","background-repeat":"repeat","background-position":"center center","background-size":"auto","background-attachment":"scroll","background-type":"","background-media":"","overlay-type":"","overlay-color":"","overlay-opacity":"","overlay-gradient":""}}},"product_brand":[],"product_cat":[565,569,573],"product_tag":[],"class_list":{"0":"post-8489","1":"product","2":"type-product","3":"status-publish","4":"has-post-thumbnail","6":"product_cat-herramientas","7":"product_cat-neumaticas","8":"product_cat-taladros-y-destornilladores-es","9":"desktop-align-left","10":"tablet-align-left","11":"mobile-align-left","13":"first","14":"instock","15":"shipping-taxable","16":"purchasable","17":"product-type-simple"},"yoast_head":"<!-- This site is optimized with the Yoast SEO plugin v26.7 - https:\/\/yoast.com\/wordpress\/plugins\/seo\/ -->\n<title>Taladro Neum\u00e1tico de Servicio Pesado Reversible de 13mm - THR Industrial Supplies<\/title>\n<meta name=\"robots\" content=\"index, follow, max-snippet:-1, max-image-preview:large, max-video-preview:-1\" \/>\n<link rel=\"canonical\" href=\"https:\/\/thr.tools\/es\/product\/d-44\/\" \/>\n<meta property=\"og:locale\" content=\"es_ES\" \/>\n<meta property=\"og:type\" content=\"article\" \/>\n<meta property=\"og:title\" content=\"Taladro Neum\u00e1tico de Servicio Pesado Reversible de 13mm - THR Industrial Supplies\" \/>\n<meta property=\"og:description\" content=\"El Taladro Neum\u00e1tico de Servicio Pesado es una herramienta poderosa dise\u00f1ada para los trabajos de perforaci\u00f3n m\u00e1s dif\u00edciles. Con su resistente tecnolog\u00eda neum\u00e1tica (de aire), este taladro puede perforar sin esfuerzo a trav\u00e9s de varios materiales con precisi\u00f3n y facilidad. Su funci\u00f3n reversible permite un uso vers\u00e1til, lo que lo hace adecuado tanto para operaciones de perforaci\u00f3n hacia adelante como hacia atr\u00e1s. Ya sea que est\u00e9 trabajando en un sitio de construcci\u00f3n o en su taller, este taladro puede manejar cualquier tarea con su impresionante rendimiento.  Presumiendo de un tama\u00f1o de mandril de 13mm, este taladro puede acomodar una amplia gama de brocas, d\u00e1ndole la flexibilidad para abordar diferentes tareas sin tener que cambiar de herramientas. Su velocidad de carga cero de 800-RPM ofrece una perforaci\u00f3n r\u00e1pida y eficiente, asegurando que el trabajo se realice en tiempo r\u00e9cord. A pesar de sus capacidades de servicio pesado, este taladro es sorprendentemente liviano, con un peso de 1.3-kg que permite un manejo c\u00f3modo y un uso prolongado. Mejore su experiencia de perforaci\u00f3n con el Taladro Neum\u00e1tico de Servicio Pesado.\" \/>\n<meta property=\"og:url\" content=\"https:\/\/thr.tools\/es\/product\/d-44\/\" \/>\n<meta property=\"og:site_name\" content=\"THR Industrial Supplies\" \/>\n<meta property=\"article:modified_time\" content=\"2024-07-02T00:51:57+00:00\" \/>\n<meta property=\"og:image\" content=\"https:\/\/thr.tools\/wp-content\/uploads\/2024\/06\/D-44_1200x1200.jpg\" \/>\n\t<meta property=\"og:image:width\" content=\"1200\" \/>\n\t<meta property=\"og:image:height\" content=\"1200\" \/>\n\t<meta property=\"og:image:type\" content=\"image\/jpeg\" \/>\n<meta name=\"twitter:card\" content=\"summary_large_image\" \/>\n<script type=\"application\/ld+json\" class=\"yoast-schema-graph\">{\"@context\":\"https:\/\/schema.org\",\"@graph\":[{\"@type\":\"WebPage\",\"@id\":\"https:\/\/thr.tools\/es\/product\/d-44\/\",\"url\":\"https:\/\/thr.tools\/es\/product\/d-44\/\",\"name\":\"Taladro Neum\u00e1tico de Servicio Pesado Reversible de 13mm - THR Industrial Supplies\",\"isPartOf\":{\"@id\":\"https:\/\/thr.tools\/es\/#website\"},\"primaryImageOfPage\":{\"@id\":\"https:\/\/thr.tools\/es\/product\/d-44\/#primaryimage\"},\"image\":{\"@id\":\"https:\/\/thr.tools\/es\/product\/d-44\/#primaryimage\"},\"thumbnailUrl\":\"https:\/\/thr.tools\/wp-content\/uploads\/2024\/06\/D-44_1200x1200.jpg\",\"datePublished\":\"2024-06-30T02:42:21+00:00\",\"dateModified\":\"2024-07-02T00:51:57+00:00\",\"breadcrumb\":{\"@id\":\"https:\/\/thr.tools\/es\/product\/d-44\/#breadcrumb\"},\"inLanguage\":\"es\",\"potentialAction\":[{\"@type\":\"ReadAction\",\"target\":[\"https:\/\/thr.tools\/es\/product\/d-44\/\"]}]},{\"@type\":\"ImageObject\",\"inLanguage\":\"es\",\"@id\":\"https:\/\/thr.tools\/es\/product\/d-44\/#primaryimage\",\"url\":\"https:\/\/thr.tools\/wp-content\/uploads\/2024\/06\/D-44_1200x1200.jpg\",\"contentUrl\":\"https:\/\/thr.tools\/wp-content\/uploads\/2024\/06\/D-44_1200x1200.jpg\",\"width\":1200,\"height\":1200},{\"@type\":\"BreadcrumbList\",\"@id\":\"https:\/\/thr.tools\/es\/product\/d-44\/#breadcrumb\",\"itemListElement\":[{\"@type\":\"ListItem\",\"position\":1,\"name\":\"Home\",\"item\":\"https:\/\/thr.tools\/es\/\"},{\"@type\":\"ListItem\",\"position\":2,\"name\":\"Store\",\"item\":\"https:\/\/thr.tools\/store\/\"},{\"@type\":\"ListItem\",\"position\":3,\"name\":\"Taladro Neum\u00e1tico de Servicio Pesado Reversible de 13mm\"}]},{\"@type\":\"WebSite\",\"@id\":\"https:\/\/thr.tools\/es\/#website\",\"url\":\"https:\/\/thr.tools\/es\/\",\"name\":\"THR Industrial Supplies | Air Compressors & Tools\",\"description\":\"OEM, ODM Air Equipment Supplier\",\"publisher\":{\"@id\":\"https:\/\/thr.tools\/es\/#organization\"},\"alternateName\":\"THR Industrial Supplies | Compresores de Aire y Herramientas\",\"potentialAction\":[{\"@type\":\"SearchAction\",\"target\":{\"@type\":\"EntryPoint\",\"urlTemplate\":\"https:\/\/thr.tools\/es\/?s={search_term_string}\"},\"query-input\":{\"@type\":\"PropertyValueSpecification\",\"valueRequired\":true,\"valueName\":\"search_term_string\"}}],\"inLanguage\":\"es\"},{\"@type\":\"Organization\",\"@id\":\"https:\/\/thr.tools\/es\/#organization\",\"name\":\"THR Electronics LLC\",\"url\":\"https:\/\/thr.tools\/es\/\",\"logo\":{\"@type\":\"ImageObject\",\"inLanguage\":\"es\",\"@id\":\"https:\/\/thr.tools\/es\/#\/schema\/logo\/image\/\",\"url\":\"https:\/\/thr.tools\/wp-content\/uploads\/2023\/07\/cropped-favicon-thr-logo-512x512-1.png\",\"contentUrl\":\"https:\/\/thr.tools\/wp-content\/uploads\/2023\/07\/cropped-favicon-thr-logo-512x512-1.png\",\"width\":815,\"height\":814,\"caption\":\"THR Electronics LLC\"},\"image\":{\"@id\":\"https:\/\/thr.tools\/es\/#\/schema\/logo\/image\/\"}}]}<\/script>\n<!-- \/ Yoast SEO plugin. -->","yoast_head_json":{"title":"Taladro Neum\u00e1tico de Servicio Pesado Reversible de 13mm - THR Industrial Supplies","robots":{"index":"index","follow":"follow","max-snippet":"max-snippet:-1","max-image-preview":"max-image-preview:large","max-video-preview":"max-video-preview:-1"},"canonical":"https:\/\/thr.tools\/es\/product\/d-44\/","og_locale":"es_ES","og_type":"article","og_title":"Taladro Neum\u00e1tico de Servicio Pesado Reversible de 13mm - THR Industrial Supplies","og_description":"El Taladro Neum\u00e1tico de Servicio Pesado es una herramienta poderosa dise\u00f1ada para los trabajos de perforaci\u00f3n m\u00e1s dif\u00edciles. Con su resistente tecnolog\u00eda neum\u00e1tica (de aire), este taladro puede perforar sin esfuerzo a trav\u00e9s de varios materiales con precisi\u00f3n y facilidad. Su funci\u00f3n reversible permite un uso vers\u00e1til, lo que lo hace adecuado tanto para operaciones de perforaci\u00f3n hacia adelante como hacia atr\u00e1s. Ya sea que est\u00e9 trabajando en un sitio de construcci\u00f3n o en su taller, este taladro puede manejar cualquier tarea con su impresionante rendimiento.  Presumiendo de un tama\u00f1o de mandril de 13mm, este taladro puede acomodar una amplia gama de brocas, d\u00e1ndole la flexibilidad para abordar diferentes tareas sin tener que cambiar de herramientas. Su velocidad de carga cero de 800-RPM ofrece una perforaci\u00f3n r\u00e1pida y eficiente, asegurando que el trabajo se realice en tiempo r\u00e9cord. A pesar de sus capacidades de servicio pesado, este taladro es sorprendentemente liviano, con un peso de 1.3-kg que permite un manejo c\u00f3modo y un uso prolongado. Mejore su experiencia de perforaci\u00f3n con el Taladro Neum\u00e1tico de Servicio Pesado.","og_url":"https:\/\/thr.tools\/es\/product\/d-44\/","og_site_name":"THR Industrial Supplies","article_modified_time":"2024-07-02T00:51:57+00:00","og_image":[{"width":1200,"height":1200,"url":"https:\/\/thr.tools\/wp-content\/uploads\/2024\/06\/D-44_1200x1200.jpg","type":"image\/jpeg"}],"twitter_card":"summary_large_image","schema":{"@context":"https:\/\/schema.org","@graph":[{"@type":"WebPage","@id":"https:\/\/thr.tools\/es\/product\/d-44\/","url":"https:\/\/thr.tools\/es\/product\/d-44\/","name":"Taladro Neum\u00e1tico de Servicio Pesado Reversible de 13mm - THR Industrial Supplies","isPartOf":{"@id":"https:\/\/thr.tools\/es\/#website"},"primaryImageOfPage":{"@id":"https:\/\/thr.tools\/es\/product\/d-44\/#primaryimage"},"image":{"@id":"https:\/\/thr.tools\/es\/product\/d-44\/#primaryimage"},"thumbnailUrl":"https:\/\/thr.tools\/wp-content\/uploads\/2024\/06\/D-44_1200x1200.jpg","datePublished":"2024-06-30T02:42:21+00:00","dateModified":"2024-07-02T00:51:57+00:00","breadcrumb":{"@id":"https:\/\/thr.tools\/es\/product\/d-44\/#breadcrumb"},"inLanguage":"es","potentialAction":[{"@type":"ReadAction","target":["https:\/\/thr.tools\/es\/product\/d-44\/"]}]},{"@type":"ImageObject","inLanguage":"es","@id":"https:\/\/thr.tools\/es\/product\/d-44\/#primaryimage","url":"https:\/\/thr.tools\/wp-content\/uploads\/2024\/06\/D-44_1200x1200.jpg","contentUrl":"https:\/\/thr.tools\/wp-content\/uploads\/2024\/06\/D-44_1200x1200.jpg","width":1200,"height":1200},{"@type":"BreadcrumbList","@id":"https:\/\/thr.tools\/es\/product\/d-44\/#breadcrumb","itemListElement":[{"@type":"ListItem","position":1,"name":"Home","item":"https:\/\/thr.tools\/es\/"},{"@type":"ListItem","position":2,"name":"Store","item":"https:\/\/thr.tools\/store\/"},{"@type":"ListItem","position":3,"name":"Taladro Neum\u00e1tico de Servicio Pesado Reversible de 13mm"}]},{"@type":"WebSite","@id":"https:\/\/thr.tools\/es\/#website","url":"https:\/\/thr.tools\/es\/","name":"THR Industrial Supplies | Air Compressors & Tools","description":"OEM, ODM Air Equipment Supplier","publisher":{"@id":"https:\/\/thr.tools\/es\/#organization"},"alternateName":"THR Industrial Supplies | Compresores de Aire y Herramientas","potentialAction":[{"@type":"SearchAction","target":{"@type":"EntryPoint","urlTemplate":"https:\/\/thr.tools\/es\/?s={search_term_string}"},"query-input":{"@type":"PropertyValueSpecification","valueRequired":true,"valueName":"search_term_string"}}],"inLanguage":"es"},{"@type":"Organization","@id":"https:\/\/thr.tools\/es\/#organization","name":"THR Electronics LLC","url":"https:\/\/thr.tools\/es\/","logo":{"@type":"ImageObject","inLanguage":"es","@id":"https:\/\/thr.tools\/es\/#\/schema\/logo\/image\/","url":"https:\/\/thr.tools\/wp-content\/uploads\/2023\/07\/cropped-favicon-thr-logo-512x512-1.png","contentUrl":"https:\/\/thr.tools\/wp-content\/uploads\/2023\/07\/cropped-favicon-thr-logo-512x512-1.png","width":815,"height":814,"caption":"THR Electronics LLC"},"image":{"@id":"https:\/\/thr.tools\/es\/#\/schema\/logo\/image\/"}}]}},"_links":{"self":[{"href":"https:\/\/thr.tools\/es\/wp-json\/wp\/v2\/product\/8489","targetHints":{"allow":["GET"]}}],"collection":[{"href":"https:\/\/thr.tools\/es\/wp-json\/wp\/v2\/product"}],"about":[{"href":"https:\/\/thr.tools\/es\/wp-json\/wp\/v2\/types\/product"}],"version-history":[{"count":1,"href":"https:\/\/thr.tools\/es\/wp-json\/wp\/v2\/product\/8489\/revisions"}],"predecessor-version":[{"id":8640,"href":"https:\/\/thr.tools\/es\/wp-json\/wp\/v2\/product\/8489\/revisions\/8640"}],"wp:featuredmedia":[{"embeddable":true,"href":"https:\/\/thr.tools\/es\/wp-json\/wp\/v2\/media\/7785"}],"wp:attachment":[{"href":"https:\/\/thr.tools\/es\/wp-json\/wp\/v2\/media?parent=8489"}],"wp:term":[{"taxonomy":"product_brand","embeddable":true,"href":"https:\/\/thr.tools\/es\/wp-json\/wp\/v2\/product_brand?post=8489"},{"taxonomy":"product_cat","embeddable":true,"href":"https:\/\/thr.tools\/es\/wp-json\/wp\/v2\/product_cat?post=8489"},{"taxonomy":"product_tag","embeddable":true,"href":"https:\/\/thr.tools\/es\/wp-json\/wp\/v2\/product_tag?post=8489"}],"curies":[{"name":"wp","href":"https:\/\/api.w.org\/{rel}","templated":true}]}}