{"id":8488,"date":"2024-06-30T02:42:24","date_gmt":"2024-06-30T02:42:24","guid":{"rendered":"https:\/\/thr.tools\/product\/12-industrial-reversible-air-drill\/"},"modified":"2024-07-02T00:51:58","modified_gmt":"2024-07-02T00:51:58","slug":"d-4400","status":"publish","type":"product","link":"https:\/\/thr.tools\/es\/product\/d-4400\/","title":{"rendered":"Taladro Neum\u00e1tico Industrial Reversible &#8211; 13mm"},"content":{"rendered":"","protected":false},"excerpt":{"rendered":"<p>El taladro reversible de aire de grado industrial es el complemento perfecto para cualquier taller o sitio de construcci\u00f3n. Con un dise\u00f1o resistente y una construcci\u00f3n de alta resistencia, este taladro est\u00e1 dise\u00f1ado para resistir incluso las tareas m\u00e1s dif\u00edciles. Su tama\u00f1o de mandril 13mm permite cambios r\u00e1pidos y seguros de brocas, mientras que la velocidad sin carga 700-RPM permite una perforaci\u00f3n eficiente y resultados r\u00e1pidos. Ligero pero potente, este taladro de aire es una herramienta vers\u00e1til que puede manejar una variedad de proyectos con facilidad. Su funci\u00f3n reversible tambi\u00e9n lo hace perfecto para usuarios diestros y zurdos. Entonces, ya sea que seas un profesional del comercio o un entusiasta del bricolaje, este taladro de aire de grado industrial seguramente har\u00e1 que cualquier trabajo sea f\u00e1cil. <\/p>\n<p>Pero no dejes que su etiqueta de grado industrial te enga\u00f1e, este taladro de aire tambi\u00e9n es f\u00e1cil de usar. Su dise\u00f1o ergon\u00f3mico y su agarre c\u00f3modo garantizan que puedas trabajar durante horas sin ning\u00fan esfuerzo o fatiga. Con su peso compacto y ligero de 1.62-kg, tambi\u00e9n es altamente port\u00e1til y se puede transportar f\u00e1cilmente a diferentes sitios de trabajo. Entonces, ya sea que necesites taladrar metal, madera o concreto, o simplemente necesites una herramienta para tareas cotidianas, el taladro reversible de aire de grado industrial tiene todo cubierto. Actualiza tu caja de herramientas hoy y experimenta el poder y la confiabilidad de este taladro de aire de primera l\u00ednea. <\/p>\n","protected":false},"featured_media":7788,"template":"","meta":{"site-sidebar-layout":"default","site-content-layout":"","ast-site-content-layout":"default","site-content-style":"default","site-sidebar-style":"default","ast-global-header-display":"","ast-banner-title-visibility":"","ast-main-header-display":"","ast-hfb-above-header-display":"","ast-hfb-below-header-display":"","ast-hfb-mobile-header-display":"","site-post-title":"","ast-breadcrumbs-content":"","ast-featured-img":"","footer-sml-layout":"","ast-disable-related-posts":"","theme-transparent-header-meta":"","adv-header-id-meta":"","stick-header-meta":"","header-above-stick-meta":"","header-main-stick-meta":"","header-below-stick-meta":"","astra-migrate-meta-layouts":"default","ast-page-background-enabled":"default","ast-page-background-meta":{"desktop":{"background-color":"","background-image":"","background-repeat":"repeat","background-position":"center center","background-size":"auto","background-attachment":"scroll","background-type":"","background-media":"","overlay-type":"","overlay-color":"","overlay-opacity":"","overlay-gradient":""},"tablet":{"background-color":"","background-image":"","background-repeat":"repeat","background-position":"center center","background-size":"auto","background-attachment":"scroll","background-type":"","background-media":"","overlay-type":"","overlay-color":"","overlay-opacity":"","overlay-gradient":""},"mobile":{"background-color":"","background-image":"","background-repeat":"repeat","background-position":"center center","background-size":"auto","background-attachment":"scroll","background-type":"","background-media":"","overlay-type":"","overlay-color":"","overlay-opacity":"","overlay-gradient":""}},"ast-content-background-meta":{"desktop":{"background-color":"var(--ast-global-color-5)","background-image":"","background-repeat":"repeat","background-position":"center center","background-size":"auto","background-attachment":"scroll","background-type":"","background-media":"","overlay-type":"","overlay-color":"","overlay-opacity":"","overlay-gradient":""},"tablet":{"background-color":"var(--ast-global-color-5)","background-image":"","background-repeat":"repeat","background-position":"center center","background-size":"auto","background-attachment":"scroll","background-type":"","background-media":"","overlay-type":"","overlay-color":"","overlay-opacity":"","overlay-gradient":""},"mobile":{"background-color":"var(--ast-global-color-5)","background-image":"","background-repeat":"repeat","background-position":"center center","background-size":"auto","background-attachment":"scroll","background-type":"","background-media":"","overlay-type":"","overlay-color":"","overlay-opacity":"","overlay-gradient":""}}},"product_brand":[],"product_cat":[565,569,573],"product_tag":[],"class_list":{"0":"post-8488","1":"product","2":"type-product","3":"status-publish","4":"has-post-thumbnail","6":"product_cat-herramientas","7":"product_cat-neumaticas","8":"product_cat-taladros-y-destornilladores-es","9":"desktop-align-left","10":"tablet-align-left","11":"mobile-align-left","13":"first","14":"instock","15":"shipping-taxable","16":"purchasable","17":"product-type-simple"},"yoast_head":"<!-- This site is optimized with the Yoast SEO plugin v26.7 - https:\/\/yoast.com\/wordpress\/plugins\/seo\/ -->\n<title>Taladro Neum\u00e1tico Industrial Reversible - 13mm - THR Industrial Supplies<\/title>\n<meta name=\"robots\" content=\"index, follow, max-snippet:-1, max-image-preview:large, max-video-preview:-1\" \/>\n<link rel=\"canonical\" href=\"https:\/\/thr.tools\/es\/product\/d-4400\/\" \/>\n<meta property=\"og:locale\" content=\"es_ES\" \/>\n<meta property=\"og:type\" content=\"article\" \/>\n<meta property=\"og:title\" content=\"Taladro Neum\u00e1tico Industrial Reversible - 13mm - THR Industrial Supplies\" \/>\n<meta property=\"og:description\" content=\"El taladro reversible de aire de grado industrial es el complemento perfecto para cualquier taller o sitio de construcci\u00f3n. Con un dise\u00f1o resistente y una construcci\u00f3n de alta resistencia, este taladro est\u00e1 dise\u00f1ado para resistir incluso las tareas m\u00e1s dif\u00edciles. Su tama\u00f1o de mandril 13mm permite cambios r\u00e1pidos y seguros de brocas, mientras que la velocidad sin carga 700-RPM permite una perforaci\u00f3n eficiente y resultados r\u00e1pidos. Ligero pero potente, este taladro de aire es una herramienta vers\u00e1til que puede manejar una variedad de proyectos con facilidad. Su funci\u00f3n reversible tambi\u00e9n lo hace perfecto para usuarios diestros y zurdos. Entonces, ya sea que seas un profesional del comercio o un entusiasta del bricolaje, este taladro de aire de grado industrial seguramente har\u00e1 que cualquier trabajo sea f\u00e1cil.  Pero no dejes que su etiqueta de grado industrial te enga\u00f1e, este taladro de aire tambi\u00e9n es f\u00e1cil de usar. Su dise\u00f1o ergon\u00f3mico y su agarre c\u00f3modo garantizan que puedas trabajar durante horas sin ning\u00fan esfuerzo o fatiga. Con su peso compacto y ligero de 1.62-kg, tambi\u00e9n es altamente port\u00e1til y se puede transportar f\u00e1cilmente a diferentes sitios de trabajo. Entonces, ya sea que necesites taladrar metal, madera o concreto, o simplemente necesites una herramienta para tareas cotidianas, el taladro reversible de aire de grado industrial tiene todo cubierto. Actualiza tu caja de herramientas hoy y experimenta el poder y la confiabilidad de este taladro de aire de primera l\u00ednea.\" \/>\n<meta property=\"og:url\" content=\"https:\/\/thr.tools\/es\/product\/d-4400\/\" \/>\n<meta property=\"og:site_name\" content=\"THR Industrial Supplies\" \/>\n<meta property=\"article:modified_time\" content=\"2024-07-02T00:51:58+00:00\" \/>\n<meta property=\"og:image\" content=\"https:\/\/thr.tools\/wp-content\/uploads\/2024\/06\/D-4400_1200x1200.jpg\" \/>\n\t<meta property=\"og:image:width\" content=\"1200\" \/>\n\t<meta property=\"og:image:height\" content=\"1200\" \/>\n\t<meta property=\"og:image:type\" content=\"image\/jpeg\" \/>\n<meta name=\"twitter:card\" content=\"summary_large_image\" \/>\n<script type=\"application\/ld+json\" class=\"yoast-schema-graph\">{\"@context\":\"https:\/\/schema.org\",\"@graph\":[{\"@type\":\"WebPage\",\"@id\":\"https:\/\/thr.tools\/es\/product\/d-4400\/\",\"url\":\"https:\/\/thr.tools\/es\/product\/d-4400\/\",\"name\":\"Taladro Neum\u00e1tico Industrial Reversible - 13mm - THR Industrial Supplies\",\"isPartOf\":{\"@id\":\"https:\/\/thr.tools\/es\/#website\"},\"primaryImageOfPage\":{\"@id\":\"https:\/\/thr.tools\/es\/product\/d-4400\/#primaryimage\"},\"image\":{\"@id\":\"https:\/\/thr.tools\/es\/product\/d-4400\/#primaryimage\"},\"thumbnailUrl\":\"https:\/\/thr.tools\/wp-content\/uploads\/2024\/06\/D-4400_1200x1200.jpg\",\"datePublished\":\"2024-06-30T02:42:24+00:00\",\"dateModified\":\"2024-07-02T00:51:58+00:00\",\"breadcrumb\":{\"@id\":\"https:\/\/thr.tools\/es\/product\/d-4400\/#breadcrumb\"},\"inLanguage\":\"es\",\"potentialAction\":[{\"@type\":\"ReadAction\",\"target\":[\"https:\/\/thr.tools\/es\/product\/d-4400\/\"]}]},{\"@type\":\"ImageObject\",\"inLanguage\":\"es\",\"@id\":\"https:\/\/thr.tools\/es\/product\/d-4400\/#primaryimage\",\"url\":\"https:\/\/thr.tools\/wp-content\/uploads\/2024\/06\/D-4400_1200x1200.jpg\",\"contentUrl\":\"https:\/\/thr.tools\/wp-content\/uploads\/2024\/06\/D-4400_1200x1200.jpg\",\"width\":1200,\"height\":1200},{\"@type\":\"BreadcrumbList\",\"@id\":\"https:\/\/thr.tools\/es\/product\/d-4400\/#breadcrumb\",\"itemListElement\":[{\"@type\":\"ListItem\",\"position\":1,\"name\":\"Home\",\"item\":\"https:\/\/thr.tools\/es\/\"},{\"@type\":\"ListItem\",\"position\":2,\"name\":\"Store\",\"item\":\"https:\/\/thr.tools\/store\/\"},{\"@type\":\"ListItem\",\"position\":3,\"name\":\"Taladro Neum\u00e1tico Industrial Reversible &#8211; 13mm\"}]},{\"@type\":\"WebSite\",\"@id\":\"https:\/\/thr.tools\/es\/#website\",\"url\":\"https:\/\/thr.tools\/es\/\",\"name\":\"THR Industrial Supplies | Air Compressors & Tools\",\"description\":\"OEM, ODM Air Equipment Supplier\",\"publisher\":{\"@id\":\"https:\/\/thr.tools\/es\/#organization\"},\"alternateName\":\"THR Industrial Supplies | Compresores de Aire y Herramientas\",\"potentialAction\":[{\"@type\":\"SearchAction\",\"target\":{\"@type\":\"EntryPoint\",\"urlTemplate\":\"https:\/\/thr.tools\/es\/?s={search_term_string}\"},\"query-input\":{\"@type\":\"PropertyValueSpecification\",\"valueRequired\":true,\"valueName\":\"search_term_string\"}}],\"inLanguage\":\"es\"},{\"@type\":\"Organization\",\"@id\":\"https:\/\/thr.tools\/es\/#organization\",\"name\":\"THR Electronics LLC\",\"url\":\"https:\/\/thr.tools\/es\/\",\"logo\":{\"@type\":\"ImageObject\",\"inLanguage\":\"es\",\"@id\":\"https:\/\/thr.tools\/es\/#\/schema\/logo\/image\/\",\"url\":\"https:\/\/thr.tools\/wp-content\/uploads\/2023\/07\/cropped-favicon-thr-logo-512x512-1.png\",\"contentUrl\":\"https:\/\/thr.tools\/wp-content\/uploads\/2023\/07\/cropped-favicon-thr-logo-512x512-1.png\",\"width\":815,\"height\":814,\"caption\":\"THR Electronics LLC\"},\"image\":{\"@id\":\"https:\/\/thr.tools\/es\/#\/schema\/logo\/image\/\"}}]}<\/script>\n<!-- \/ Yoast SEO plugin. -->","yoast_head_json":{"title":"Taladro Neum\u00e1tico Industrial Reversible - 13mm - THR Industrial Supplies","robots":{"index":"index","follow":"follow","max-snippet":"max-snippet:-1","max-image-preview":"max-image-preview:large","max-video-preview":"max-video-preview:-1"},"canonical":"https:\/\/thr.tools\/es\/product\/d-4400\/","og_locale":"es_ES","og_type":"article","og_title":"Taladro Neum\u00e1tico Industrial Reversible - 13mm - THR Industrial Supplies","og_description":"El taladro reversible de aire de grado industrial es el complemento perfecto para cualquier taller o sitio de construcci\u00f3n. Con un dise\u00f1o resistente y una construcci\u00f3n de alta resistencia, este taladro est\u00e1 dise\u00f1ado para resistir incluso las tareas m\u00e1s dif\u00edciles. Su tama\u00f1o de mandril 13mm permite cambios r\u00e1pidos y seguros de brocas, mientras que la velocidad sin carga 700-RPM permite una perforaci\u00f3n eficiente y resultados r\u00e1pidos. Ligero pero potente, este taladro de aire es una herramienta vers\u00e1til que puede manejar una variedad de proyectos con facilidad. Su funci\u00f3n reversible tambi\u00e9n lo hace perfecto para usuarios diestros y zurdos. Entonces, ya sea que seas un profesional del comercio o un entusiasta del bricolaje, este taladro de aire de grado industrial seguramente har\u00e1 que cualquier trabajo sea f\u00e1cil.  Pero no dejes que su etiqueta de grado industrial te enga\u00f1e, este taladro de aire tambi\u00e9n es f\u00e1cil de usar. Su dise\u00f1o ergon\u00f3mico y su agarre c\u00f3modo garantizan que puedas trabajar durante horas sin ning\u00fan esfuerzo o fatiga. Con su peso compacto y ligero de 1.62-kg, tambi\u00e9n es altamente port\u00e1til y se puede transportar f\u00e1cilmente a diferentes sitios de trabajo. Entonces, ya sea que necesites taladrar metal, madera o concreto, o simplemente necesites una herramienta para tareas cotidianas, el taladro reversible de aire de grado industrial tiene todo cubierto. Actualiza tu caja de herramientas hoy y experimenta el poder y la confiabilidad de este taladro de aire de primera l\u00ednea.","og_url":"https:\/\/thr.tools\/es\/product\/d-4400\/","og_site_name":"THR Industrial Supplies","article_modified_time":"2024-07-02T00:51:58+00:00","og_image":[{"width":1200,"height":1200,"url":"https:\/\/thr.tools\/wp-content\/uploads\/2024\/06\/D-4400_1200x1200.jpg","type":"image\/jpeg"}],"twitter_card":"summary_large_image","schema":{"@context":"https:\/\/schema.org","@graph":[{"@type":"WebPage","@id":"https:\/\/thr.tools\/es\/product\/d-4400\/","url":"https:\/\/thr.tools\/es\/product\/d-4400\/","name":"Taladro Neum\u00e1tico Industrial Reversible - 13mm - THR Industrial Supplies","isPartOf":{"@id":"https:\/\/thr.tools\/es\/#website"},"primaryImageOfPage":{"@id":"https:\/\/thr.tools\/es\/product\/d-4400\/#primaryimage"},"image":{"@id":"https:\/\/thr.tools\/es\/product\/d-4400\/#primaryimage"},"thumbnailUrl":"https:\/\/thr.tools\/wp-content\/uploads\/2024\/06\/D-4400_1200x1200.jpg","datePublished":"2024-06-30T02:42:24+00:00","dateModified":"2024-07-02T00:51:58+00:00","breadcrumb":{"@id":"https:\/\/thr.tools\/es\/product\/d-4400\/#breadcrumb"},"inLanguage":"es","potentialAction":[{"@type":"ReadAction","target":["https:\/\/thr.tools\/es\/product\/d-4400\/"]}]},{"@type":"ImageObject","inLanguage":"es","@id":"https:\/\/thr.tools\/es\/product\/d-4400\/#primaryimage","url":"https:\/\/thr.tools\/wp-content\/uploads\/2024\/06\/D-4400_1200x1200.jpg","contentUrl":"https:\/\/thr.tools\/wp-content\/uploads\/2024\/06\/D-4400_1200x1200.jpg","width":1200,"height":1200},{"@type":"BreadcrumbList","@id":"https:\/\/thr.tools\/es\/product\/d-4400\/#breadcrumb","itemListElement":[{"@type":"ListItem","position":1,"name":"Home","item":"https:\/\/thr.tools\/es\/"},{"@type":"ListItem","position":2,"name":"Store","item":"https:\/\/thr.tools\/store\/"},{"@type":"ListItem","position":3,"name":"Taladro Neum\u00e1tico Industrial Reversible &#8211; 13mm"}]},{"@type":"WebSite","@id":"https:\/\/thr.tools\/es\/#website","url":"https:\/\/thr.tools\/es\/","name":"THR Industrial Supplies | Air Compressors & Tools","description":"OEM, ODM Air Equipment Supplier","publisher":{"@id":"https:\/\/thr.tools\/es\/#organization"},"alternateName":"THR Industrial Supplies | Compresores de Aire y Herramientas","potentialAction":[{"@type":"SearchAction","target":{"@type":"EntryPoint","urlTemplate":"https:\/\/thr.tools\/es\/?s={search_term_string}"},"query-input":{"@type":"PropertyValueSpecification","valueRequired":true,"valueName":"search_term_string"}}],"inLanguage":"es"},{"@type":"Organization","@id":"https:\/\/thr.tools\/es\/#organization","name":"THR Electronics LLC","url":"https:\/\/thr.tools\/es\/","logo":{"@type":"ImageObject","inLanguage":"es","@id":"https:\/\/thr.tools\/es\/#\/schema\/logo\/image\/","url":"https:\/\/thr.tools\/wp-content\/uploads\/2023\/07\/cropped-favicon-thr-logo-512x512-1.png","contentUrl":"https:\/\/thr.tools\/wp-content\/uploads\/2023\/07\/cropped-favicon-thr-logo-512x512-1.png","width":815,"height":814,"caption":"THR Electronics LLC"},"image":{"@id":"https:\/\/thr.tools\/es\/#\/schema\/logo\/image\/"}}]}},"_links":{"self":[{"href":"https:\/\/thr.tools\/es\/wp-json\/wp\/v2\/product\/8488","targetHints":{"allow":["GET"]}}],"collection":[{"href":"https:\/\/thr.tools\/es\/wp-json\/wp\/v2\/product"}],"about":[{"href":"https:\/\/thr.tools\/es\/wp-json\/wp\/v2\/types\/product"}],"version-history":[{"count":1,"href":"https:\/\/thr.tools\/es\/wp-json\/wp\/v2\/product\/8488\/revisions"}],"predecessor-version":[{"id":8641,"href":"https:\/\/thr.tools\/es\/wp-json\/wp\/v2\/product\/8488\/revisions\/8641"}],"wp:featuredmedia":[{"embeddable":true,"href":"https:\/\/thr.tools\/es\/wp-json\/wp\/v2\/media\/7788"}],"wp:attachment":[{"href":"https:\/\/thr.tools\/es\/wp-json\/wp\/v2\/media?parent=8488"}],"wp:term":[{"taxonomy":"product_brand","embeddable":true,"href":"https:\/\/thr.tools\/es\/wp-json\/wp\/v2\/product_brand?post=8488"},{"taxonomy":"product_cat","embeddable":true,"href":"https:\/\/thr.tools\/es\/wp-json\/wp\/v2\/product_cat?post=8488"},{"taxonomy":"product_tag","embeddable":true,"href":"https:\/\/thr.tools\/es\/wp-json\/wp\/v2\/product_tag?post=8488"}],"curies":[{"name":"wp","href":"https:\/\/api.w.org\/{rel}","templated":true}]}}