{"id":8480,"date":"2024-06-30T02:42:56","date_gmt":"2024-06-30T02:42:56","guid":{"rendered":"https:\/\/thr.tools\/product\/14-20000-rpm-mini-angle-die-grinder-rear-exhaust\/"},"modified":"2024-07-02T00:52:03","modified_gmt":"2024-07-02T00:52:03","slug":"g-34m","status":"publish","type":"product","link":"https:\/\/thr.tools\/es\/product\/g-34m\/","title":{"rendered":"Mini Amoladora Neum\u00e1tica Angular de 6mm y 20000-RPM &#8211; Escape Trasero"},"content":{"rendered":"","protected":false},"excerpt":{"rendered":"<p>Presentamos el Mini Esmerilador de Matrices, la adici\u00f3n perfecta para cualquier caja de herramientas para todas tus necesidades generales de rectificado. Con su tama\u00f1o compacto, este esmerilador de matrices es ligero y f\u00e1cil de maniobrar, lo que lo hace perfecto para espacios reducidos y trabajos detallados. Equipado con un mandril 6mm, este esmerilador es compatible con una amplia gama de accesorios, lo que permite un uso vers\u00e1til en una variedad de materiales. La velocidad sin carga de 20000-RPM proporciona un rendimiento eficiente y permite un rectificado r\u00e1pido y preciso. Adem\u00e1s, con el puerto de escape Escape Trasero, puedes mantener tu \u00e1rea de trabajo limpia y libre de escombros. Mejora tu juego de rectificado con el Mini Esmerilador de Matrices. <\/p>\n<p>\u00a1Di adi\u00f3s a los esmeriladores de matrices voluminosos y pesados, y di hola al Mini Esmerilador de Matrices! Dise\u00f1ado para ser compacto y port\u00e1til, este esmerilador es perfecto para todas tus tareas generales de rectificado. Con un mandril de 6mm, puedes cambiar f\u00e1cilmente los accesorios para adaptarse a las necesidades de tu proyecto. Con su impresionante velocidad sin carga de 20000-RPM, este esmerilador de matrices ofrece un rendimiento potente para un rectificado eficiente. Y con el puerto de escape Escape Trasero, puedes dirigir f\u00e1cilmente el escape lejos de tu \u00e1rea de trabajo. No te conformes con un esmerilador voluminoso e inc\u00f3modo, elige el Mini Esmerilador de Matrices para todas tus necesidades de rectificado. <\/p>\n","protected":false},"featured_media":7813,"template":"","meta":{"site-sidebar-layout":"default","site-content-layout":"","ast-site-content-layout":"default","site-content-style":"default","site-sidebar-style":"default","ast-global-header-display":"","ast-banner-title-visibility":"","ast-main-header-display":"","ast-hfb-above-header-display":"","ast-hfb-below-header-display":"","ast-hfb-mobile-header-display":"","site-post-title":"","ast-breadcrumbs-content":"","ast-featured-img":"","footer-sml-layout":"","ast-disable-related-posts":"","theme-transparent-header-meta":"","adv-header-id-meta":"","stick-header-meta":"","header-above-stick-meta":"","header-main-stick-meta":"","header-below-stick-meta":"","astra-migrate-meta-layouts":"default","ast-page-background-enabled":"default","ast-page-background-meta":{"desktop":{"background-color":"","background-image":"","background-repeat":"repeat","background-position":"center center","background-size":"auto","background-attachment":"scroll","background-type":"","background-media":"","overlay-type":"","overlay-color":"","overlay-opacity":"","overlay-gradient":""},"tablet":{"background-color":"","background-image":"","background-repeat":"repeat","background-position":"center center","background-size":"auto","background-attachment":"scroll","background-type":"","background-media":"","overlay-type":"","overlay-color":"","overlay-opacity":"","overlay-gradient":""},"mobile":{"background-color":"","background-image":"","background-repeat":"repeat","background-position":"center center","background-size":"auto","background-attachment":"scroll","background-type":"","background-media":"","overlay-type":"","overlay-color":"","overlay-opacity":"","overlay-gradient":""}},"ast-content-background-meta":{"desktop":{"background-color":"var(--ast-global-color-5)","background-image":"","background-repeat":"repeat","background-position":"center center","background-size":"auto","background-attachment":"scroll","background-type":"","background-media":"","overlay-type":"","overlay-color":"","overlay-opacity":"","overlay-gradient":""},"tablet":{"background-color":"var(--ast-global-color-5)","background-image":"","background-repeat":"repeat","background-position":"center center","background-size":"auto","background-attachment":"scroll","background-type":"","background-media":"","overlay-type":"","overlay-color":"","overlay-opacity":"","overlay-gradient":""},"mobile":{"background-color":"var(--ast-global-color-5)","background-image":"","background-repeat":"repeat","background-position":"center center","background-size":"auto","background-attachment":"scroll","background-type":"","background-media":"","overlay-type":"","overlay-color":"","overlay-opacity":"","overlay-gradient":""}}},"product_brand":[],"product_cat":[575,565,569],"product_tag":[],"class_list":{"0":"post-8480","1":"product","2":"type-product","3":"status-publish","4":"has-post-thumbnail","6":"product_cat-amoladoras-y-lijadoras","7":"product_cat-herramientas","8":"product_cat-neumaticas","9":"desktop-align-left","10":"tablet-align-left","11":"mobile-align-left","13":"first","14":"instock","15":"shipping-taxable","16":"purchasable","17":"product-type-simple"},"yoast_head":"<!-- This site is optimized with the Yoast SEO plugin v26.7 - https:\/\/yoast.com\/wordpress\/plugins\/seo\/ -->\n<title>Mini Amoladora Neum\u00e1tica Angular de 6mm y 20000-RPM - Escape Trasero - THR Industrial Supplies<\/title>\n<meta name=\"robots\" content=\"index, follow, max-snippet:-1, max-image-preview:large, max-video-preview:-1\" \/>\n<link rel=\"canonical\" href=\"https:\/\/thr.tools\/es\/product\/g-34m\/\" \/>\n<meta property=\"og:locale\" content=\"es_ES\" \/>\n<meta property=\"og:type\" content=\"article\" \/>\n<meta property=\"og:title\" content=\"Mini Amoladora Neum\u00e1tica Angular de 6mm y 20000-RPM - Escape Trasero - THR Industrial Supplies\" \/>\n<meta property=\"og:description\" content=\"Presentamos el Mini Esmerilador de Matrices, la adici\u00f3n perfecta para cualquier caja de herramientas para todas tus necesidades generales de rectificado. Con su tama\u00f1o compacto, este esmerilador de matrices es ligero y f\u00e1cil de maniobrar, lo que lo hace perfecto para espacios reducidos y trabajos detallados. Equipado con un mandril 6mm, este esmerilador es compatible con una amplia gama de accesorios, lo que permite un uso vers\u00e1til en una variedad de materiales. La velocidad sin carga de 20000-RPM proporciona un rendimiento eficiente y permite un rectificado r\u00e1pido y preciso. Adem\u00e1s, con el puerto de escape Escape Trasero, puedes mantener tu \u00e1rea de trabajo limpia y libre de escombros. Mejora tu juego de rectificado con el Mini Esmerilador de Matrices.  \u00a1Di adi\u00f3s a los esmeriladores de matrices voluminosos y pesados, y di hola al Mini Esmerilador de Matrices! Dise\u00f1ado para ser compacto y port\u00e1til, este esmerilador es perfecto para todas tus tareas generales de rectificado. Con un mandril de 6mm, puedes cambiar f\u00e1cilmente los accesorios para adaptarse a las necesidades de tu proyecto. Con su impresionante velocidad sin carga de 20000-RPM, este esmerilador de matrices ofrece un rendimiento potente para un rectificado eficiente. Y con el puerto de escape Escape Trasero, puedes dirigir f\u00e1cilmente el escape lejos de tu \u00e1rea de trabajo. No te conformes con un esmerilador voluminoso e inc\u00f3modo, elige el Mini Esmerilador de Matrices para todas tus necesidades de rectificado.\" \/>\n<meta property=\"og:url\" content=\"https:\/\/thr.tools\/es\/product\/g-34m\/\" \/>\n<meta property=\"og:site_name\" content=\"THR Industrial Supplies\" \/>\n<meta property=\"article:modified_time\" content=\"2024-07-02T00:52:03+00:00\" \/>\n<meta property=\"og:image\" content=\"https:\/\/thr.tools\/wp-content\/uploads\/2024\/06\/G-34M_1200x1200.jpg\" \/>\n\t<meta property=\"og:image:width\" content=\"1200\" \/>\n\t<meta property=\"og:image:height\" content=\"1200\" \/>\n\t<meta property=\"og:image:type\" content=\"image\/jpeg\" \/>\n<meta name=\"twitter:card\" content=\"summary_large_image\" \/>\n<script type=\"application\/ld+json\" class=\"yoast-schema-graph\">{\"@context\":\"https:\/\/schema.org\",\"@graph\":[{\"@type\":\"WebPage\",\"@id\":\"https:\/\/thr.tools\/es\/product\/g-34m\/\",\"url\":\"https:\/\/thr.tools\/es\/product\/g-34m\/\",\"name\":\"Mini Amoladora Neum\u00e1tica Angular de 6mm y 20000-RPM - Escape Trasero - THR Industrial Supplies\",\"isPartOf\":{\"@id\":\"https:\/\/thr.tools\/es\/#website\"},\"primaryImageOfPage\":{\"@id\":\"https:\/\/thr.tools\/es\/product\/g-34m\/#primaryimage\"},\"image\":{\"@id\":\"https:\/\/thr.tools\/es\/product\/g-34m\/#primaryimage\"},\"thumbnailUrl\":\"https:\/\/thr.tools\/wp-content\/uploads\/2024\/06\/G-34M_1200x1200.jpg\",\"datePublished\":\"2024-06-30T02:42:56+00:00\",\"dateModified\":\"2024-07-02T00:52:03+00:00\",\"breadcrumb\":{\"@id\":\"https:\/\/thr.tools\/es\/product\/g-34m\/#breadcrumb\"},\"inLanguage\":\"es\",\"potentialAction\":[{\"@type\":\"ReadAction\",\"target\":[\"https:\/\/thr.tools\/es\/product\/g-34m\/\"]}]},{\"@type\":\"ImageObject\",\"inLanguage\":\"es\",\"@id\":\"https:\/\/thr.tools\/es\/product\/g-34m\/#primaryimage\",\"url\":\"https:\/\/thr.tools\/wp-content\/uploads\/2024\/06\/G-34M_1200x1200.jpg\",\"contentUrl\":\"https:\/\/thr.tools\/wp-content\/uploads\/2024\/06\/G-34M_1200x1200.jpg\",\"width\":1200,\"height\":1200},{\"@type\":\"BreadcrumbList\",\"@id\":\"https:\/\/thr.tools\/es\/product\/g-34m\/#breadcrumb\",\"itemListElement\":[{\"@type\":\"ListItem\",\"position\":1,\"name\":\"Home\",\"item\":\"https:\/\/thr.tools\/es\/\"},{\"@type\":\"ListItem\",\"position\":2,\"name\":\"Store\",\"item\":\"https:\/\/thr.tools\/store\/\"},{\"@type\":\"ListItem\",\"position\":3,\"name\":\"Mini Amoladora Neum\u00e1tica Angular de 6mm y 20000-RPM &#8211; Escape Trasero\"}]},{\"@type\":\"WebSite\",\"@id\":\"https:\/\/thr.tools\/es\/#website\",\"url\":\"https:\/\/thr.tools\/es\/\",\"name\":\"THR Industrial Supplies | Air Compressors & Tools\",\"description\":\"OEM, ODM Air Equipment Supplier\",\"publisher\":{\"@id\":\"https:\/\/thr.tools\/es\/#organization\"},\"alternateName\":\"THR Industrial Supplies | Compresores de Aire y Herramientas\",\"potentialAction\":[{\"@type\":\"SearchAction\",\"target\":{\"@type\":\"EntryPoint\",\"urlTemplate\":\"https:\/\/thr.tools\/es\/?s={search_term_string}\"},\"query-input\":{\"@type\":\"PropertyValueSpecification\",\"valueRequired\":true,\"valueName\":\"search_term_string\"}}],\"inLanguage\":\"es\"},{\"@type\":\"Organization\",\"@id\":\"https:\/\/thr.tools\/es\/#organization\",\"name\":\"THR Electronics LLC\",\"url\":\"https:\/\/thr.tools\/es\/\",\"logo\":{\"@type\":\"ImageObject\",\"inLanguage\":\"es\",\"@id\":\"https:\/\/thr.tools\/es\/#\/schema\/logo\/image\/\",\"url\":\"https:\/\/thr.tools\/wp-content\/uploads\/2023\/07\/cropped-favicon-thr-logo-512x512-1.png\",\"contentUrl\":\"https:\/\/thr.tools\/wp-content\/uploads\/2023\/07\/cropped-favicon-thr-logo-512x512-1.png\",\"width\":815,\"height\":814,\"caption\":\"THR Electronics LLC\"},\"image\":{\"@id\":\"https:\/\/thr.tools\/es\/#\/schema\/logo\/image\/\"}}]}<\/script>\n<!-- \/ Yoast SEO plugin. -->","yoast_head_json":{"title":"Mini Amoladora Neum\u00e1tica Angular de 6mm y 20000-RPM - Escape Trasero - THR Industrial Supplies","robots":{"index":"index","follow":"follow","max-snippet":"max-snippet:-1","max-image-preview":"max-image-preview:large","max-video-preview":"max-video-preview:-1"},"canonical":"https:\/\/thr.tools\/es\/product\/g-34m\/","og_locale":"es_ES","og_type":"article","og_title":"Mini Amoladora Neum\u00e1tica Angular de 6mm y 20000-RPM - Escape Trasero - THR Industrial Supplies","og_description":"Presentamos el Mini Esmerilador de Matrices, la adici\u00f3n perfecta para cualquier caja de herramientas para todas tus necesidades generales de rectificado. Con su tama\u00f1o compacto, este esmerilador de matrices es ligero y f\u00e1cil de maniobrar, lo que lo hace perfecto para espacios reducidos y trabajos detallados. Equipado con un mandril 6mm, este esmerilador es compatible con una amplia gama de accesorios, lo que permite un uso vers\u00e1til en una variedad de materiales. La velocidad sin carga de 20000-RPM proporciona un rendimiento eficiente y permite un rectificado r\u00e1pido y preciso. Adem\u00e1s, con el puerto de escape Escape Trasero, puedes mantener tu \u00e1rea de trabajo limpia y libre de escombros. Mejora tu juego de rectificado con el Mini Esmerilador de Matrices.  \u00a1Di adi\u00f3s a los esmeriladores de matrices voluminosos y pesados, y di hola al Mini Esmerilador de Matrices! Dise\u00f1ado para ser compacto y port\u00e1til, este esmerilador es perfecto para todas tus tareas generales de rectificado. Con un mandril de 6mm, puedes cambiar f\u00e1cilmente los accesorios para adaptarse a las necesidades de tu proyecto. Con su impresionante velocidad sin carga de 20000-RPM, este esmerilador de matrices ofrece un rendimiento potente para un rectificado eficiente. Y con el puerto de escape Escape Trasero, puedes dirigir f\u00e1cilmente el escape lejos de tu \u00e1rea de trabajo. No te conformes con un esmerilador voluminoso e inc\u00f3modo, elige el Mini Esmerilador de Matrices para todas tus necesidades de rectificado.","og_url":"https:\/\/thr.tools\/es\/product\/g-34m\/","og_site_name":"THR Industrial Supplies","article_modified_time":"2024-07-02T00:52:03+00:00","og_image":[{"width":1200,"height":1200,"url":"https:\/\/thr.tools\/wp-content\/uploads\/2024\/06\/G-34M_1200x1200.jpg","type":"image\/jpeg"}],"twitter_card":"summary_large_image","schema":{"@context":"https:\/\/schema.org","@graph":[{"@type":"WebPage","@id":"https:\/\/thr.tools\/es\/product\/g-34m\/","url":"https:\/\/thr.tools\/es\/product\/g-34m\/","name":"Mini Amoladora Neum\u00e1tica Angular de 6mm y 20000-RPM - Escape Trasero - THR Industrial Supplies","isPartOf":{"@id":"https:\/\/thr.tools\/es\/#website"},"primaryImageOfPage":{"@id":"https:\/\/thr.tools\/es\/product\/g-34m\/#primaryimage"},"image":{"@id":"https:\/\/thr.tools\/es\/product\/g-34m\/#primaryimage"},"thumbnailUrl":"https:\/\/thr.tools\/wp-content\/uploads\/2024\/06\/G-34M_1200x1200.jpg","datePublished":"2024-06-30T02:42:56+00:00","dateModified":"2024-07-02T00:52:03+00:00","breadcrumb":{"@id":"https:\/\/thr.tools\/es\/product\/g-34m\/#breadcrumb"},"inLanguage":"es","potentialAction":[{"@type":"ReadAction","target":["https:\/\/thr.tools\/es\/product\/g-34m\/"]}]},{"@type":"ImageObject","inLanguage":"es","@id":"https:\/\/thr.tools\/es\/product\/g-34m\/#primaryimage","url":"https:\/\/thr.tools\/wp-content\/uploads\/2024\/06\/G-34M_1200x1200.jpg","contentUrl":"https:\/\/thr.tools\/wp-content\/uploads\/2024\/06\/G-34M_1200x1200.jpg","width":1200,"height":1200},{"@type":"BreadcrumbList","@id":"https:\/\/thr.tools\/es\/product\/g-34m\/#breadcrumb","itemListElement":[{"@type":"ListItem","position":1,"name":"Home","item":"https:\/\/thr.tools\/es\/"},{"@type":"ListItem","position":2,"name":"Store","item":"https:\/\/thr.tools\/store\/"},{"@type":"ListItem","position":3,"name":"Mini Amoladora Neum\u00e1tica Angular de 6mm y 20000-RPM &#8211; Escape Trasero"}]},{"@type":"WebSite","@id":"https:\/\/thr.tools\/es\/#website","url":"https:\/\/thr.tools\/es\/","name":"THR Industrial Supplies | Air Compressors & Tools","description":"OEM, ODM Air Equipment Supplier","publisher":{"@id":"https:\/\/thr.tools\/es\/#organization"},"alternateName":"THR Industrial Supplies | Compresores de Aire y Herramientas","potentialAction":[{"@type":"SearchAction","target":{"@type":"EntryPoint","urlTemplate":"https:\/\/thr.tools\/es\/?s={search_term_string}"},"query-input":{"@type":"PropertyValueSpecification","valueRequired":true,"valueName":"search_term_string"}}],"inLanguage":"es"},{"@type":"Organization","@id":"https:\/\/thr.tools\/es\/#organization","name":"THR Electronics LLC","url":"https:\/\/thr.tools\/es\/","logo":{"@type":"ImageObject","inLanguage":"es","@id":"https:\/\/thr.tools\/es\/#\/schema\/logo\/image\/","url":"https:\/\/thr.tools\/wp-content\/uploads\/2023\/07\/cropped-favicon-thr-logo-512x512-1.png","contentUrl":"https:\/\/thr.tools\/wp-content\/uploads\/2023\/07\/cropped-favicon-thr-logo-512x512-1.png","width":815,"height":814,"caption":"THR Electronics LLC"},"image":{"@id":"https:\/\/thr.tools\/es\/#\/schema\/logo\/image\/"}}]}},"_links":{"self":[{"href":"https:\/\/thr.tools\/es\/wp-json\/wp\/v2\/product\/8480","targetHints":{"allow":["GET"]}}],"collection":[{"href":"https:\/\/thr.tools\/es\/wp-json\/wp\/v2\/product"}],"about":[{"href":"https:\/\/thr.tools\/es\/wp-json\/wp\/v2\/types\/product"}],"version-history":[{"count":1,"href":"https:\/\/thr.tools\/es\/wp-json\/wp\/v2\/product\/8480\/revisions"}],"predecessor-version":[{"id":8650,"href":"https:\/\/thr.tools\/es\/wp-json\/wp\/v2\/product\/8480\/revisions\/8650"}],"wp:featuredmedia":[{"embeddable":true,"href":"https:\/\/thr.tools\/es\/wp-json\/wp\/v2\/media\/7813"}],"wp:attachment":[{"href":"https:\/\/thr.tools\/es\/wp-json\/wp\/v2\/media?parent=8480"}],"wp:term":[{"taxonomy":"product_brand","embeddable":true,"href":"https:\/\/thr.tools\/es\/wp-json\/wp\/v2\/product_brand?post=8480"},{"taxonomy":"product_cat","embeddable":true,"href":"https:\/\/thr.tools\/es\/wp-json\/wp\/v2\/product_cat?post=8480"},{"taxonomy":"product_tag","embeddable":true,"href":"https:\/\/thr.tools\/es\/wp-json\/wp\/v2\/product_tag?post=8480"}],"curies":[{"name":"wp","href":"https:\/\/api.w.org\/{rel}","templated":true}]}}