{"id":8469,"date":"2024-06-30T02:43:41","date_gmt":"2024-06-30T02:43:41","guid":{"rendered":"https:\/\/thr.tools\/product\/straight-air-scissor\/"},"modified":"2024-07-02T00:52:14","modified_gmt":"2024-07-02T00:52:14","slug":"b-22","status":"publish","type":"product","link":"https:\/\/thr.tools\/es\/product\/b-22\/","title":{"rendered":"Tijera Neum\u00e1tica Recta"},"content":{"rendered":"","protected":false},"excerpt":{"rendered":"<p>El Air Scissor es una herramienta de corte vers\u00e1til perfecta para una variedad de tareas de prop\u00f3sito general. Hecho de materiales de metal duraderos, este producto est\u00e1 dise\u00f1ado para ser duradero y confiable para todas tus necesidades de corte. Con la capacidad de cortar tanto acero como aluminio con facilidad, estas tijeras neum\u00e1ticas son imprescindibles para cualquier taller o proyecto de mejoras para el hogar. Sus capacidades de corte incluyen una capacidad de corte de 1,2mm mm para acero y una capacidad de corte de 1,4mm mm para aluminio, lo que lo convierte en la herramienta perfecta para una amplia gama de materiales. Adem\u00e1s, el Air Scissor cuenta con una velocidad m\u00e1xima de corte de 2500-BPM, lo que brinda cortes eficientes y precisos en todo momento. Experimenta t\u00fa mismo el poder y la eficiencia del Air Scissor hoy. <\/p>\n<p>No importa cu\u00e1les sean tus necesidades de corte, el Air Scissor tiene todo cubierto. Con su resistente construcci\u00f3n de metal, esta herramienta est\u00e1 dise\u00f1ada para manejar cualquier trabajo que se le presente. Con la habilidad de cortar sin esfuerzo a trav\u00e9s de materiales de acero y aluminio, el Air Scissor es una herramienta vers\u00e1til e imprescindible para cualquier manitas o entusiasta del bricolaje. Cuenta con una capacidad de corte de 1,2mm mm para acero y una capacidad de corte de 1,4mm mm para aluminio, lo que te permite abordar f\u00e1cilmente una amplia gama de proyectos. Y con una velocidad m\u00e1xima de corte de 2500-BPM, puedes confiar en que este producto brindar\u00e1 resultados r\u00e1pidos y precisos en todo momento. Actualiza tu equipo con el confiable y eficiente Air Scissor. <\/p>\n","protected":false},"featured_media":7846,"template":"","meta":{"site-sidebar-layout":"default","site-content-layout":"","ast-site-content-layout":"default","site-content-style":"default","site-sidebar-style":"default","ast-global-header-display":"","ast-banner-title-visibility":"","ast-main-header-display":"","ast-hfb-above-header-display":"","ast-hfb-below-header-display":"","ast-hfb-mobile-header-display":"","site-post-title":"","ast-breadcrumbs-content":"","ast-featured-img":"","footer-sml-layout":"","ast-disable-related-posts":"","theme-transparent-header-meta":"","adv-header-id-meta":"","stick-header-meta":"","header-above-stick-meta":"","header-main-stick-meta":"","header-below-stick-meta":"","astra-migrate-meta-layouts":"default","ast-page-background-enabled":"default","ast-page-background-meta":{"desktop":{"background-color":"","background-image":"","background-repeat":"repeat","background-position":"center center","background-size":"auto","background-attachment":"scroll","background-type":"","background-media":"","overlay-type":"","overlay-color":"","overlay-opacity":"","overlay-gradient":""},"tablet":{"background-color":"","background-image":"","background-repeat":"repeat","background-position":"center center","background-size":"auto","background-attachment":"scroll","background-type":"","background-media":"","overlay-type":"","overlay-color":"","overlay-opacity":"","overlay-gradient":""},"mobile":{"background-color":"","background-image":"","background-repeat":"repeat","background-position":"center center","background-size":"auto","background-attachment":"scroll","background-type":"","background-media":"","overlay-type":"","overlay-color":"","overlay-opacity":"","overlay-gradient":""}},"ast-content-background-meta":{"desktop":{"background-color":"var(--ast-global-color-5)","background-image":"","background-repeat":"repeat","background-position":"center center","background-size":"auto","background-attachment":"scroll","background-type":"","background-media":"","overlay-type":"","overlay-color":"","overlay-opacity":"","overlay-gradient":""},"tablet":{"background-color":"var(--ast-global-color-5)","background-image":"","background-repeat":"repeat","background-position":"center center","background-size":"auto","background-attachment":"scroll","background-type":"","background-media":"","overlay-type":"","overlay-color":"","overlay-opacity":"","overlay-gradient":""},"mobile":{"background-color":"var(--ast-global-color-5)","background-image":"","background-repeat":"repeat","background-position":"center center","background-size":"auto","background-attachment":"scroll","background-type":"","background-media":"","overlay-type":"","overlay-color":"","overlay-opacity":"","overlay-gradient":""}}},"product_brand":[],"product_cat":[572,565,569],"product_tag":[],"class_list":{"0":"post-8469","1":"product","2":"type-product","3":"status-publish","4":"has-post-thumbnail","6":"product_cat-cortadoras","7":"product_cat-herramientas","8":"product_cat-neumaticas","9":"desktop-align-left","10":"tablet-align-left","11":"mobile-align-left","13":"first","14":"instock","15":"shipping-taxable","16":"purchasable","17":"product-type-simple"},"yoast_head":"<!-- This site is optimized with the Yoast SEO plugin v26.7 - https:\/\/yoast.com\/wordpress\/plugins\/seo\/ -->\n<title>Tijera Neum\u00e1tica Recta - THR Industrial Supplies<\/title>\n<meta name=\"robots\" content=\"index, follow, max-snippet:-1, max-image-preview:large, max-video-preview:-1\" \/>\n<link rel=\"canonical\" href=\"https:\/\/thr.tools\/es\/product\/b-22\/\" \/>\n<meta property=\"og:locale\" content=\"es_ES\" \/>\n<meta property=\"og:type\" content=\"article\" \/>\n<meta property=\"og:title\" content=\"Tijera Neum\u00e1tica Recta - THR Industrial Supplies\" \/>\n<meta property=\"og:description\" content=\"El Air Scissor es una herramienta de corte vers\u00e1til perfecta para una variedad de tareas de prop\u00f3sito general. Hecho de materiales de metal duraderos, este producto est\u00e1 dise\u00f1ado para ser duradero y confiable para todas tus necesidades de corte. Con la capacidad de cortar tanto acero como aluminio con facilidad, estas tijeras neum\u00e1ticas son imprescindibles para cualquier taller o proyecto de mejoras para el hogar. Sus capacidades de corte incluyen una capacidad de corte de 1,2mm mm para acero y una capacidad de corte de 1,4mm mm para aluminio, lo que lo convierte en la herramienta perfecta para una amplia gama de materiales. Adem\u00e1s, el Air Scissor cuenta con una velocidad m\u00e1xima de corte de 2500-BPM, lo que brinda cortes eficientes y precisos en todo momento. Experimenta t\u00fa mismo el poder y la eficiencia del Air Scissor hoy.  No importa cu\u00e1les sean tus necesidades de corte, el Air Scissor tiene todo cubierto. Con su resistente construcci\u00f3n de metal, esta herramienta est\u00e1 dise\u00f1ada para manejar cualquier trabajo que se le presente. Con la habilidad de cortar sin esfuerzo a trav\u00e9s de materiales de acero y aluminio, el Air Scissor es una herramienta vers\u00e1til e imprescindible para cualquier manitas o entusiasta del bricolaje. Cuenta con una capacidad de corte de 1,2mm mm para acero y una capacidad de corte de 1,4mm mm para aluminio, lo que te permite abordar f\u00e1cilmente una amplia gama de proyectos. Y con una velocidad m\u00e1xima de corte de 2500-BPM, puedes confiar en que este producto brindar\u00e1 resultados r\u00e1pidos y precisos en todo momento. Actualiza tu equipo con el confiable y eficiente Air Scissor.\" \/>\n<meta property=\"og:url\" content=\"https:\/\/thr.tools\/es\/product\/b-22\/\" \/>\n<meta property=\"og:site_name\" content=\"THR Industrial Supplies\" \/>\n<meta property=\"article:modified_time\" content=\"2024-07-02T00:52:14+00:00\" \/>\n<meta property=\"og:image\" content=\"https:\/\/thr.tools\/wp-content\/uploads\/2024\/06\/B-22_1200x1200.jpg\" \/>\n\t<meta property=\"og:image:width\" content=\"1200\" \/>\n\t<meta property=\"og:image:height\" content=\"1200\" \/>\n\t<meta property=\"og:image:type\" content=\"image\/jpeg\" \/>\n<meta name=\"twitter:card\" content=\"summary_large_image\" \/>\n<script type=\"application\/ld+json\" class=\"yoast-schema-graph\">{\"@context\":\"https:\/\/schema.org\",\"@graph\":[{\"@type\":\"WebPage\",\"@id\":\"https:\/\/thr.tools\/es\/product\/b-22\/\",\"url\":\"https:\/\/thr.tools\/es\/product\/b-22\/\",\"name\":\"Tijera Neum\u00e1tica Recta - THR Industrial Supplies\",\"isPartOf\":{\"@id\":\"https:\/\/thr.tools\/es\/#website\"},\"primaryImageOfPage\":{\"@id\":\"https:\/\/thr.tools\/es\/product\/b-22\/#primaryimage\"},\"image\":{\"@id\":\"https:\/\/thr.tools\/es\/product\/b-22\/#primaryimage\"},\"thumbnailUrl\":\"https:\/\/thr.tools\/wp-content\/uploads\/2024\/06\/B-22_1200x1200.jpg\",\"datePublished\":\"2024-06-30T02:43:41+00:00\",\"dateModified\":\"2024-07-02T00:52:14+00:00\",\"breadcrumb\":{\"@id\":\"https:\/\/thr.tools\/es\/product\/b-22\/#breadcrumb\"},\"inLanguage\":\"es\",\"potentialAction\":[{\"@type\":\"ReadAction\",\"target\":[\"https:\/\/thr.tools\/es\/product\/b-22\/\"]}]},{\"@type\":\"ImageObject\",\"inLanguage\":\"es\",\"@id\":\"https:\/\/thr.tools\/es\/product\/b-22\/#primaryimage\",\"url\":\"https:\/\/thr.tools\/wp-content\/uploads\/2024\/06\/B-22_1200x1200.jpg\",\"contentUrl\":\"https:\/\/thr.tools\/wp-content\/uploads\/2024\/06\/B-22_1200x1200.jpg\",\"width\":1200,\"height\":1200},{\"@type\":\"BreadcrumbList\",\"@id\":\"https:\/\/thr.tools\/es\/product\/b-22\/#breadcrumb\",\"itemListElement\":[{\"@type\":\"ListItem\",\"position\":1,\"name\":\"Home\",\"item\":\"https:\/\/thr.tools\/es\/\"},{\"@type\":\"ListItem\",\"position\":2,\"name\":\"Store\",\"item\":\"https:\/\/thr.tools\/store\/\"},{\"@type\":\"ListItem\",\"position\":3,\"name\":\"Tijera Neum\u00e1tica Recta\"}]},{\"@type\":\"WebSite\",\"@id\":\"https:\/\/thr.tools\/es\/#website\",\"url\":\"https:\/\/thr.tools\/es\/\",\"name\":\"THR Industrial Supplies | Air Compressors & Tools\",\"description\":\"OEM, ODM Air Equipment Supplier\",\"publisher\":{\"@id\":\"https:\/\/thr.tools\/es\/#organization\"},\"alternateName\":\"THR Industrial Supplies | Compresores de Aire y Herramientas\",\"potentialAction\":[{\"@type\":\"SearchAction\",\"target\":{\"@type\":\"EntryPoint\",\"urlTemplate\":\"https:\/\/thr.tools\/es\/?s={search_term_string}\"},\"query-input\":{\"@type\":\"PropertyValueSpecification\",\"valueRequired\":true,\"valueName\":\"search_term_string\"}}],\"inLanguage\":\"es\"},{\"@type\":\"Organization\",\"@id\":\"https:\/\/thr.tools\/es\/#organization\",\"name\":\"THR Electronics LLC\",\"url\":\"https:\/\/thr.tools\/es\/\",\"logo\":{\"@type\":\"ImageObject\",\"inLanguage\":\"es\",\"@id\":\"https:\/\/thr.tools\/es\/#\/schema\/logo\/image\/\",\"url\":\"https:\/\/thr.tools\/wp-content\/uploads\/2023\/07\/cropped-favicon-thr-logo-512x512-1.png\",\"contentUrl\":\"https:\/\/thr.tools\/wp-content\/uploads\/2023\/07\/cropped-favicon-thr-logo-512x512-1.png\",\"width\":815,\"height\":814,\"caption\":\"THR Electronics LLC\"},\"image\":{\"@id\":\"https:\/\/thr.tools\/es\/#\/schema\/logo\/image\/\"}}]}<\/script>\n<!-- \/ Yoast SEO plugin. -->","yoast_head_json":{"title":"Tijera Neum\u00e1tica Recta - THR Industrial Supplies","robots":{"index":"index","follow":"follow","max-snippet":"max-snippet:-1","max-image-preview":"max-image-preview:large","max-video-preview":"max-video-preview:-1"},"canonical":"https:\/\/thr.tools\/es\/product\/b-22\/","og_locale":"es_ES","og_type":"article","og_title":"Tijera Neum\u00e1tica Recta - THR Industrial Supplies","og_description":"El Air Scissor es una herramienta de corte vers\u00e1til perfecta para una variedad de tareas de prop\u00f3sito general. Hecho de materiales de metal duraderos, este producto est\u00e1 dise\u00f1ado para ser duradero y confiable para todas tus necesidades de corte. Con la capacidad de cortar tanto acero como aluminio con facilidad, estas tijeras neum\u00e1ticas son imprescindibles para cualquier taller o proyecto de mejoras para el hogar. Sus capacidades de corte incluyen una capacidad de corte de 1,2mm mm para acero y una capacidad de corte de 1,4mm mm para aluminio, lo que lo convierte en la herramienta perfecta para una amplia gama de materiales. Adem\u00e1s, el Air Scissor cuenta con una velocidad m\u00e1xima de corte de 2500-BPM, lo que brinda cortes eficientes y precisos en todo momento. Experimenta t\u00fa mismo el poder y la eficiencia del Air Scissor hoy.  No importa cu\u00e1les sean tus necesidades de corte, el Air Scissor tiene todo cubierto. Con su resistente construcci\u00f3n de metal, esta herramienta est\u00e1 dise\u00f1ada para manejar cualquier trabajo que se le presente. Con la habilidad de cortar sin esfuerzo a trav\u00e9s de materiales de acero y aluminio, el Air Scissor es una herramienta vers\u00e1til e imprescindible para cualquier manitas o entusiasta del bricolaje. Cuenta con una capacidad de corte de 1,2mm mm para acero y una capacidad de corte de 1,4mm mm para aluminio, lo que te permite abordar f\u00e1cilmente una amplia gama de proyectos. Y con una velocidad m\u00e1xima de corte de 2500-BPM, puedes confiar en que este producto brindar\u00e1 resultados r\u00e1pidos y precisos en todo momento. Actualiza tu equipo con el confiable y eficiente Air Scissor.","og_url":"https:\/\/thr.tools\/es\/product\/b-22\/","og_site_name":"THR Industrial Supplies","article_modified_time":"2024-07-02T00:52:14+00:00","og_image":[{"width":1200,"height":1200,"url":"https:\/\/thr.tools\/wp-content\/uploads\/2024\/06\/B-22_1200x1200.jpg","type":"image\/jpeg"}],"twitter_card":"summary_large_image","schema":{"@context":"https:\/\/schema.org","@graph":[{"@type":"WebPage","@id":"https:\/\/thr.tools\/es\/product\/b-22\/","url":"https:\/\/thr.tools\/es\/product\/b-22\/","name":"Tijera Neum\u00e1tica Recta - THR Industrial Supplies","isPartOf":{"@id":"https:\/\/thr.tools\/es\/#website"},"primaryImageOfPage":{"@id":"https:\/\/thr.tools\/es\/product\/b-22\/#primaryimage"},"image":{"@id":"https:\/\/thr.tools\/es\/product\/b-22\/#primaryimage"},"thumbnailUrl":"https:\/\/thr.tools\/wp-content\/uploads\/2024\/06\/B-22_1200x1200.jpg","datePublished":"2024-06-30T02:43:41+00:00","dateModified":"2024-07-02T00:52:14+00:00","breadcrumb":{"@id":"https:\/\/thr.tools\/es\/product\/b-22\/#breadcrumb"},"inLanguage":"es","potentialAction":[{"@type":"ReadAction","target":["https:\/\/thr.tools\/es\/product\/b-22\/"]}]},{"@type":"ImageObject","inLanguage":"es","@id":"https:\/\/thr.tools\/es\/product\/b-22\/#primaryimage","url":"https:\/\/thr.tools\/wp-content\/uploads\/2024\/06\/B-22_1200x1200.jpg","contentUrl":"https:\/\/thr.tools\/wp-content\/uploads\/2024\/06\/B-22_1200x1200.jpg","width":1200,"height":1200},{"@type":"BreadcrumbList","@id":"https:\/\/thr.tools\/es\/product\/b-22\/#breadcrumb","itemListElement":[{"@type":"ListItem","position":1,"name":"Home","item":"https:\/\/thr.tools\/es\/"},{"@type":"ListItem","position":2,"name":"Store","item":"https:\/\/thr.tools\/store\/"},{"@type":"ListItem","position":3,"name":"Tijera Neum\u00e1tica Recta"}]},{"@type":"WebSite","@id":"https:\/\/thr.tools\/es\/#website","url":"https:\/\/thr.tools\/es\/","name":"THR Industrial Supplies | Air Compressors & Tools","description":"OEM, ODM Air Equipment Supplier","publisher":{"@id":"https:\/\/thr.tools\/es\/#organization"},"alternateName":"THR Industrial Supplies | Compresores de Aire y Herramientas","potentialAction":[{"@type":"SearchAction","target":{"@type":"EntryPoint","urlTemplate":"https:\/\/thr.tools\/es\/?s={search_term_string}"},"query-input":{"@type":"PropertyValueSpecification","valueRequired":true,"valueName":"search_term_string"}}],"inLanguage":"es"},{"@type":"Organization","@id":"https:\/\/thr.tools\/es\/#organization","name":"THR Electronics LLC","url":"https:\/\/thr.tools\/es\/","logo":{"@type":"ImageObject","inLanguage":"es","@id":"https:\/\/thr.tools\/es\/#\/schema\/logo\/image\/","url":"https:\/\/thr.tools\/wp-content\/uploads\/2023\/07\/cropped-favicon-thr-logo-512x512-1.png","contentUrl":"https:\/\/thr.tools\/wp-content\/uploads\/2023\/07\/cropped-favicon-thr-logo-512x512-1.png","width":815,"height":814,"caption":"THR Electronics LLC"},"image":{"@id":"https:\/\/thr.tools\/es\/#\/schema\/logo\/image\/"}}]}},"_links":{"self":[{"href":"https:\/\/thr.tools\/es\/wp-json\/wp\/v2\/product\/8469","targetHints":{"allow":["GET"]}}],"collection":[{"href":"https:\/\/thr.tools\/es\/wp-json\/wp\/v2\/product"}],"about":[{"href":"https:\/\/thr.tools\/es\/wp-json\/wp\/v2\/types\/product"}],"version-history":[{"count":1,"href":"https:\/\/thr.tools\/es\/wp-json\/wp\/v2\/product\/8469\/revisions"}],"predecessor-version":[{"id":8667,"href":"https:\/\/thr.tools\/es\/wp-json\/wp\/v2\/product\/8469\/revisions\/8667"}],"wp:featuredmedia":[{"embeddable":true,"href":"https:\/\/thr.tools\/es\/wp-json\/wp\/v2\/media\/7846"}],"wp:attachment":[{"href":"https:\/\/thr.tools\/es\/wp-json\/wp\/v2\/media?parent=8469"}],"wp:term":[{"taxonomy":"product_brand","embeddable":true,"href":"https:\/\/thr.tools\/es\/wp-json\/wp\/v2\/product_brand?post=8469"},{"taxonomy":"product_cat","embeddable":true,"href":"https:\/\/thr.tools\/es\/wp-json\/wp\/v2\/product_cat?post=8469"},{"taxonomy":"product_tag","embeddable":true,"href":"https:\/\/thr.tools\/es\/wp-json\/wp\/v2\/product_tag?post=8469"}],"curies":[{"name":"wp","href":"https:\/\/api.w.org\/{rel}","templated":true}]}}