{"id":8462,"date":"2024-06-30T02:44:08","date_gmt":"2024-06-30T02:44:08","guid":{"rendered":"https:\/\/thr.tools\/product\/double-suction-cup-cast-aluminum\/"},"modified":"2024-07-10T02:51:35","modified_gmt":"2024-07-10T02:51:35","slug":"s-004","status":"publish","type":"product","link":"https:\/\/thr.tools\/es\/product\/s-004\/","title":{"rendered":"Copa de Doble Succi\u00f3n de Aluminio Fundido"},"content":{"rendered":"","protected":false},"excerpt":{"rendered":"<p>Presentamos el Doble Ventosa &#8211; la herramienta definitiva para tareas de elevaci\u00f3n de vidrio de alta resistencia. Hecho con materiales de la m\u00e1s alta calidad e ingenier\u00eda de precisi\u00f3n, este producto est\u00e1 dise\u00f1ado para satisfacer las demandas de incluso los trabajos de elevaci\u00f3n de vidrio m\u00e1s desafiantes. El cuerpo principal de la herramienta est\u00e1 fabricado con aluminio fundido duradero, garantizando un uso confiable una y otra vez. Con dos fuertes ventosas, este innovador dispositivo ofrece un agarre y estabilidad incomparables para levantar grandes y pesados paneles de vidrio con facilidad. Di adi\u00f3s al levantamiento manual y hola a un manejo eficiente y sin esfuerzo del vidrio con el Doble Ventosa. <\/p>\n<p>No m\u00e1s luchar y esforzarse con paneles de vidrio pesados &#8211; el Doble Ventosa est\u00e1 aqu\u00ed para hacer que tus tareas de elevaci\u00f3n sean pan comido. Ya sea que trabajes en la industria de la construcci\u00f3n, en el campo de las ventanas o tengas una empresa de instalaci\u00f3n de vidrio, este producto es una adici\u00f3n imprescindible a tu caja de herramientas. Su dise\u00f1o robusto y sus fuertes ventosas proporcionan un agarre seguro en las superficies de vidrio, d\u00e1ndote tranquilidad y ahorr\u00e1ndote la tensi\u00f3n innecesaria en la espalda. No te conformes con herramientas de elevaci\u00f3n mediocres, elige el Doble Ventosa para que la elevaci\u00f3n de vidrio de alta resistencia sea f\u00e1cil.<\/p>\n","protected":false},"featured_media":7867,"template":"","meta":{"site-sidebar-layout":"default","site-content-layout":"default","ast-site-content-layout":"default","site-content-style":"default","site-sidebar-style":"default","ast-global-header-display":"","ast-banner-title-visibility":"","ast-main-header-display":"","ast-hfb-above-header-display":"","ast-hfb-below-header-display":"","ast-hfb-mobile-header-display":"","site-post-title":"","ast-breadcrumbs-content":"","ast-featured-img":"","footer-sml-layout":"","ast-disable-related-posts":"","theme-transparent-header-meta":"default","adv-header-id-meta":"","stick-header-meta":"","header-above-stick-meta":"","header-main-stick-meta":"","header-below-stick-meta":"","astra-migrate-meta-layouts":"default","ast-page-background-enabled":"default","ast-page-background-meta":{"desktop":{"background-color":"","background-image":"","background-repeat":"repeat","background-position":"center center","background-size":"auto","background-attachment":"scroll","background-type":"","background-media":"","overlay-type":"","overlay-color":"","overlay-opacity":"","overlay-gradient":""},"tablet":{"background-color":"","background-image":"","background-repeat":"repeat","background-position":"center center","background-size":"auto","background-attachment":"scroll","background-type":"","background-media":"","overlay-type":"","overlay-color":"","overlay-opacity":"","overlay-gradient":""},"mobile":{"background-color":"","background-image":"","background-repeat":"repeat","background-position":"center center","background-size":"auto","background-attachment":"scroll","background-type":"","background-media":"","overlay-type":"","overlay-color":"","overlay-opacity":"","overlay-gradient":""}},"ast-content-background-meta":{"desktop":{"background-color":"var(--ast-global-color-5)","background-image":"","background-repeat":"repeat","background-position":"center center","background-size":"auto","background-attachment":"scroll","background-type":"","background-media":"","overlay-type":"","overlay-color":"","overlay-opacity":"","overlay-gradient":""},"tablet":{"background-color":"var(--ast-global-color-5)","background-image":"","background-repeat":"repeat","background-position":"center center","background-size":"auto","background-attachment":"scroll","background-type":"","background-media":"","overlay-type":"","overlay-color":"","overlay-opacity":"","overlay-gradient":""},"mobile":{"background-color":"var(--ast-global-color-5)","background-image":"","background-repeat":"repeat","background-position":"center center","background-size":"auto","background-attachment":"scroll","background-type":"","background-media":"","overlay-type":"","overlay-color":"","overlay-opacity":"","overlay-gradient":""}}},"product_brand":[],"product_cat":[566,565],"product_tag":[],"class_list":{"0":"post-8462","1":"product","2":"type-product","3":"status-publish","4":"has-post-thumbnail","6":"product_cat-accesorios","7":"product_cat-herramientas","8":"desktop-align-left","9":"tablet-align-left","10":"mobile-align-left","12":"first","13":"instock","14":"shipping-taxable","15":"purchasable","16":"product-type-simple"},"yoast_head":"<!-- This site is optimized with the Yoast SEO plugin v26.7 - https:\/\/yoast.com\/wordpress\/plugins\/seo\/ -->\n<title>Copa de Doble Succi\u00f3n de Aluminio Fundido - THR Industrial Supplies<\/title>\n<meta name=\"robots\" content=\"index, follow, max-snippet:-1, max-image-preview:large, max-video-preview:-1\" \/>\n<link rel=\"canonical\" href=\"https:\/\/thr.tools\/es\/product\/s-004\/\" \/>\n<meta property=\"og:locale\" content=\"es_ES\" \/>\n<meta property=\"og:type\" content=\"article\" \/>\n<meta property=\"og:title\" content=\"Copa de Doble Succi\u00f3n de Aluminio Fundido - THR Industrial Supplies\" \/>\n<meta property=\"og:description\" content=\"Presentamos el Doble Ventosa - la herramienta definitiva para tareas de elevaci\u00f3n de vidrio de alta resistencia. Hecho con materiales de la m\u00e1s alta calidad e ingenier\u00eda de precisi\u00f3n, este producto est\u00e1 dise\u00f1ado para satisfacer las demandas de incluso los trabajos de elevaci\u00f3n de vidrio m\u00e1s desafiantes. El cuerpo principal de la herramienta est\u00e1 fabricado con aluminio fundido duradero, garantizando un uso confiable una y otra vez. Con dos fuertes ventosas, este innovador dispositivo ofrece un agarre y estabilidad incomparables para levantar grandes y pesados paneles de vidrio con facilidad. Di adi\u00f3s al levantamiento manual y hola a un manejo eficiente y sin esfuerzo del vidrio con el Doble Ventosa.  No m\u00e1s luchar y esforzarse con paneles de vidrio pesados - el Doble Ventosa est\u00e1 aqu\u00ed para hacer que tus tareas de elevaci\u00f3n sean pan comido. Ya sea que trabajes en la industria de la construcci\u00f3n, en el campo de las ventanas o tengas una empresa de instalaci\u00f3n de vidrio, este producto es una adici\u00f3n imprescindible a tu caja de herramientas. Su dise\u00f1o robusto y sus fuertes ventosas proporcionan un agarre seguro en las superficies de vidrio, d\u00e1ndote tranquilidad y ahorr\u00e1ndote la tensi\u00f3n innecesaria en la espalda. No te conformes con herramientas de elevaci\u00f3n mediocres, elige el Doble Ventosa para que la elevaci\u00f3n de vidrio de alta resistencia sea f\u00e1cil.\" \/>\n<meta property=\"og:url\" content=\"https:\/\/thr.tools\/es\/product\/s-004\/\" \/>\n<meta property=\"og:site_name\" content=\"THR Industrial Supplies\" \/>\n<meta property=\"article:modified_time\" content=\"2024-07-10T02:51:35+00:00\" \/>\n<meta property=\"og:image\" content=\"https:\/\/thr.tools\/wp-content\/uploads\/2024\/06\/S-004_1200x1200.jpg\" \/>\n\t<meta property=\"og:image:width\" content=\"1200\" \/>\n\t<meta property=\"og:image:height\" content=\"1200\" \/>\n\t<meta property=\"og:image:type\" content=\"image\/jpeg\" \/>\n<meta name=\"twitter:card\" content=\"summary_large_image\" \/>\n<script type=\"application\/ld+json\" class=\"yoast-schema-graph\">{\"@context\":\"https:\/\/schema.org\",\"@graph\":[{\"@type\":\"WebPage\",\"@id\":\"https:\/\/thr.tools\/es\/product\/s-004\/\",\"url\":\"https:\/\/thr.tools\/es\/product\/s-004\/\",\"name\":\"Copa de Doble Succi\u00f3n de Aluminio Fundido - THR Industrial Supplies\",\"isPartOf\":{\"@id\":\"https:\/\/thr.tools\/es\/#website\"},\"primaryImageOfPage\":{\"@id\":\"https:\/\/thr.tools\/es\/product\/s-004\/#primaryimage\"},\"image\":{\"@id\":\"https:\/\/thr.tools\/es\/product\/s-004\/#primaryimage\"},\"thumbnailUrl\":\"https:\/\/thr.tools\/wp-content\/uploads\/2024\/06\/S-004_1200x1200.jpg\",\"datePublished\":\"2024-06-30T02:44:08+00:00\",\"dateModified\":\"2024-07-10T02:51:35+00:00\",\"breadcrumb\":{\"@id\":\"https:\/\/thr.tools\/es\/product\/s-004\/#breadcrumb\"},\"inLanguage\":\"es\",\"potentialAction\":[{\"@type\":\"ReadAction\",\"target\":[\"https:\/\/thr.tools\/es\/product\/s-004\/\"]}]},{\"@type\":\"ImageObject\",\"inLanguage\":\"es\",\"@id\":\"https:\/\/thr.tools\/es\/product\/s-004\/#primaryimage\",\"url\":\"https:\/\/thr.tools\/wp-content\/uploads\/2024\/06\/S-004_1200x1200.jpg\",\"contentUrl\":\"https:\/\/thr.tools\/wp-content\/uploads\/2024\/06\/S-004_1200x1200.jpg\",\"width\":1200,\"height\":1200},{\"@type\":\"BreadcrumbList\",\"@id\":\"https:\/\/thr.tools\/es\/product\/s-004\/#breadcrumb\",\"itemListElement\":[{\"@type\":\"ListItem\",\"position\":1,\"name\":\"Home\",\"item\":\"https:\/\/thr.tools\/es\/\"},{\"@type\":\"ListItem\",\"position\":2,\"name\":\"Store\",\"item\":\"https:\/\/thr.tools\/store\/\"},{\"@type\":\"ListItem\",\"position\":3,\"name\":\"Copa de Doble Succi\u00f3n de Aluminio Fundido\"}]},{\"@type\":\"WebSite\",\"@id\":\"https:\/\/thr.tools\/es\/#website\",\"url\":\"https:\/\/thr.tools\/es\/\",\"name\":\"THR Industrial Supplies | Air Compressors & Tools\",\"description\":\"OEM, ODM Air Equipment Supplier\",\"publisher\":{\"@id\":\"https:\/\/thr.tools\/es\/#organization\"},\"alternateName\":\"THR Industrial Supplies | Compresores de Aire y Herramientas\",\"potentialAction\":[{\"@type\":\"SearchAction\",\"target\":{\"@type\":\"EntryPoint\",\"urlTemplate\":\"https:\/\/thr.tools\/es\/?s={search_term_string}\"},\"query-input\":{\"@type\":\"PropertyValueSpecification\",\"valueRequired\":true,\"valueName\":\"search_term_string\"}}],\"inLanguage\":\"es\"},{\"@type\":\"Organization\",\"@id\":\"https:\/\/thr.tools\/es\/#organization\",\"name\":\"THR Electronics LLC\",\"url\":\"https:\/\/thr.tools\/es\/\",\"logo\":{\"@type\":\"ImageObject\",\"inLanguage\":\"es\",\"@id\":\"https:\/\/thr.tools\/es\/#\/schema\/logo\/image\/\",\"url\":\"https:\/\/thr.tools\/wp-content\/uploads\/2023\/07\/cropped-favicon-thr-logo-512x512-1.png\",\"contentUrl\":\"https:\/\/thr.tools\/wp-content\/uploads\/2023\/07\/cropped-favicon-thr-logo-512x512-1.png\",\"width\":815,\"height\":814,\"caption\":\"THR Electronics LLC\"},\"image\":{\"@id\":\"https:\/\/thr.tools\/es\/#\/schema\/logo\/image\/\"}}]}<\/script>\n<!-- \/ Yoast SEO plugin. -->","yoast_head_json":{"title":"Copa de Doble Succi\u00f3n de Aluminio Fundido - THR Industrial Supplies","robots":{"index":"index","follow":"follow","max-snippet":"max-snippet:-1","max-image-preview":"max-image-preview:large","max-video-preview":"max-video-preview:-1"},"canonical":"https:\/\/thr.tools\/es\/product\/s-004\/","og_locale":"es_ES","og_type":"article","og_title":"Copa de Doble Succi\u00f3n de Aluminio Fundido - THR Industrial Supplies","og_description":"Presentamos el Doble Ventosa - la herramienta definitiva para tareas de elevaci\u00f3n de vidrio de alta resistencia. Hecho con materiales de la m\u00e1s alta calidad e ingenier\u00eda de precisi\u00f3n, este producto est\u00e1 dise\u00f1ado para satisfacer las demandas de incluso los trabajos de elevaci\u00f3n de vidrio m\u00e1s desafiantes. El cuerpo principal de la herramienta est\u00e1 fabricado con aluminio fundido duradero, garantizando un uso confiable una y otra vez. Con dos fuertes ventosas, este innovador dispositivo ofrece un agarre y estabilidad incomparables para levantar grandes y pesados paneles de vidrio con facilidad. Di adi\u00f3s al levantamiento manual y hola a un manejo eficiente y sin esfuerzo del vidrio con el Doble Ventosa.  No m\u00e1s luchar y esforzarse con paneles de vidrio pesados - el Doble Ventosa est\u00e1 aqu\u00ed para hacer que tus tareas de elevaci\u00f3n sean pan comido. Ya sea que trabajes en la industria de la construcci\u00f3n, en el campo de las ventanas o tengas una empresa de instalaci\u00f3n de vidrio, este producto es una adici\u00f3n imprescindible a tu caja de herramientas. Su dise\u00f1o robusto y sus fuertes ventosas proporcionan un agarre seguro en las superficies de vidrio, d\u00e1ndote tranquilidad y ahorr\u00e1ndote la tensi\u00f3n innecesaria en la espalda. No te conformes con herramientas de elevaci\u00f3n mediocres, elige el Doble Ventosa para que la elevaci\u00f3n de vidrio de alta resistencia sea f\u00e1cil.","og_url":"https:\/\/thr.tools\/es\/product\/s-004\/","og_site_name":"THR Industrial Supplies","article_modified_time":"2024-07-10T02:51:35+00:00","og_image":[{"width":1200,"height":1200,"url":"https:\/\/thr.tools\/wp-content\/uploads\/2024\/06\/S-004_1200x1200.jpg","type":"image\/jpeg"}],"twitter_card":"summary_large_image","schema":{"@context":"https:\/\/schema.org","@graph":[{"@type":"WebPage","@id":"https:\/\/thr.tools\/es\/product\/s-004\/","url":"https:\/\/thr.tools\/es\/product\/s-004\/","name":"Copa de Doble Succi\u00f3n de Aluminio Fundido - THR Industrial Supplies","isPartOf":{"@id":"https:\/\/thr.tools\/es\/#website"},"primaryImageOfPage":{"@id":"https:\/\/thr.tools\/es\/product\/s-004\/#primaryimage"},"image":{"@id":"https:\/\/thr.tools\/es\/product\/s-004\/#primaryimage"},"thumbnailUrl":"https:\/\/thr.tools\/wp-content\/uploads\/2024\/06\/S-004_1200x1200.jpg","datePublished":"2024-06-30T02:44:08+00:00","dateModified":"2024-07-10T02:51:35+00:00","breadcrumb":{"@id":"https:\/\/thr.tools\/es\/product\/s-004\/#breadcrumb"},"inLanguage":"es","potentialAction":[{"@type":"ReadAction","target":["https:\/\/thr.tools\/es\/product\/s-004\/"]}]},{"@type":"ImageObject","inLanguage":"es","@id":"https:\/\/thr.tools\/es\/product\/s-004\/#primaryimage","url":"https:\/\/thr.tools\/wp-content\/uploads\/2024\/06\/S-004_1200x1200.jpg","contentUrl":"https:\/\/thr.tools\/wp-content\/uploads\/2024\/06\/S-004_1200x1200.jpg","width":1200,"height":1200},{"@type":"BreadcrumbList","@id":"https:\/\/thr.tools\/es\/product\/s-004\/#breadcrumb","itemListElement":[{"@type":"ListItem","position":1,"name":"Home","item":"https:\/\/thr.tools\/es\/"},{"@type":"ListItem","position":2,"name":"Store","item":"https:\/\/thr.tools\/store\/"},{"@type":"ListItem","position":3,"name":"Copa de Doble Succi\u00f3n de Aluminio Fundido"}]},{"@type":"WebSite","@id":"https:\/\/thr.tools\/es\/#website","url":"https:\/\/thr.tools\/es\/","name":"THR Industrial Supplies | Air Compressors & Tools","description":"OEM, ODM Air Equipment Supplier","publisher":{"@id":"https:\/\/thr.tools\/es\/#organization"},"alternateName":"THR Industrial Supplies | Compresores de Aire y Herramientas","potentialAction":[{"@type":"SearchAction","target":{"@type":"EntryPoint","urlTemplate":"https:\/\/thr.tools\/es\/?s={search_term_string}"},"query-input":{"@type":"PropertyValueSpecification","valueRequired":true,"valueName":"search_term_string"}}],"inLanguage":"es"},{"@type":"Organization","@id":"https:\/\/thr.tools\/es\/#organization","name":"THR Electronics LLC","url":"https:\/\/thr.tools\/es\/","logo":{"@type":"ImageObject","inLanguage":"es","@id":"https:\/\/thr.tools\/es\/#\/schema\/logo\/image\/","url":"https:\/\/thr.tools\/wp-content\/uploads\/2023\/07\/cropped-favicon-thr-logo-512x512-1.png","contentUrl":"https:\/\/thr.tools\/wp-content\/uploads\/2023\/07\/cropped-favicon-thr-logo-512x512-1.png","width":815,"height":814,"caption":"THR Electronics LLC"},"image":{"@id":"https:\/\/thr.tools\/es\/#\/schema\/logo\/image\/"}}]}},"_links":{"self":[{"href":"https:\/\/thr.tools\/es\/wp-json\/wp\/v2\/product\/8462","targetHints":{"allow":["GET"]}}],"collection":[{"href":"https:\/\/thr.tools\/es\/wp-json\/wp\/v2\/product"}],"about":[{"href":"https:\/\/thr.tools\/es\/wp-json\/wp\/v2\/types\/product"}],"version-history":[{"count":3,"href":"https:\/\/thr.tools\/es\/wp-json\/wp\/v2\/product\/8462\/revisions"}],"predecessor-version":[{"id":8937,"href":"https:\/\/thr.tools\/es\/wp-json\/wp\/v2\/product\/8462\/revisions\/8937"}],"wp:featuredmedia":[{"embeddable":true,"href":"https:\/\/thr.tools\/es\/wp-json\/wp\/v2\/media\/7867"}],"wp:attachment":[{"href":"https:\/\/thr.tools\/es\/wp-json\/wp\/v2\/media?parent=8462"}],"wp:term":[{"taxonomy":"product_brand","embeddable":true,"href":"https:\/\/thr.tools\/es\/wp-json\/wp\/v2\/product_brand?post=8462"},{"taxonomy":"product_cat","embeddable":true,"href":"https:\/\/thr.tools\/es\/wp-json\/wp\/v2\/product_cat?post=8462"},{"taxonomy":"product_tag","embeddable":true,"href":"https:\/\/thr.tools\/es\/wp-json\/wp\/v2\/product_tag?post=8462"}],"curies":[{"name":"wp","href":"https:\/\/api.w.org\/{rel}","templated":true}]}}