{"id":8438,"date":"2024-06-30T02:45:42","date_gmt":"2024-06-30T02:45:42","guid":{"rendered":"https:\/\/thr.tools\/product\/air-flux-chipper-2700-bpm-pistol-type\/"},"modified":"2024-07-02T00:52:43","modified_gmt":"2024-07-02T00:52:43","slug":"fc-502","status":"publish","type":"product","link":"https:\/\/thr.tools\/es\/product\/fc-502\/","title":{"rendered":"Astilladora de Flujo Neum\u00e1tica de 2700-BPM &#8211; Tipo Pistola"},"content":{"rendered":"","protected":false},"excerpt":{"rendered":"<p>\u00a1Presentamos el Chipper Air Flux: la herramienta definitiva para uso general! Este dispositivo potente est\u00e1 dise\u00f1ado para facilitar tus tareas de astillado gracias a su tecnolog\u00eda innovadora y dise\u00f1o f\u00e1cil de usar. Equipado con un pist\u00f3n de tama\u00f1o 23,5&#215;70 mm, el Air Flux Chipper ofrece un rendimiento preciso y eficiente, convirti\u00e9ndose en la opci\u00f3n ideal para cualquier trabajo de astillado. Con su tama\u00f1o compacto y dise\u00f1o ligero, este chipper es f\u00e1cilmente port\u00e1til y puede ser utilizado en una amplia gama de entornos. Ya sea que seas un profesional del comercio o un entusiasta del bricolaje, el Air Flux Chipper es una herramienta imprescindible para tu arsenal. \u00a1Experimenta la m\u00e1xima eficiencia con la velocidad de golpeo de 2700-BPM del Air Flux Chipper! Esta herramienta de alto rendimiento puede manejar incluso los materiales m\u00e1s duros con facilidad, permiti\u00e9ndote completar tus tareas de astillado en un tiempo r\u00e9cord. El Air Flux Chipper tambi\u00e9n est\u00e1 dise\u00f1ado para ser vers\u00e1til, por lo que es adecuado para diversas aplicaciones como carpinter\u00eda, metalurgia y proyectos de construcci\u00f3n. Di adi\u00f3s al astillado manual y \u00a1hola al astillado preciso y sin esfuerzo con el Air Flux Chipper! No te conformes con menos, \u00a1consigue hoy mismo la herramienta definitiva de uso general!<\/p>\n","protected":false},"featured_media":7939,"template":"","meta":{"site-sidebar-layout":"default","site-content-layout":"","ast-site-content-layout":"default","site-content-style":"default","site-sidebar-style":"default","ast-global-header-display":"","ast-banner-title-visibility":"","ast-main-header-display":"","ast-hfb-above-header-display":"","ast-hfb-below-header-display":"","ast-hfb-mobile-header-display":"","site-post-title":"","ast-breadcrumbs-content":"","ast-featured-img":"","footer-sml-layout":"","ast-disable-related-posts":"","theme-transparent-header-meta":"","adv-header-id-meta":"","stick-header-meta":"","header-above-stick-meta":"","header-main-stick-meta":"","header-below-stick-meta":"","astra-migrate-meta-layouts":"default","ast-page-background-enabled":"default","ast-page-background-meta":{"desktop":{"background-color":"","background-image":"","background-repeat":"repeat","background-position":"center center","background-size":"auto","background-attachment":"scroll","background-type":"","background-media":"","overlay-type":"","overlay-color":"","overlay-opacity":"","overlay-gradient":""},"tablet":{"background-color":"","background-image":"","background-repeat":"repeat","background-position":"center center","background-size":"auto","background-attachment":"scroll","background-type":"","background-media":"","overlay-type":"","overlay-color":"","overlay-opacity":"","overlay-gradient":""},"mobile":{"background-color":"","background-image":"","background-repeat":"repeat","background-position":"center center","background-size":"auto","background-attachment":"scroll","background-type":"","background-media":"","overlay-type":"","overlay-color":"","overlay-opacity":"","overlay-gradient":""}},"ast-content-background-meta":{"desktop":{"background-color":"var(--ast-global-color-5)","background-image":"","background-repeat":"repeat","background-position":"center center","background-size":"auto","background-attachment":"scroll","background-type":"","background-media":"","overlay-type":"","overlay-color":"","overlay-opacity":"","overlay-gradient":""},"tablet":{"background-color":"var(--ast-global-color-5)","background-image":"","background-repeat":"repeat","background-position":"center center","background-size":"auto","background-attachment":"scroll","background-type":"","background-media":"","overlay-type":"","overlay-color":"","overlay-opacity":"","overlay-gradient":""},"mobile":{"background-color":"var(--ast-global-color-5)","background-image":"","background-repeat":"repeat","background-position":"center center","background-size":"auto","background-attachment":"scroll","background-type":"","background-media":"","overlay-type":"","overlay-color":"","overlay-opacity":"","overlay-gradient":""}}},"product_brand":[],"product_cat":[576,565,569],"product_tag":[],"class_list":{"0":"post-8438","1":"product","2":"type-product","3":"status-publish","4":"has-post-thumbnail","6":"product_cat-golpeo-y-martilleo","7":"product_cat-herramientas","8":"product_cat-neumaticas","9":"desktop-align-left","10":"tablet-align-left","11":"mobile-align-left","13":"first","14":"instock","15":"shipping-taxable","16":"purchasable","17":"product-type-simple"},"yoast_head":"<!-- This site is optimized with the Yoast SEO plugin v26.7 - https:\/\/yoast.com\/wordpress\/plugins\/seo\/ -->\n<title>Astilladora de Flujo Neum\u00e1tica de 2700-BPM - Tipo Pistola - THR Industrial Supplies<\/title>\n<meta name=\"robots\" content=\"index, follow, max-snippet:-1, max-image-preview:large, max-video-preview:-1\" \/>\n<link rel=\"canonical\" href=\"https:\/\/thr.tools\/es\/product\/fc-502\/\" \/>\n<meta property=\"og:locale\" content=\"es_ES\" \/>\n<meta property=\"og:type\" content=\"article\" \/>\n<meta property=\"og:title\" content=\"Astilladora de Flujo Neum\u00e1tica de 2700-BPM - Tipo Pistola - THR Industrial Supplies\" \/>\n<meta property=\"og:description\" content=\"\u00a1Presentamos el Chipper Air Flux: la herramienta definitiva para uso general! Este dispositivo potente est\u00e1 dise\u00f1ado para facilitar tus tareas de astillado gracias a su tecnolog\u00eda innovadora y dise\u00f1o f\u00e1cil de usar. Equipado con un pist\u00f3n de tama\u00f1o 23,5x70 mm, el Air Flux Chipper ofrece un rendimiento preciso y eficiente, convirti\u00e9ndose en la opci\u00f3n ideal para cualquier trabajo de astillado. Con su tama\u00f1o compacto y dise\u00f1o ligero, este chipper es f\u00e1cilmente port\u00e1til y puede ser utilizado en una amplia gama de entornos. Ya sea que seas un profesional del comercio o un entusiasta del bricolaje, el Air Flux Chipper es una herramienta imprescindible para tu arsenal. \u00a1Experimenta la m\u00e1xima eficiencia con la velocidad de golpeo de 2700-BPM del Air Flux Chipper! Esta herramienta de alto rendimiento puede manejar incluso los materiales m\u00e1s duros con facilidad, permiti\u00e9ndote completar tus tareas de astillado en un tiempo r\u00e9cord. El Air Flux Chipper tambi\u00e9n est\u00e1 dise\u00f1ado para ser vers\u00e1til, por lo que es adecuado para diversas aplicaciones como carpinter\u00eda, metalurgia y proyectos de construcci\u00f3n. Di adi\u00f3s al astillado manual y \u00a1hola al astillado preciso y sin esfuerzo con el Air Flux Chipper! No te conformes con menos, \u00a1consigue hoy mismo la herramienta definitiva de uso general!\" \/>\n<meta property=\"og:url\" content=\"https:\/\/thr.tools\/es\/product\/fc-502\/\" \/>\n<meta property=\"og:site_name\" content=\"THR Industrial Supplies\" \/>\n<meta property=\"article:modified_time\" content=\"2024-07-02T00:52:43+00:00\" \/>\n<meta property=\"og:image\" content=\"https:\/\/thr.tools\/wp-content\/uploads\/2024\/06\/FC-502_1200x1200.jpg\" \/>\n\t<meta property=\"og:image:width\" content=\"1200\" \/>\n\t<meta property=\"og:image:height\" content=\"1200\" \/>\n\t<meta property=\"og:image:type\" content=\"image\/jpeg\" \/>\n<meta name=\"twitter:card\" content=\"summary_large_image\" \/>\n<script type=\"application\/ld+json\" class=\"yoast-schema-graph\">{\"@context\":\"https:\/\/schema.org\",\"@graph\":[{\"@type\":\"WebPage\",\"@id\":\"https:\/\/thr.tools\/es\/product\/fc-502\/\",\"url\":\"https:\/\/thr.tools\/es\/product\/fc-502\/\",\"name\":\"Astilladora de Flujo Neum\u00e1tica de 2700-BPM - Tipo Pistola - THR Industrial Supplies\",\"isPartOf\":{\"@id\":\"https:\/\/thr.tools\/es\/#website\"},\"primaryImageOfPage\":{\"@id\":\"https:\/\/thr.tools\/es\/product\/fc-502\/#primaryimage\"},\"image\":{\"@id\":\"https:\/\/thr.tools\/es\/product\/fc-502\/#primaryimage\"},\"thumbnailUrl\":\"https:\/\/thr.tools\/wp-content\/uploads\/2024\/06\/FC-502_1200x1200.jpg\",\"datePublished\":\"2024-06-30T02:45:42+00:00\",\"dateModified\":\"2024-07-02T00:52:43+00:00\",\"breadcrumb\":{\"@id\":\"https:\/\/thr.tools\/es\/product\/fc-502\/#breadcrumb\"},\"inLanguage\":\"es\",\"potentialAction\":[{\"@type\":\"ReadAction\",\"target\":[\"https:\/\/thr.tools\/es\/product\/fc-502\/\"]}]},{\"@type\":\"ImageObject\",\"inLanguage\":\"es\",\"@id\":\"https:\/\/thr.tools\/es\/product\/fc-502\/#primaryimage\",\"url\":\"https:\/\/thr.tools\/wp-content\/uploads\/2024\/06\/FC-502_1200x1200.jpg\",\"contentUrl\":\"https:\/\/thr.tools\/wp-content\/uploads\/2024\/06\/FC-502_1200x1200.jpg\",\"width\":1200,\"height\":1200},{\"@type\":\"BreadcrumbList\",\"@id\":\"https:\/\/thr.tools\/es\/product\/fc-502\/#breadcrumb\",\"itemListElement\":[{\"@type\":\"ListItem\",\"position\":1,\"name\":\"Home\",\"item\":\"https:\/\/thr.tools\/es\/\"},{\"@type\":\"ListItem\",\"position\":2,\"name\":\"Store\",\"item\":\"https:\/\/thr.tools\/store\/\"},{\"@type\":\"ListItem\",\"position\":3,\"name\":\"Astilladora de Flujo Neum\u00e1tica de 2700-BPM &#8211; Tipo Pistola\"}]},{\"@type\":\"WebSite\",\"@id\":\"https:\/\/thr.tools\/es\/#website\",\"url\":\"https:\/\/thr.tools\/es\/\",\"name\":\"THR Industrial Supplies | Air Compressors & Tools\",\"description\":\"OEM, ODM Air Equipment Supplier\",\"publisher\":{\"@id\":\"https:\/\/thr.tools\/es\/#organization\"},\"alternateName\":\"THR Industrial Supplies | Compresores de Aire y Herramientas\",\"potentialAction\":[{\"@type\":\"SearchAction\",\"target\":{\"@type\":\"EntryPoint\",\"urlTemplate\":\"https:\/\/thr.tools\/es\/?s={search_term_string}\"},\"query-input\":{\"@type\":\"PropertyValueSpecification\",\"valueRequired\":true,\"valueName\":\"search_term_string\"}}],\"inLanguage\":\"es\"},{\"@type\":\"Organization\",\"@id\":\"https:\/\/thr.tools\/es\/#organization\",\"name\":\"THR Electronics LLC\",\"url\":\"https:\/\/thr.tools\/es\/\",\"logo\":{\"@type\":\"ImageObject\",\"inLanguage\":\"es\",\"@id\":\"https:\/\/thr.tools\/es\/#\/schema\/logo\/image\/\",\"url\":\"https:\/\/thr.tools\/wp-content\/uploads\/2023\/07\/cropped-favicon-thr-logo-512x512-1.png\",\"contentUrl\":\"https:\/\/thr.tools\/wp-content\/uploads\/2023\/07\/cropped-favicon-thr-logo-512x512-1.png\",\"width\":815,\"height\":814,\"caption\":\"THR Electronics LLC\"},\"image\":{\"@id\":\"https:\/\/thr.tools\/es\/#\/schema\/logo\/image\/\"}}]}<\/script>\n<!-- \/ Yoast SEO plugin. -->","yoast_head_json":{"title":"Astilladora de Flujo Neum\u00e1tica de 2700-BPM - Tipo Pistola - THR Industrial Supplies","robots":{"index":"index","follow":"follow","max-snippet":"max-snippet:-1","max-image-preview":"max-image-preview:large","max-video-preview":"max-video-preview:-1"},"canonical":"https:\/\/thr.tools\/es\/product\/fc-502\/","og_locale":"es_ES","og_type":"article","og_title":"Astilladora de Flujo Neum\u00e1tica de 2700-BPM - Tipo Pistola - THR Industrial Supplies","og_description":"\u00a1Presentamos el Chipper Air Flux: la herramienta definitiva para uso general! Este dispositivo potente est\u00e1 dise\u00f1ado para facilitar tus tareas de astillado gracias a su tecnolog\u00eda innovadora y dise\u00f1o f\u00e1cil de usar. Equipado con un pist\u00f3n de tama\u00f1o 23,5x70 mm, el Air Flux Chipper ofrece un rendimiento preciso y eficiente, convirti\u00e9ndose en la opci\u00f3n ideal para cualquier trabajo de astillado. Con su tama\u00f1o compacto y dise\u00f1o ligero, este chipper es f\u00e1cilmente port\u00e1til y puede ser utilizado en una amplia gama de entornos. Ya sea que seas un profesional del comercio o un entusiasta del bricolaje, el Air Flux Chipper es una herramienta imprescindible para tu arsenal. \u00a1Experimenta la m\u00e1xima eficiencia con la velocidad de golpeo de 2700-BPM del Air Flux Chipper! Esta herramienta de alto rendimiento puede manejar incluso los materiales m\u00e1s duros con facilidad, permiti\u00e9ndote completar tus tareas de astillado en un tiempo r\u00e9cord. El Air Flux Chipper tambi\u00e9n est\u00e1 dise\u00f1ado para ser vers\u00e1til, por lo que es adecuado para diversas aplicaciones como carpinter\u00eda, metalurgia y proyectos de construcci\u00f3n. Di adi\u00f3s al astillado manual y \u00a1hola al astillado preciso y sin esfuerzo con el Air Flux Chipper! No te conformes con menos, \u00a1consigue hoy mismo la herramienta definitiva de uso general!","og_url":"https:\/\/thr.tools\/es\/product\/fc-502\/","og_site_name":"THR Industrial Supplies","article_modified_time":"2024-07-02T00:52:43+00:00","og_image":[{"width":1200,"height":1200,"url":"https:\/\/thr.tools\/wp-content\/uploads\/2024\/06\/FC-502_1200x1200.jpg","type":"image\/jpeg"}],"twitter_card":"summary_large_image","schema":{"@context":"https:\/\/schema.org","@graph":[{"@type":"WebPage","@id":"https:\/\/thr.tools\/es\/product\/fc-502\/","url":"https:\/\/thr.tools\/es\/product\/fc-502\/","name":"Astilladora de Flujo Neum\u00e1tica de 2700-BPM - Tipo Pistola - THR Industrial Supplies","isPartOf":{"@id":"https:\/\/thr.tools\/es\/#website"},"primaryImageOfPage":{"@id":"https:\/\/thr.tools\/es\/product\/fc-502\/#primaryimage"},"image":{"@id":"https:\/\/thr.tools\/es\/product\/fc-502\/#primaryimage"},"thumbnailUrl":"https:\/\/thr.tools\/wp-content\/uploads\/2024\/06\/FC-502_1200x1200.jpg","datePublished":"2024-06-30T02:45:42+00:00","dateModified":"2024-07-02T00:52:43+00:00","breadcrumb":{"@id":"https:\/\/thr.tools\/es\/product\/fc-502\/#breadcrumb"},"inLanguage":"es","potentialAction":[{"@type":"ReadAction","target":["https:\/\/thr.tools\/es\/product\/fc-502\/"]}]},{"@type":"ImageObject","inLanguage":"es","@id":"https:\/\/thr.tools\/es\/product\/fc-502\/#primaryimage","url":"https:\/\/thr.tools\/wp-content\/uploads\/2024\/06\/FC-502_1200x1200.jpg","contentUrl":"https:\/\/thr.tools\/wp-content\/uploads\/2024\/06\/FC-502_1200x1200.jpg","width":1200,"height":1200},{"@type":"BreadcrumbList","@id":"https:\/\/thr.tools\/es\/product\/fc-502\/#breadcrumb","itemListElement":[{"@type":"ListItem","position":1,"name":"Home","item":"https:\/\/thr.tools\/es\/"},{"@type":"ListItem","position":2,"name":"Store","item":"https:\/\/thr.tools\/store\/"},{"@type":"ListItem","position":3,"name":"Astilladora de Flujo Neum\u00e1tica de 2700-BPM &#8211; Tipo Pistola"}]},{"@type":"WebSite","@id":"https:\/\/thr.tools\/es\/#website","url":"https:\/\/thr.tools\/es\/","name":"THR Industrial Supplies | Air Compressors & Tools","description":"OEM, ODM Air Equipment Supplier","publisher":{"@id":"https:\/\/thr.tools\/es\/#organization"},"alternateName":"THR Industrial Supplies | Compresores de Aire y Herramientas","potentialAction":[{"@type":"SearchAction","target":{"@type":"EntryPoint","urlTemplate":"https:\/\/thr.tools\/es\/?s={search_term_string}"},"query-input":{"@type":"PropertyValueSpecification","valueRequired":true,"valueName":"search_term_string"}}],"inLanguage":"es"},{"@type":"Organization","@id":"https:\/\/thr.tools\/es\/#organization","name":"THR Electronics LLC","url":"https:\/\/thr.tools\/es\/","logo":{"@type":"ImageObject","inLanguage":"es","@id":"https:\/\/thr.tools\/es\/#\/schema\/logo\/image\/","url":"https:\/\/thr.tools\/wp-content\/uploads\/2023\/07\/cropped-favicon-thr-logo-512x512-1.png","contentUrl":"https:\/\/thr.tools\/wp-content\/uploads\/2023\/07\/cropped-favicon-thr-logo-512x512-1.png","width":815,"height":814,"caption":"THR Electronics LLC"},"image":{"@id":"https:\/\/thr.tools\/es\/#\/schema\/logo\/image\/"}}]}},"_links":{"self":[{"href":"https:\/\/thr.tools\/es\/wp-json\/wp\/v2\/product\/8438","targetHints":{"allow":["GET"]}}],"collection":[{"href":"https:\/\/thr.tools\/es\/wp-json\/wp\/v2\/product"}],"about":[{"href":"https:\/\/thr.tools\/es\/wp-json\/wp\/v2\/types\/product"}],"version-history":[{"count":1,"href":"https:\/\/thr.tools\/es\/wp-json\/wp\/v2\/product\/8438\/revisions"}],"predecessor-version":[{"id":8715,"href":"https:\/\/thr.tools\/es\/wp-json\/wp\/v2\/product\/8438\/revisions\/8715"}],"wp:featuredmedia":[{"embeddable":true,"href":"https:\/\/thr.tools\/es\/wp-json\/wp\/v2\/media\/7939"}],"wp:attachment":[{"href":"https:\/\/thr.tools\/es\/wp-json\/wp\/v2\/media?parent=8438"}],"wp:term":[{"taxonomy":"product_brand","embeddable":true,"href":"https:\/\/thr.tools\/es\/wp-json\/wp\/v2\/product_brand?post=8438"},{"taxonomy":"product_cat","embeddable":true,"href":"https:\/\/thr.tools\/es\/wp-json\/wp\/v2\/product_cat?post=8438"},{"taxonomy":"product_tag","embeddable":true,"href":"https:\/\/thr.tools\/es\/wp-json\/wp\/v2\/product_tag?post=8438"}],"curies":[{"name":"wp","href":"https:\/\/api.w.org\/{rel}","templated":true}]}}