{"id":8429,"date":"2024-06-30T02:46:18","date_gmt":"2024-06-30T02:46:18","guid":{"rendered":"https:\/\/thr.tools\/product\/20-gauge-wide-crown-stapler-2\/"},"modified":"2024-07-02T00:52:54","modified_gmt":"2024-07-02T00:52:54","slug":"an-422j","status":"publish","type":"product","link":"https:\/\/thr.tools\/es\/product\/an-422j\/","title":{"rendered":"Grapadora de Corona Ancha de Calibre 20"},"content":{"rendered":"","protected":false},"excerpt":{"rendered":"<p>\u00a1Presentamos el Grapadora de Corona Ancha, una herramienta imprescindible para todas sus necesidades de grapado de prop\u00f3sito general! Esta grapadora vers\u00e1til est\u00e1 dise\u00f1ada con un cilindro extra grande, que le proporciona m\u00e1s poder y eficiencia. Diga adi\u00f3s a volver a cargar constantemente su grapadora, ya que la revista de carga f\u00e1cil le permite enfocarse en la tarea en cuesti\u00f3n. El dise\u00f1o ergon\u00f3mico asegura un agarre c\u00f3modo, lo que la hace perfecta para un uso prolongado sin causar tensi\u00f3n en sus manos y mu\u00f1ecas. Y con su compatibilidad Calibre 20, puede elegir f\u00e1cilmente la mejor grapadora para su proyecto espec\u00edfico. Entonces, \u00bfpor qu\u00e9 conformarse con cualquier grapadora cuando puede tener la Grapadora de Corona Ancha a su lado? <\/p>\n<p>Actualice su juego de grapado con la Grapadora de Corona Ancha, que cuenta con un tama\u00f1o de corona de grapas de 5,2mm, lo que permite un acabado seguro y profesional. No hay necesidad de preocuparse por la compatibilidad, ya que puede acomodar una variedad de longitudes de grapas con su capacidad de 13~22 mm. Ya sea que est\u00e9 trabajando en manualidades, proyectos de oficina o reparaciones dom\u00e9sticas, esta grapadora est\u00e1 lista para la tarea. Su construcci\u00f3n duradera garantiza un uso de larga duraci\u00f3n y su dise\u00f1o de corona ancha la convierte en una opci\u00f3n confiable para todas sus necesidades de grapado. No pierda la oportunidad de agregar esta herramienta esencial a su colecci\u00f3n, \u00a1ordene hoy mismo la Grapadora de Corona Ancha!<\/p>\n","protected":false},"featured_media":7966,"template":"","meta":{"site-sidebar-layout":"default","site-content-layout":"","ast-site-content-layout":"default","site-content-style":"default","site-sidebar-style":"default","ast-global-header-display":"","ast-banner-title-visibility":"","ast-main-header-display":"","ast-hfb-above-header-display":"","ast-hfb-below-header-display":"","ast-hfb-mobile-header-display":"","site-post-title":"","ast-breadcrumbs-content":"","ast-featured-img":"","footer-sml-layout":"","ast-disable-related-posts":"","theme-transparent-header-meta":"","adv-header-id-meta":"","stick-header-meta":"","header-above-stick-meta":"","header-main-stick-meta":"","header-below-stick-meta":"","astra-migrate-meta-layouts":"default","ast-page-background-enabled":"default","ast-page-background-meta":{"desktop":{"background-color":"","background-image":"","background-repeat":"repeat","background-position":"center center","background-size":"auto","background-attachment":"scroll","background-type":"","background-media":"","overlay-type":"","overlay-color":"","overlay-opacity":"","overlay-gradient":""},"tablet":{"background-color":"","background-image":"","background-repeat":"repeat","background-position":"center center","background-size":"auto","background-attachment":"scroll","background-type":"","background-media":"","overlay-type":"","overlay-color":"","overlay-opacity":"","overlay-gradient":""},"mobile":{"background-color":"","background-image":"","background-repeat":"repeat","background-position":"center center","background-size":"auto","background-attachment":"scroll","background-type":"","background-media":"","overlay-type":"","overlay-color":"","overlay-opacity":"","overlay-gradient":""}},"ast-content-background-meta":{"desktop":{"background-color":"var(--ast-global-color-5)","background-image":"","background-repeat":"repeat","background-position":"center center","background-size":"auto","background-attachment":"scroll","background-type":"","background-media":"","overlay-type":"","overlay-color":"","overlay-opacity":"","overlay-gradient":""},"tablet":{"background-color":"var(--ast-global-color-5)","background-image":"","background-repeat":"repeat","background-position":"center center","background-size":"auto","background-attachment":"scroll","background-type":"","background-media":"","overlay-type":"","overlay-color":"","overlay-opacity":"","overlay-gradient":""},"mobile":{"background-color":"var(--ast-global-color-5)","background-image":"","background-repeat":"repeat","background-position":"center center","background-size":"auto","background-attachment":"scroll","background-type":"","background-media":"","overlay-type":"","overlay-color":"","overlay-opacity":"","overlay-gradient":""}}},"product_brand":[],"product_cat":[578,565,569],"product_tag":[],"class_list":{"0":"post-8429","1":"product","2":"type-product","3":"status-publish","4":"has-post-thumbnail","6":"product_cat-clavadoras-grapadoras-y-remachadoras","7":"product_cat-herramientas","8":"product_cat-neumaticas","9":"desktop-align-left","10":"tablet-align-left","11":"mobile-align-left","13":"first","14":"instock","15":"shipping-taxable","16":"purchasable","17":"product-type-simple"},"yoast_head":"<!-- This site is optimized with the Yoast SEO plugin v26.7 - https:\/\/yoast.com\/wordpress\/plugins\/seo\/ -->\n<title>Grapadora de Corona Ancha de Calibre 20 - THR Industrial Supplies<\/title>\n<meta name=\"robots\" content=\"index, follow, max-snippet:-1, max-image-preview:large, max-video-preview:-1\" \/>\n<link rel=\"canonical\" href=\"https:\/\/thr.tools\/es\/product\/an-422j\/\" \/>\n<meta property=\"og:locale\" content=\"es_ES\" \/>\n<meta property=\"og:type\" content=\"article\" \/>\n<meta property=\"og:title\" content=\"Grapadora de Corona Ancha de Calibre 20 - THR Industrial Supplies\" \/>\n<meta property=\"og:description\" content=\"\u00a1Presentamos el Grapadora de Corona Ancha, una herramienta imprescindible para todas sus necesidades de grapado de prop\u00f3sito general! Esta grapadora vers\u00e1til est\u00e1 dise\u00f1ada con un cilindro extra grande, que le proporciona m\u00e1s poder y eficiencia. Diga adi\u00f3s a volver a cargar constantemente su grapadora, ya que la revista de carga f\u00e1cil le permite enfocarse en la tarea en cuesti\u00f3n. El dise\u00f1o ergon\u00f3mico asegura un agarre c\u00f3modo, lo que la hace perfecta para un uso prolongado sin causar tensi\u00f3n en sus manos y mu\u00f1ecas. Y con su compatibilidad Calibre 20, puede elegir f\u00e1cilmente la mejor grapadora para su proyecto espec\u00edfico. Entonces, \u00bfpor qu\u00e9 conformarse con cualquier grapadora cuando puede tener la Grapadora de Corona Ancha a su lado?  Actualice su juego de grapado con la Grapadora de Corona Ancha, que cuenta con un tama\u00f1o de corona de grapas de 5,2mm, lo que permite un acabado seguro y profesional. No hay necesidad de preocuparse por la compatibilidad, ya que puede acomodar una variedad de longitudes de grapas con su capacidad de 13~22 mm. Ya sea que est\u00e9 trabajando en manualidades, proyectos de oficina o reparaciones dom\u00e9sticas, esta grapadora est\u00e1 lista para la tarea. Su construcci\u00f3n duradera garantiza un uso de larga duraci\u00f3n y su dise\u00f1o de corona ancha la convierte en una opci\u00f3n confiable para todas sus necesidades de grapado. No pierda la oportunidad de agregar esta herramienta esencial a su colecci\u00f3n, \u00a1ordene hoy mismo la Grapadora de Corona Ancha!\" \/>\n<meta property=\"og:url\" content=\"https:\/\/thr.tools\/es\/product\/an-422j\/\" \/>\n<meta property=\"og:site_name\" content=\"THR Industrial Supplies\" \/>\n<meta property=\"article:modified_time\" content=\"2024-07-02T00:52:54+00:00\" \/>\n<meta property=\"og:image\" content=\"https:\/\/thr.tools\/wp-content\/uploads\/2024\/06\/AN-422J_1200x1200.jpg\" \/>\n\t<meta property=\"og:image:width\" content=\"1200\" \/>\n\t<meta property=\"og:image:height\" content=\"1200\" \/>\n\t<meta property=\"og:image:type\" content=\"image\/jpeg\" \/>\n<meta name=\"twitter:card\" content=\"summary_large_image\" \/>\n<script type=\"application\/ld+json\" class=\"yoast-schema-graph\">{\"@context\":\"https:\/\/schema.org\",\"@graph\":[{\"@type\":\"WebPage\",\"@id\":\"https:\/\/thr.tools\/es\/product\/an-422j\/\",\"url\":\"https:\/\/thr.tools\/es\/product\/an-422j\/\",\"name\":\"Grapadora de Corona Ancha de Calibre 20 - THR Industrial Supplies\",\"isPartOf\":{\"@id\":\"https:\/\/thr.tools\/es\/#website\"},\"primaryImageOfPage\":{\"@id\":\"https:\/\/thr.tools\/es\/product\/an-422j\/#primaryimage\"},\"image\":{\"@id\":\"https:\/\/thr.tools\/es\/product\/an-422j\/#primaryimage\"},\"thumbnailUrl\":\"https:\/\/thr.tools\/wp-content\/uploads\/2024\/06\/AN-422J_1200x1200.jpg\",\"datePublished\":\"2024-06-30T02:46:18+00:00\",\"dateModified\":\"2024-07-02T00:52:54+00:00\",\"breadcrumb\":{\"@id\":\"https:\/\/thr.tools\/es\/product\/an-422j\/#breadcrumb\"},\"inLanguage\":\"es\",\"potentialAction\":[{\"@type\":\"ReadAction\",\"target\":[\"https:\/\/thr.tools\/es\/product\/an-422j\/\"]}]},{\"@type\":\"ImageObject\",\"inLanguage\":\"es\",\"@id\":\"https:\/\/thr.tools\/es\/product\/an-422j\/#primaryimage\",\"url\":\"https:\/\/thr.tools\/wp-content\/uploads\/2024\/06\/AN-422J_1200x1200.jpg\",\"contentUrl\":\"https:\/\/thr.tools\/wp-content\/uploads\/2024\/06\/AN-422J_1200x1200.jpg\",\"width\":1200,\"height\":1200},{\"@type\":\"BreadcrumbList\",\"@id\":\"https:\/\/thr.tools\/es\/product\/an-422j\/#breadcrumb\",\"itemListElement\":[{\"@type\":\"ListItem\",\"position\":1,\"name\":\"Home\",\"item\":\"https:\/\/thr.tools\/es\/\"},{\"@type\":\"ListItem\",\"position\":2,\"name\":\"Store\",\"item\":\"https:\/\/thr.tools\/store\/\"},{\"@type\":\"ListItem\",\"position\":3,\"name\":\"Grapadora de Corona Ancha de Calibre 20\"}]},{\"@type\":\"WebSite\",\"@id\":\"https:\/\/thr.tools\/es\/#website\",\"url\":\"https:\/\/thr.tools\/es\/\",\"name\":\"THR Industrial Supplies | Air Compressors & Tools\",\"description\":\"OEM, ODM Air Equipment Supplier\",\"publisher\":{\"@id\":\"https:\/\/thr.tools\/es\/#organization\"},\"alternateName\":\"THR Industrial Supplies | Compresores de Aire y Herramientas\",\"potentialAction\":[{\"@type\":\"SearchAction\",\"target\":{\"@type\":\"EntryPoint\",\"urlTemplate\":\"https:\/\/thr.tools\/es\/?s={search_term_string}\"},\"query-input\":{\"@type\":\"PropertyValueSpecification\",\"valueRequired\":true,\"valueName\":\"search_term_string\"}}],\"inLanguage\":\"es\"},{\"@type\":\"Organization\",\"@id\":\"https:\/\/thr.tools\/es\/#organization\",\"name\":\"THR Electronics LLC\",\"url\":\"https:\/\/thr.tools\/es\/\",\"logo\":{\"@type\":\"ImageObject\",\"inLanguage\":\"es\",\"@id\":\"https:\/\/thr.tools\/es\/#\/schema\/logo\/image\/\",\"url\":\"https:\/\/thr.tools\/wp-content\/uploads\/2023\/07\/cropped-favicon-thr-logo-512x512-1.png\",\"contentUrl\":\"https:\/\/thr.tools\/wp-content\/uploads\/2023\/07\/cropped-favicon-thr-logo-512x512-1.png\",\"width\":815,\"height\":814,\"caption\":\"THR Electronics LLC\"},\"image\":{\"@id\":\"https:\/\/thr.tools\/es\/#\/schema\/logo\/image\/\"}}]}<\/script>\n<!-- \/ Yoast SEO plugin. -->","yoast_head_json":{"title":"Grapadora de Corona Ancha de Calibre 20 - THR Industrial Supplies","robots":{"index":"index","follow":"follow","max-snippet":"max-snippet:-1","max-image-preview":"max-image-preview:large","max-video-preview":"max-video-preview:-1"},"canonical":"https:\/\/thr.tools\/es\/product\/an-422j\/","og_locale":"es_ES","og_type":"article","og_title":"Grapadora de Corona Ancha de Calibre 20 - THR Industrial Supplies","og_description":"\u00a1Presentamos el Grapadora de Corona Ancha, una herramienta imprescindible para todas sus necesidades de grapado de prop\u00f3sito general! Esta grapadora vers\u00e1til est\u00e1 dise\u00f1ada con un cilindro extra grande, que le proporciona m\u00e1s poder y eficiencia. Diga adi\u00f3s a volver a cargar constantemente su grapadora, ya que la revista de carga f\u00e1cil le permite enfocarse en la tarea en cuesti\u00f3n. El dise\u00f1o ergon\u00f3mico asegura un agarre c\u00f3modo, lo que la hace perfecta para un uso prolongado sin causar tensi\u00f3n en sus manos y mu\u00f1ecas. Y con su compatibilidad Calibre 20, puede elegir f\u00e1cilmente la mejor grapadora para su proyecto espec\u00edfico. Entonces, \u00bfpor qu\u00e9 conformarse con cualquier grapadora cuando puede tener la Grapadora de Corona Ancha a su lado?  Actualice su juego de grapado con la Grapadora de Corona Ancha, que cuenta con un tama\u00f1o de corona de grapas de 5,2mm, lo que permite un acabado seguro y profesional. No hay necesidad de preocuparse por la compatibilidad, ya que puede acomodar una variedad de longitudes de grapas con su capacidad de 13~22 mm. Ya sea que est\u00e9 trabajando en manualidades, proyectos de oficina o reparaciones dom\u00e9sticas, esta grapadora est\u00e1 lista para la tarea. Su construcci\u00f3n duradera garantiza un uso de larga duraci\u00f3n y su dise\u00f1o de corona ancha la convierte en una opci\u00f3n confiable para todas sus necesidades de grapado. No pierda la oportunidad de agregar esta herramienta esencial a su colecci\u00f3n, \u00a1ordene hoy mismo la Grapadora de Corona Ancha!","og_url":"https:\/\/thr.tools\/es\/product\/an-422j\/","og_site_name":"THR Industrial Supplies","article_modified_time":"2024-07-02T00:52:54+00:00","og_image":[{"width":1200,"height":1200,"url":"https:\/\/thr.tools\/wp-content\/uploads\/2024\/06\/AN-422J_1200x1200.jpg","type":"image\/jpeg"}],"twitter_card":"summary_large_image","schema":{"@context":"https:\/\/schema.org","@graph":[{"@type":"WebPage","@id":"https:\/\/thr.tools\/es\/product\/an-422j\/","url":"https:\/\/thr.tools\/es\/product\/an-422j\/","name":"Grapadora de Corona Ancha de Calibre 20 - THR Industrial Supplies","isPartOf":{"@id":"https:\/\/thr.tools\/es\/#website"},"primaryImageOfPage":{"@id":"https:\/\/thr.tools\/es\/product\/an-422j\/#primaryimage"},"image":{"@id":"https:\/\/thr.tools\/es\/product\/an-422j\/#primaryimage"},"thumbnailUrl":"https:\/\/thr.tools\/wp-content\/uploads\/2024\/06\/AN-422J_1200x1200.jpg","datePublished":"2024-06-30T02:46:18+00:00","dateModified":"2024-07-02T00:52:54+00:00","breadcrumb":{"@id":"https:\/\/thr.tools\/es\/product\/an-422j\/#breadcrumb"},"inLanguage":"es","potentialAction":[{"@type":"ReadAction","target":["https:\/\/thr.tools\/es\/product\/an-422j\/"]}]},{"@type":"ImageObject","inLanguage":"es","@id":"https:\/\/thr.tools\/es\/product\/an-422j\/#primaryimage","url":"https:\/\/thr.tools\/wp-content\/uploads\/2024\/06\/AN-422J_1200x1200.jpg","contentUrl":"https:\/\/thr.tools\/wp-content\/uploads\/2024\/06\/AN-422J_1200x1200.jpg","width":1200,"height":1200},{"@type":"BreadcrumbList","@id":"https:\/\/thr.tools\/es\/product\/an-422j\/#breadcrumb","itemListElement":[{"@type":"ListItem","position":1,"name":"Home","item":"https:\/\/thr.tools\/es\/"},{"@type":"ListItem","position":2,"name":"Store","item":"https:\/\/thr.tools\/store\/"},{"@type":"ListItem","position":3,"name":"Grapadora de Corona Ancha de Calibre 20"}]},{"@type":"WebSite","@id":"https:\/\/thr.tools\/es\/#website","url":"https:\/\/thr.tools\/es\/","name":"THR Industrial Supplies | Air Compressors & Tools","description":"OEM, ODM Air Equipment Supplier","publisher":{"@id":"https:\/\/thr.tools\/es\/#organization"},"alternateName":"THR Industrial Supplies | Compresores de Aire y Herramientas","potentialAction":[{"@type":"SearchAction","target":{"@type":"EntryPoint","urlTemplate":"https:\/\/thr.tools\/es\/?s={search_term_string}"},"query-input":{"@type":"PropertyValueSpecification","valueRequired":true,"valueName":"search_term_string"}}],"inLanguage":"es"},{"@type":"Organization","@id":"https:\/\/thr.tools\/es\/#organization","name":"THR Electronics LLC","url":"https:\/\/thr.tools\/es\/","logo":{"@type":"ImageObject","inLanguage":"es","@id":"https:\/\/thr.tools\/es\/#\/schema\/logo\/image\/","url":"https:\/\/thr.tools\/wp-content\/uploads\/2023\/07\/cropped-favicon-thr-logo-512x512-1.png","contentUrl":"https:\/\/thr.tools\/wp-content\/uploads\/2023\/07\/cropped-favicon-thr-logo-512x512-1.png","width":815,"height":814,"caption":"THR Electronics LLC"},"image":{"@id":"https:\/\/thr.tools\/es\/#\/schema\/logo\/image\/"}}]}},"_links":{"self":[{"href":"https:\/\/thr.tools\/es\/wp-json\/wp\/v2\/product\/8429","targetHints":{"allow":["GET"]}}],"collection":[{"href":"https:\/\/thr.tools\/es\/wp-json\/wp\/v2\/product"}],"about":[{"href":"https:\/\/thr.tools\/es\/wp-json\/wp\/v2\/types\/product"}],"version-history":[{"count":1,"href":"https:\/\/thr.tools\/es\/wp-json\/wp\/v2\/product\/8429\/revisions"}],"predecessor-version":[{"id":8729,"href":"https:\/\/thr.tools\/es\/wp-json\/wp\/v2\/product\/8429\/revisions\/8729"}],"wp:featuredmedia":[{"embeddable":true,"href":"https:\/\/thr.tools\/es\/wp-json\/wp\/v2\/media\/7966"}],"wp:attachment":[{"href":"https:\/\/thr.tools\/es\/wp-json\/wp\/v2\/media?parent=8429"}],"wp:term":[{"taxonomy":"product_brand","embeddable":true,"href":"https:\/\/thr.tools\/es\/wp-json\/wp\/v2\/product_brand?post=8429"},{"taxonomy":"product_cat","embeddable":true,"href":"https:\/\/thr.tools\/es\/wp-json\/wp\/v2\/product_cat?post=8429"},{"taxonomy":"product_tag","embeddable":true,"href":"https:\/\/thr.tools\/es\/wp-json\/wp\/v2\/product_tag?post=8429"}],"curies":[{"name":"wp","href":"https:\/\/api.w.org\/{rel}","templated":true}]}}