{"id":8410,"date":"2024-06-30T02:47:33","date_gmt":"2024-06-30T02:47:33","guid":{"rendered":"https:\/\/thr.tools\/product\/2-6-gal-5-3-gal-7-9-gal-16-gal-21-gal-paint-tank-auto-agitating-type\/"},"modified":"2024-07-02T00:53:11","modified_gmt":"2024-07-02T00:53:11","slug":"at-40t","status":"publish","type":"product","link":"https:\/\/thr.tools\/es\/product\/at-40t\/","title":{"rendered":"Tanque de Pintura de 10L, 20L, 30L, 60L, 80L &#8211; Agitador Tipo Auto"},"content":{"rendered":"","protected":false},"excerpt":{"rendered":"<p>Presentamos la herramienta definitiva para todas tus necesidades de pintura: \u00a1el Paint Tank! Este innovador producto ha sido dise\u00f1ado para un uso general, convirti\u00e9ndolo en una adici\u00f3n vers\u00e1til a cualquier taller o arsenal de bricolaje. Con una impresionante capacidad de 10L, 20L, 30L, 60L, 80L, nunca m\u00e1s tendr\u00e1s que preocuparte por quedarte sin pintura en medio de un proyecto. Ya sea que est\u00e9s pintando paredes, muebles o cualquier cosa en medio, este Paint Tank tiene todo cubierto. <\/p>\n<p>Con su tipo de agitaci\u00f3n Auto, este tanque asegura que tu pintura siempre est\u00e9 bien mezclada y lista para una aplicaci\u00f3n suave y uniforme. No m\u00e1s tiempo desperdiciado sacudiendo latas de pintura o mezclando en cubos: \u00a1el Paint Tank hace todo el trabajo por ti! Su tama\u00f1o conveniente y dise\u00f1o port\u00e1til tambi\u00e9n lo hacen f\u00e1cil de transportar a cualquier sitio de trabajo, d\u00e1ndote la libertad de pintar donde sea y cuando sea. As\u00ed que di adi\u00f3s a los tradicionales recipientes de pintura y saluda al Paint Tank: \u00a1tu nuevo aliado para todas tus necesidades de pintura!<\/p>\n","protected":false},"featured_media":8023,"template":"","meta":{"site-sidebar-layout":"default","site-content-layout":"","ast-site-content-layout":"default","site-content-style":"default","site-sidebar-style":"default","ast-global-header-display":"","ast-banner-title-visibility":"","ast-main-header-display":"","ast-hfb-above-header-display":"","ast-hfb-below-header-display":"","ast-hfb-mobile-header-display":"","site-post-title":"","ast-breadcrumbs-content":"","ast-featured-img":"","footer-sml-layout":"","ast-disable-related-posts":"","theme-transparent-header-meta":"","adv-header-id-meta":"","stick-header-meta":"","header-above-stick-meta":"","header-main-stick-meta":"","header-below-stick-meta":"","astra-migrate-meta-layouts":"default","ast-page-background-enabled":"default","ast-page-background-meta":{"desktop":{"background-color":"","background-image":"","background-repeat":"repeat","background-position":"center center","background-size":"auto","background-attachment":"scroll","background-type":"","background-media":"","overlay-type":"","overlay-color":"","overlay-opacity":"","overlay-gradient":""},"tablet":{"background-color":"","background-image":"","background-repeat":"repeat","background-position":"center center","background-size":"auto","background-attachment":"scroll","background-type":"","background-media":"","overlay-type":"","overlay-color":"","overlay-opacity":"","overlay-gradient":""},"mobile":{"background-color":"","background-image":"","background-repeat":"repeat","background-position":"center center","background-size":"auto","background-attachment":"scroll","background-type":"","background-media":"","overlay-type":"","overlay-color":"","overlay-opacity":"","overlay-gradient":""}},"ast-content-background-meta":{"desktop":{"background-color":"var(--ast-global-color-5)","background-image":"","background-repeat":"repeat","background-position":"center center","background-size":"auto","background-attachment":"scroll","background-type":"","background-media":"","overlay-type":"","overlay-color":"","overlay-opacity":"","overlay-gradient":""},"tablet":{"background-color":"var(--ast-global-color-5)","background-image":"","background-repeat":"repeat","background-position":"center center","background-size":"auto","background-attachment":"scroll","background-type":"","background-media":"","overlay-type":"","overlay-color":"","overlay-opacity":"","overlay-gradient":""},"mobile":{"background-color":"var(--ast-global-color-5)","background-image":"","background-repeat":"repeat","background-position":"center center","background-size":"auto","background-attachment":"scroll","background-type":"","background-media":"","overlay-type":"","overlay-color":"","overlay-opacity":"","overlay-gradient":""}}},"product_brand":[],"product_cat":[565,569,579],"product_tag":[],"class_list":{"0":"post-8410","1":"product","2":"type-product","3":"status-publish","4":"has-post-thumbnail","6":"product_cat-herramientas","7":"product_cat-neumaticas","8":"product_cat-pintura","9":"desktop-align-left","10":"tablet-align-left","11":"mobile-align-left","13":"first","14":"instock","15":"shipping-taxable","16":"purchasable","17":"product-type-simple"},"yoast_head":"<!-- This site is optimized with the Yoast SEO plugin v26.7 - https:\/\/yoast.com\/wordpress\/plugins\/seo\/ -->\n<title>Tanque de Pintura de 10L, 20L, 30L, 60L, 80L - Agitador Tipo Auto - THR Industrial Supplies<\/title>\n<meta name=\"robots\" content=\"index, follow, max-snippet:-1, max-image-preview:large, max-video-preview:-1\" \/>\n<link rel=\"canonical\" href=\"https:\/\/thr.tools\/es\/product\/at-40t\/\" \/>\n<meta property=\"og:locale\" content=\"es_ES\" \/>\n<meta property=\"og:type\" content=\"article\" \/>\n<meta property=\"og:title\" content=\"Tanque de Pintura de 10L, 20L, 30L, 60L, 80L - Agitador Tipo Auto - THR Industrial Supplies\" \/>\n<meta property=\"og:description\" content=\"Presentamos la herramienta definitiva para todas tus necesidades de pintura: \u00a1el Paint Tank! Este innovador producto ha sido dise\u00f1ado para un uso general, convirti\u00e9ndolo en una adici\u00f3n vers\u00e1til a cualquier taller o arsenal de bricolaje. Con una impresionante capacidad de 10L, 20L, 30L, 60L, 80L, nunca m\u00e1s tendr\u00e1s que preocuparte por quedarte sin pintura en medio de un proyecto. Ya sea que est\u00e9s pintando paredes, muebles o cualquier cosa en medio, este Paint Tank tiene todo cubierto.  Con su tipo de agitaci\u00f3n Auto, este tanque asegura que tu pintura siempre est\u00e9 bien mezclada y lista para una aplicaci\u00f3n suave y uniforme. No m\u00e1s tiempo desperdiciado sacudiendo latas de pintura o mezclando en cubos: \u00a1el Paint Tank hace todo el trabajo por ti! Su tama\u00f1o conveniente y dise\u00f1o port\u00e1til tambi\u00e9n lo hacen f\u00e1cil de transportar a cualquier sitio de trabajo, d\u00e1ndote la libertad de pintar donde sea y cuando sea. As\u00ed que di adi\u00f3s a los tradicionales recipientes de pintura y saluda al Paint Tank: \u00a1tu nuevo aliado para todas tus necesidades de pintura!\" \/>\n<meta property=\"og:url\" content=\"https:\/\/thr.tools\/es\/product\/at-40t\/\" \/>\n<meta property=\"og:site_name\" content=\"THR Industrial Supplies\" \/>\n<meta property=\"article:modified_time\" content=\"2024-07-02T00:53:11+00:00\" \/>\n<meta property=\"og:image\" content=\"https:\/\/thr.tools\/wp-content\/uploads\/2024\/06\/AT-40T_1200x1200.jpg\" \/>\n\t<meta property=\"og:image:width\" content=\"1200\" \/>\n\t<meta property=\"og:image:height\" content=\"1200\" \/>\n\t<meta property=\"og:image:type\" content=\"image\/jpeg\" \/>\n<meta name=\"twitter:card\" content=\"summary_large_image\" \/>\n<script type=\"application\/ld+json\" class=\"yoast-schema-graph\">{\"@context\":\"https:\/\/schema.org\",\"@graph\":[{\"@type\":\"WebPage\",\"@id\":\"https:\/\/thr.tools\/es\/product\/at-40t\/\",\"url\":\"https:\/\/thr.tools\/es\/product\/at-40t\/\",\"name\":\"Tanque de Pintura de 10L, 20L, 30L, 60L, 80L - Agitador Tipo Auto - THR Industrial Supplies\",\"isPartOf\":{\"@id\":\"https:\/\/thr.tools\/es\/#website\"},\"primaryImageOfPage\":{\"@id\":\"https:\/\/thr.tools\/es\/product\/at-40t\/#primaryimage\"},\"image\":{\"@id\":\"https:\/\/thr.tools\/es\/product\/at-40t\/#primaryimage\"},\"thumbnailUrl\":\"https:\/\/thr.tools\/wp-content\/uploads\/2024\/06\/AT-40T_1200x1200.jpg\",\"datePublished\":\"2024-06-30T02:47:33+00:00\",\"dateModified\":\"2024-07-02T00:53:11+00:00\",\"breadcrumb\":{\"@id\":\"https:\/\/thr.tools\/es\/product\/at-40t\/#breadcrumb\"},\"inLanguage\":\"es\",\"potentialAction\":[{\"@type\":\"ReadAction\",\"target\":[\"https:\/\/thr.tools\/es\/product\/at-40t\/\"]}]},{\"@type\":\"ImageObject\",\"inLanguage\":\"es\",\"@id\":\"https:\/\/thr.tools\/es\/product\/at-40t\/#primaryimage\",\"url\":\"https:\/\/thr.tools\/wp-content\/uploads\/2024\/06\/AT-40T_1200x1200.jpg\",\"contentUrl\":\"https:\/\/thr.tools\/wp-content\/uploads\/2024\/06\/AT-40T_1200x1200.jpg\",\"width\":1200,\"height\":1200},{\"@type\":\"BreadcrumbList\",\"@id\":\"https:\/\/thr.tools\/es\/product\/at-40t\/#breadcrumb\",\"itemListElement\":[{\"@type\":\"ListItem\",\"position\":1,\"name\":\"Home\",\"item\":\"https:\/\/thr.tools\/es\/\"},{\"@type\":\"ListItem\",\"position\":2,\"name\":\"Store\",\"item\":\"https:\/\/thr.tools\/store\/\"},{\"@type\":\"ListItem\",\"position\":3,\"name\":\"Tanque de Pintura de 10L, 20L, 30L, 60L, 80L &#8211; Agitador Tipo Auto\"}]},{\"@type\":\"WebSite\",\"@id\":\"https:\/\/thr.tools\/es\/#website\",\"url\":\"https:\/\/thr.tools\/es\/\",\"name\":\"THR Industrial Supplies | Air Compressors & Tools\",\"description\":\"OEM, ODM Air Equipment Supplier\",\"publisher\":{\"@id\":\"https:\/\/thr.tools\/es\/#organization\"},\"alternateName\":\"THR Industrial Supplies | Compresores de Aire y Herramientas\",\"potentialAction\":[{\"@type\":\"SearchAction\",\"target\":{\"@type\":\"EntryPoint\",\"urlTemplate\":\"https:\/\/thr.tools\/es\/?s={search_term_string}\"},\"query-input\":{\"@type\":\"PropertyValueSpecification\",\"valueRequired\":true,\"valueName\":\"search_term_string\"}}],\"inLanguage\":\"es\"},{\"@type\":\"Organization\",\"@id\":\"https:\/\/thr.tools\/es\/#organization\",\"name\":\"THR Electronics LLC\",\"url\":\"https:\/\/thr.tools\/es\/\",\"logo\":{\"@type\":\"ImageObject\",\"inLanguage\":\"es\",\"@id\":\"https:\/\/thr.tools\/es\/#\/schema\/logo\/image\/\",\"url\":\"https:\/\/thr.tools\/wp-content\/uploads\/2023\/07\/cropped-favicon-thr-logo-512x512-1.png\",\"contentUrl\":\"https:\/\/thr.tools\/wp-content\/uploads\/2023\/07\/cropped-favicon-thr-logo-512x512-1.png\",\"width\":815,\"height\":814,\"caption\":\"THR Electronics LLC\"},\"image\":{\"@id\":\"https:\/\/thr.tools\/es\/#\/schema\/logo\/image\/\"}}]}<\/script>\n<!-- \/ Yoast SEO plugin. -->","yoast_head_json":{"title":"Tanque de Pintura de 10L, 20L, 30L, 60L, 80L - Agitador Tipo Auto - THR Industrial Supplies","robots":{"index":"index","follow":"follow","max-snippet":"max-snippet:-1","max-image-preview":"max-image-preview:large","max-video-preview":"max-video-preview:-1"},"canonical":"https:\/\/thr.tools\/es\/product\/at-40t\/","og_locale":"es_ES","og_type":"article","og_title":"Tanque de Pintura de 10L, 20L, 30L, 60L, 80L - Agitador Tipo Auto - THR Industrial Supplies","og_description":"Presentamos la herramienta definitiva para todas tus necesidades de pintura: \u00a1el Paint Tank! Este innovador producto ha sido dise\u00f1ado para un uso general, convirti\u00e9ndolo en una adici\u00f3n vers\u00e1til a cualquier taller o arsenal de bricolaje. Con una impresionante capacidad de 10L, 20L, 30L, 60L, 80L, nunca m\u00e1s tendr\u00e1s que preocuparte por quedarte sin pintura en medio de un proyecto. Ya sea que est\u00e9s pintando paredes, muebles o cualquier cosa en medio, este Paint Tank tiene todo cubierto.  Con su tipo de agitaci\u00f3n Auto, este tanque asegura que tu pintura siempre est\u00e9 bien mezclada y lista para una aplicaci\u00f3n suave y uniforme. No m\u00e1s tiempo desperdiciado sacudiendo latas de pintura o mezclando en cubos: \u00a1el Paint Tank hace todo el trabajo por ti! Su tama\u00f1o conveniente y dise\u00f1o port\u00e1til tambi\u00e9n lo hacen f\u00e1cil de transportar a cualquier sitio de trabajo, d\u00e1ndote la libertad de pintar donde sea y cuando sea. As\u00ed que di adi\u00f3s a los tradicionales recipientes de pintura y saluda al Paint Tank: \u00a1tu nuevo aliado para todas tus necesidades de pintura!","og_url":"https:\/\/thr.tools\/es\/product\/at-40t\/","og_site_name":"THR Industrial Supplies","article_modified_time":"2024-07-02T00:53:11+00:00","og_image":[{"width":1200,"height":1200,"url":"https:\/\/thr.tools\/wp-content\/uploads\/2024\/06\/AT-40T_1200x1200.jpg","type":"image\/jpeg"}],"twitter_card":"summary_large_image","schema":{"@context":"https:\/\/schema.org","@graph":[{"@type":"WebPage","@id":"https:\/\/thr.tools\/es\/product\/at-40t\/","url":"https:\/\/thr.tools\/es\/product\/at-40t\/","name":"Tanque de Pintura de 10L, 20L, 30L, 60L, 80L - Agitador Tipo Auto - THR Industrial Supplies","isPartOf":{"@id":"https:\/\/thr.tools\/es\/#website"},"primaryImageOfPage":{"@id":"https:\/\/thr.tools\/es\/product\/at-40t\/#primaryimage"},"image":{"@id":"https:\/\/thr.tools\/es\/product\/at-40t\/#primaryimage"},"thumbnailUrl":"https:\/\/thr.tools\/wp-content\/uploads\/2024\/06\/AT-40T_1200x1200.jpg","datePublished":"2024-06-30T02:47:33+00:00","dateModified":"2024-07-02T00:53:11+00:00","breadcrumb":{"@id":"https:\/\/thr.tools\/es\/product\/at-40t\/#breadcrumb"},"inLanguage":"es","potentialAction":[{"@type":"ReadAction","target":["https:\/\/thr.tools\/es\/product\/at-40t\/"]}]},{"@type":"ImageObject","inLanguage":"es","@id":"https:\/\/thr.tools\/es\/product\/at-40t\/#primaryimage","url":"https:\/\/thr.tools\/wp-content\/uploads\/2024\/06\/AT-40T_1200x1200.jpg","contentUrl":"https:\/\/thr.tools\/wp-content\/uploads\/2024\/06\/AT-40T_1200x1200.jpg","width":1200,"height":1200},{"@type":"BreadcrumbList","@id":"https:\/\/thr.tools\/es\/product\/at-40t\/#breadcrumb","itemListElement":[{"@type":"ListItem","position":1,"name":"Home","item":"https:\/\/thr.tools\/es\/"},{"@type":"ListItem","position":2,"name":"Store","item":"https:\/\/thr.tools\/store\/"},{"@type":"ListItem","position":3,"name":"Tanque de Pintura de 10L, 20L, 30L, 60L, 80L &#8211; Agitador Tipo Auto"}]},{"@type":"WebSite","@id":"https:\/\/thr.tools\/es\/#website","url":"https:\/\/thr.tools\/es\/","name":"THR Industrial Supplies | Air Compressors & Tools","description":"OEM, ODM Air Equipment Supplier","publisher":{"@id":"https:\/\/thr.tools\/es\/#organization"},"alternateName":"THR Industrial Supplies | Compresores de Aire y Herramientas","potentialAction":[{"@type":"SearchAction","target":{"@type":"EntryPoint","urlTemplate":"https:\/\/thr.tools\/es\/?s={search_term_string}"},"query-input":{"@type":"PropertyValueSpecification","valueRequired":true,"valueName":"search_term_string"}}],"inLanguage":"es"},{"@type":"Organization","@id":"https:\/\/thr.tools\/es\/#organization","name":"THR Electronics LLC","url":"https:\/\/thr.tools\/es\/","logo":{"@type":"ImageObject","inLanguage":"es","@id":"https:\/\/thr.tools\/es\/#\/schema\/logo\/image\/","url":"https:\/\/thr.tools\/wp-content\/uploads\/2023\/07\/cropped-favicon-thr-logo-512x512-1.png","contentUrl":"https:\/\/thr.tools\/wp-content\/uploads\/2023\/07\/cropped-favicon-thr-logo-512x512-1.png","width":815,"height":814,"caption":"THR Electronics LLC"},"image":{"@id":"https:\/\/thr.tools\/es\/#\/schema\/logo\/image\/"}}]}},"_links":{"self":[{"href":"https:\/\/thr.tools\/es\/wp-json\/wp\/v2\/product\/8410","targetHints":{"allow":["GET"]}}],"collection":[{"href":"https:\/\/thr.tools\/es\/wp-json\/wp\/v2\/product"}],"about":[{"href":"https:\/\/thr.tools\/es\/wp-json\/wp\/v2\/types\/product"}],"version-history":[{"count":1,"href":"https:\/\/thr.tools\/es\/wp-json\/wp\/v2\/product\/8410\/revisions"}],"predecessor-version":[{"id":8755,"href":"https:\/\/thr.tools\/es\/wp-json\/wp\/v2\/product\/8410\/revisions\/8755"}],"wp:featuredmedia":[{"embeddable":true,"href":"https:\/\/thr.tools\/es\/wp-json\/wp\/v2\/media\/8023"}],"wp:attachment":[{"href":"https:\/\/thr.tools\/es\/wp-json\/wp\/v2\/media?parent=8410"}],"wp:term":[{"taxonomy":"product_brand","embeddable":true,"href":"https:\/\/thr.tools\/es\/wp-json\/wp\/v2\/product_brand?post=8410"},{"taxonomy":"product_cat","embeddable":true,"href":"https:\/\/thr.tools\/es\/wp-json\/wp\/v2\/product_cat?post=8410"},{"taxonomy":"product_tag","embeddable":true,"href":"https:\/\/thr.tools\/es\/wp-json\/wp\/v2\/product_tag?post=8410"}],"curies":[{"name":"wp","href":"https:\/\/api.w.org\/{rel}","templated":true}]}}