{"id":8347,"date":"2024-06-30T02:51:40","date_gmt":"2024-06-30T02:51:40","guid":{"rendered":"https:\/\/thr.tools\/product\/578-round-air-hammer-4500-bpm\/"},"modified":"2024-07-02T00:53:53","modified_gmt":"2024-07-02T00:53:53","slug":"h-11-r","status":"publish","type":"product","link":"https:\/\/thr.tools\/es\/product\/h-11-r\/","title":{"rendered":"Martillo Neum\u00e1tico Redondo de 150mm &#8211; 4500-BPM"},"content":{"rendered":"","protected":false},"excerpt":{"rendered":"<p>\u00a1Presentamos la herramienta definitiva para todas tus necesidades de prop\u00f3sitos generales: el martillo neum\u00e1tico! Este potente martillo est\u00e1 dise\u00f1ado para hacer que tus tareas pesadas sean pan comido. Su longitud de 150mm te proporciona el equilibrio y control perfectos, permiti\u00e9ndote abordar cualquier trabajo sin esfuerzo. Con una velocidad de impacto de 4500-BPM, puedes estar seguro de que este martillo neum\u00e1tico completar\u00e1 el trabajo r\u00e1pidamente y de manera eficiente. Y para rematar, su tipo de v\u00e1stago Redondo asegura un ajuste perfecto con todos tus accesorios, convirtiendo esta herramienta vers\u00e1til en un elemento imprescindible en cualquier caja de herramientas. Realiza el trabajo con facilidad y precisi\u00f3n con nuestro incre\u00edble martillo neum\u00e1tico. <\/p>\n<p>\u00bfEst\u00e1s cansado de lidiar con martillos pesados y engorrosos para tus necesidades de prop\u00f3sitos generales? Dile adi\u00f3s al trabajo manual y hola al martillo neum\u00e1tico: la soluci\u00f3n definitiva para todas tus tareas pesadas. Su longitud de 150mm te proporciona el equilibrio y control perfectos, permiti\u00e9ndote trabajar con facilidad y precisi\u00f3n. Y con una velocidad de impacto de 4500-BPM, este martillo neum\u00e1tico es una fuerza a tener en cuenta. Su tipo de v\u00e1stago Redondo asegura un ajuste perfecto con cualquier accesorio, convirti\u00e9ndolo en una herramienta incre\u00edblemente vers\u00e1til. Desde contratistas profesionales hasta entusiastas del bricolaje, el martillo neum\u00e1tico es la opci\u00f3n ideal para todas tus necesidades de prop\u00f3sitos generales. <\/p>\n","protected":false},"featured_media":8212,"template":"","meta":{"site-sidebar-layout":"default","site-content-layout":"","ast-site-content-layout":"default","site-content-style":"default","site-sidebar-style":"default","ast-global-header-display":"","ast-banner-title-visibility":"","ast-main-header-display":"","ast-hfb-above-header-display":"","ast-hfb-below-header-display":"","ast-hfb-mobile-header-display":"","site-post-title":"","ast-breadcrumbs-content":"","ast-featured-img":"","footer-sml-layout":"","ast-disable-related-posts":"","theme-transparent-header-meta":"","adv-header-id-meta":"","stick-header-meta":"","header-above-stick-meta":"","header-main-stick-meta":"","header-below-stick-meta":"","astra-migrate-meta-layouts":"default","ast-page-background-enabled":"default","ast-page-background-meta":{"desktop":{"background-color":"","background-image":"","background-repeat":"repeat","background-position":"center center","background-size":"auto","background-attachment":"scroll","background-type":"","background-media":"","overlay-type":"","overlay-color":"","overlay-opacity":"","overlay-gradient":""},"tablet":{"background-color":"","background-image":"","background-repeat":"repeat","background-position":"center center","background-size":"auto","background-attachment":"scroll","background-type":"","background-media":"","overlay-type":"","overlay-color":"","overlay-opacity":"","overlay-gradient":""},"mobile":{"background-color":"","background-image":"","background-repeat":"repeat","background-position":"center center","background-size":"auto","background-attachment":"scroll","background-type":"","background-media":"","overlay-type":"","overlay-color":"","overlay-opacity":"","overlay-gradient":""}},"ast-content-background-meta":{"desktop":{"background-color":"var(--ast-global-color-5)","background-image":"","background-repeat":"repeat","background-position":"center center","background-size":"auto","background-attachment":"scroll","background-type":"","background-media":"","overlay-type":"","overlay-color":"","overlay-opacity":"","overlay-gradient":""},"tablet":{"background-color":"var(--ast-global-color-5)","background-image":"","background-repeat":"repeat","background-position":"center center","background-size":"auto","background-attachment":"scroll","background-type":"","background-media":"","overlay-type":"","overlay-color":"","overlay-opacity":"","overlay-gradient":""},"mobile":{"background-color":"var(--ast-global-color-5)","background-image":"","background-repeat":"repeat","background-position":"center center","background-size":"auto","background-attachment":"scroll","background-type":"","background-media":"","overlay-type":"","overlay-color":"","overlay-opacity":"","overlay-gradient":""}}},"product_brand":[],"product_cat":[576,565,569],"product_tag":[],"class_list":{"0":"post-8347","1":"product","2":"type-product","3":"status-publish","4":"has-post-thumbnail","6":"product_cat-golpeo-y-martilleo","7":"product_cat-herramientas","8":"product_cat-neumaticas","9":"desktop-align-left","10":"tablet-align-left","11":"mobile-align-left","13":"first","14":"instock","15":"shipping-taxable","16":"purchasable","17":"product-type-simple"},"yoast_head":"<!-- This site is optimized with the Yoast SEO plugin v26.7 - https:\/\/yoast.com\/wordpress\/plugins\/seo\/ -->\n<title>Martillo Neum\u00e1tico Redondo de 150mm - 4500-BPM - THR Industrial Supplies<\/title>\n<meta name=\"robots\" content=\"index, follow, max-snippet:-1, max-image-preview:large, max-video-preview:-1\" \/>\n<link rel=\"canonical\" href=\"https:\/\/thr.tools\/es\/product\/h-11-r\/\" \/>\n<meta property=\"og:locale\" content=\"es_ES\" \/>\n<meta property=\"og:type\" content=\"article\" \/>\n<meta property=\"og:title\" content=\"Martillo Neum\u00e1tico Redondo de 150mm - 4500-BPM - THR Industrial Supplies\" \/>\n<meta property=\"og:description\" content=\"\u00a1Presentamos la herramienta definitiva para todas tus necesidades de prop\u00f3sitos generales: el martillo neum\u00e1tico! Este potente martillo est\u00e1 dise\u00f1ado para hacer que tus tareas pesadas sean pan comido. Su longitud de 150mm te proporciona el equilibrio y control perfectos, permiti\u00e9ndote abordar cualquier trabajo sin esfuerzo. Con una velocidad de impacto de 4500-BPM, puedes estar seguro de que este martillo neum\u00e1tico completar\u00e1 el trabajo r\u00e1pidamente y de manera eficiente. Y para rematar, su tipo de v\u00e1stago Redondo asegura un ajuste perfecto con todos tus accesorios, convirtiendo esta herramienta vers\u00e1til en un elemento imprescindible en cualquier caja de herramientas. Realiza el trabajo con facilidad y precisi\u00f3n con nuestro incre\u00edble martillo neum\u00e1tico.  \u00bfEst\u00e1s cansado de lidiar con martillos pesados y engorrosos para tus necesidades de prop\u00f3sitos generales? Dile adi\u00f3s al trabajo manual y hola al martillo neum\u00e1tico: la soluci\u00f3n definitiva para todas tus tareas pesadas. Su longitud de 150mm te proporciona el equilibrio y control perfectos, permiti\u00e9ndote trabajar con facilidad y precisi\u00f3n. Y con una velocidad de impacto de 4500-BPM, este martillo neum\u00e1tico es una fuerza a tener en cuenta. Su tipo de v\u00e1stago Redondo asegura un ajuste perfecto con cualquier accesorio, convirti\u00e9ndolo en una herramienta incre\u00edblemente vers\u00e1til. Desde contratistas profesionales hasta entusiastas del bricolaje, el martillo neum\u00e1tico es la opci\u00f3n ideal para todas tus necesidades de prop\u00f3sitos generales.\" \/>\n<meta property=\"og:url\" content=\"https:\/\/thr.tools\/es\/product\/h-11-r\/\" \/>\n<meta property=\"og:site_name\" content=\"THR Industrial Supplies\" \/>\n<meta property=\"article:modified_time\" content=\"2024-07-02T00:53:53+00:00\" \/>\n<meta property=\"og:image\" content=\"https:\/\/thr.tools\/wp-content\/uploads\/2024\/06\/H-11-R_1200x1200.jpg\" \/>\n\t<meta property=\"og:image:width\" content=\"1200\" \/>\n\t<meta property=\"og:image:height\" content=\"1200\" \/>\n\t<meta property=\"og:image:type\" content=\"image\/jpeg\" \/>\n<meta name=\"twitter:card\" content=\"summary_large_image\" \/>\n<script type=\"application\/ld+json\" class=\"yoast-schema-graph\">{\"@context\":\"https:\/\/schema.org\",\"@graph\":[{\"@type\":\"WebPage\",\"@id\":\"https:\/\/thr.tools\/es\/product\/h-11-r\/\",\"url\":\"https:\/\/thr.tools\/es\/product\/h-11-r\/\",\"name\":\"Martillo Neum\u00e1tico Redondo de 150mm - 4500-BPM - THR Industrial Supplies\",\"isPartOf\":{\"@id\":\"https:\/\/thr.tools\/es\/#website\"},\"primaryImageOfPage\":{\"@id\":\"https:\/\/thr.tools\/es\/product\/h-11-r\/#primaryimage\"},\"image\":{\"@id\":\"https:\/\/thr.tools\/es\/product\/h-11-r\/#primaryimage\"},\"thumbnailUrl\":\"https:\/\/thr.tools\/wp-content\/uploads\/2024\/06\/H-11-R_1200x1200.jpg\",\"datePublished\":\"2024-06-30T02:51:40+00:00\",\"dateModified\":\"2024-07-02T00:53:53+00:00\",\"breadcrumb\":{\"@id\":\"https:\/\/thr.tools\/es\/product\/h-11-r\/#breadcrumb\"},\"inLanguage\":\"es\",\"potentialAction\":[{\"@type\":\"ReadAction\",\"target\":[\"https:\/\/thr.tools\/es\/product\/h-11-r\/\"]}]},{\"@type\":\"ImageObject\",\"inLanguage\":\"es\",\"@id\":\"https:\/\/thr.tools\/es\/product\/h-11-r\/#primaryimage\",\"url\":\"https:\/\/thr.tools\/wp-content\/uploads\/2024\/06\/H-11-R_1200x1200.jpg\",\"contentUrl\":\"https:\/\/thr.tools\/wp-content\/uploads\/2024\/06\/H-11-R_1200x1200.jpg\",\"width\":1200,\"height\":1200},{\"@type\":\"BreadcrumbList\",\"@id\":\"https:\/\/thr.tools\/es\/product\/h-11-r\/#breadcrumb\",\"itemListElement\":[{\"@type\":\"ListItem\",\"position\":1,\"name\":\"Home\",\"item\":\"https:\/\/thr.tools\/es\/\"},{\"@type\":\"ListItem\",\"position\":2,\"name\":\"Store\",\"item\":\"https:\/\/thr.tools\/store\/\"},{\"@type\":\"ListItem\",\"position\":3,\"name\":\"Martillo Neum\u00e1tico Redondo de 150mm &#8211; 4500-BPM\"}]},{\"@type\":\"WebSite\",\"@id\":\"https:\/\/thr.tools\/es\/#website\",\"url\":\"https:\/\/thr.tools\/es\/\",\"name\":\"THR Industrial Supplies | Air Compressors & Tools\",\"description\":\"OEM, ODM Air Equipment Supplier\",\"publisher\":{\"@id\":\"https:\/\/thr.tools\/es\/#organization\"},\"alternateName\":\"THR Industrial Supplies | Compresores de Aire y Herramientas\",\"potentialAction\":[{\"@type\":\"SearchAction\",\"target\":{\"@type\":\"EntryPoint\",\"urlTemplate\":\"https:\/\/thr.tools\/es\/?s={search_term_string}\"},\"query-input\":{\"@type\":\"PropertyValueSpecification\",\"valueRequired\":true,\"valueName\":\"search_term_string\"}}],\"inLanguage\":\"es\"},{\"@type\":\"Organization\",\"@id\":\"https:\/\/thr.tools\/es\/#organization\",\"name\":\"THR Electronics LLC\",\"url\":\"https:\/\/thr.tools\/es\/\",\"logo\":{\"@type\":\"ImageObject\",\"inLanguage\":\"es\",\"@id\":\"https:\/\/thr.tools\/es\/#\/schema\/logo\/image\/\",\"url\":\"https:\/\/thr.tools\/wp-content\/uploads\/2023\/07\/cropped-favicon-thr-logo-512x512-1.png\",\"contentUrl\":\"https:\/\/thr.tools\/wp-content\/uploads\/2023\/07\/cropped-favicon-thr-logo-512x512-1.png\",\"width\":815,\"height\":814,\"caption\":\"THR Electronics LLC\"},\"image\":{\"@id\":\"https:\/\/thr.tools\/es\/#\/schema\/logo\/image\/\"}}]}<\/script>\n<!-- \/ Yoast SEO plugin. -->","yoast_head_json":{"title":"Martillo Neum\u00e1tico Redondo de 150mm - 4500-BPM - THR Industrial Supplies","robots":{"index":"index","follow":"follow","max-snippet":"max-snippet:-1","max-image-preview":"max-image-preview:large","max-video-preview":"max-video-preview:-1"},"canonical":"https:\/\/thr.tools\/es\/product\/h-11-r\/","og_locale":"es_ES","og_type":"article","og_title":"Martillo Neum\u00e1tico Redondo de 150mm - 4500-BPM - THR Industrial Supplies","og_description":"\u00a1Presentamos la herramienta definitiva para todas tus necesidades de prop\u00f3sitos generales: el martillo neum\u00e1tico! Este potente martillo est\u00e1 dise\u00f1ado para hacer que tus tareas pesadas sean pan comido. Su longitud de 150mm te proporciona el equilibrio y control perfectos, permiti\u00e9ndote abordar cualquier trabajo sin esfuerzo. Con una velocidad de impacto de 4500-BPM, puedes estar seguro de que este martillo neum\u00e1tico completar\u00e1 el trabajo r\u00e1pidamente y de manera eficiente. Y para rematar, su tipo de v\u00e1stago Redondo asegura un ajuste perfecto con todos tus accesorios, convirtiendo esta herramienta vers\u00e1til en un elemento imprescindible en cualquier caja de herramientas. Realiza el trabajo con facilidad y precisi\u00f3n con nuestro incre\u00edble martillo neum\u00e1tico.  \u00bfEst\u00e1s cansado de lidiar con martillos pesados y engorrosos para tus necesidades de prop\u00f3sitos generales? Dile adi\u00f3s al trabajo manual y hola al martillo neum\u00e1tico: la soluci\u00f3n definitiva para todas tus tareas pesadas. Su longitud de 150mm te proporciona el equilibrio y control perfectos, permiti\u00e9ndote trabajar con facilidad y precisi\u00f3n. Y con una velocidad de impacto de 4500-BPM, este martillo neum\u00e1tico es una fuerza a tener en cuenta. Su tipo de v\u00e1stago Redondo asegura un ajuste perfecto con cualquier accesorio, convirti\u00e9ndolo en una herramienta incre\u00edblemente vers\u00e1til. Desde contratistas profesionales hasta entusiastas del bricolaje, el martillo neum\u00e1tico es la opci\u00f3n ideal para todas tus necesidades de prop\u00f3sitos generales.","og_url":"https:\/\/thr.tools\/es\/product\/h-11-r\/","og_site_name":"THR Industrial Supplies","article_modified_time":"2024-07-02T00:53:53+00:00","og_image":[{"width":1200,"height":1200,"url":"https:\/\/thr.tools\/wp-content\/uploads\/2024\/06\/H-11-R_1200x1200.jpg","type":"image\/jpeg"}],"twitter_card":"summary_large_image","schema":{"@context":"https:\/\/schema.org","@graph":[{"@type":"WebPage","@id":"https:\/\/thr.tools\/es\/product\/h-11-r\/","url":"https:\/\/thr.tools\/es\/product\/h-11-r\/","name":"Martillo Neum\u00e1tico Redondo de 150mm - 4500-BPM - THR Industrial Supplies","isPartOf":{"@id":"https:\/\/thr.tools\/es\/#website"},"primaryImageOfPage":{"@id":"https:\/\/thr.tools\/es\/product\/h-11-r\/#primaryimage"},"image":{"@id":"https:\/\/thr.tools\/es\/product\/h-11-r\/#primaryimage"},"thumbnailUrl":"https:\/\/thr.tools\/wp-content\/uploads\/2024\/06\/H-11-R_1200x1200.jpg","datePublished":"2024-06-30T02:51:40+00:00","dateModified":"2024-07-02T00:53:53+00:00","breadcrumb":{"@id":"https:\/\/thr.tools\/es\/product\/h-11-r\/#breadcrumb"},"inLanguage":"es","potentialAction":[{"@type":"ReadAction","target":["https:\/\/thr.tools\/es\/product\/h-11-r\/"]}]},{"@type":"ImageObject","inLanguage":"es","@id":"https:\/\/thr.tools\/es\/product\/h-11-r\/#primaryimage","url":"https:\/\/thr.tools\/wp-content\/uploads\/2024\/06\/H-11-R_1200x1200.jpg","contentUrl":"https:\/\/thr.tools\/wp-content\/uploads\/2024\/06\/H-11-R_1200x1200.jpg","width":1200,"height":1200},{"@type":"BreadcrumbList","@id":"https:\/\/thr.tools\/es\/product\/h-11-r\/#breadcrumb","itemListElement":[{"@type":"ListItem","position":1,"name":"Home","item":"https:\/\/thr.tools\/es\/"},{"@type":"ListItem","position":2,"name":"Store","item":"https:\/\/thr.tools\/store\/"},{"@type":"ListItem","position":3,"name":"Martillo Neum\u00e1tico Redondo de 150mm &#8211; 4500-BPM"}]},{"@type":"WebSite","@id":"https:\/\/thr.tools\/es\/#website","url":"https:\/\/thr.tools\/es\/","name":"THR Industrial Supplies | Air Compressors & Tools","description":"OEM, ODM Air Equipment Supplier","publisher":{"@id":"https:\/\/thr.tools\/es\/#organization"},"alternateName":"THR Industrial Supplies | Compresores de Aire y Herramientas","potentialAction":[{"@type":"SearchAction","target":{"@type":"EntryPoint","urlTemplate":"https:\/\/thr.tools\/es\/?s={search_term_string}"},"query-input":{"@type":"PropertyValueSpecification","valueRequired":true,"valueName":"search_term_string"}}],"inLanguage":"es"},{"@type":"Organization","@id":"https:\/\/thr.tools\/es\/#organization","name":"THR Electronics LLC","url":"https:\/\/thr.tools\/es\/","logo":{"@type":"ImageObject","inLanguage":"es","@id":"https:\/\/thr.tools\/es\/#\/schema\/logo\/image\/","url":"https:\/\/thr.tools\/wp-content\/uploads\/2023\/07\/cropped-favicon-thr-logo-512x512-1.png","contentUrl":"https:\/\/thr.tools\/wp-content\/uploads\/2023\/07\/cropped-favicon-thr-logo-512x512-1.png","width":815,"height":814,"caption":"THR Electronics LLC"},"image":{"@id":"https:\/\/thr.tools\/es\/#\/schema\/logo\/image\/"}}]}},"_links":{"self":[{"href":"https:\/\/thr.tools\/es\/wp-json\/wp\/v2\/product\/8347","targetHints":{"allow":["GET"]}}],"collection":[{"href":"https:\/\/thr.tools\/es\/wp-json\/wp\/v2\/product"}],"about":[{"href":"https:\/\/thr.tools\/es\/wp-json\/wp\/v2\/types\/product"}],"version-history":[{"count":1,"href":"https:\/\/thr.tools\/es\/wp-json\/wp\/v2\/product\/8347\/revisions"}],"predecessor-version":[{"id":8816,"href":"https:\/\/thr.tools\/es\/wp-json\/wp\/v2\/product\/8347\/revisions\/8816"}],"wp:featuredmedia":[{"embeddable":true,"href":"https:\/\/thr.tools\/es\/wp-json\/wp\/v2\/media\/8212"}],"wp:attachment":[{"href":"https:\/\/thr.tools\/es\/wp-json\/wp\/v2\/media?parent=8347"}],"wp:term":[{"taxonomy":"product_brand","embeddable":true,"href":"https:\/\/thr.tools\/es\/wp-json\/wp\/v2\/product_brand?post=8347"},{"taxonomy":"product_cat","embeddable":true,"href":"https:\/\/thr.tools\/es\/wp-json\/wp\/v2\/product_cat?post=8347"},{"taxonomy":"product_tag","embeddable":true,"href":"https:\/\/thr.tools\/es\/wp-json\/wp\/v2\/product_tag?post=8347"}],"curies":[{"name":"wp","href":"https:\/\/api.w.org\/{rel}","templated":true}]}}