{"id":8335,"date":"2024-06-30T02:52:28","date_gmt":"2024-06-30T02:52:28","guid":{"rendered":"https:\/\/thr.tools\/product\/13-5ozmin-air-grease-gun-14oz-cartridge-option\/"},"modified":"2024-07-02T00:54:03","modified_gmt":"2024-07-02T00:54:03","slug":"b-36","status":"publish","type":"product","link":"https:\/\/thr.tools\/es\/product\/b-36\/","title":{"rendered":"Pistola de Engrase Neum\u00e1tica de 400<sup>ml<\/sup>&frasl;<sub>min<\/sub> &#8211; Opci\u00f3n de Cartucho de 414cc"},"content":{"rendered":"","protected":false},"excerpt":{"rendered":"<p>Presentamos la nueva Pistola de Grasa de Aire, dise\u00f1ada para un uso conveniente y eficiente en prop\u00f3sitos generales. Esta herramienta vers\u00e1til cuenta con una alta tasa de alimentaci\u00f3n de 400<sup>ml<\/sup>&frasl;<sub>min<\/sub>, garantizando una aplicaci\u00f3n suave y consistente en todo momento. Ya sea que est\u00e9s trabajando en un peque\u00f1o proyecto dom\u00e9stico o un trabajo comercial m\u00e1s grande, esta pistola de grasa es la soluci\u00f3n perfecta para todas tus necesidades de lubricaci\u00f3n. Con su dise\u00f1o compacto y f\u00e1cil de usar, la Pistola de Grasa de Aire es un complemento imprescindible para cualquier kit de herramientas. <\/p>\n<p>\u00bfBuscas opciones personalizables? La Pistola de Grasa de Aire ofrece la opci\u00f3n de usar cartuchos de 414cc, lo que te permite elegir el tama\u00f1o que mejor se adapte a tu aplicaci\u00f3n espec\u00edfica. Adem\u00e1s, con su mecanismo de aire, esta pistola de grasa proporciona una fuerza s\u00f3lida y constante, lo que la hace perfecta para un uso intensivo. Di adi\u00f3s a los procesos de engrase manuales desordenados y que consumen tiempo, y saluda a la conveniencia y precisi\u00f3n de la Pistola de Grasa de Aire. No esperes m\u00e1s, obt\u00e9n la tuya hoy y experimenta la facilidad de engrasar con este producto de primera calidad. <\/p>\n","protected":false},"featured_media":8248,"template":"","meta":{"site-sidebar-layout":"default","site-content-layout":"","ast-site-content-layout":"default","site-content-style":"default","site-sidebar-style":"default","ast-global-header-display":"","ast-banner-title-visibility":"","ast-main-header-display":"","ast-hfb-above-header-display":"","ast-hfb-below-header-display":"","ast-hfb-mobile-header-display":"","site-post-title":"","ast-breadcrumbs-content":"","ast-featured-img":"","footer-sml-layout":"","ast-disable-related-posts":"","theme-transparent-header-meta":"","adv-header-id-meta":"","stick-header-meta":"","header-above-stick-meta":"","header-main-stick-meta":"","header-below-stick-meta":"","astra-migrate-meta-layouts":"default","ast-page-background-enabled":"default","ast-page-background-meta":{"desktop":{"background-color":"","background-image":"","background-repeat":"repeat","background-position":"center center","background-size":"auto","background-attachment":"scroll","background-type":"","background-media":"","overlay-type":"","overlay-color":"","overlay-opacity":"","overlay-gradient":""},"tablet":{"background-color":"","background-image":"","background-repeat":"repeat","background-position":"center center","background-size":"auto","background-attachment":"scroll","background-type":"","background-media":"","overlay-type":"","overlay-color":"","overlay-opacity":"","overlay-gradient":""},"mobile":{"background-color":"","background-image":"","background-repeat":"repeat","background-position":"center center","background-size":"auto","background-attachment":"scroll","background-type":"","background-media":"","overlay-type":"","overlay-color":"","overlay-opacity":"","overlay-gradient":""}},"ast-content-background-meta":{"desktop":{"background-color":"var(--ast-global-color-5)","background-image":"","background-repeat":"repeat","background-position":"center center","background-size":"auto","background-attachment":"scroll","background-type":"","background-media":"","overlay-type":"","overlay-color":"","overlay-opacity":"","overlay-gradient":""},"tablet":{"background-color":"var(--ast-global-color-5)","background-image":"","background-repeat":"repeat","background-position":"center center","background-size":"auto","background-attachment":"scroll","background-type":"","background-media":"","overlay-type":"","overlay-color":"","overlay-opacity":"","overlay-gradient":""},"mobile":{"background-color":"var(--ast-global-color-5)","background-image":"","background-repeat":"repeat","background-position":"center center","background-size":"auto","background-attachment":"scroll","background-type":"","background-media":"","overlay-type":"","overlay-color":"","overlay-opacity":"","overlay-gradient":""}}},"product_brand":[],"product_cat":[565,569,571],"product_tag":[],"class_list":{"0":"post-8335","1":"product","2":"type-product","3":"status-publish","4":"has-post-thumbnail","6":"product_cat-herramientas","7":"product_cat-neumaticas","8":"product_cat-pistolas-aplicadoras","9":"desktop-align-left","10":"tablet-align-left","11":"mobile-align-left","13":"first","14":"instock","15":"shipping-taxable","16":"purchasable","17":"product-type-simple"},"yoast_head":"<!-- This site is optimized with the Yoast SEO plugin v26.7 - https:\/\/yoast.com\/wordpress\/plugins\/seo\/ -->\n<title>Pistola de Engrase Neum\u00e1tica de 400ml&frasl;min - Opci\u00f3n de Cartucho de 414cc - THR Industrial Supplies<\/title>\n<meta name=\"robots\" content=\"index, follow, max-snippet:-1, max-image-preview:large, max-video-preview:-1\" \/>\n<link rel=\"canonical\" href=\"https:\/\/thr.tools\/es\/product\/b-36\/\" \/>\n<meta property=\"og:locale\" content=\"es_ES\" \/>\n<meta property=\"og:type\" content=\"article\" \/>\n<meta property=\"og:title\" content=\"Pistola de Engrase Neum\u00e1tica de 400ml&frasl;min - Opci\u00f3n de Cartucho de 414cc - THR Industrial Supplies\" \/>\n<meta property=\"og:description\" content=\"Presentamos la nueva Pistola de Grasa de Aire, dise\u00f1ada para un uso conveniente y eficiente en prop\u00f3sitos generales. Esta herramienta vers\u00e1til cuenta con una alta tasa de alimentaci\u00f3n de 400ml&frasl;min, garantizando una aplicaci\u00f3n suave y consistente en todo momento. Ya sea que est\u00e9s trabajando en un peque\u00f1o proyecto dom\u00e9stico o un trabajo comercial m\u00e1s grande, esta pistola de grasa es la soluci\u00f3n perfecta para todas tus necesidades de lubricaci\u00f3n. Con su dise\u00f1o compacto y f\u00e1cil de usar, la Pistola de Grasa de Aire es un complemento imprescindible para cualquier kit de herramientas.  \u00bfBuscas opciones personalizables? La Pistola de Grasa de Aire ofrece la opci\u00f3n de usar cartuchos de 414cc, lo que te permite elegir el tama\u00f1o que mejor se adapte a tu aplicaci\u00f3n espec\u00edfica. Adem\u00e1s, con su mecanismo de aire, esta pistola de grasa proporciona una fuerza s\u00f3lida y constante, lo que la hace perfecta para un uso intensivo. Di adi\u00f3s a los procesos de engrase manuales desordenados y que consumen tiempo, y saluda a la conveniencia y precisi\u00f3n de la Pistola de Grasa de Aire. No esperes m\u00e1s, obt\u00e9n la tuya hoy y experimenta la facilidad de engrasar con este producto de primera calidad.\" \/>\n<meta property=\"og:url\" content=\"https:\/\/thr.tools\/es\/product\/b-36\/\" \/>\n<meta property=\"og:site_name\" content=\"THR Industrial Supplies\" \/>\n<meta property=\"article:modified_time\" content=\"2024-07-02T00:54:03+00:00\" \/>\n<meta property=\"og:image\" content=\"https:\/\/thr.tools\/wp-content\/uploads\/2024\/06\/B-36_1200x1200.jpg\" \/>\n\t<meta property=\"og:image:width\" content=\"1200\" \/>\n\t<meta property=\"og:image:height\" content=\"1200\" \/>\n\t<meta property=\"og:image:type\" content=\"image\/jpeg\" \/>\n<meta name=\"twitter:card\" content=\"summary_large_image\" \/>\n<script type=\"application\/ld+json\" class=\"yoast-schema-graph\">{\"@context\":\"https:\/\/schema.org\",\"@graph\":[{\"@type\":\"WebPage\",\"@id\":\"https:\/\/thr.tools\/es\/product\/b-36\/\",\"url\":\"https:\/\/thr.tools\/es\/product\/b-36\/\",\"name\":\"Pistola de Engrase Neum\u00e1tica de 400ml&frasl;min - Opci\u00f3n de Cartucho de 414cc - THR Industrial Supplies\",\"isPartOf\":{\"@id\":\"https:\/\/thr.tools\/es\/#website\"},\"primaryImageOfPage\":{\"@id\":\"https:\/\/thr.tools\/es\/product\/b-36\/#primaryimage\"},\"image\":{\"@id\":\"https:\/\/thr.tools\/es\/product\/b-36\/#primaryimage\"},\"thumbnailUrl\":\"https:\/\/thr.tools\/wp-content\/uploads\/2024\/06\/B-36_1200x1200.jpg\",\"datePublished\":\"2024-06-30T02:52:28+00:00\",\"dateModified\":\"2024-07-02T00:54:03+00:00\",\"breadcrumb\":{\"@id\":\"https:\/\/thr.tools\/es\/product\/b-36\/#breadcrumb\"},\"inLanguage\":\"es\",\"potentialAction\":[{\"@type\":\"ReadAction\",\"target\":[\"https:\/\/thr.tools\/es\/product\/b-36\/\"]}]},{\"@type\":\"ImageObject\",\"inLanguage\":\"es\",\"@id\":\"https:\/\/thr.tools\/es\/product\/b-36\/#primaryimage\",\"url\":\"https:\/\/thr.tools\/wp-content\/uploads\/2024\/06\/B-36_1200x1200.jpg\",\"contentUrl\":\"https:\/\/thr.tools\/wp-content\/uploads\/2024\/06\/B-36_1200x1200.jpg\",\"width\":1200,\"height\":1200},{\"@type\":\"BreadcrumbList\",\"@id\":\"https:\/\/thr.tools\/es\/product\/b-36\/#breadcrumb\",\"itemListElement\":[{\"@type\":\"ListItem\",\"position\":1,\"name\":\"Home\",\"item\":\"https:\/\/thr.tools\/es\/\"},{\"@type\":\"ListItem\",\"position\":2,\"name\":\"Store\",\"item\":\"https:\/\/thr.tools\/store\/\"},{\"@type\":\"ListItem\",\"position\":3,\"name\":\"Pistola de Engrase Neum\u00e1tica de 400ml&frasl;min &#8211; Opci\u00f3n de Cartucho de 414cc\"}]},{\"@type\":\"WebSite\",\"@id\":\"https:\/\/thr.tools\/es\/#website\",\"url\":\"https:\/\/thr.tools\/es\/\",\"name\":\"THR Industrial Supplies | Air Compressors & Tools\",\"description\":\"OEM, ODM Air Equipment Supplier\",\"publisher\":{\"@id\":\"https:\/\/thr.tools\/es\/#organization\"},\"alternateName\":\"THR Industrial Supplies | Compresores de Aire y Herramientas\",\"potentialAction\":[{\"@type\":\"SearchAction\",\"target\":{\"@type\":\"EntryPoint\",\"urlTemplate\":\"https:\/\/thr.tools\/es\/?s={search_term_string}\"},\"query-input\":{\"@type\":\"PropertyValueSpecification\",\"valueRequired\":true,\"valueName\":\"search_term_string\"}}],\"inLanguage\":\"es\"},{\"@type\":\"Organization\",\"@id\":\"https:\/\/thr.tools\/es\/#organization\",\"name\":\"THR Electronics LLC\",\"url\":\"https:\/\/thr.tools\/es\/\",\"logo\":{\"@type\":\"ImageObject\",\"inLanguage\":\"es\",\"@id\":\"https:\/\/thr.tools\/es\/#\/schema\/logo\/image\/\",\"url\":\"https:\/\/thr.tools\/wp-content\/uploads\/2023\/07\/cropped-favicon-thr-logo-512x512-1.png\",\"contentUrl\":\"https:\/\/thr.tools\/wp-content\/uploads\/2023\/07\/cropped-favicon-thr-logo-512x512-1.png\",\"width\":815,\"height\":814,\"caption\":\"THR Electronics LLC\"},\"image\":{\"@id\":\"https:\/\/thr.tools\/es\/#\/schema\/logo\/image\/\"}}]}<\/script>\n<!-- \/ Yoast SEO plugin. -->","yoast_head_json":{"title":"Pistola de Engrase Neum\u00e1tica de 400ml&frasl;min - Opci\u00f3n de Cartucho de 414cc - THR Industrial Supplies","robots":{"index":"index","follow":"follow","max-snippet":"max-snippet:-1","max-image-preview":"max-image-preview:large","max-video-preview":"max-video-preview:-1"},"canonical":"https:\/\/thr.tools\/es\/product\/b-36\/","og_locale":"es_ES","og_type":"article","og_title":"Pistola de Engrase Neum\u00e1tica de 400ml&frasl;min - Opci\u00f3n de Cartucho de 414cc - THR Industrial Supplies","og_description":"Presentamos la nueva Pistola de Grasa de Aire, dise\u00f1ada para un uso conveniente y eficiente en prop\u00f3sitos generales. Esta herramienta vers\u00e1til cuenta con una alta tasa de alimentaci\u00f3n de 400ml&frasl;min, garantizando una aplicaci\u00f3n suave y consistente en todo momento. Ya sea que est\u00e9s trabajando en un peque\u00f1o proyecto dom\u00e9stico o un trabajo comercial m\u00e1s grande, esta pistola de grasa es la soluci\u00f3n perfecta para todas tus necesidades de lubricaci\u00f3n. Con su dise\u00f1o compacto y f\u00e1cil de usar, la Pistola de Grasa de Aire es un complemento imprescindible para cualquier kit de herramientas.  \u00bfBuscas opciones personalizables? La Pistola de Grasa de Aire ofrece la opci\u00f3n de usar cartuchos de 414cc, lo que te permite elegir el tama\u00f1o que mejor se adapte a tu aplicaci\u00f3n espec\u00edfica. Adem\u00e1s, con su mecanismo de aire, esta pistola de grasa proporciona una fuerza s\u00f3lida y constante, lo que la hace perfecta para un uso intensivo. Di adi\u00f3s a los procesos de engrase manuales desordenados y que consumen tiempo, y saluda a la conveniencia y precisi\u00f3n de la Pistola de Grasa de Aire. No esperes m\u00e1s, obt\u00e9n la tuya hoy y experimenta la facilidad de engrasar con este producto de primera calidad.","og_url":"https:\/\/thr.tools\/es\/product\/b-36\/","og_site_name":"THR Industrial Supplies","article_modified_time":"2024-07-02T00:54:03+00:00","og_image":[{"width":1200,"height":1200,"url":"https:\/\/thr.tools\/wp-content\/uploads\/2024\/06\/B-36_1200x1200.jpg","type":"image\/jpeg"}],"twitter_card":"summary_large_image","schema":{"@context":"https:\/\/schema.org","@graph":[{"@type":"WebPage","@id":"https:\/\/thr.tools\/es\/product\/b-36\/","url":"https:\/\/thr.tools\/es\/product\/b-36\/","name":"Pistola de Engrase Neum\u00e1tica de 400ml&frasl;min - Opci\u00f3n de Cartucho de 414cc - THR Industrial Supplies","isPartOf":{"@id":"https:\/\/thr.tools\/es\/#website"},"primaryImageOfPage":{"@id":"https:\/\/thr.tools\/es\/product\/b-36\/#primaryimage"},"image":{"@id":"https:\/\/thr.tools\/es\/product\/b-36\/#primaryimage"},"thumbnailUrl":"https:\/\/thr.tools\/wp-content\/uploads\/2024\/06\/B-36_1200x1200.jpg","datePublished":"2024-06-30T02:52:28+00:00","dateModified":"2024-07-02T00:54:03+00:00","breadcrumb":{"@id":"https:\/\/thr.tools\/es\/product\/b-36\/#breadcrumb"},"inLanguage":"es","potentialAction":[{"@type":"ReadAction","target":["https:\/\/thr.tools\/es\/product\/b-36\/"]}]},{"@type":"ImageObject","inLanguage":"es","@id":"https:\/\/thr.tools\/es\/product\/b-36\/#primaryimage","url":"https:\/\/thr.tools\/wp-content\/uploads\/2024\/06\/B-36_1200x1200.jpg","contentUrl":"https:\/\/thr.tools\/wp-content\/uploads\/2024\/06\/B-36_1200x1200.jpg","width":1200,"height":1200},{"@type":"BreadcrumbList","@id":"https:\/\/thr.tools\/es\/product\/b-36\/#breadcrumb","itemListElement":[{"@type":"ListItem","position":1,"name":"Home","item":"https:\/\/thr.tools\/es\/"},{"@type":"ListItem","position":2,"name":"Store","item":"https:\/\/thr.tools\/store\/"},{"@type":"ListItem","position":3,"name":"Pistola de Engrase Neum\u00e1tica de 400ml&frasl;min &#8211; Opci\u00f3n de Cartucho de 414cc"}]},{"@type":"WebSite","@id":"https:\/\/thr.tools\/es\/#website","url":"https:\/\/thr.tools\/es\/","name":"THR Industrial Supplies | Air Compressors & Tools","description":"OEM, ODM Air Equipment Supplier","publisher":{"@id":"https:\/\/thr.tools\/es\/#organization"},"alternateName":"THR Industrial Supplies | Compresores de Aire y Herramientas","potentialAction":[{"@type":"SearchAction","target":{"@type":"EntryPoint","urlTemplate":"https:\/\/thr.tools\/es\/?s={search_term_string}"},"query-input":{"@type":"PropertyValueSpecification","valueRequired":true,"valueName":"search_term_string"}}],"inLanguage":"es"},{"@type":"Organization","@id":"https:\/\/thr.tools\/es\/#organization","name":"THR Electronics LLC","url":"https:\/\/thr.tools\/es\/","logo":{"@type":"ImageObject","inLanguage":"es","@id":"https:\/\/thr.tools\/es\/#\/schema\/logo\/image\/","url":"https:\/\/thr.tools\/wp-content\/uploads\/2023\/07\/cropped-favicon-thr-logo-512x512-1.png","contentUrl":"https:\/\/thr.tools\/wp-content\/uploads\/2023\/07\/cropped-favicon-thr-logo-512x512-1.png","width":815,"height":814,"caption":"THR Electronics LLC"},"image":{"@id":"https:\/\/thr.tools\/es\/#\/schema\/logo\/image\/"}}]}},"_links":{"self":[{"href":"https:\/\/thr.tools\/es\/wp-json\/wp\/v2\/product\/8335","targetHints":{"allow":["GET"]}}],"collection":[{"href":"https:\/\/thr.tools\/es\/wp-json\/wp\/v2\/product"}],"about":[{"href":"https:\/\/thr.tools\/es\/wp-json\/wp\/v2\/types\/product"}],"version-history":[{"count":1,"href":"https:\/\/thr.tools\/es\/wp-json\/wp\/v2\/product\/8335\/revisions"}],"predecessor-version":[{"id":8829,"href":"https:\/\/thr.tools\/es\/wp-json\/wp\/v2\/product\/8335\/revisions\/8829"}],"wp:featuredmedia":[{"embeddable":true,"href":"https:\/\/thr.tools\/es\/wp-json\/wp\/v2\/media\/8248"}],"wp:attachment":[{"href":"https:\/\/thr.tools\/es\/wp-json\/wp\/v2\/media?parent=8335"}],"wp:term":[{"taxonomy":"product_brand","embeddable":true,"href":"https:\/\/thr.tools\/es\/wp-json\/wp\/v2\/product_brand?post=8335"},{"taxonomy":"product_cat","embeddable":true,"href":"https:\/\/thr.tools\/es\/wp-json\/wp\/v2\/product_cat?post=8335"},{"taxonomy":"product_tag","embeddable":true,"href":"https:\/\/thr.tools\/es\/wp-json\/wp\/v2\/product_tag?post=8335"}],"curies":[{"name":"wp","href":"https:\/\/api.w.org\/{rel}","templated":true}]}}