{"id":8330,"date":"2024-06-30T02:52:49","date_gmt":"2024-06-30T02:52:49","guid":{"rendered":"https:\/\/thr.tools\/product\/6-dual-action-orbital-air-sander-9000-rpm\/"},"modified":"2024-07-02T00:54:06","modified_gmt":"2024-07-02T00:54:06","slug":"s-15","status":"publish","type":"product","link":"https:\/\/thr.tools\/es\/product\/s-15\/","title":{"rendered":"Lijadora Neum\u00e1tica Orbital de Doble Acci\u00f3n de 152mm &#8211; 9000-RPM"},"content":{"rendered":"","protected":false},"excerpt":{"rendered":"<p>Presentamos el Lijador de Aire Orbital de Doble Acci\u00f3n, la herramienta definitiva para todas tus necesidades de lijado. Este vers\u00e1til lijador est\u00e1 dise\u00f1ado para uso general, por lo que es perfecto para cualquier proyecto de carpinter\u00eda, metalurgia o bricolaje. Con su dise\u00f1o compacto y ligero, el lijador es f\u00e1cil de manejar al tiempo que ofrece un rendimiento de lijado potente y eficiente. El tama\u00f1o circular de la almohadilla de 152mm permite un lijado preciso, mientras que el di\u00e1metro orbital de 5mm asegura una cobertura m\u00e1xima y un acabado suave. Y con una velocidad sin carga de 9000-RPM, puedes confiar en que este lijador har\u00e1 el trabajo r\u00e1pidamente y sin esfuerzo. Actualiza tu t\u00e9cnica de lijado con el Lijador de Aire Orbital de Doble Acci\u00f3n. <\/p>\n<p>Disfruta de la experiencia de lijado definitiva con nuestro Lijador de Aire Orbital de Doble Acci\u00f3n de primera calidad. Ya seas un profesional o un entusiasta del bricolaje, este lijador es el complemento perfecto para tu caja de herramientas. Su dise\u00f1o compacto y ligero lo hace muy f\u00e1cil de usar, mientras que su funci\u00f3n orbital de doble acci\u00f3n ofrece resultados de lijado excelentes. El tama\u00f1o circular de la almohadilla de 152mm permite un lijado preciso y detallado, mientras que el di\u00e1metro orbital de 5mm garantiza un lijado eficiente y efectivo en cualquier superficie. Y con una potente velocidad sin carga de 9000-RPM, puedes abordar cualquier tarea de lijado con facilidad y precisi\u00f3n. Elige el Lijador de Aire Orbital de Doble Acci\u00f3n para todas tus necesidades de lijado y experimenta la diferencia que hace. <\/p>\n","protected":false},"featured_media":8263,"template":"","meta":{"site-sidebar-layout":"default","site-content-layout":"","ast-site-content-layout":"default","site-content-style":"default","site-sidebar-style":"default","ast-global-header-display":"","ast-banner-title-visibility":"","ast-main-header-display":"","ast-hfb-above-header-display":"","ast-hfb-below-header-display":"","ast-hfb-mobile-header-display":"","site-post-title":"","ast-breadcrumbs-content":"","ast-featured-img":"","footer-sml-layout":"","ast-disable-related-posts":"","theme-transparent-header-meta":"","adv-header-id-meta":"","stick-header-meta":"","header-above-stick-meta":"","header-main-stick-meta":"","header-below-stick-meta":"","astra-migrate-meta-layouts":"default","ast-page-background-enabled":"default","ast-page-background-meta":{"desktop":{"background-color":"","background-image":"","background-repeat":"repeat","background-position":"center center","background-size":"auto","background-attachment":"scroll","background-type":"","background-media":"","overlay-type":"","overlay-color":"","overlay-opacity":"","overlay-gradient":""},"tablet":{"background-color":"","background-image":"","background-repeat":"repeat","background-position":"center center","background-size":"auto","background-attachment":"scroll","background-type":"","background-media":"","overlay-type":"","overlay-color":"","overlay-opacity":"","overlay-gradient":""},"mobile":{"background-color":"","background-image":"","background-repeat":"repeat","background-position":"center center","background-size":"auto","background-attachment":"scroll","background-type":"","background-media":"","overlay-type":"","overlay-color":"","overlay-opacity":"","overlay-gradient":""}},"ast-content-background-meta":{"desktop":{"background-color":"var(--ast-global-color-5)","background-image":"","background-repeat":"repeat","background-position":"center center","background-size":"auto","background-attachment":"scroll","background-type":"","background-media":"","overlay-type":"","overlay-color":"","overlay-opacity":"","overlay-gradient":""},"tablet":{"background-color":"var(--ast-global-color-5)","background-image":"","background-repeat":"repeat","background-position":"center center","background-size":"auto","background-attachment":"scroll","background-type":"","background-media":"","overlay-type":"","overlay-color":"","overlay-opacity":"","overlay-gradient":""},"mobile":{"background-color":"var(--ast-global-color-5)","background-image":"","background-repeat":"repeat","background-position":"center center","background-size":"auto","background-attachment":"scroll","background-type":"","background-media":"","overlay-type":"","overlay-color":"","overlay-opacity":"","overlay-gradient":""}}},"product_brand":[],"product_cat":[575,565,569],"product_tag":[],"class_list":{"0":"post-8330","1":"product","2":"type-product","3":"status-publish","4":"has-post-thumbnail","6":"product_cat-amoladoras-y-lijadoras","7":"product_cat-herramientas","8":"product_cat-neumaticas","9":"desktop-align-left","10":"tablet-align-left","11":"mobile-align-left","13":"first","14":"instock","15":"shipping-taxable","16":"purchasable","17":"product-type-simple"},"yoast_head":"<!-- This site is optimized with the Yoast SEO plugin v26.7 - https:\/\/yoast.com\/wordpress\/plugins\/seo\/ -->\n<title>Lijadora Neum\u00e1tica Orbital de Doble Acci\u00f3n de 152mm - 9000-RPM - THR Industrial Supplies<\/title>\n<meta name=\"robots\" content=\"index, follow, max-snippet:-1, max-image-preview:large, max-video-preview:-1\" \/>\n<link rel=\"canonical\" href=\"https:\/\/thr.tools\/es\/product\/s-15\/\" \/>\n<meta property=\"og:locale\" content=\"es_ES\" \/>\n<meta property=\"og:type\" content=\"article\" \/>\n<meta property=\"og:title\" content=\"Lijadora Neum\u00e1tica Orbital de Doble Acci\u00f3n de 152mm - 9000-RPM - THR Industrial Supplies\" \/>\n<meta property=\"og:description\" content=\"Presentamos el Lijador de Aire Orbital de Doble Acci\u00f3n, la herramienta definitiva para todas tus necesidades de lijado. Este vers\u00e1til lijador est\u00e1 dise\u00f1ado para uso general, por lo que es perfecto para cualquier proyecto de carpinter\u00eda, metalurgia o bricolaje. Con su dise\u00f1o compacto y ligero, el lijador es f\u00e1cil de manejar al tiempo que ofrece un rendimiento de lijado potente y eficiente. El tama\u00f1o circular de la almohadilla de 152mm permite un lijado preciso, mientras que el di\u00e1metro orbital de 5mm asegura una cobertura m\u00e1xima y un acabado suave. Y con una velocidad sin carga de 9000-RPM, puedes confiar en que este lijador har\u00e1 el trabajo r\u00e1pidamente y sin esfuerzo. Actualiza tu t\u00e9cnica de lijado con el Lijador de Aire Orbital de Doble Acci\u00f3n.  Disfruta de la experiencia de lijado definitiva con nuestro Lijador de Aire Orbital de Doble Acci\u00f3n de primera calidad. Ya seas un profesional o un entusiasta del bricolaje, este lijador es el complemento perfecto para tu caja de herramientas. Su dise\u00f1o compacto y ligero lo hace muy f\u00e1cil de usar, mientras que su funci\u00f3n orbital de doble acci\u00f3n ofrece resultados de lijado excelentes. El tama\u00f1o circular de la almohadilla de 152mm permite un lijado preciso y detallado, mientras que el di\u00e1metro orbital de 5mm garantiza un lijado eficiente y efectivo en cualquier superficie. Y con una potente velocidad sin carga de 9000-RPM, puedes abordar cualquier tarea de lijado con facilidad y precisi\u00f3n. Elige el Lijador de Aire Orbital de Doble Acci\u00f3n para todas tus necesidades de lijado y experimenta la diferencia que hace.\" \/>\n<meta property=\"og:url\" content=\"https:\/\/thr.tools\/es\/product\/s-15\/\" \/>\n<meta property=\"og:site_name\" content=\"THR Industrial Supplies\" \/>\n<meta property=\"article:modified_time\" content=\"2024-07-02T00:54:06+00:00\" \/>\n<meta property=\"og:image\" content=\"https:\/\/thr.tools\/wp-content\/uploads\/2024\/06\/S-15_1200x1200.jpg\" \/>\n\t<meta property=\"og:image:width\" content=\"1200\" \/>\n\t<meta property=\"og:image:height\" content=\"1200\" \/>\n\t<meta property=\"og:image:type\" content=\"image\/jpeg\" \/>\n<meta name=\"twitter:card\" content=\"summary_large_image\" \/>\n<script type=\"application\/ld+json\" class=\"yoast-schema-graph\">{\"@context\":\"https:\/\/schema.org\",\"@graph\":[{\"@type\":\"WebPage\",\"@id\":\"https:\/\/thr.tools\/es\/product\/s-15\/\",\"url\":\"https:\/\/thr.tools\/es\/product\/s-15\/\",\"name\":\"Lijadora Neum\u00e1tica Orbital de Doble Acci\u00f3n de 152mm - 9000-RPM - THR Industrial Supplies\",\"isPartOf\":{\"@id\":\"https:\/\/thr.tools\/es\/#website\"},\"primaryImageOfPage\":{\"@id\":\"https:\/\/thr.tools\/es\/product\/s-15\/#primaryimage\"},\"image\":{\"@id\":\"https:\/\/thr.tools\/es\/product\/s-15\/#primaryimage\"},\"thumbnailUrl\":\"https:\/\/thr.tools\/wp-content\/uploads\/2024\/06\/S-15_1200x1200.jpg\",\"datePublished\":\"2024-06-30T02:52:49+00:00\",\"dateModified\":\"2024-07-02T00:54:06+00:00\",\"breadcrumb\":{\"@id\":\"https:\/\/thr.tools\/es\/product\/s-15\/#breadcrumb\"},\"inLanguage\":\"es\",\"potentialAction\":[{\"@type\":\"ReadAction\",\"target\":[\"https:\/\/thr.tools\/es\/product\/s-15\/\"]}]},{\"@type\":\"ImageObject\",\"inLanguage\":\"es\",\"@id\":\"https:\/\/thr.tools\/es\/product\/s-15\/#primaryimage\",\"url\":\"https:\/\/thr.tools\/wp-content\/uploads\/2024\/06\/S-15_1200x1200.jpg\",\"contentUrl\":\"https:\/\/thr.tools\/wp-content\/uploads\/2024\/06\/S-15_1200x1200.jpg\",\"width\":1200,\"height\":1200},{\"@type\":\"BreadcrumbList\",\"@id\":\"https:\/\/thr.tools\/es\/product\/s-15\/#breadcrumb\",\"itemListElement\":[{\"@type\":\"ListItem\",\"position\":1,\"name\":\"Home\",\"item\":\"https:\/\/thr.tools\/es\/\"},{\"@type\":\"ListItem\",\"position\":2,\"name\":\"Store\",\"item\":\"https:\/\/thr.tools\/store\/\"},{\"@type\":\"ListItem\",\"position\":3,\"name\":\"Lijadora Neum\u00e1tica Orbital de Doble Acci\u00f3n de 152mm &#8211; 9000-RPM\"}]},{\"@type\":\"WebSite\",\"@id\":\"https:\/\/thr.tools\/es\/#website\",\"url\":\"https:\/\/thr.tools\/es\/\",\"name\":\"THR Industrial Supplies | Air Compressors & Tools\",\"description\":\"OEM, ODM Air Equipment Supplier\",\"publisher\":{\"@id\":\"https:\/\/thr.tools\/es\/#organization\"},\"alternateName\":\"THR Industrial Supplies | Compresores de Aire y Herramientas\",\"potentialAction\":[{\"@type\":\"SearchAction\",\"target\":{\"@type\":\"EntryPoint\",\"urlTemplate\":\"https:\/\/thr.tools\/es\/?s={search_term_string}\"},\"query-input\":{\"@type\":\"PropertyValueSpecification\",\"valueRequired\":true,\"valueName\":\"search_term_string\"}}],\"inLanguage\":\"es\"},{\"@type\":\"Organization\",\"@id\":\"https:\/\/thr.tools\/es\/#organization\",\"name\":\"THR Electronics LLC\",\"url\":\"https:\/\/thr.tools\/es\/\",\"logo\":{\"@type\":\"ImageObject\",\"inLanguage\":\"es\",\"@id\":\"https:\/\/thr.tools\/es\/#\/schema\/logo\/image\/\",\"url\":\"https:\/\/thr.tools\/wp-content\/uploads\/2023\/07\/cropped-favicon-thr-logo-512x512-1.png\",\"contentUrl\":\"https:\/\/thr.tools\/wp-content\/uploads\/2023\/07\/cropped-favicon-thr-logo-512x512-1.png\",\"width\":815,\"height\":814,\"caption\":\"THR Electronics LLC\"},\"image\":{\"@id\":\"https:\/\/thr.tools\/es\/#\/schema\/logo\/image\/\"}}]}<\/script>\n<!-- \/ Yoast SEO plugin. -->","yoast_head_json":{"title":"Lijadora Neum\u00e1tica Orbital de Doble Acci\u00f3n de 152mm - 9000-RPM - THR Industrial Supplies","robots":{"index":"index","follow":"follow","max-snippet":"max-snippet:-1","max-image-preview":"max-image-preview:large","max-video-preview":"max-video-preview:-1"},"canonical":"https:\/\/thr.tools\/es\/product\/s-15\/","og_locale":"es_ES","og_type":"article","og_title":"Lijadora Neum\u00e1tica Orbital de Doble Acci\u00f3n de 152mm - 9000-RPM - THR Industrial Supplies","og_description":"Presentamos el Lijador de Aire Orbital de Doble Acci\u00f3n, la herramienta definitiva para todas tus necesidades de lijado. Este vers\u00e1til lijador est\u00e1 dise\u00f1ado para uso general, por lo que es perfecto para cualquier proyecto de carpinter\u00eda, metalurgia o bricolaje. Con su dise\u00f1o compacto y ligero, el lijador es f\u00e1cil de manejar al tiempo que ofrece un rendimiento de lijado potente y eficiente. El tama\u00f1o circular de la almohadilla de 152mm permite un lijado preciso, mientras que el di\u00e1metro orbital de 5mm asegura una cobertura m\u00e1xima y un acabado suave. Y con una velocidad sin carga de 9000-RPM, puedes confiar en que este lijador har\u00e1 el trabajo r\u00e1pidamente y sin esfuerzo. Actualiza tu t\u00e9cnica de lijado con el Lijador de Aire Orbital de Doble Acci\u00f3n.  Disfruta de la experiencia de lijado definitiva con nuestro Lijador de Aire Orbital de Doble Acci\u00f3n de primera calidad. Ya seas un profesional o un entusiasta del bricolaje, este lijador es el complemento perfecto para tu caja de herramientas. Su dise\u00f1o compacto y ligero lo hace muy f\u00e1cil de usar, mientras que su funci\u00f3n orbital de doble acci\u00f3n ofrece resultados de lijado excelentes. El tama\u00f1o circular de la almohadilla de 152mm permite un lijado preciso y detallado, mientras que el di\u00e1metro orbital de 5mm garantiza un lijado eficiente y efectivo en cualquier superficie. Y con una potente velocidad sin carga de 9000-RPM, puedes abordar cualquier tarea de lijado con facilidad y precisi\u00f3n. Elige el Lijador de Aire Orbital de Doble Acci\u00f3n para todas tus necesidades de lijado y experimenta la diferencia que hace.","og_url":"https:\/\/thr.tools\/es\/product\/s-15\/","og_site_name":"THR Industrial Supplies","article_modified_time":"2024-07-02T00:54:06+00:00","og_image":[{"width":1200,"height":1200,"url":"https:\/\/thr.tools\/wp-content\/uploads\/2024\/06\/S-15_1200x1200.jpg","type":"image\/jpeg"}],"twitter_card":"summary_large_image","schema":{"@context":"https:\/\/schema.org","@graph":[{"@type":"WebPage","@id":"https:\/\/thr.tools\/es\/product\/s-15\/","url":"https:\/\/thr.tools\/es\/product\/s-15\/","name":"Lijadora Neum\u00e1tica Orbital de Doble Acci\u00f3n de 152mm - 9000-RPM - THR Industrial Supplies","isPartOf":{"@id":"https:\/\/thr.tools\/es\/#website"},"primaryImageOfPage":{"@id":"https:\/\/thr.tools\/es\/product\/s-15\/#primaryimage"},"image":{"@id":"https:\/\/thr.tools\/es\/product\/s-15\/#primaryimage"},"thumbnailUrl":"https:\/\/thr.tools\/wp-content\/uploads\/2024\/06\/S-15_1200x1200.jpg","datePublished":"2024-06-30T02:52:49+00:00","dateModified":"2024-07-02T00:54:06+00:00","breadcrumb":{"@id":"https:\/\/thr.tools\/es\/product\/s-15\/#breadcrumb"},"inLanguage":"es","potentialAction":[{"@type":"ReadAction","target":["https:\/\/thr.tools\/es\/product\/s-15\/"]}]},{"@type":"ImageObject","inLanguage":"es","@id":"https:\/\/thr.tools\/es\/product\/s-15\/#primaryimage","url":"https:\/\/thr.tools\/wp-content\/uploads\/2024\/06\/S-15_1200x1200.jpg","contentUrl":"https:\/\/thr.tools\/wp-content\/uploads\/2024\/06\/S-15_1200x1200.jpg","width":1200,"height":1200},{"@type":"BreadcrumbList","@id":"https:\/\/thr.tools\/es\/product\/s-15\/#breadcrumb","itemListElement":[{"@type":"ListItem","position":1,"name":"Home","item":"https:\/\/thr.tools\/es\/"},{"@type":"ListItem","position":2,"name":"Store","item":"https:\/\/thr.tools\/store\/"},{"@type":"ListItem","position":3,"name":"Lijadora Neum\u00e1tica Orbital de Doble Acci\u00f3n de 152mm &#8211; 9000-RPM"}]},{"@type":"WebSite","@id":"https:\/\/thr.tools\/es\/#website","url":"https:\/\/thr.tools\/es\/","name":"THR Industrial Supplies | Air Compressors & Tools","description":"OEM, ODM Air Equipment Supplier","publisher":{"@id":"https:\/\/thr.tools\/es\/#organization"},"alternateName":"THR Industrial Supplies | Compresores de Aire y Herramientas","potentialAction":[{"@type":"SearchAction","target":{"@type":"EntryPoint","urlTemplate":"https:\/\/thr.tools\/es\/?s={search_term_string}"},"query-input":{"@type":"PropertyValueSpecification","valueRequired":true,"valueName":"search_term_string"}}],"inLanguage":"es"},{"@type":"Organization","@id":"https:\/\/thr.tools\/es\/#organization","name":"THR Electronics LLC","url":"https:\/\/thr.tools\/es\/","logo":{"@type":"ImageObject","inLanguage":"es","@id":"https:\/\/thr.tools\/es\/#\/schema\/logo\/image\/","url":"https:\/\/thr.tools\/wp-content\/uploads\/2023\/07\/cropped-favicon-thr-logo-512x512-1.png","contentUrl":"https:\/\/thr.tools\/wp-content\/uploads\/2023\/07\/cropped-favicon-thr-logo-512x512-1.png","width":815,"height":814,"caption":"THR Electronics LLC"},"image":{"@id":"https:\/\/thr.tools\/es\/#\/schema\/logo\/image\/"}}]}},"_links":{"self":[{"href":"https:\/\/thr.tools\/es\/wp-json\/wp\/v2\/product\/8330","targetHints":{"allow":["GET"]}}],"collection":[{"href":"https:\/\/thr.tools\/es\/wp-json\/wp\/v2\/product"}],"about":[{"href":"https:\/\/thr.tools\/es\/wp-json\/wp\/v2\/types\/product"}],"version-history":[{"count":1,"href":"https:\/\/thr.tools\/es\/wp-json\/wp\/v2\/product\/8330\/revisions"}],"predecessor-version":[{"id":8834,"href":"https:\/\/thr.tools\/es\/wp-json\/wp\/v2\/product\/8330\/revisions\/8834"}],"wp:featuredmedia":[{"embeddable":true,"href":"https:\/\/thr.tools\/es\/wp-json\/wp\/v2\/media\/8263"}],"wp:attachment":[{"href":"https:\/\/thr.tools\/es\/wp-json\/wp\/v2\/media?parent=8330"}],"wp:term":[{"taxonomy":"product_brand","embeddable":true,"href":"https:\/\/thr.tools\/es\/wp-json\/wp\/v2\/product_brand?post=8330"},{"taxonomy":"product_cat","embeddable":true,"href":"https:\/\/thr.tools\/es\/wp-json\/wp\/v2\/product_cat?post=8330"},{"taxonomy":"product_tag","embeddable":true,"href":"https:\/\/thr.tools\/es\/wp-json\/wp\/v2\/product_tag?post=8330"}],"curies":[{"name":"wp","href":"https:\/\/api.w.org\/{rel}","templated":true}]}}