{"id":8323,"date":"2024-06-30T02:53:17","date_gmt":"2024-06-30T02:53:17","guid":{"rendered":"https:\/\/thr.tools\/product\/air-angle-nailer-100-magazine-capacity\/"},"modified":"2024-07-02T00:54:11","modified_gmt":"2024-07-02T00:54:11","slug":"da-65","status":"publish","type":"product","link":"https:\/\/thr.tools\/es\/product\/da-65\/","title":{"rendered":"Clavadora de \u00c1ngulo Neum\u00e1tica &#8211; Capacidad de 100"},"content":{"rendered":"","protected":false},"excerpt":{"rendered":"<p>Presentamos el Clavador Angular de Aire: la herramienta imprescindible para cualquier proyecto de uso general. Este vers\u00e1til clavador es perfecto para una variedad de aplicaciones, desde construir muebles hasta construir una terraza en el patio trasero. Su dise\u00f1o compacto y su cabeza de \u00e1ngulo de 30 grados hacen que sea f\u00e1cil de maniobrar en espacios reducidos, al mismo tiempo que proporciona una colocaci\u00f3n potente y precisa de los clavos. <\/p>\n<p>Dise\u00f1ado para trabajar con una variedad de clavos, el Clavador Angular de Aire cuenta con un di\u00e1metro \u00fanico de 1,8mm, lo que permite la compatibilidad con una amplia gama de tama\u00f1os de clavos. El clavador tambi\u00e9n cuenta con una impresionante capacidad de 100 en su cargador, lo que le permite trabajar durante per\u00edodos m\u00e1s largos sin necesidad de recargar. Y con su capacidad para acomodar clavos de hasta 32~65 mm de longitud, este clavador es perfecto para cualquier proyecto, grande o peque\u00f1o. Actualice su conjunto de herramientas y haga el trabajo de manera eficiente y efectiva con el Clavador Angular de Aire.<\/p>\n","protected":false},"featured_media":8284,"template":"","meta":{"site-sidebar-layout":"default","site-content-layout":"","ast-site-content-layout":"default","site-content-style":"default","site-sidebar-style":"default","ast-global-header-display":"","ast-banner-title-visibility":"","ast-main-header-display":"","ast-hfb-above-header-display":"","ast-hfb-below-header-display":"","ast-hfb-mobile-header-display":"","site-post-title":"","ast-breadcrumbs-content":"","ast-featured-img":"","footer-sml-layout":"","ast-disable-related-posts":"","theme-transparent-header-meta":"","adv-header-id-meta":"","stick-header-meta":"","header-above-stick-meta":"","header-main-stick-meta":"","header-below-stick-meta":"","astra-migrate-meta-layouts":"default","ast-page-background-enabled":"default","ast-page-background-meta":{"desktop":{"background-color":"","background-image":"","background-repeat":"repeat","background-position":"center center","background-size":"auto","background-attachment":"scroll","background-type":"","background-media":"","overlay-type":"","overlay-color":"","overlay-opacity":"","overlay-gradient":""},"tablet":{"background-color":"","background-image":"","background-repeat":"repeat","background-position":"center center","background-size":"auto","background-attachment":"scroll","background-type":"","background-media":"","overlay-type":"","overlay-color":"","overlay-opacity":"","overlay-gradient":""},"mobile":{"background-color":"","background-image":"","background-repeat":"repeat","background-position":"center center","background-size":"auto","background-attachment":"scroll","background-type":"","background-media":"","overlay-type":"","overlay-color":"","overlay-opacity":"","overlay-gradient":""}},"ast-content-background-meta":{"desktop":{"background-color":"var(--ast-global-color-5)","background-image":"","background-repeat":"repeat","background-position":"center center","background-size":"auto","background-attachment":"scroll","background-type":"","background-media":"","overlay-type":"","overlay-color":"","overlay-opacity":"","overlay-gradient":""},"tablet":{"background-color":"var(--ast-global-color-5)","background-image":"","background-repeat":"repeat","background-position":"center center","background-size":"auto","background-attachment":"scroll","background-type":"","background-media":"","overlay-type":"","overlay-color":"","overlay-opacity":"","overlay-gradient":""},"mobile":{"background-color":"var(--ast-global-color-5)","background-image":"","background-repeat":"repeat","background-position":"center center","background-size":"auto","background-attachment":"scroll","background-type":"","background-media":"","overlay-type":"","overlay-color":"","overlay-opacity":"","overlay-gradient":""}}},"product_brand":[],"product_cat":[578,565,569],"product_tag":[],"class_list":{"0":"post-8323","1":"product","2":"type-product","3":"status-publish","4":"has-post-thumbnail","6":"product_cat-clavadoras-grapadoras-y-remachadoras","7":"product_cat-herramientas","8":"product_cat-neumaticas","9":"desktop-align-left","10":"tablet-align-left","11":"mobile-align-left","13":"first","14":"instock","15":"shipping-taxable","16":"purchasable","17":"product-type-simple"},"yoast_head":"<!-- This site is optimized with the Yoast SEO plugin v26.7 - https:\/\/yoast.com\/wordpress\/plugins\/seo\/ -->\n<title>Clavadora de \u00c1ngulo Neum\u00e1tica - Capacidad de 100 - THR Industrial Supplies<\/title>\n<meta name=\"robots\" content=\"index, follow, max-snippet:-1, max-image-preview:large, max-video-preview:-1\" \/>\n<link rel=\"canonical\" href=\"https:\/\/thr.tools\/es\/product\/da-65\/\" \/>\n<meta property=\"og:locale\" content=\"es_ES\" \/>\n<meta property=\"og:type\" content=\"article\" \/>\n<meta property=\"og:title\" content=\"Clavadora de \u00c1ngulo Neum\u00e1tica - Capacidad de 100 - THR Industrial Supplies\" \/>\n<meta property=\"og:description\" content=\"Presentamos el Clavador Angular de Aire: la herramienta imprescindible para cualquier proyecto de uso general. Este vers\u00e1til clavador es perfecto para una variedad de aplicaciones, desde construir muebles hasta construir una terraza en el patio trasero. Su dise\u00f1o compacto y su cabeza de \u00e1ngulo de 30 grados hacen que sea f\u00e1cil de maniobrar en espacios reducidos, al mismo tiempo que proporciona una colocaci\u00f3n potente y precisa de los clavos.    Dise\u00f1ado para trabajar con una variedad de clavos, el Clavador Angular de Aire cuenta con un di\u00e1metro \u00fanico de 1,8mm, lo que permite la compatibilidad con una amplia gama de tama\u00f1os de clavos. El clavador tambi\u00e9n cuenta con una impresionante capacidad de 100 en su cargador, lo que le permite trabajar durante per\u00edodos m\u00e1s largos sin necesidad de recargar. Y con su capacidad para acomodar clavos de hasta 32~65 mm de longitud, este clavador es perfecto para cualquier proyecto, grande o peque\u00f1o. Actualice su conjunto de herramientas y haga el trabajo de manera eficiente y efectiva con el Clavador Angular de Aire.\" \/>\n<meta property=\"og:url\" content=\"https:\/\/thr.tools\/es\/product\/da-65\/\" \/>\n<meta property=\"og:site_name\" content=\"THR Industrial Supplies\" \/>\n<meta property=\"article:modified_time\" content=\"2024-07-02T00:54:11+00:00\" \/>\n<meta property=\"og:image\" content=\"https:\/\/thr.tools\/wp-content\/uploads\/2024\/06\/DA-65_1200x1200.jpg\" \/>\n\t<meta property=\"og:image:width\" content=\"1200\" \/>\n\t<meta property=\"og:image:height\" content=\"1200\" \/>\n\t<meta property=\"og:image:type\" content=\"image\/jpeg\" \/>\n<meta name=\"twitter:card\" content=\"summary_large_image\" \/>\n<script type=\"application\/ld+json\" class=\"yoast-schema-graph\">{\"@context\":\"https:\/\/schema.org\",\"@graph\":[{\"@type\":\"WebPage\",\"@id\":\"https:\/\/thr.tools\/es\/product\/da-65\/\",\"url\":\"https:\/\/thr.tools\/es\/product\/da-65\/\",\"name\":\"Clavadora de \u00c1ngulo Neum\u00e1tica - Capacidad de 100 - THR Industrial Supplies\",\"isPartOf\":{\"@id\":\"https:\/\/thr.tools\/es\/#website\"},\"primaryImageOfPage\":{\"@id\":\"https:\/\/thr.tools\/es\/product\/da-65\/#primaryimage\"},\"image\":{\"@id\":\"https:\/\/thr.tools\/es\/product\/da-65\/#primaryimage\"},\"thumbnailUrl\":\"https:\/\/thr.tools\/wp-content\/uploads\/2024\/06\/DA-65_1200x1200.jpg\",\"datePublished\":\"2024-06-30T02:53:17+00:00\",\"dateModified\":\"2024-07-02T00:54:11+00:00\",\"breadcrumb\":{\"@id\":\"https:\/\/thr.tools\/es\/product\/da-65\/#breadcrumb\"},\"inLanguage\":\"es\",\"potentialAction\":[{\"@type\":\"ReadAction\",\"target\":[\"https:\/\/thr.tools\/es\/product\/da-65\/\"]}]},{\"@type\":\"ImageObject\",\"inLanguage\":\"es\",\"@id\":\"https:\/\/thr.tools\/es\/product\/da-65\/#primaryimage\",\"url\":\"https:\/\/thr.tools\/wp-content\/uploads\/2024\/06\/DA-65_1200x1200.jpg\",\"contentUrl\":\"https:\/\/thr.tools\/wp-content\/uploads\/2024\/06\/DA-65_1200x1200.jpg\",\"width\":1200,\"height\":1200},{\"@type\":\"BreadcrumbList\",\"@id\":\"https:\/\/thr.tools\/es\/product\/da-65\/#breadcrumb\",\"itemListElement\":[{\"@type\":\"ListItem\",\"position\":1,\"name\":\"Home\",\"item\":\"https:\/\/thr.tools\/es\/\"},{\"@type\":\"ListItem\",\"position\":2,\"name\":\"Store\",\"item\":\"https:\/\/thr.tools\/store\/\"},{\"@type\":\"ListItem\",\"position\":3,\"name\":\"Clavadora de \u00c1ngulo Neum\u00e1tica &#8211; Capacidad de 100\"}]},{\"@type\":\"WebSite\",\"@id\":\"https:\/\/thr.tools\/es\/#website\",\"url\":\"https:\/\/thr.tools\/es\/\",\"name\":\"THR Industrial Supplies | Air Compressors & Tools\",\"description\":\"OEM, ODM Air Equipment Supplier\",\"publisher\":{\"@id\":\"https:\/\/thr.tools\/es\/#organization\"},\"alternateName\":\"THR Industrial Supplies | Compresores de Aire y Herramientas\",\"potentialAction\":[{\"@type\":\"SearchAction\",\"target\":{\"@type\":\"EntryPoint\",\"urlTemplate\":\"https:\/\/thr.tools\/es\/?s={search_term_string}\"},\"query-input\":{\"@type\":\"PropertyValueSpecification\",\"valueRequired\":true,\"valueName\":\"search_term_string\"}}],\"inLanguage\":\"es\"},{\"@type\":\"Organization\",\"@id\":\"https:\/\/thr.tools\/es\/#organization\",\"name\":\"THR Electronics LLC\",\"url\":\"https:\/\/thr.tools\/es\/\",\"logo\":{\"@type\":\"ImageObject\",\"inLanguage\":\"es\",\"@id\":\"https:\/\/thr.tools\/es\/#\/schema\/logo\/image\/\",\"url\":\"https:\/\/thr.tools\/wp-content\/uploads\/2023\/07\/cropped-favicon-thr-logo-512x512-1.png\",\"contentUrl\":\"https:\/\/thr.tools\/wp-content\/uploads\/2023\/07\/cropped-favicon-thr-logo-512x512-1.png\",\"width\":815,\"height\":814,\"caption\":\"THR Electronics LLC\"},\"image\":{\"@id\":\"https:\/\/thr.tools\/es\/#\/schema\/logo\/image\/\"}}]}<\/script>\n<!-- \/ Yoast SEO plugin. -->","yoast_head_json":{"title":"Clavadora de \u00c1ngulo Neum\u00e1tica - Capacidad de 100 - THR Industrial Supplies","robots":{"index":"index","follow":"follow","max-snippet":"max-snippet:-1","max-image-preview":"max-image-preview:large","max-video-preview":"max-video-preview:-1"},"canonical":"https:\/\/thr.tools\/es\/product\/da-65\/","og_locale":"es_ES","og_type":"article","og_title":"Clavadora de \u00c1ngulo Neum\u00e1tica - Capacidad de 100 - THR Industrial Supplies","og_description":"Presentamos el Clavador Angular de Aire: la herramienta imprescindible para cualquier proyecto de uso general. Este vers\u00e1til clavador es perfecto para una variedad de aplicaciones, desde construir muebles hasta construir una terraza en el patio trasero. Su dise\u00f1o compacto y su cabeza de \u00e1ngulo de 30 grados hacen que sea f\u00e1cil de maniobrar en espacios reducidos, al mismo tiempo que proporciona una colocaci\u00f3n potente y precisa de los clavos.    Dise\u00f1ado para trabajar con una variedad de clavos, el Clavador Angular de Aire cuenta con un di\u00e1metro \u00fanico de 1,8mm, lo que permite la compatibilidad con una amplia gama de tama\u00f1os de clavos. El clavador tambi\u00e9n cuenta con una impresionante capacidad de 100 en su cargador, lo que le permite trabajar durante per\u00edodos m\u00e1s largos sin necesidad de recargar. Y con su capacidad para acomodar clavos de hasta 32~65 mm de longitud, este clavador es perfecto para cualquier proyecto, grande o peque\u00f1o. Actualice su conjunto de herramientas y haga el trabajo de manera eficiente y efectiva con el Clavador Angular de Aire.","og_url":"https:\/\/thr.tools\/es\/product\/da-65\/","og_site_name":"THR Industrial Supplies","article_modified_time":"2024-07-02T00:54:11+00:00","og_image":[{"width":1200,"height":1200,"url":"https:\/\/thr.tools\/wp-content\/uploads\/2024\/06\/DA-65_1200x1200.jpg","type":"image\/jpeg"}],"twitter_card":"summary_large_image","schema":{"@context":"https:\/\/schema.org","@graph":[{"@type":"WebPage","@id":"https:\/\/thr.tools\/es\/product\/da-65\/","url":"https:\/\/thr.tools\/es\/product\/da-65\/","name":"Clavadora de \u00c1ngulo Neum\u00e1tica - Capacidad de 100 - THR Industrial Supplies","isPartOf":{"@id":"https:\/\/thr.tools\/es\/#website"},"primaryImageOfPage":{"@id":"https:\/\/thr.tools\/es\/product\/da-65\/#primaryimage"},"image":{"@id":"https:\/\/thr.tools\/es\/product\/da-65\/#primaryimage"},"thumbnailUrl":"https:\/\/thr.tools\/wp-content\/uploads\/2024\/06\/DA-65_1200x1200.jpg","datePublished":"2024-06-30T02:53:17+00:00","dateModified":"2024-07-02T00:54:11+00:00","breadcrumb":{"@id":"https:\/\/thr.tools\/es\/product\/da-65\/#breadcrumb"},"inLanguage":"es","potentialAction":[{"@type":"ReadAction","target":["https:\/\/thr.tools\/es\/product\/da-65\/"]}]},{"@type":"ImageObject","inLanguage":"es","@id":"https:\/\/thr.tools\/es\/product\/da-65\/#primaryimage","url":"https:\/\/thr.tools\/wp-content\/uploads\/2024\/06\/DA-65_1200x1200.jpg","contentUrl":"https:\/\/thr.tools\/wp-content\/uploads\/2024\/06\/DA-65_1200x1200.jpg","width":1200,"height":1200},{"@type":"BreadcrumbList","@id":"https:\/\/thr.tools\/es\/product\/da-65\/#breadcrumb","itemListElement":[{"@type":"ListItem","position":1,"name":"Home","item":"https:\/\/thr.tools\/es\/"},{"@type":"ListItem","position":2,"name":"Store","item":"https:\/\/thr.tools\/store\/"},{"@type":"ListItem","position":3,"name":"Clavadora de \u00c1ngulo Neum\u00e1tica &#8211; Capacidad de 100"}]},{"@type":"WebSite","@id":"https:\/\/thr.tools\/es\/#website","url":"https:\/\/thr.tools\/es\/","name":"THR Industrial Supplies | Air Compressors & Tools","description":"OEM, ODM Air Equipment Supplier","publisher":{"@id":"https:\/\/thr.tools\/es\/#organization"},"alternateName":"THR Industrial Supplies | Compresores de Aire y Herramientas","potentialAction":[{"@type":"SearchAction","target":{"@type":"EntryPoint","urlTemplate":"https:\/\/thr.tools\/es\/?s={search_term_string}"},"query-input":{"@type":"PropertyValueSpecification","valueRequired":true,"valueName":"search_term_string"}}],"inLanguage":"es"},{"@type":"Organization","@id":"https:\/\/thr.tools\/es\/#organization","name":"THR Electronics LLC","url":"https:\/\/thr.tools\/es\/","logo":{"@type":"ImageObject","inLanguage":"es","@id":"https:\/\/thr.tools\/es\/#\/schema\/logo\/image\/","url":"https:\/\/thr.tools\/wp-content\/uploads\/2023\/07\/cropped-favicon-thr-logo-512x512-1.png","contentUrl":"https:\/\/thr.tools\/wp-content\/uploads\/2023\/07\/cropped-favicon-thr-logo-512x512-1.png","width":815,"height":814,"caption":"THR Electronics LLC"},"image":{"@id":"https:\/\/thr.tools\/es\/#\/schema\/logo\/image\/"}}]}},"_links":{"self":[{"href":"https:\/\/thr.tools\/es\/wp-json\/wp\/v2\/product\/8323","targetHints":{"allow":["GET"]}}],"collection":[{"href":"https:\/\/thr.tools\/es\/wp-json\/wp\/v2\/product"}],"about":[{"href":"https:\/\/thr.tools\/es\/wp-json\/wp\/v2\/types\/product"}],"version-history":[{"count":1,"href":"https:\/\/thr.tools\/es\/wp-json\/wp\/v2\/product\/8323\/revisions"}],"predecessor-version":[{"id":8841,"href":"https:\/\/thr.tools\/es\/wp-json\/wp\/v2\/product\/8323\/revisions\/8841"}],"wp:featuredmedia":[{"embeddable":true,"href":"https:\/\/thr.tools\/es\/wp-json\/wp\/v2\/media\/8284"}],"wp:attachment":[{"href":"https:\/\/thr.tools\/es\/wp-json\/wp\/v2\/media?parent=8323"}],"wp:term":[{"taxonomy":"product_brand","embeddable":true,"href":"https:\/\/thr.tools\/es\/wp-json\/wp\/v2\/product_brand?post=8323"},{"taxonomy":"product_cat","embeddable":true,"href":"https:\/\/thr.tools\/es\/wp-json\/wp\/v2\/product_cat?post=8323"},{"taxonomy":"product_tag","embeddable":true,"href":"https:\/\/thr.tools\/es\/wp-json\/wp\/v2\/product_tag?post=8323"}],"curies":[{"name":"wp","href":"https:\/\/api.w.org\/{rel}","templated":true}]}}