{"id":8322,"date":"2024-06-30T02:53:21","date_gmt":"2024-06-30T02:53:21","guid":{"rendered":"https:\/\/thr.tools\/product\/34-deep-socket-set-metric-8-pieces\/"},"modified":"2024-07-02T00:54:11","modified_gmt":"2024-07-02T00:54:11","slug":"is-6001","status":"publish","type":"product","link":"https:\/\/thr.tools\/es\/product\/is-6001\/","title":{"rendered":"Juego de Llaves de Vaso Profundas de (M\u00e9trico) <sup>3<\/sup>&frasl;<sub>4<\/sub>&#x0022; &#8211; 8 piezas"},"content":{"rendered":"","protected":false},"excerpt":{"rendered":"<p>Presentaci\u00f3n de nuestro \u00faltimo producto, el Juego de Sockets Profundos dise\u00f1ado espec\u00edficamente para nuestra l\u00ednea de productos de llaves de aire y el\u00e9ctricas. Este vers\u00e1til juego es perfecto para cualquier mec\u00e1nico, entusiasta del bricolaje, o profesional que busque sockets de alta calidad para usar con sus llaves de aire y el\u00e9ctricas. Cada socket en el juego cuenta con un dise\u00f1o resistente que puede soportar el alto torque y la presi\u00f3n producidos por estas potentes herramientas. <\/p>\n<p>El juego incluye una variedad de tama\u00f1os, con opciones para tama\u00f1os de encaje de <sup>3<\/sup>&frasl;<sub>4<\/sub>&#x0022;, para adaptarse a una amplia gama de aplicaciones. Ya sea que est\u00e9 trabajando en pernos peque\u00f1os o grandes, este juego de sockets lo tiene cubierto. Y con un total de 8 sockets incluidos, tendr\u00e1 muchas opciones a su disposici\u00f3n. As\u00ed que actualice su caja de herramientas hoy mismo y experimente la eficiencia y conveniencia de nuestro Juego de Sockets Profundos para llaves de aire y el\u00e9ctricas.<\/p>\n","protected":false},"featured_media":8287,"template":"","meta":{"site-sidebar-layout":"default","site-content-layout":"","ast-site-content-layout":"default","site-content-style":"default","site-sidebar-style":"default","ast-global-header-display":"","ast-banner-title-visibility":"","ast-main-header-display":"","ast-hfb-above-header-display":"","ast-hfb-below-header-display":"","ast-hfb-mobile-header-display":"","site-post-title":"","ast-breadcrumbs-content":"","ast-featured-img":"","footer-sml-layout":"","ast-disable-related-posts":"","theme-transparent-header-meta":"","adv-header-id-meta":"","stick-header-meta":"","header-above-stick-meta":"","header-main-stick-meta":"","header-below-stick-meta":"","astra-migrate-meta-layouts":"default","ast-page-background-enabled":"default","ast-page-background-meta":{"desktop":{"background-color":"","background-image":"","background-repeat":"repeat","background-position":"center center","background-size":"auto","background-attachment":"scroll","background-type":"","background-media":"","overlay-type":"","overlay-color":"","overlay-opacity":"","overlay-gradient":""},"tablet":{"background-color":"","background-image":"","background-repeat":"repeat","background-position":"center center","background-size":"auto","background-attachment":"scroll","background-type":"","background-media":"","overlay-type":"","overlay-color":"","overlay-opacity":"","overlay-gradient":""},"mobile":{"background-color":"","background-image":"","background-repeat":"repeat","background-position":"center center","background-size":"auto","background-attachment":"scroll","background-type":"","background-media":"","overlay-type":"","overlay-color":"","overlay-opacity":"","overlay-gradient":""}},"ast-content-background-meta":{"desktop":{"background-color":"var(--ast-global-color-5)","background-image":"","background-repeat":"repeat","background-position":"center center","background-size":"auto","background-attachment":"scroll","background-type":"","background-media":"","overlay-type":"","overlay-color":"","overlay-opacity":"","overlay-gradient":""},"tablet":{"background-color":"var(--ast-global-color-5)","background-image":"","background-repeat":"repeat","background-position":"center center","background-size":"auto","background-attachment":"scroll","background-type":"","background-media":"","overlay-type":"","overlay-color":"","overlay-opacity":"","overlay-gradient":""},"mobile":{"background-color":"var(--ast-global-color-5)","background-image":"","background-repeat":"repeat","background-position":"center center","background-size":"auto","background-attachment":"scroll","background-type":"","background-media":"","overlay-type":"","overlay-color":"","overlay-opacity":"","overlay-gradient":""}}},"product_brand":[],"product_cat":[566,565],"product_tag":[],"class_list":{"0":"post-8322","1":"product","2":"type-product","3":"status-publish","4":"has-post-thumbnail","6":"product_cat-accesorios","7":"product_cat-herramientas","8":"desktop-align-left","9":"tablet-align-left","10":"mobile-align-left","12":"first","13":"instock","14":"shipping-taxable","15":"purchasable","16":"product-type-simple"},"yoast_head":"<!-- This site is optimized with the Yoast SEO plugin v26.7 - https:\/\/yoast.com\/wordpress\/plugins\/seo\/ -->\n<title>Juego de Llaves de Vaso Profundas de (M\u00e9trico) 3&frasl;4&#x22; - 8 piezas - THR Industrial Supplies<\/title>\n<meta name=\"robots\" content=\"index, follow, max-snippet:-1, max-image-preview:large, max-video-preview:-1\" \/>\n<link rel=\"canonical\" href=\"https:\/\/thr.tools\/es\/product\/is-6001\/\" \/>\n<meta property=\"og:locale\" content=\"es_ES\" \/>\n<meta property=\"og:type\" content=\"article\" \/>\n<meta property=\"og:title\" content=\"Juego de Llaves de Vaso Profundas de (M\u00e9trico) 3&frasl;4&#x22; - 8 piezas - THR Industrial Supplies\" \/>\n<meta property=\"og:description\" content=\"Presentaci\u00f3n de nuestro \u00faltimo producto, el Juego de Sockets Profundos dise\u00f1ado espec\u00edficamente para nuestra l\u00ednea de productos de llaves de aire y el\u00e9ctricas. Este vers\u00e1til juego es perfecto para cualquier mec\u00e1nico, entusiasta del bricolaje, o profesional que busque sockets de alta calidad para usar con sus llaves de aire y el\u00e9ctricas. Cada socket en el juego cuenta con un dise\u00f1o resistente que puede soportar el alto torque y la presi\u00f3n producidos por estas potentes herramientas.    El juego incluye una variedad de tama\u00f1os, con opciones para tama\u00f1os de encaje de 3&frasl;4&#x22;, para adaptarse a una amplia gama de aplicaciones. Ya sea que est\u00e9 trabajando en pernos peque\u00f1os o grandes, este juego de sockets lo tiene cubierto. Y con un total de 8 sockets incluidos, tendr\u00e1 muchas opciones a su disposici\u00f3n. As\u00ed que actualice su caja de herramientas hoy mismo y experimente la eficiencia y conveniencia de nuestro Juego de Sockets Profundos para llaves de aire y el\u00e9ctricas.\" \/>\n<meta property=\"og:url\" content=\"https:\/\/thr.tools\/es\/product\/is-6001\/\" \/>\n<meta property=\"og:site_name\" content=\"THR Industrial Supplies\" \/>\n<meta property=\"article:modified_time\" content=\"2024-07-02T00:54:11+00:00\" \/>\n<meta property=\"og:image\" content=\"https:\/\/thr.tools\/wp-content\/uploads\/2024\/06\/IS-6001_1200x1200.jpg\" \/>\n\t<meta property=\"og:image:width\" content=\"1200\" \/>\n\t<meta property=\"og:image:height\" content=\"1200\" \/>\n\t<meta property=\"og:image:type\" content=\"image\/jpeg\" \/>\n<meta name=\"twitter:card\" content=\"summary_large_image\" \/>\n<script type=\"application\/ld+json\" class=\"yoast-schema-graph\">{\"@context\":\"https:\/\/schema.org\",\"@graph\":[{\"@type\":\"WebPage\",\"@id\":\"https:\/\/thr.tools\/es\/product\/is-6001\/\",\"url\":\"https:\/\/thr.tools\/es\/product\/is-6001\/\",\"name\":\"Juego de Llaves de Vaso Profundas de (M\u00e9trico) 3&frasl;4&#x0022; - 8 piezas - THR Industrial Supplies\",\"isPartOf\":{\"@id\":\"https:\/\/thr.tools\/es\/#website\"},\"primaryImageOfPage\":{\"@id\":\"https:\/\/thr.tools\/es\/product\/is-6001\/#primaryimage\"},\"image\":{\"@id\":\"https:\/\/thr.tools\/es\/product\/is-6001\/#primaryimage\"},\"thumbnailUrl\":\"https:\/\/thr.tools\/wp-content\/uploads\/2024\/06\/IS-6001_1200x1200.jpg\",\"datePublished\":\"2024-06-30T02:53:21+00:00\",\"dateModified\":\"2024-07-02T00:54:11+00:00\",\"breadcrumb\":{\"@id\":\"https:\/\/thr.tools\/es\/product\/is-6001\/#breadcrumb\"},\"inLanguage\":\"es\",\"potentialAction\":[{\"@type\":\"ReadAction\",\"target\":[\"https:\/\/thr.tools\/es\/product\/is-6001\/\"]}]},{\"@type\":\"ImageObject\",\"inLanguage\":\"es\",\"@id\":\"https:\/\/thr.tools\/es\/product\/is-6001\/#primaryimage\",\"url\":\"https:\/\/thr.tools\/wp-content\/uploads\/2024\/06\/IS-6001_1200x1200.jpg\",\"contentUrl\":\"https:\/\/thr.tools\/wp-content\/uploads\/2024\/06\/IS-6001_1200x1200.jpg\",\"width\":1200,\"height\":1200},{\"@type\":\"BreadcrumbList\",\"@id\":\"https:\/\/thr.tools\/es\/product\/is-6001\/#breadcrumb\",\"itemListElement\":[{\"@type\":\"ListItem\",\"position\":1,\"name\":\"Home\",\"item\":\"https:\/\/thr.tools\/es\/\"},{\"@type\":\"ListItem\",\"position\":2,\"name\":\"Store\",\"item\":\"https:\/\/thr.tools\/store\/\"},{\"@type\":\"ListItem\",\"position\":3,\"name\":\"Juego de Llaves de Vaso Profundas de (M\u00e9trico) 3&frasl;4&#x0022; &#8211; 8 piezas\"}]},{\"@type\":\"WebSite\",\"@id\":\"https:\/\/thr.tools\/es\/#website\",\"url\":\"https:\/\/thr.tools\/es\/\",\"name\":\"THR Industrial Supplies | Air Compressors & Tools\",\"description\":\"OEM, ODM Air Equipment Supplier\",\"publisher\":{\"@id\":\"https:\/\/thr.tools\/es\/#organization\"},\"alternateName\":\"THR Industrial Supplies | Compresores de Aire y Herramientas\",\"potentialAction\":[{\"@type\":\"SearchAction\",\"target\":{\"@type\":\"EntryPoint\",\"urlTemplate\":\"https:\/\/thr.tools\/es\/?s={search_term_string}\"},\"query-input\":{\"@type\":\"PropertyValueSpecification\",\"valueRequired\":true,\"valueName\":\"search_term_string\"}}],\"inLanguage\":\"es\"},{\"@type\":\"Organization\",\"@id\":\"https:\/\/thr.tools\/es\/#organization\",\"name\":\"THR Electronics LLC\",\"url\":\"https:\/\/thr.tools\/es\/\",\"logo\":{\"@type\":\"ImageObject\",\"inLanguage\":\"es\",\"@id\":\"https:\/\/thr.tools\/es\/#\/schema\/logo\/image\/\",\"url\":\"https:\/\/thr.tools\/wp-content\/uploads\/2023\/07\/cropped-favicon-thr-logo-512x512-1.png\",\"contentUrl\":\"https:\/\/thr.tools\/wp-content\/uploads\/2023\/07\/cropped-favicon-thr-logo-512x512-1.png\",\"width\":815,\"height\":814,\"caption\":\"THR Electronics LLC\"},\"image\":{\"@id\":\"https:\/\/thr.tools\/es\/#\/schema\/logo\/image\/\"}}]}<\/script>\n<!-- \/ Yoast SEO plugin. -->","yoast_head_json":{"title":"Juego de Llaves de Vaso Profundas de (M\u00e9trico) 3&frasl;4&#x0022; - 8 piezas - THR Industrial Supplies","robots":{"index":"index","follow":"follow","max-snippet":"max-snippet:-1","max-image-preview":"max-image-preview:large","max-video-preview":"max-video-preview:-1"},"canonical":"https:\/\/thr.tools\/es\/product\/is-6001\/","og_locale":"es_ES","og_type":"article","og_title":"Juego de Llaves de Vaso Profundas de (M\u00e9trico) 3&frasl;4&#x0022; - 8 piezas - THR Industrial Supplies","og_description":"Presentaci\u00f3n de nuestro \u00faltimo producto, el Juego de Sockets Profundos dise\u00f1ado espec\u00edficamente para nuestra l\u00ednea de productos de llaves de aire y el\u00e9ctricas. Este vers\u00e1til juego es perfecto para cualquier mec\u00e1nico, entusiasta del bricolaje, o profesional que busque sockets de alta calidad para usar con sus llaves de aire y el\u00e9ctricas. Cada socket en el juego cuenta con un dise\u00f1o resistente que puede soportar el alto torque y la presi\u00f3n producidos por estas potentes herramientas.    El juego incluye una variedad de tama\u00f1os, con opciones para tama\u00f1os de encaje de 3&frasl;4&#x0022;, para adaptarse a una amplia gama de aplicaciones. Ya sea que est\u00e9 trabajando en pernos peque\u00f1os o grandes, este juego de sockets lo tiene cubierto. Y con un total de 8 sockets incluidos, tendr\u00e1 muchas opciones a su disposici\u00f3n. As\u00ed que actualice su caja de herramientas hoy mismo y experimente la eficiencia y conveniencia de nuestro Juego de Sockets Profundos para llaves de aire y el\u00e9ctricas.","og_url":"https:\/\/thr.tools\/es\/product\/is-6001\/","og_site_name":"THR Industrial Supplies","article_modified_time":"2024-07-02T00:54:11+00:00","og_image":[{"width":1200,"height":1200,"url":"https:\/\/thr.tools\/wp-content\/uploads\/2024\/06\/IS-6001_1200x1200.jpg","type":"image\/jpeg"}],"twitter_card":"summary_large_image","schema":{"@context":"https:\/\/schema.org","@graph":[{"@type":"WebPage","@id":"https:\/\/thr.tools\/es\/product\/is-6001\/","url":"https:\/\/thr.tools\/es\/product\/is-6001\/","name":"Juego de Llaves de Vaso Profundas de (M\u00e9trico) 3&frasl;4&#x0022; - 8 piezas - THR Industrial Supplies","isPartOf":{"@id":"https:\/\/thr.tools\/es\/#website"},"primaryImageOfPage":{"@id":"https:\/\/thr.tools\/es\/product\/is-6001\/#primaryimage"},"image":{"@id":"https:\/\/thr.tools\/es\/product\/is-6001\/#primaryimage"},"thumbnailUrl":"https:\/\/thr.tools\/wp-content\/uploads\/2024\/06\/IS-6001_1200x1200.jpg","datePublished":"2024-06-30T02:53:21+00:00","dateModified":"2024-07-02T00:54:11+00:00","breadcrumb":{"@id":"https:\/\/thr.tools\/es\/product\/is-6001\/#breadcrumb"},"inLanguage":"es","potentialAction":[{"@type":"ReadAction","target":["https:\/\/thr.tools\/es\/product\/is-6001\/"]}]},{"@type":"ImageObject","inLanguage":"es","@id":"https:\/\/thr.tools\/es\/product\/is-6001\/#primaryimage","url":"https:\/\/thr.tools\/wp-content\/uploads\/2024\/06\/IS-6001_1200x1200.jpg","contentUrl":"https:\/\/thr.tools\/wp-content\/uploads\/2024\/06\/IS-6001_1200x1200.jpg","width":1200,"height":1200},{"@type":"BreadcrumbList","@id":"https:\/\/thr.tools\/es\/product\/is-6001\/#breadcrumb","itemListElement":[{"@type":"ListItem","position":1,"name":"Home","item":"https:\/\/thr.tools\/es\/"},{"@type":"ListItem","position":2,"name":"Store","item":"https:\/\/thr.tools\/store\/"},{"@type":"ListItem","position":3,"name":"Juego de Llaves de Vaso Profundas de (M\u00e9trico) 3&frasl;4&#x0022; &#8211; 8 piezas"}]},{"@type":"WebSite","@id":"https:\/\/thr.tools\/es\/#website","url":"https:\/\/thr.tools\/es\/","name":"THR Industrial Supplies | Air Compressors & Tools","description":"OEM, ODM Air Equipment Supplier","publisher":{"@id":"https:\/\/thr.tools\/es\/#organization"},"alternateName":"THR Industrial Supplies | Compresores de Aire y Herramientas","potentialAction":[{"@type":"SearchAction","target":{"@type":"EntryPoint","urlTemplate":"https:\/\/thr.tools\/es\/?s={search_term_string}"},"query-input":{"@type":"PropertyValueSpecification","valueRequired":true,"valueName":"search_term_string"}}],"inLanguage":"es"},{"@type":"Organization","@id":"https:\/\/thr.tools\/es\/#organization","name":"THR Electronics LLC","url":"https:\/\/thr.tools\/es\/","logo":{"@type":"ImageObject","inLanguage":"es","@id":"https:\/\/thr.tools\/es\/#\/schema\/logo\/image\/","url":"https:\/\/thr.tools\/wp-content\/uploads\/2023\/07\/cropped-favicon-thr-logo-512x512-1.png","contentUrl":"https:\/\/thr.tools\/wp-content\/uploads\/2023\/07\/cropped-favicon-thr-logo-512x512-1.png","width":815,"height":814,"caption":"THR Electronics LLC"},"image":{"@id":"https:\/\/thr.tools\/es\/#\/schema\/logo\/image\/"}}]}},"_links":{"self":[{"href":"https:\/\/thr.tools\/es\/wp-json\/wp\/v2\/product\/8322","targetHints":{"allow":["GET"]}}],"collection":[{"href":"https:\/\/thr.tools\/es\/wp-json\/wp\/v2\/product"}],"about":[{"href":"https:\/\/thr.tools\/es\/wp-json\/wp\/v2\/types\/product"}],"version-history":[{"count":1,"href":"https:\/\/thr.tools\/es\/wp-json\/wp\/v2\/product\/8322\/revisions"}],"predecessor-version":[{"id":8842,"href":"https:\/\/thr.tools\/es\/wp-json\/wp\/v2\/product\/8322\/revisions\/8842"}],"wp:featuredmedia":[{"embeddable":true,"href":"https:\/\/thr.tools\/es\/wp-json\/wp\/v2\/media\/8287"}],"wp:attachment":[{"href":"https:\/\/thr.tools\/es\/wp-json\/wp\/v2\/media?parent=8322"}],"wp:term":[{"taxonomy":"product_brand","embeddable":true,"href":"https:\/\/thr.tools\/es\/wp-json\/wp\/v2\/product_brand?post=8322"},{"taxonomy":"product_cat","embeddable":true,"href":"https:\/\/thr.tools\/es\/wp-json\/wp\/v2\/product_cat?post=8322"},{"taxonomy":"product_tag","embeddable":true,"href":"https:\/\/thr.tools\/es\/wp-json\/wp\/v2\/product_tag?post=8322"}],"curies":[{"name":"wp","href":"https:\/\/api.w.org\/{rel}","templated":true}]}}