{"id":7594,"date":"2024-02-08T15:41:48","date_gmt":"2024-02-08T15:41:48","guid":{"rendered":"https:\/\/thr.tools\/product\/i-89\/"},"modified":"2024-07-02T00:51:39","modified_gmt":"2024-07-02T00:51:39","slug":"i-89","status":"publish","type":"product","link":"https:\/\/thr.tools\/es\/product\/i-89\/","title":{"rendered":"Llave de Impacto Neum\u00e1tica De Servicio Pesado de 1<sup>1<\/sup>&frasl;<sub>2<\/sub>&#x0022; y Yunque de 1&#x0022; &#8211; Gatillo Tipo Twin Hammer"},"content":{"rendered":"","protected":false},"excerpt":{"rendered":"<p>Presentamos la herramienta definitiva para mec\u00e1nicos de trabajo pesado y profesionales industriales: la llave de impacto neum\u00e1tica para trabajo pesado. Dise\u00f1ada para resistir los entornos m\u00e1s duros y manejar las tareas m\u00e1s desafiantes, esta llave de impacto es una potencia que revolucionar\u00e1 tu trabajo. Equipada con un tama\u00f1o de accionamiento de 1<sup>1<\/sup>&frasl;<sub>2<\/sub>&#x0022;, es compatible con una amplia gama de enchufes, lo que permite versatilidad y eficiencia en cualquier proyecto. Con un par m\u00e1ximo de 3390-Nm, esta llave de impacto aflojar\u00e1 y apretar\u00e1 sin esfuerzo incluso los pernos m\u00e1s obstinados. Ya sea que est\u00e9s trabajando en maquinaria pesada, veh\u00edculos o equipos de construcci\u00f3n, esta llave de impacto proporcionar\u00e1 la potencia y precisi\u00f3n que necesitas. <\/p>\n<p>Con una velocidad de 3000-RPM sin carga, esta llave de impacto reducir\u00e1 dr\u00e1sticamente el tiempo de finalizaci\u00f3n de tu proyecto. Esto significa m\u00e1s eficiencia, menos tiempo de inactividad y, en \u00faltima instancia, mayor productividad. La llave de impacto neum\u00e1tica cuenta con un gatillo de tipo Twin Hammer, que proporciona un control preciso sobre el funcionamiento de la herramienta, garantizando precisi\u00f3n y seguridad en el trabajo. Ya seas un mec\u00e1nico profesional o un entusiasta del bricolaje, esta llave de impacto neum\u00e1tica para trabajo pesado es un elemento imprescindible en cualquier caja de herramientas. Entonces, \u00bfpor qu\u00e9 conformarse con menos cuando puedes tener lo mejor? Actualiza tu arsenal de herramientas con la llave de impacto neum\u00e1tica para trabajo pesado y experimenta la diferencia en potencia, rendimiento y durabilidad. <\/p>\n","protected":false},"featured_media":7294,"template":"","meta":{"site-sidebar-layout":"default","site-content-layout":"default","ast-site-content-layout":"default","site-content-style":"default","site-sidebar-style":"default","ast-global-header-display":"","ast-banner-title-visibility":"","ast-main-header-display":"","ast-hfb-above-header-display":"","ast-hfb-below-header-display":"","ast-hfb-mobile-header-display":"","site-post-title":"","ast-breadcrumbs-content":"","ast-featured-img":"","footer-sml-layout":"","ast-disable-related-posts":"","theme-transparent-header-meta":"default","adv-header-id-meta":"","stick-header-meta":"","header-above-stick-meta":"","header-main-stick-meta":"","header-below-stick-meta":"","astra-migrate-meta-layouts":"default","ast-page-background-enabled":"default","ast-page-background-meta":{"desktop":{"background-color":"","background-image":"","background-repeat":"repeat","background-position":"center center","background-size":"auto","background-attachment":"scroll","background-type":"","background-media":"","overlay-type":"","overlay-color":"","overlay-opacity":"","overlay-gradient":""},"tablet":{"background-color":"","background-image":"","background-repeat":"repeat","background-position":"center center","background-size":"auto","background-attachment":"scroll","background-type":"","background-media":"","overlay-type":"","overlay-color":"","overlay-opacity":"","overlay-gradient":""},"mobile":{"background-color":"","background-image":"","background-repeat":"repeat","background-position":"center center","background-size":"auto","background-attachment":"scroll","background-type":"","background-media":"","overlay-type":"","overlay-color":"","overlay-opacity":"","overlay-gradient":""}},"ast-content-background-meta":{"desktop":{"background-color":"var(--ast-global-color-5)","background-image":"","background-repeat":"repeat","background-position":"center center","background-size":"auto","background-attachment":"scroll","background-type":"","background-media":"","overlay-type":"","overlay-color":"","overlay-opacity":"","overlay-gradient":""},"tablet":{"background-color":"var(--ast-global-color-5)","background-image":"","background-repeat":"repeat","background-position":"center center","background-size":"auto","background-attachment":"scroll","background-type":"","background-media":"","overlay-type":"","overlay-color":"","overlay-opacity":"","overlay-gradient":""},"mobile":{"background-color":"var(--ast-global-color-5)","background-image":"","background-repeat":"repeat","background-position":"center center","background-size":"auto","background-attachment":"scroll","background-type":"","background-media":"","overlay-type":"","overlay-color":"","overlay-opacity":"","overlay-gradient":""}}},"product_brand":[],"product_cat":[565,580,569],"product_tag":[],"class_list":{"0":"post-7594","1":"product","2":"type-product","3":"status-publish","4":"has-post-thumbnail","6":"product_cat-herramientas","7":"product_cat-llaves","8":"product_cat-neumaticas","9":"desktop-align-left","10":"tablet-align-left","11":"mobile-align-left","13":"first","14":"instock","15":"shipping-taxable","16":"purchasable","17":"product-type-simple"},"yoast_head":"<!-- This site is optimized with the Yoast SEO plugin v26.7 - https:\/\/yoast.com\/wordpress\/plugins\/seo\/ -->\n<title>Llave de Impacto Neum\u00e1tica De Servicio Pesado de 11&frasl;2&#x22; y Yunque de 1&#x22; - Gatillo Tipo Twin Hammer - THR Industrial Supplies<\/title>\n<meta name=\"robots\" content=\"index, follow, max-snippet:-1, max-image-preview:large, max-video-preview:-1\" \/>\n<link rel=\"canonical\" href=\"https:\/\/thr.tools\/es\/product\/i-89\/\" \/>\n<meta property=\"og:locale\" content=\"es_ES\" \/>\n<meta property=\"og:type\" content=\"article\" \/>\n<meta property=\"og:title\" content=\"Llave de Impacto Neum\u00e1tica De Servicio Pesado de 11&frasl;2&#x22; y Yunque de 1&#x22; - Gatillo Tipo Twin Hammer - THR Industrial Supplies\" \/>\n<meta property=\"og:description\" content=\"Presentamos la herramienta definitiva para mec\u00e1nicos de trabajo pesado y profesionales industriales: la llave de impacto neum\u00e1tica para trabajo pesado. Dise\u00f1ada para resistir los entornos m\u00e1s duros y manejar las tareas m\u00e1s desafiantes, esta llave de impacto es una potencia que revolucionar\u00e1 tu trabajo. Equipada con un tama\u00f1o de accionamiento de 11&frasl;2&#x22;, es compatible con una amplia gama de enchufes, lo que permite versatilidad y eficiencia en cualquier proyecto. Con un par m\u00e1ximo de 3390-Nm, esta llave de impacto aflojar\u00e1 y apretar\u00e1 sin esfuerzo incluso los pernos m\u00e1s obstinados. Ya sea que est\u00e9s trabajando en maquinaria pesada, veh\u00edculos o equipos de construcci\u00f3n, esta llave de impacto proporcionar\u00e1 la potencia y precisi\u00f3n que necesitas.  Con una velocidad de 3000-RPM sin carga, esta llave de impacto reducir\u00e1 dr\u00e1sticamente el tiempo de finalizaci\u00f3n de tu proyecto. Esto significa m\u00e1s eficiencia, menos tiempo de inactividad y, en \u00faltima instancia, mayor productividad. La llave de impacto neum\u00e1tica cuenta con un gatillo de tipo Twin Hammer, que proporciona un control preciso sobre el funcionamiento de la herramienta, garantizando precisi\u00f3n y seguridad en el trabajo. Ya seas un mec\u00e1nico profesional o un entusiasta del bricolaje, esta llave de impacto neum\u00e1tica para trabajo pesado es un elemento imprescindible en cualquier caja de herramientas. Entonces, \u00bfpor qu\u00e9 conformarse con menos cuando puedes tener lo mejor? Actualiza tu arsenal de herramientas con la llave de impacto neum\u00e1tica para trabajo pesado y experimenta la diferencia en potencia, rendimiento y durabilidad.\" \/>\n<meta property=\"og:url\" content=\"https:\/\/thr.tools\/es\/product\/i-89\/\" \/>\n<meta property=\"og:site_name\" content=\"THR Industrial Supplies\" \/>\n<meta property=\"article:modified_time\" content=\"2024-07-02T00:51:39+00:00\" \/>\n<meta property=\"og:image\" content=\"https:\/\/thr.tools\/wp-content\/uploads\/2024\/06\/I-89_1200x1200.jpg\" \/>\n\t<meta property=\"og:image:width\" content=\"1200\" \/>\n\t<meta property=\"og:image:height\" content=\"1200\" \/>\n\t<meta property=\"og:image:type\" content=\"image\/jpeg\" \/>\n<meta name=\"twitter:card\" content=\"summary_large_image\" \/>\n<script type=\"application\/ld+json\" class=\"yoast-schema-graph\">{\"@context\":\"https:\/\/schema.org\",\"@graph\":[{\"@type\":\"WebPage\",\"@id\":\"https:\/\/thr.tools\/es\/product\/i-89\/\",\"url\":\"https:\/\/thr.tools\/es\/product\/i-89\/\",\"name\":\"Llave de Impacto Neum\u00e1tica De Servicio Pesado de 11&frasl;2&#x0022; y Yunque de 1&#x0022; - Gatillo Tipo Twin Hammer - THR Industrial Supplies\",\"isPartOf\":{\"@id\":\"https:\/\/thr.tools\/es\/#website\"},\"primaryImageOfPage\":{\"@id\":\"https:\/\/thr.tools\/es\/product\/i-89\/#primaryimage\"},\"image\":{\"@id\":\"https:\/\/thr.tools\/es\/product\/i-89\/#primaryimage\"},\"thumbnailUrl\":\"https:\/\/thr.tools\/wp-content\/uploads\/2024\/06\/I-89_1200x1200.jpg\",\"datePublished\":\"2024-02-08T15:41:48+00:00\",\"dateModified\":\"2024-07-02T00:51:39+00:00\",\"breadcrumb\":{\"@id\":\"https:\/\/thr.tools\/es\/product\/i-89\/#breadcrumb\"},\"inLanguage\":\"es\",\"potentialAction\":[{\"@type\":\"ReadAction\",\"target\":[\"https:\/\/thr.tools\/es\/product\/i-89\/\"]}]},{\"@type\":\"ImageObject\",\"inLanguage\":\"es\",\"@id\":\"https:\/\/thr.tools\/es\/product\/i-89\/#primaryimage\",\"url\":\"https:\/\/thr.tools\/wp-content\/uploads\/2024\/06\/I-89_1200x1200.jpg\",\"contentUrl\":\"https:\/\/thr.tools\/wp-content\/uploads\/2024\/06\/I-89_1200x1200.jpg\",\"width\":1200,\"height\":1200},{\"@type\":\"BreadcrumbList\",\"@id\":\"https:\/\/thr.tools\/es\/product\/i-89\/#breadcrumb\",\"itemListElement\":[{\"@type\":\"ListItem\",\"position\":1,\"name\":\"Home\",\"item\":\"https:\/\/thr.tools\/es\/\"},{\"@type\":\"ListItem\",\"position\":2,\"name\":\"Store\",\"item\":\"https:\/\/thr.tools\/store\/\"},{\"@type\":\"ListItem\",\"position\":3,\"name\":\"Llave de Impacto Neum\u00e1tica De Servicio Pesado de 11&frasl;2&#x0022; y Yunque de 1&#x0022; &#8211; Gatillo Tipo Twin Hammer\"}]},{\"@type\":\"WebSite\",\"@id\":\"https:\/\/thr.tools\/es\/#website\",\"url\":\"https:\/\/thr.tools\/es\/\",\"name\":\"THR Industrial Supplies | Air Compressors & Tools\",\"description\":\"OEM, ODM Air Equipment Supplier\",\"publisher\":{\"@id\":\"https:\/\/thr.tools\/es\/#organization\"},\"alternateName\":\"THR Industrial Supplies | Compresores de Aire y Herramientas\",\"potentialAction\":[{\"@type\":\"SearchAction\",\"target\":{\"@type\":\"EntryPoint\",\"urlTemplate\":\"https:\/\/thr.tools\/es\/?s={search_term_string}\"},\"query-input\":{\"@type\":\"PropertyValueSpecification\",\"valueRequired\":true,\"valueName\":\"search_term_string\"}}],\"inLanguage\":\"es\"},{\"@type\":\"Organization\",\"@id\":\"https:\/\/thr.tools\/es\/#organization\",\"name\":\"THR Electronics LLC\",\"url\":\"https:\/\/thr.tools\/es\/\",\"logo\":{\"@type\":\"ImageObject\",\"inLanguage\":\"es\",\"@id\":\"https:\/\/thr.tools\/es\/#\/schema\/logo\/image\/\",\"url\":\"https:\/\/thr.tools\/wp-content\/uploads\/2023\/07\/cropped-favicon-thr-logo-512x512-1.png\",\"contentUrl\":\"https:\/\/thr.tools\/wp-content\/uploads\/2023\/07\/cropped-favicon-thr-logo-512x512-1.png\",\"width\":815,\"height\":814,\"caption\":\"THR Electronics LLC\"},\"image\":{\"@id\":\"https:\/\/thr.tools\/es\/#\/schema\/logo\/image\/\"}}]}<\/script>\n<!-- \/ Yoast SEO plugin. -->","yoast_head_json":{"title":"Llave de Impacto Neum\u00e1tica De Servicio Pesado de 11&frasl;2&#x0022; y Yunque de 1&#x0022; - Gatillo Tipo Twin Hammer - THR Industrial Supplies","robots":{"index":"index","follow":"follow","max-snippet":"max-snippet:-1","max-image-preview":"max-image-preview:large","max-video-preview":"max-video-preview:-1"},"canonical":"https:\/\/thr.tools\/es\/product\/i-89\/","og_locale":"es_ES","og_type":"article","og_title":"Llave de Impacto Neum\u00e1tica De Servicio Pesado de 11&frasl;2&#x0022; y Yunque de 1&#x0022; - Gatillo Tipo Twin Hammer - THR Industrial Supplies","og_description":"Presentamos la herramienta definitiva para mec\u00e1nicos de trabajo pesado y profesionales industriales: la llave de impacto neum\u00e1tica para trabajo pesado. Dise\u00f1ada para resistir los entornos m\u00e1s duros y manejar las tareas m\u00e1s desafiantes, esta llave de impacto es una potencia que revolucionar\u00e1 tu trabajo. Equipada con un tama\u00f1o de accionamiento de 11&frasl;2&#x0022;, es compatible con una amplia gama de enchufes, lo que permite versatilidad y eficiencia en cualquier proyecto. Con un par m\u00e1ximo de 3390-Nm, esta llave de impacto aflojar\u00e1 y apretar\u00e1 sin esfuerzo incluso los pernos m\u00e1s obstinados. Ya sea que est\u00e9s trabajando en maquinaria pesada, veh\u00edculos o equipos de construcci\u00f3n, esta llave de impacto proporcionar\u00e1 la potencia y precisi\u00f3n que necesitas.  Con una velocidad de 3000-RPM sin carga, esta llave de impacto reducir\u00e1 dr\u00e1sticamente el tiempo de finalizaci\u00f3n de tu proyecto. Esto significa m\u00e1s eficiencia, menos tiempo de inactividad y, en \u00faltima instancia, mayor productividad. La llave de impacto neum\u00e1tica cuenta con un gatillo de tipo Twin Hammer, que proporciona un control preciso sobre el funcionamiento de la herramienta, garantizando precisi\u00f3n y seguridad en el trabajo. Ya seas un mec\u00e1nico profesional o un entusiasta del bricolaje, esta llave de impacto neum\u00e1tica para trabajo pesado es un elemento imprescindible en cualquier caja de herramientas. Entonces, \u00bfpor qu\u00e9 conformarse con menos cuando puedes tener lo mejor? Actualiza tu arsenal de herramientas con la llave de impacto neum\u00e1tica para trabajo pesado y experimenta la diferencia en potencia, rendimiento y durabilidad.","og_url":"https:\/\/thr.tools\/es\/product\/i-89\/","og_site_name":"THR Industrial Supplies","article_modified_time":"2024-07-02T00:51:39+00:00","og_image":[{"width":1200,"height":1200,"url":"https:\/\/thr.tools\/wp-content\/uploads\/2024\/06\/I-89_1200x1200.jpg","type":"image\/jpeg"}],"twitter_card":"summary_large_image","schema":{"@context":"https:\/\/schema.org","@graph":[{"@type":"WebPage","@id":"https:\/\/thr.tools\/es\/product\/i-89\/","url":"https:\/\/thr.tools\/es\/product\/i-89\/","name":"Llave de Impacto Neum\u00e1tica De Servicio Pesado de 11&frasl;2&#x0022; y Yunque de 1&#x0022; - Gatillo Tipo Twin Hammer - THR Industrial Supplies","isPartOf":{"@id":"https:\/\/thr.tools\/es\/#website"},"primaryImageOfPage":{"@id":"https:\/\/thr.tools\/es\/product\/i-89\/#primaryimage"},"image":{"@id":"https:\/\/thr.tools\/es\/product\/i-89\/#primaryimage"},"thumbnailUrl":"https:\/\/thr.tools\/wp-content\/uploads\/2024\/06\/I-89_1200x1200.jpg","datePublished":"2024-02-08T15:41:48+00:00","dateModified":"2024-07-02T00:51:39+00:00","breadcrumb":{"@id":"https:\/\/thr.tools\/es\/product\/i-89\/#breadcrumb"},"inLanguage":"es","potentialAction":[{"@type":"ReadAction","target":["https:\/\/thr.tools\/es\/product\/i-89\/"]}]},{"@type":"ImageObject","inLanguage":"es","@id":"https:\/\/thr.tools\/es\/product\/i-89\/#primaryimage","url":"https:\/\/thr.tools\/wp-content\/uploads\/2024\/06\/I-89_1200x1200.jpg","contentUrl":"https:\/\/thr.tools\/wp-content\/uploads\/2024\/06\/I-89_1200x1200.jpg","width":1200,"height":1200},{"@type":"BreadcrumbList","@id":"https:\/\/thr.tools\/es\/product\/i-89\/#breadcrumb","itemListElement":[{"@type":"ListItem","position":1,"name":"Home","item":"https:\/\/thr.tools\/es\/"},{"@type":"ListItem","position":2,"name":"Store","item":"https:\/\/thr.tools\/store\/"},{"@type":"ListItem","position":3,"name":"Llave de Impacto Neum\u00e1tica De Servicio Pesado de 11&frasl;2&#x0022; y Yunque de 1&#x0022; &#8211; Gatillo Tipo Twin Hammer"}]},{"@type":"WebSite","@id":"https:\/\/thr.tools\/es\/#website","url":"https:\/\/thr.tools\/es\/","name":"THR Industrial Supplies | Air Compressors & Tools","description":"OEM, ODM Air Equipment Supplier","publisher":{"@id":"https:\/\/thr.tools\/es\/#organization"},"alternateName":"THR Industrial Supplies | Compresores de Aire y Herramientas","potentialAction":[{"@type":"SearchAction","target":{"@type":"EntryPoint","urlTemplate":"https:\/\/thr.tools\/es\/?s={search_term_string}"},"query-input":{"@type":"PropertyValueSpecification","valueRequired":true,"valueName":"search_term_string"}}],"inLanguage":"es"},{"@type":"Organization","@id":"https:\/\/thr.tools\/es\/#organization","name":"THR Electronics LLC","url":"https:\/\/thr.tools\/es\/","logo":{"@type":"ImageObject","inLanguage":"es","@id":"https:\/\/thr.tools\/es\/#\/schema\/logo\/image\/","url":"https:\/\/thr.tools\/wp-content\/uploads\/2023\/07\/cropped-favicon-thr-logo-512x512-1.png","contentUrl":"https:\/\/thr.tools\/wp-content\/uploads\/2023\/07\/cropped-favicon-thr-logo-512x512-1.png","width":815,"height":814,"caption":"THR Electronics LLC"},"image":{"@id":"https:\/\/thr.tools\/es\/#\/schema\/logo\/image\/"}}]}},"_links":{"self":[{"href":"https:\/\/thr.tools\/es\/wp-json\/wp\/v2\/product\/7594","targetHints":{"allow":["GET"]}}],"collection":[{"href":"https:\/\/thr.tools\/es\/wp-json\/wp\/v2\/product"}],"about":[{"href":"https:\/\/thr.tools\/es\/wp-json\/wp\/v2\/types\/product"}],"version-history":[{"count":1,"href":"https:\/\/thr.tools\/es\/wp-json\/wp\/v2\/product\/7594\/revisions"}],"predecessor-version":[{"id":8612,"href":"https:\/\/thr.tools\/es\/wp-json\/wp\/v2\/product\/7594\/revisions\/8612"}],"wp:featuredmedia":[{"embeddable":true,"href":"https:\/\/thr.tools\/es\/wp-json\/wp\/v2\/media\/7294"}],"wp:attachment":[{"href":"https:\/\/thr.tools\/es\/wp-json\/wp\/v2\/media?parent=7594"}],"wp:term":[{"taxonomy":"product_brand","embeddable":true,"href":"https:\/\/thr.tools\/es\/wp-json\/wp\/v2\/product_brand?post=7594"},{"taxonomy":"product_cat","embeddable":true,"href":"https:\/\/thr.tools\/es\/wp-json\/wp\/v2\/product_cat?post=7594"},{"taxonomy":"product_tag","embeddable":true,"href":"https:\/\/thr.tools\/es\/wp-json\/wp\/v2\/product_tag?post=7594"}],"curies":[{"name":"wp","href":"https:\/\/api.w.org\/{rel}","templated":true}]}}