{"id":7568,"date":"2024-02-08T19:26:53","date_gmt":"2024-02-08T19:26:53","guid":{"rendered":"https:\/\/thr.tools\/product\/s-12\/"},"modified":"2024-07-02T00:52:25","modified_gmt":"2024-07-02T00:52:25","slug":"s-12","status":"publish","type":"product","link":"https:\/\/thr.tools\/es\/product\/s-12\/","title":{"rendered":"Lijadora de Alta Velocidad de 76mm, 114mm, 127mm &#8211; 18000-RPM"},"content":{"rendered":"","protected":false},"excerpt":{"rendered":"<p>\u00a1Presentamos el Lijador de Alta Velocidad &#8211; una herramienta vers\u00e1til dise\u00f1ada para todas tus necesidades de lijado! Con su motor potente y dise\u00f1o avanzado, este lijador es perfecto para uso de prop\u00f3sito general. Proporciona una velocidad m\u00e1xima de sin carga de 18000-RPM, lo que te permite abordar cualquier proyecto de lijado de manera r\u00e1pida y eficiente. Adem\u00e1s, con su compatibilidad con diferentes tama\u00f1os de almohadilla de lijado, como 76mm, 114mm, 127mm, puedes personalizar tu experiencia de lijado para adaptarla a tus necesidades espec\u00edficas. Ya seas un entusiasta de bricolaje o un profesional, el Lijador de Alta Velocidad es la adici\u00f3n perfecta a tu kit de herramientas. <\/p>\n<p>\u00bfBuscas un lijador de alta calidad que pueda mantener tu ritmo? \u00a1No busques m\u00e1s que el Lijador de Alta Velocidad! Esta potente herramienta est\u00e1 dise\u00f1ada para ofrecer una velocidad m\u00e1xima de sin carga de 18000-RPM, convirti\u00e9ndola en la elecci\u00f3n perfecta para aquellos que buscan una experiencia de lijado r\u00e1pida y eficiente. El Lijador de Alta Velocidad tambi\u00e9n es incre\u00edblemente vers\u00e1til, compatible con diferentes tama\u00f1os de almohadilla de lijado, incluyendo 76mm, 114mm, 127mm. Esto te permite cambiar f\u00e1cilmente entre diferentes tama\u00f1os de almohadilla para abordar cualquier trabajo con facilidad. Con su dise\u00f1o resistente y su alta velocidad, el Lijador de Alta Velocidad es imprescindible para cualquiera que busque lograr resultados profesionales en la mitad del tiempo. <\/p>\n","protected":false},"featured_media":7361,"template":"","meta":{"site-sidebar-layout":"default","site-content-layout":"default","ast-site-content-layout":"default","site-content-style":"default","site-sidebar-style":"default","ast-global-header-display":"","ast-banner-title-visibility":"","ast-main-header-display":"","ast-hfb-above-header-display":"","ast-hfb-below-header-display":"","ast-hfb-mobile-header-display":"","site-post-title":"","ast-breadcrumbs-content":"","ast-featured-img":"","footer-sml-layout":"","ast-disable-related-posts":"","theme-transparent-header-meta":"default","adv-header-id-meta":"","stick-header-meta":"","header-above-stick-meta":"","header-main-stick-meta":"","header-below-stick-meta":"","astra-migrate-meta-layouts":"default","ast-page-background-enabled":"default","ast-page-background-meta":{"desktop":{"background-color":"","background-image":"","background-repeat":"repeat","background-position":"center center","background-size":"auto","background-attachment":"scroll","background-type":"","background-media":"","overlay-type":"","overlay-color":"","overlay-opacity":"","overlay-gradient":""},"tablet":{"background-color":"","background-image":"","background-repeat":"repeat","background-position":"center center","background-size":"auto","background-attachment":"scroll","background-type":"","background-media":"","overlay-type":"","overlay-color":"","overlay-opacity":"","overlay-gradient":""},"mobile":{"background-color":"","background-image":"","background-repeat":"repeat","background-position":"center center","background-size":"auto","background-attachment":"scroll","background-type":"","background-media":"","overlay-type":"","overlay-color":"","overlay-opacity":"","overlay-gradient":""}},"ast-content-background-meta":{"desktop":{"background-color":"var(--ast-global-color-5)","background-image":"","background-repeat":"repeat","background-position":"center center","background-size":"auto","background-attachment":"scroll","background-type":"","background-media":"","overlay-type":"","overlay-color":"","overlay-opacity":"","overlay-gradient":""},"tablet":{"background-color":"var(--ast-global-color-5)","background-image":"","background-repeat":"repeat","background-position":"center center","background-size":"auto","background-attachment":"scroll","background-type":"","background-media":"","overlay-type":"","overlay-color":"","overlay-opacity":"","overlay-gradient":""},"mobile":{"background-color":"var(--ast-global-color-5)","background-image":"","background-repeat":"repeat","background-position":"center center","background-size":"auto","background-attachment":"scroll","background-type":"","background-media":"","overlay-type":"","overlay-color":"","overlay-opacity":"","overlay-gradient":""}}},"product_brand":[],"product_cat":[575,565,569],"product_tag":[],"class_list":{"0":"post-7568","1":"product","2":"type-product","3":"status-publish","4":"has-post-thumbnail","6":"product_cat-amoladoras-y-lijadoras","7":"product_cat-herramientas","8":"product_cat-neumaticas","9":"desktop-align-left","10":"tablet-align-left","11":"mobile-align-left","13":"first","14":"instock","15":"shipping-taxable","16":"purchasable","17":"product-type-simple"},"yoast_head":"<!-- This site is optimized with the Yoast SEO plugin v26.7 - https:\/\/yoast.com\/wordpress\/plugins\/seo\/ -->\n<title>Lijadora de Alta Velocidad de 76mm, 114mm, 127mm - 18000-RPM - THR Industrial Supplies<\/title>\n<meta name=\"robots\" content=\"index, follow, max-snippet:-1, max-image-preview:large, max-video-preview:-1\" \/>\n<link rel=\"canonical\" href=\"https:\/\/thr.tools\/es\/product\/s-12\/\" \/>\n<meta property=\"og:locale\" content=\"es_ES\" \/>\n<meta property=\"og:type\" content=\"article\" \/>\n<meta property=\"og:title\" content=\"Lijadora de Alta Velocidad de 76mm, 114mm, 127mm - 18000-RPM - THR Industrial Supplies\" \/>\n<meta property=\"og:description\" content=\"\u00a1Presentamos el Lijador de Alta Velocidad - una herramienta vers\u00e1til dise\u00f1ada para todas tus necesidades de lijado! Con su motor potente y dise\u00f1o avanzado, este lijador es perfecto para uso de prop\u00f3sito general. Proporciona una velocidad m\u00e1xima de sin carga de 18000-RPM, lo que te permite abordar cualquier proyecto de lijado de manera r\u00e1pida y eficiente. Adem\u00e1s, con su compatibilidad con diferentes tama\u00f1os de almohadilla de lijado, como 76mm, 114mm, 127mm, puedes personalizar tu experiencia de lijado para adaptarla a tus necesidades espec\u00edficas. Ya seas un entusiasta de bricolaje o un profesional, el Lijador de Alta Velocidad es la adici\u00f3n perfecta a tu kit de herramientas.  \u00bfBuscas un lijador de alta calidad que pueda mantener tu ritmo? \u00a1No busques m\u00e1s que el Lijador de Alta Velocidad! Esta potente herramienta est\u00e1 dise\u00f1ada para ofrecer una velocidad m\u00e1xima de sin carga de 18000-RPM, convirti\u00e9ndola en la elecci\u00f3n perfecta para aquellos que buscan una experiencia de lijado r\u00e1pida y eficiente. El Lijador de Alta Velocidad tambi\u00e9n es incre\u00edblemente vers\u00e1til, compatible con diferentes tama\u00f1os de almohadilla de lijado, incluyendo 76mm, 114mm, 127mm. Esto te permite cambiar f\u00e1cilmente entre diferentes tama\u00f1os de almohadilla para abordar cualquier trabajo con facilidad. Con su dise\u00f1o resistente y su alta velocidad, el Lijador de Alta Velocidad es imprescindible para cualquiera que busque lograr resultados profesionales en la mitad del tiempo.\" \/>\n<meta property=\"og:url\" content=\"https:\/\/thr.tools\/es\/product\/s-12\/\" \/>\n<meta property=\"og:site_name\" content=\"THR Industrial Supplies\" \/>\n<meta property=\"article:modified_time\" content=\"2024-07-02T00:52:25+00:00\" \/>\n<meta property=\"og:image\" content=\"https:\/\/thr.tools\/wp-content\/uploads\/2024\/06\/S-12_1200x1200.jpg\" \/>\n\t<meta property=\"og:image:width\" content=\"1200\" \/>\n\t<meta property=\"og:image:height\" content=\"1200\" \/>\n\t<meta property=\"og:image:type\" content=\"image\/jpeg\" \/>\n<meta name=\"twitter:card\" content=\"summary_large_image\" \/>\n<script type=\"application\/ld+json\" class=\"yoast-schema-graph\">{\"@context\":\"https:\/\/schema.org\",\"@graph\":[{\"@type\":\"WebPage\",\"@id\":\"https:\/\/thr.tools\/es\/product\/s-12\/\",\"url\":\"https:\/\/thr.tools\/es\/product\/s-12\/\",\"name\":\"Lijadora de Alta Velocidad de 76mm, 114mm, 127mm - 18000-RPM - THR Industrial Supplies\",\"isPartOf\":{\"@id\":\"https:\/\/thr.tools\/es\/#website\"},\"primaryImageOfPage\":{\"@id\":\"https:\/\/thr.tools\/es\/product\/s-12\/#primaryimage\"},\"image\":{\"@id\":\"https:\/\/thr.tools\/es\/product\/s-12\/#primaryimage\"},\"thumbnailUrl\":\"https:\/\/thr.tools\/wp-content\/uploads\/2024\/06\/S-12_1200x1200.jpg\",\"datePublished\":\"2024-02-08T19:26:53+00:00\",\"dateModified\":\"2024-07-02T00:52:25+00:00\",\"breadcrumb\":{\"@id\":\"https:\/\/thr.tools\/es\/product\/s-12\/#breadcrumb\"},\"inLanguage\":\"es\",\"potentialAction\":[{\"@type\":\"ReadAction\",\"target\":[\"https:\/\/thr.tools\/es\/product\/s-12\/\"]}]},{\"@type\":\"ImageObject\",\"inLanguage\":\"es\",\"@id\":\"https:\/\/thr.tools\/es\/product\/s-12\/#primaryimage\",\"url\":\"https:\/\/thr.tools\/wp-content\/uploads\/2024\/06\/S-12_1200x1200.jpg\",\"contentUrl\":\"https:\/\/thr.tools\/wp-content\/uploads\/2024\/06\/S-12_1200x1200.jpg\",\"width\":1200,\"height\":1200},{\"@type\":\"BreadcrumbList\",\"@id\":\"https:\/\/thr.tools\/es\/product\/s-12\/#breadcrumb\",\"itemListElement\":[{\"@type\":\"ListItem\",\"position\":1,\"name\":\"Home\",\"item\":\"https:\/\/thr.tools\/es\/\"},{\"@type\":\"ListItem\",\"position\":2,\"name\":\"Store\",\"item\":\"https:\/\/thr.tools\/store\/\"},{\"@type\":\"ListItem\",\"position\":3,\"name\":\"Lijadora de Alta Velocidad de 76mm, 114mm, 127mm &#8211; 18000-RPM\"}]},{\"@type\":\"WebSite\",\"@id\":\"https:\/\/thr.tools\/es\/#website\",\"url\":\"https:\/\/thr.tools\/es\/\",\"name\":\"THR Industrial Supplies | Air Compressors & Tools\",\"description\":\"OEM, ODM Air Equipment Supplier\",\"publisher\":{\"@id\":\"https:\/\/thr.tools\/es\/#organization\"},\"alternateName\":\"THR Industrial Supplies | Compresores de Aire y Herramientas\",\"potentialAction\":[{\"@type\":\"SearchAction\",\"target\":{\"@type\":\"EntryPoint\",\"urlTemplate\":\"https:\/\/thr.tools\/es\/?s={search_term_string}\"},\"query-input\":{\"@type\":\"PropertyValueSpecification\",\"valueRequired\":true,\"valueName\":\"search_term_string\"}}],\"inLanguage\":\"es\"},{\"@type\":\"Organization\",\"@id\":\"https:\/\/thr.tools\/es\/#organization\",\"name\":\"THR Electronics LLC\",\"url\":\"https:\/\/thr.tools\/es\/\",\"logo\":{\"@type\":\"ImageObject\",\"inLanguage\":\"es\",\"@id\":\"https:\/\/thr.tools\/es\/#\/schema\/logo\/image\/\",\"url\":\"https:\/\/thr.tools\/wp-content\/uploads\/2023\/07\/cropped-favicon-thr-logo-512x512-1.png\",\"contentUrl\":\"https:\/\/thr.tools\/wp-content\/uploads\/2023\/07\/cropped-favicon-thr-logo-512x512-1.png\",\"width\":815,\"height\":814,\"caption\":\"THR Electronics LLC\"},\"image\":{\"@id\":\"https:\/\/thr.tools\/es\/#\/schema\/logo\/image\/\"}}]}<\/script>\n<!-- \/ Yoast SEO plugin. -->","yoast_head_json":{"title":"Lijadora de Alta Velocidad de 76mm, 114mm, 127mm - 18000-RPM - THR Industrial Supplies","robots":{"index":"index","follow":"follow","max-snippet":"max-snippet:-1","max-image-preview":"max-image-preview:large","max-video-preview":"max-video-preview:-1"},"canonical":"https:\/\/thr.tools\/es\/product\/s-12\/","og_locale":"es_ES","og_type":"article","og_title":"Lijadora de Alta Velocidad de 76mm, 114mm, 127mm - 18000-RPM - THR Industrial Supplies","og_description":"\u00a1Presentamos el Lijador de Alta Velocidad - una herramienta vers\u00e1til dise\u00f1ada para todas tus necesidades de lijado! Con su motor potente y dise\u00f1o avanzado, este lijador es perfecto para uso de prop\u00f3sito general. Proporciona una velocidad m\u00e1xima de sin carga de 18000-RPM, lo que te permite abordar cualquier proyecto de lijado de manera r\u00e1pida y eficiente. Adem\u00e1s, con su compatibilidad con diferentes tama\u00f1os de almohadilla de lijado, como 76mm, 114mm, 127mm, puedes personalizar tu experiencia de lijado para adaptarla a tus necesidades espec\u00edficas. Ya seas un entusiasta de bricolaje o un profesional, el Lijador de Alta Velocidad es la adici\u00f3n perfecta a tu kit de herramientas.  \u00bfBuscas un lijador de alta calidad que pueda mantener tu ritmo? \u00a1No busques m\u00e1s que el Lijador de Alta Velocidad! Esta potente herramienta est\u00e1 dise\u00f1ada para ofrecer una velocidad m\u00e1xima de sin carga de 18000-RPM, convirti\u00e9ndola en la elecci\u00f3n perfecta para aquellos que buscan una experiencia de lijado r\u00e1pida y eficiente. El Lijador de Alta Velocidad tambi\u00e9n es incre\u00edblemente vers\u00e1til, compatible con diferentes tama\u00f1os de almohadilla de lijado, incluyendo 76mm, 114mm, 127mm. Esto te permite cambiar f\u00e1cilmente entre diferentes tama\u00f1os de almohadilla para abordar cualquier trabajo con facilidad. Con su dise\u00f1o resistente y su alta velocidad, el Lijador de Alta Velocidad es imprescindible para cualquiera que busque lograr resultados profesionales en la mitad del tiempo.","og_url":"https:\/\/thr.tools\/es\/product\/s-12\/","og_site_name":"THR Industrial Supplies","article_modified_time":"2024-07-02T00:52:25+00:00","og_image":[{"width":1200,"height":1200,"url":"https:\/\/thr.tools\/wp-content\/uploads\/2024\/06\/S-12_1200x1200.jpg","type":"image\/jpeg"}],"twitter_card":"summary_large_image","schema":{"@context":"https:\/\/schema.org","@graph":[{"@type":"WebPage","@id":"https:\/\/thr.tools\/es\/product\/s-12\/","url":"https:\/\/thr.tools\/es\/product\/s-12\/","name":"Lijadora de Alta Velocidad de 76mm, 114mm, 127mm - 18000-RPM - THR Industrial Supplies","isPartOf":{"@id":"https:\/\/thr.tools\/es\/#website"},"primaryImageOfPage":{"@id":"https:\/\/thr.tools\/es\/product\/s-12\/#primaryimage"},"image":{"@id":"https:\/\/thr.tools\/es\/product\/s-12\/#primaryimage"},"thumbnailUrl":"https:\/\/thr.tools\/wp-content\/uploads\/2024\/06\/S-12_1200x1200.jpg","datePublished":"2024-02-08T19:26:53+00:00","dateModified":"2024-07-02T00:52:25+00:00","breadcrumb":{"@id":"https:\/\/thr.tools\/es\/product\/s-12\/#breadcrumb"},"inLanguage":"es","potentialAction":[{"@type":"ReadAction","target":["https:\/\/thr.tools\/es\/product\/s-12\/"]}]},{"@type":"ImageObject","inLanguage":"es","@id":"https:\/\/thr.tools\/es\/product\/s-12\/#primaryimage","url":"https:\/\/thr.tools\/wp-content\/uploads\/2024\/06\/S-12_1200x1200.jpg","contentUrl":"https:\/\/thr.tools\/wp-content\/uploads\/2024\/06\/S-12_1200x1200.jpg","width":1200,"height":1200},{"@type":"BreadcrumbList","@id":"https:\/\/thr.tools\/es\/product\/s-12\/#breadcrumb","itemListElement":[{"@type":"ListItem","position":1,"name":"Home","item":"https:\/\/thr.tools\/es\/"},{"@type":"ListItem","position":2,"name":"Store","item":"https:\/\/thr.tools\/store\/"},{"@type":"ListItem","position":3,"name":"Lijadora de Alta Velocidad de 76mm, 114mm, 127mm &#8211; 18000-RPM"}]},{"@type":"WebSite","@id":"https:\/\/thr.tools\/es\/#website","url":"https:\/\/thr.tools\/es\/","name":"THR Industrial Supplies | Air Compressors & Tools","description":"OEM, ODM Air Equipment Supplier","publisher":{"@id":"https:\/\/thr.tools\/es\/#organization"},"alternateName":"THR Industrial Supplies | Compresores de Aire y Herramientas","potentialAction":[{"@type":"SearchAction","target":{"@type":"EntryPoint","urlTemplate":"https:\/\/thr.tools\/es\/?s={search_term_string}"},"query-input":{"@type":"PropertyValueSpecification","valueRequired":true,"valueName":"search_term_string"}}],"inLanguage":"es"},{"@type":"Organization","@id":"https:\/\/thr.tools\/es\/#organization","name":"THR Electronics LLC","url":"https:\/\/thr.tools\/es\/","logo":{"@type":"ImageObject","inLanguage":"es","@id":"https:\/\/thr.tools\/es\/#\/schema\/logo\/image\/","url":"https:\/\/thr.tools\/wp-content\/uploads\/2023\/07\/cropped-favicon-thr-logo-512x512-1.png","contentUrl":"https:\/\/thr.tools\/wp-content\/uploads\/2023\/07\/cropped-favicon-thr-logo-512x512-1.png","width":815,"height":814,"caption":"THR Electronics LLC"},"image":{"@id":"https:\/\/thr.tools\/es\/#\/schema\/logo\/image\/"}}]}},"_links":{"self":[{"href":"https:\/\/thr.tools\/es\/wp-json\/wp\/v2\/product\/7568","targetHints":{"allow":["GET"]}}],"collection":[{"href":"https:\/\/thr.tools\/es\/wp-json\/wp\/v2\/product"}],"about":[{"href":"https:\/\/thr.tools\/es\/wp-json\/wp\/v2\/types\/product"}],"version-history":[{"count":1,"href":"https:\/\/thr.tools\/es\/wp-json\/wp\/v2\/product\/7568\/revisions"}],"predecessor-version":[{"id":8686,"href":"https:\/\/thr.tools\/es\/wp-json\/wp\/v2\/product\/7568\/revisions\/8686"}],"wp:featuredmedia":[{"embeddable":true,"href":"https:\/\/thr.tools\/es\/wp-json\/wp\/v2\/media\/7361"}],"wp:attachment":[{"href":"https:\/\/thr.tools\/es\/wp-json\/wp\/v2\/media?parent=7568"}],"wp:term":[{"taxonomy":"product_brand","embeddable":true,"href":"https:\/\/thr.tools\/es\/wp-json\/wp\/v2\/product_brand?post=7568"},{"taxonomy":"product_cat","embeddable":true,"href":"https:\/\/thr.tools\/es\/wp-json\/wp\/v2\/product_cat?post=7568"},{"taxonomy":"product_tag","embeddable":true,"href":"https:\/\/thr.tools\/es\/wp-json\/wp\/v2\/product_tag?post=7568"}],"curies":[{"name":"wp","href":"https:\/\/api.w.org\/{rel}","templated":true}]}}