{"id":7561,"date":"2024-02-08T21:32:58","date_gmt":"2024-02-08T21:32:58","guid":{"rendered":"https:\/\/thr.tools\/product\/ns-500\/"},"modified":"2024-07-02T00:52:39","modified_gmt":"2024-07-02T00:52:39","slug":"ns-500","status":"publish","type":"product","link":"https:\/\/thr.tools\/es\/product\/ns-500\/","title":{"rendered":"Escalador de Agujas Neum\u00e1tico de 3700-BPM &#8211; Tipo Derecho"},"content":{"rendered":"","protected":false},"excerpt":{"rendered":"<p>Presentamos el Escalador de Agujas de Aire, la herramienta definitiva para todas tus necesidades generales. Con su dise\u00f1o resistente y construcci\u00f3n de alta calidad, este escalador de agujas es perfecto para una variedad de aplicaciones. Ya sea que necesites remover revestimientos superficiales, limpiar soldaduras o preparar superficies para pintar, el Escalador de Agujas de Aire es la soluci\u00f3n perfecta. El tama\u00f1o del pist\u00f3n de 23,5&#215;70 mm permite la remoci\u00f3n eficiente de materiales, mientras que su impresionante capacidad de 3700-BPM pulsaciones por minuto garantiza resultados r\u00e1pidos y precisos. Di adi\u00f3s a las tareas tediosas y que consumen tiempo, ya que el Escalador de Agujas de Aire agiliza tu flujo de trabajo y realiza el trabajo en poco tiempo. <\/p>\n<p>Los escaladores de agujas pueden ser utilizados para una amplia gama de tareas, convirti\u00e9ndolos en una adici\u00f3n vers\u00e1til a cualquier caja de herramientas. Puedes utilizar el Escalador de Agujas de Aire para remover \u00f3xido, escamas o pintura de superficies de metal, ahorr\u00e1ndote tiempo y esfuerzo. Tambi\u00e9n es ideal para limpiar soldaduras, suavizar bordes \u00e1speros y preparar superficies para revestimientos. Su dise\u00f1o compacto y ligero lo hace f\u00e1cil de manejar y operar, incluso en espacios reducidos. Con el Escalador de Agujas de Aire, puedes lograr resultados de calidad profesional con un esfuerzo m\u00ednimo. \u00bfQu\u00e9 est\u00e1s esperando? Consigue esta herramienta imprescindible hoy y experimenta el poder y la eficiencia del Escalador de Agujas de Aire. <\/p>\n","protected":false},"featured_media":7382,"template":"","meta":{"site-sidebar-layout":"default","site-content-layout":"default","ast-site-content-layout":"default","site-content-style":"default","site-sidebar-style":"default","ast-global-header-display":"","ast-banner-title-visibility":"","ast-main-header-display":"","ast-hfb-above-header-display":"","ast-hfb-below-header-display":"","ast-hfb-mobile-header-display":"","site-post-title":"","ast-breadcrumbs-content":"","ast-featured-img":"","footer-sml-layout":"","ast-disable-related-posts":"","theme-transparent-header-meta":"default","adv-header-id-meta":"","stick-header-meta":"","header-above-stick-meta":"","header-main-stick-meta":"","header-below-stick-meta":"","astra-migrate-meta-layouts":"default","ast-page-background-enabled":"default","ast-page-background-meta":{"desktop":{"background-color":"","background-image":"","background-repeat":"repeat","background-position":"center center","background-size":"auto","background-attachment":"scroll","background-type":"","background-media":"","overlay-type":"","overlay-color":"","overlay-opacity":"","overlay-gradient":""},"tablet":{"background-color":"","background-image":"","background-repeat":"repeat","background-position":"center center","background-size":"auto","background-attachment":"scroll","background-type":"","background-media":"","overlay-type":"","overlay-color":"","overlay-opacity":"","overlay-gradient":""},"mobile":{"background-color":"","background-image":"","background-repeat":"repeat","background-position":"center center","background-size":"auto","background-attachment":"scroll","background-type":"","background-media":"","overlay-type":"","overlay-color":"","overlay-opacity":"","overlay-gradient":""}},"ast-content-background-meta":{"desktop":{"background-color":"var(--ast-global-color-5)","background-image":"","background-repeat":"repeat","background-position":"center center","background-size":"auto","background-attachment":"scroll","background-type":"","background-media":"","overlay-type":"","overlay-color":"","overlay-opacity":"","overlay-gradient":""},"tablet":{"background-color":"var(--ast-global-color-5)","background-image":"","background-repeat":"repeat","background-position":"center center","background-size":"auto","background-attachment":"scroll","background-type":"","background-media":"","overlay-type":"","overlay-color":"","overlay-opacity":"","overlay-gradient":""},"mobile":{"background-color":"var(--ast-global-color-5)","background-image":"","background-repeat":"repeat","background-position":"center center","background-size":"auto","background-attachment":"scroll","background-type":"","background-media":"","overlay-type":"","overlay-color":"","overlay-opacity":"","overlay-gradient":""}}},"product_brand":[],"product_cat":[576,565,569],"product_tag":[],"class_list":{"0":"post-7561","1":"product","2":"type-product","3":"status-publish","4":"has-post-thumbnail","6":"product_cat-golpeo-y-martilleo","7":"product_cat-herramientas","8":"product_cat-neumaticas","9":"desktop-align-left","10":"tablet-align-left","11":"mobile-align-left","13":"first","14":"instock","15":"shipping-taxable","16":"purchasable","17":"product-type-simple"},"yoast_head":"<!-- This site is optimized with the Yoast SEO plugin v26.7 - https:\/\/yoast.com\/wordpress\/plugins\/seo\/ -->\n<title>Escalador de Agujas Neum\u00e1tico de 3700-BPM - Tipo Derecho - THR Industrial Supplies<\/title>\n<meta name=\"robots\" content=\"index, follow, max-snippet:-1, max-image-preview:large, max-video-preview:-1\" \/>\n<link rel=\"canonical\" href=\"https:\/\/thr.tools\/es\/product\/ns-500\/\" \/>\n<meta property=\"og:locale\" content=\"es_ES\" \/>\n<meta property=\"og:type\" content=\"article\" \/>\n<meta property=\"og:title\" content=\"Escalador de Agujas Neum\u00e1tico de 3700-BPM - Tipo Derecho - THR Industrial Supplies\" \/>\n<meta property=\"og:description\" content=\"Presentamos el Escalador de Agujas de Aire, la herramienta definitiva para todas tus necesidades generales. Con su dise\u00f1o resistente y construcci\u00f3n de alta calidad, este escalador de agujas es perfecto para una variedad de aplicaciones. Ya sea que necesites remover revestimientos superficiales, limpiar soldaduras o preparar superficies para pintar, el Escalador de Agujas de Aire es la soluci\u00f3n perfecta. El tama\u00f1o del pist\u00f3n de 23,5x70 mm permite la remoci\u00f3n eficiente de materiales, mientras que su impresionante capacidad de 3700-BPM pulsaciones por minuto garantiza resultados r\u00e1pidos y precisos. Di adi\u00f3s a las tareas tediosas y que consumen tiempo, ya que el Escalador de Agujas de Aire agiliza tu flujo de trabajo y realiza el trabajo en poco tiempo.  Los escaladores de agujas pueden ser utilizados para una amplia gama de tareas, convirti\u00e9ndolos en una adici\u00f3n vers\u00e1til a cualquier caja de herramientas. Puedes utilizar el Escalador de Agujas de Aire para remover \u00f3xido, escamas o pintura de superficies de metal, ahorr\u00e1ndote tiempo y esfuerzo. Tambi\u00e9n es ideal para limpiar soldaduras, suavizar bordes \u00e1speros y preparar superficies para revestimientos. Su dise\u00f1o compacto y ligero lo hace f\u00e1cil de manejar y operar, incluso en espacios reducidos. Con el Escalador de Agujas de Aire, puedes lograr resultados de calidad profesional con un esfuerzo m\u00ednimo. \u00bfQu\u00e9 est\u00e1s esperando? Consigue esta herramienta imprescindible hoy y experimenta el poder y la eficiencia del Escalador de Agujas de Aire.\" \/>\n<meta property=\"og:url\" content=\"https:\/\/thr.tools\/es\/product\/ns-500\/\" \/>\n<meta property=\"og:site_name\" content=\"THR Industrial Supplies\" \/>\n<meta property=\"article:modified_time\" content=\"2024-07-02T00:52:39+00:00\" \/>\n<meta property=\"og:image\" content=\"https:\/\/thr.tools\/wp-content\/uploads\/2024\/06\/NS-500_1200x1200.jpg\" \/>\n\t<meta property=\"og:image:width\" content=\"1200\" \/>\n\t<meta property=\"og:image:height\" content=\"1200\" \/>\n\t<meta property=\"og:image:type\" content=\"image\/jpeg\" \/>\n<meta name=\"twitter:card\" content=\"summary_large_image\" \/>\n<script type=\"application\/ld+json\" class=\"yoast-schema-graph\">{\"@context\":\"https:\/\/schema.org\",\"@graph\":[{\"@type\":\"WebPage\",\"@id\":\"https:\/\/thr.tools\/es\/product\/ns-500\/\",\"url\":\"https:\/\/thr.tools\/es\/product\/ns-500\/\",\"name\":\"Escalador de Agujas Neum\u00e1tico de 3700-BPM - Tipo Derecho - THR Industrial Supplies\",\"isPartOf\":{\"@id\":\"https:\/\/thr.tools\/es\/#website\"},\"primaryImageOfPage\":{\"@id\":\"https:\/\/thr.tools\/es\/product\/ns-500\/#primaryimage\"},\"image\":{\"@id\":\"https:\/\/thr.tools\/es\/product\/ns-500\/#primaryimage\"},\"thumbnailUrl\":\"https:\/\/thr.tools\/wp-content\/uploads\/2024\/06\/NS-500_1200x1200.jpg\",\"datePublished\":\"2024-02-08T21:32:58+00:00\",\"dateModified\":\"2024-07-02T00:52:39+00:00\",\"breadcrumb\":{\"@id\":\"https:\/\/thr.tools\/es\/product\/ns-500\/#breadcrumb\"},\"inLanguage\":\"es\",\"potentialAction\":[{\"@type\":\"ReadAction\",\"target\":[\"https:\/\/thr.tools\/es\/product\/ns-500\/\"]}]},{\"@type\":\"ImageObject\",\"inLanguage\":\"es\",\"@id\":\"https:\/\/thr.tools\/es\/product\/ns-500\/#primaryimage\",\"url\":\"https:\/\/thr.tools\/wp-content\/uploads\/2024\/06\/NS-500_1200x1200.jpg\",\"contentUrl\":\"https:\/\/thr.tools\/wp-content\/uploads\/2024\/06\/NS-500_1200x1200.jpg\",\"width\":1200,\"height\":1200},{\"@type\":\"BreadcrumbList\",\"@id\":\"https:\/\/thr.tools\/es\/product\/ns-500\/#breadcrumb\",\"itemListElement\":[{\"@type\":\"ListItem\",\"position\":1,\"name\":\"Home\",\"item\":\"https:\/\/thr.tools\/es\/\"},{\"@type\":\"ListItem\",\"position\":2,\"name\":\"Store\",\"item\":\"https:\/\/thr.tools\/store\/\"},{\"@type\":\"ListItem\",\"position\":3,\"name\":\"Escalador de Agujas Neum\u00e1tico de 3700-BPM &#8211; Tipo Derecho\"}]},{\"@type\":\"WebSite\",\"@id\":\"https:\/\/thr.tools\/es\/#website\",\"url\":\"https:\/\/thr.tools\/es\/\",\"name\":\"THR Industrial Supplies | Air Compressors & Tools\",\"description\":\"OEM, ODM Air Equipment Supplier\",\"publisher\":{\"@id\":\"https:\/\/thr.tools\/es\/#organization\"},\"alternateName\":\"THR Industrial Supplies | Compresores de Aire y Herramientas\",\"potentialAction\":[{\"@type\":\"SearchAction\",\"target\":{\"@type\":\"EntryPoint\",\"urlTemplate\":\"https:\/\/thr.tools\/es\/?s={search_term_string}\"},\"query-input\":{\"@type\":\"PropertyValueSpecification\",\"valueRequired\":true,\"valueName\":\"search_term_string\"}}],\"inLanguage\":\"es\"},{\"@type\":\"Organization\",\"@id\":\"https:\/\/thr.tools\/es\/#organization\",\"name\":\"THR Electronics LLC\",\"url\":\"https:\/\/thr.tools\/es\/\",\"logo\":{\"@type\":\"ImageObject\",\"inLanguage\":\"es\",\"@id\":\"https:\/\/thr.tools\/es\/#\/schema\/logo\/image\/\",\"url\":\"https:\/\/thr.tools\/wp-content\/uploads\/2023\/07\/cropped-favicon-thr-logo-512x512-1.png\",\"contentUrl\":\"https:\/\/thr.tools\/wp-content\/uploads\/2023\/07\/cropped-favicon-thr-logo-512x512-1.png\",\"width\":815,\"height\":814,\"caption\":\"THR Electronics LLC\"},\"image\":{\"@id\":\"https:\/\/thr.tools\/es\/#\/schema\/logo\/image\/\"}}]}<\/script>\n<!-- \/ Yoast SEO plugin. -->","yoast_head_json":{"title":"Escalador de Agujas Neum\u00e1tico de 3700-BPM - Tipo Derecho - THR Industrial Supplies","robots":{"index":"index","follow":"follow","max-snippet":"max-snippet:-1","max-image-preview":"max-image-preview:large","max-video-preview":"max-video-preview:-1"},"canonical":"https:\/\/thr.tools\/es\/product\/ns-500\/","og_locale":"es_ES","og_type":"article","og_title":"Escalador de Agujas Neum\u00e1tico de 3700-BPM - Tipo Derecho - THR Industrial Supplies","og_description":"Presentamos el Escalador de Agujas de Aire, la herramienta definitiva para todas tus necesidades generales. Con su dise\u00f1o resistente y construcci\u00f3n de alta calidad, este escalador de agujas es perfecto para una variedad de aplicaciones. Ya sea que necesites remover revestimientos superficiales, limpiar soldaduras o preparar superficies para pintar, el Escalador de Agujas de Aire es la soluci\u00f3n perfecta. El tama\u00f1o del pist\u00f3n de 23,5x70 mm permite la remoci\u00f3n eficiente de materiales, mientras que su impresionante capacidad de 3700-BPM pulsaciones por minuto garantiza resultados r\u00e1pidos y precisos. Di adi\u00f3s a las tareas tediosas y que consumen tiempo, ya que el Escalador de Agujas de Aire agiliza tu flujo de trabajo y realiza el trabajo en poco tiempo.  Los escaladores de agujas pueden ser utilizados para una amplia gama de tareas, convirti\u00e9ndolos en una adici\u00f3n vers\u00e1til a cualquier caja de herramientas. Puedes utilizar el Escalador de Agujas de Aire para remover \u00f3xido, escamas o pintura de superficies de metal, ahorr\u00e1ndote tiempo y esfuerzo. Tambi\u00e9n es ideal para limpiar soldaduras, suavizar bordes \u00e1speros y preparar superficies para revestimientos. Su dise\u00f1o compacto y ligero lo hace f\u00e1cil de manejar y operar, incluso en espacios reducidos. Con el Escalador de Agujas de Aire, puedes lograr resultados de calidad profesional con un esfuerzo m\u00ednimo. \u00bfQu\u00e9 est\u00e1s esperando? Consigue esta herramienta imprescindible hoy y experimenta el poder y la eficiencia del Escalador de Agujas de Aire.","og_url":"https:\/\/thr.tools\/es\/product\/ns-500\/","og_site_name":"THR Industrial Supplies","article_modified_time":"2024-07-02T00:52:39+00:00","og_image":[{"width":1200,"height":1200,"url":"https:\/\/thr.tools\/wp-content\/uploads\/2024\/06\/NS-500_1200x1200.jpg","type":"image\/jpeg"}],"twitter_card":"summary_large_image","schema":{"@context":"https:\/\/schema.org","@graph":[{"@type":"WebPage","@id":"https:\/\/thr.tools\/es\/product\/ns-500\/","url":"https:\/\/thr.tools\/es\/product\/ns-500\/","name":"Escalador de Agujas Neum\u00e1tico de 3700-BPM - Tipo Derecho - THR Industrial Supplies","isPartOf":{"@id":"https:\/\/thr.tools\/es\/#website"},"primaryImageOfPage":{"@id":"https:\/\/thr.tools\/es\/product\/ns-500\/#primaryimage"},"image":{"@id":"https:\/\/thr.tools\/es\/product\/ns-500\/#primaryimage"},"thumbnailUrl":"https:\/\/thr.tools\/wp-content\/uploads\/2024\/06\/NS-500_1200x1200.jpg","datePublished":"2024-02-08T21:32:58+00:00","dateModified":"2024-07-02T00:52:39+00:00","breadcrumb":{"@id":"https:\/\/thr.tools\/es\/product\/ns-500\/#breadcrumb"},"inLanguage":"es","potentialAction":[{"@type":"ReadAction","target":["https:\/\/thr.tools\/es\/product\/ns-500\/"]}]},{"@type":"ImageObject","inLanguage":"es","@id":"https:\/\/thr.tools\/es\/product\/ns-500\/#primaryimage","url":"https:\/\/thr.tools\/wp-content\/uploads\/2024\/06\/NS-500_1200x1200.jpg","contentUrl":"https:\/\/thr.tools\/wp-content\/uploads\/2024\/06\/NS-500_1200x1200.jpg","width":1200,"height":1200},{"@type":"BreadcrumbList","@id":"https:\/\/thr.tools\/es\/product\/ns-500\/#breadcrumb","itemListElement":[{"@type":"ListItem","position":1,"name":"Home","item":"https:\/\/thr.tools\/es\/"},{"@type":"ListItem","position":2,"name":"Store","item":"https:\/\/thr.tools\/store\/"},{"@type":"ListItem","position":3,"name":"Escalador de Agujas Neum\u00e1tico de 3700-BPM &#8211; Tipo Derecho"}]},{"@type":"WebSite","@id":"https:\/\/thr.tools\/es\/#website","url":"https:\/\/thr.tools\/es\/","name":"THR Industrial Supplies | Air Compressors & Tools","description":"OEM, ODM Air Equipment Supplier","publisher":{"@id":"https:\/\/thr.tools\/es\/#organization"},"alternateName":"THR Industrial Supplies | Compresores de Aire y Herramientas","potentialAction":[{"@type":"SearchAction","target":{"@type":"EntryPoint","urlTemplate":"https:\/\/thr.tools\/es\/?s={search_term_string}"},"query-input":{"@type":"PropertyValueSpecification","valueRequired":true,"valueName":"search_term_string"}}],"inLanguage":"es"},{"@type":"Organization","@id":"https:\/\/thr.tools\/es\/#organization","name":"THR Electronics LLC","url":"https:\/\/thr.tools\/es\/","logo":{"@type":"ImageObject","inLanguage":"es","@id":"https:\/\/thr.tools\/es\/#\/schema\/logo\/image\/","url":"https:\/\/thr.tools\/wp-content\/uploads\/2023\/07\/cropped-favicon-thr-logo-512x512-1.png","contentUrl":"https:\/\/thr.tools\/wp-content\/uploads\/2023\/07\/cropped-favicon-thr-logo-512x512-1.png","width":815,"height":814,"caption":"THR Electronics LLC"},"image":{"@id":"https:\/\/thr.tools\/es\/#\/schema\/logo\/image\/"}}]}},"_links":{"self":[{"href":"https:\/\/thr.tools\/es\/wp-json\/wp\/v2\/product\/7561","targetHints":{"allow":["GET"]}}],"collection":[{"href":"https:\/\/thr.tools\/es\/wp-json\/wp\/v2\/product"}],"about":[{"href":"https:\/\/thr.tools\/es\/wp-json\/wp\/v2\/types\/product"}],"version-history":[{"count":1,"href":"https:\/\/thr.tools\/es\/wp-json\/wp\/v2\/product\/7561\/revisions"}],"predecessor-version":[{"id":8709,"href":"https:\/\/thr.tools\/es\/wp-json\/wp\/v2\/product\/7561\/revisions\/8709"}],"wp:featuredmedia":[{"embeddable":true,"href":"https:\/\/thr.tools\/es\/wp-json\/wp\/v2\/media\/7382"}],"wp:attachment":[{"href":"https:\/\/thr.tools\/es\/wp-json\/wp\/v2\/media?parent=7561"}],"wp:term":[{"taxonomy":"product_brand","embeddable":true,"href":"https:\/\/thr.tools\/es\/wp-json\/wp\/v2\/product_brand?post=7561"},{"taxonomy":"product_cat","embeddable":true,"href":"https:\/\/thr.tools\/es\/wp-json\/wp\/v2\/product_cat?post=7561"},{"taxonomy":"product_tag","embeddable":true,"href":"https:\/\/thr.tools\/es\/wp-json\/wp\/v2\/product_tag?post=7561"}],"curies":[{"name":"wp","href":"https:\/\/api.w.org\/{rel}","templated":true}]}}