{"id":7560,"date":"2024-02-08T21:35:38","date_gmt":"2024-02-08T21:35:38","guid":{"rendered":"https:\/\/thr.tools\/product\/ns-71\/"},"modified":"2024-07-02T00:52:38","modified_gmt":"2024-07-02T00:52:38","slug":"ns-71","status":"publish","type":"product","link":"https:\/\/thr.tools\/es\/product\/ns-71\/","title":{"rendered":"Accesorio para Escalador de Agujas"},"content":{"rendered":"","protected":false},"excerpt":{"rendered":"<p>Presentamos el Accesorio de Escala de Agujas, la herramienta definitiva para eliminar de manera efectiva \u00f3xido, pintura y otros revestimientos dif\u00edciles de superficies met\u00e1licas. Este resistente accesorio se acopla a esc\u00e1neres de aire o el\u00e9ctricos est\u00e1ndar, transform\u00e1ndolos instant\u00e1neamente en potentes escaladores de agujas que facilitan el trabajo de preparaci\u00f3n de superficies. Dise\u00f1ado para m\u00e1xima eficiencia y facilidad de uso, el Accesorio de Escala de Agujas es imprescindible para cualquier profesional o entusiasta del bricolaje que busque ahorrar tiempo y esfuerzo en la preparaci\u00f3n de superficies. <\/p>\n<p>Fabricado con materiales de alta calidad, este accesorio est\u00e1 construido para resistir incluso los trabajos m\u00e1s dif\u00edciles y proporcionar un rendimiento duradero. Su dise\u00f1o compacto permite un control y maniobrabilidad precisos, lo que lo hace ideal para el uso en espacios reducidos y superficies intrincadas. Con sus agujas intercambiables, el Accesorio de Escala de Agujas ofrece versatilidad y comodidad para diversas aplicaciones. Desde la fabricaci\u00f3n de metales y la construcci\u00f3n hasta el mantenimiento automotriz y la renovaci\u00f3n del hogar, este producto es un cambio de juego en el mundo de la preparaci\u00f3n de superficies. Actualiza tu esc\u00e1ner hoy mismo y experimenta el poder y la eficiencia del Accesorio de Escala de Agujas. <\/p>\n","protected":false},"featured_media":7379,"template":"","meta":{"site-sidebar-layout":"default","site-content-layout":"default","ast-site-content-layout":"default","site-content-style":"default","site-sidebar-style":"default","ast-global-header-display":"","ast-banner-title-visibility":"","ast-main-header-display":"","ast-hfb-above-header-display":"","ast-hfb-below-header-display":"","ast-hfb-mobile-header-display":"","site-post-title":"","ast-breadcrumbs-content":"","ast-featured-img":"","footer-sml-layout":"","ast-disable-related-posts":"","theme-transparent-header-meta":"default","adv-header-id-meta":"","stick-header-meta":"","header-above-stick-meta":"","header-main-stick-meta":"","header-below-stick-meta":"","astra-migrate-meta-layouts":"default","ast-page-background-enabled":"default","ast-page-background-meta":{"desktop":{"background-color":"","background-image":"","background-repeat":"repeat","background-position":"center center","background-size":"auto","background-attachment":"scroll","background-type":"","background-media":"","overlay-type":"","overlay-color":"","overlay-opacity":"","overlay-gradient":""},"tablet":{"background-color":"","background-image":"","background-repeat":"repeat","background-position":"center center","background-size":"auto","background-attachment":"scroll","background-type":"","background-media":"","overlay-type":"","overlay-color":"","overlay-opacity":"","overlay-gradient":""},"mobile":{"background-color":"","background-image":"","background-repeat":"repeat","background-position":"center center","background-size":"auto","background-attachment":"scroll","background-type":"","background-media":"","overlay-type":"","overlay-color":"","overlay-opacity":"","overlay-gradient":""}},"ast-content-background-meta":{"desktop":{"background-color":"var(--ast-global-color-5)","background-image":"","background-repeat":"repeat","background-position":"center center","background-size":"auto","background-attachment":"scroll","background-type":"","background-media":"","overlay-type":"","overlay-color":"","overlay-opacity":"","overlay-gradient":""},"tablet":{"background-color":"var(--ast-global-color-5)","background-image":"","background-repeat":"repeat","background-position":"center center","background-size":"auto","background-attachment":"scroll","background-type":"","background-media":"","overlay-type":"","overlay-color":"","overlay-opacity":"","overlay-gradient":""},"mobile":{"background-color":"var(--ast-global-color-5)","background-image":"","background-repeat":"repeat","background-position":"center center","background-size":"auto","background-attachment":"scroll","background-type":"","background-media":"","overlay-type":"","overlay-color":"","overlay-opacity":"","overlay-gradient":""}}},"product_brand":[],"product_cat":[577,576,565,569],"product_tag":[],"class_list":{"0":"post-7560","1":"product","2":"type-product","3":"status-publish","4":"has-post-thumbnail","6":"product_cat-accesorios-es-3","7":"product_cat-golpeo-y-martilleo","8":"product_cat-herramientas","9":"product_cat-neumaticas","10":"desktop-align-left","11":"tablet-align-left","12":"mobile-align-left","14":"first","15":"instock","16":"shipping-taxable","17":"purchasable","18":"product-type-simple"},"yoast_head":"<!-- This site is optimized with the Yoast SEO plugin v26.7 - https:\/\/yoast.com\/wordpress\/plugins\/seo\/ -->\n<title>Accesorio para Escalador de Agujas - THR Industrial Supplies<\/title>\n<meta name=\"robots\" content=\"index, follow, max-snippet:-1, max-image-preview:large, max-video-preview:-1\" \/>\n<link rel=\"canonical\" href=\"https:\/\/thr.tools\/es\/product\/ns-71\/\" \/>\n<meta property=\"og:locale\" content=\"es_ES\" \/>\n<meta property=\"og:type\" content=\"article\" \/>\n<meta property=\"og:title\" content=\"Accesorio para Escalador de Agujas - THR Industrial Supplies\" \/>\n<meta property=\"og:description\" content=\"Presentamos el Accesorio de Escala de Agujas, la herramienta definitiva para eliminar de manera efectiva \u00f3xido, pintura y otros revestimientos dif\u00edciles de superficies met\u00e1licas. Este resistente accesorio se acopla a esc\u00e1neres de aire o el\u00e9ctricos est\u00e1ndar, transform\u00e1ndolos instant\u00e1neamente en potentes escaladores de agujas que facilitan el trabajo de preparaci\u00f3n de superficies. Dise\u00f1ado para m\u00e1xima eficiencia y facilidad de uso, el Accesorio de Escala de Agujas es imprescindible para cualquier profesional o entusiasta del bricolaje que busque ahorrar tiempo y esfuerzo en la preparaci\u00f3n de superficies.  Fabricado con materiales de alta calidad, este accesorio est\u00e1 construido para resistir incluso los trabajos m\u00e1s dif\u00edciles y proporcionar un rendimiento duradero. Su dise\u00f1o compacto permite un control y maniobrabilidad precisos, lo que lo hace ideal para el uso en espacios reducidos y superficies intrincadas. Con sus agujas intercambiables, el Accesorio de Escala de Agujas ofrece versatilidad y comodidad para diversas aplicaciones. Desde la fabricaci\u00f3n de metales y la construcci\u00f3n hasta el mantenimiento automotriz y la renovaci\u00f3n del hogar, este producto es un cambio de juego en el mundo de la preparaci\u00f3n de superficies. Actualiza tu esc\u00e1ner hoy mismo y experimenta el poder y la eficiencia del Accesorio de Escala de Agujas.\" \/>\n<meta property=\"og:url\" content=\"https:\/\/thr.tools\/es\/product\/ns-71\/\" \/>\n<meta property=\"og:site_name\" content=\"THR Industrial Supplies\" \/>\n<meta property=\"article:modified_time\" content=\"2024-07-02T00:52:38+00:00\" \/>\n<meta property=\"og:image\" content=\"https:\/\/thr.tools\/wp-content\/uploads\/2024\/06\/NS-71_1200x1200.jpg\" \/>\n\t<meta property=\"og:image:width\" content=\"1200\" \/>\n\t<meta property=\"og:image:height\" content=\"1200\" \/>\n\t<meta property=\"og:image:type\" content=\"image\/jpeg\" \/>\n<meta name=\"twitter:card\" content=\"summary_large_image\" \/>\n<script type=\"application\/ld+json\" class=\"yoast-schema-graph\">{\"@context\":\"https:\/\/schema.org\",\"@graph\":[{\"@type\":\"WebPage\",\"@id\":\"https:\/\/thr.tools\/es\/product\/ns-71\/\",\"url\":\"https:\/\/thr.tools\/es\/product\/ns-71\/\",\"name\":\"Accesorio para Escalador de Agujas - THR Industrial Supplies\",\"isPartOf\":{\"@id\":\"https:\/\/thr.tools\/es\/#website\"},\"primaryImageOfPage\":{\"@id\":\"https:\/\/thr.tools\/es\/product\/ns-71\/#primaryimage\"},\"image\":{\"@id\":\"https:\/\/thr.tools\/es\/product\/ns-71\/#primaryimage\"},\"thumbnailUrl\":\"https:\/\/thr.tools\/wp-content\/uploads\/2024\/06\/NS-71_1200x1200.jpg\",\"datePublished\":\"2024-02-08T21:35:38+00:00\",\"dateModified\":\"2024-07-02T00:52:38+00:00\",\"breadcrumb\":{\"@id\":\"https:\/\/thr.tools\/es\/product\/ns-71\/#breadcrumb\"},\"inLanguage\":\"es\",\"potentialAction\":[{\"@type\":\"ReadAction\",\"target\":[\"https:\/\/thr.tools\/es\/product\/ns-71\/\"]}]},{\"@type\":\"ImageObject\",\"inLanguage\":\"es\",\"@id\":\"https:\/\/thr.tools\/es\/product\/ns-71\/#primaryimage\",\"url\":\"https:\/\/thr.tools\/wp-content\/uploads\/2024\/06\/NS-71_1200x1200.jpg\",\"contentUrl\":\"https:\/\/thr.tools\/wp-content\/uploads\/2024\/06\/NS-71_1200x1200.jpg\",\"width\":1200,\"height\":1200},{\"@type\":\"BreadcrumbList\",\"@id\":\"https:\/\/thr.tools\/es\/product\/ns-71\/#breadcrumb\",\"itemListElement\":[{\"@type\":\"ListItem\",\"position\":1,\"name\":\"Home\",\"item\":\"https:\/\/thr.tools\/es\/\"},{\"@type\":\"ListItem\",\"position\":2,\"name\":\"Store\",\"item\":\"https:\/\/thr.tools\/store\/\"},{\"@type\":\"ListItem\",\"position\":3,\"name\":\"Accesorio para Escalador de Agujas\"}]},{\"@type\":\"WebSite\",\"@id\":\"https:\/\/thr.tools\/es\/#website\",\"url\":\"https:\/\/thr.tools\/es\/\",\"name\":\"THR Industrial Supplies | Air Compressors & Tools\",\"description\":\"OEM, ODM Air Equipment Supplier\",\"publisher\":{\"@id\":\"https:\/\/thr.tools\/es\/#organization\"},\"alternateName\":\"THR Industrial Supplies | Compresores de Aire y Herramientas\",\"potentialAction\":[{\"@type\":\"SearchAction\",\"target\":{\"@type\":\"EntryPoint\",\"urlTemplate\":\"https:\/\/thr.tools\/es\/?s={search_term_string}\"},\"query-input\":{\"@type\":\"PropertyValueSpecification\",\"valueRequired\":true,\"valueName\":\"search_term_string\"}}],\"inLanguage\":\"es\"},{\"@type\":\"Organization\",\"@id\":\"https:\/\/thr.tools\/es\/#organization\",\"name\":\"THR Electronics LLC\",\"url\":\"https:\/\/thr.tools\/es\/\",\"logo\":{\"@type\":\"ImageObject\",\"inLanguage\":\"es\",\"@id\":\"https:\/\/thr.tools\/es\/#\/schema\/logo\/image\/\",\"url\":\"https:\/\/thr.tools\/wp-content\/uploads\/2023\/07\/cropped-favicon-thr-logo-512x512-1.png\",\"contentUrl\":\"https:\/\/thr.tools\/wp-content\/uploads\/2023\/07\/cropped-favicon-thr-logo-512x512-1.png\",\"width\":815,\"height\":814,\"caption\":\"THR Electronics LLC\"},\"image\":{\"@id\":\"https:\/\/thr.tools\/es\/#\/schema\/logo\/image\/\"}}]}<\/script>\n<!-- \/ Yoast SEO plugin. -->","yoast_head_json":{"title":"Accesorio para Escalador de Agujas - THR Industrial Supplies","robots":{"index":"index","follow":"follow","max-snippet":"max-snippet:-1","max-image-preview":"max-image-preview:large","max-video-preview":"max-video-preview:-1"},"canonical":"https:\/\/thr.tools\/es\/product\/ns-71\/","og_locale":"es_ES","og_type":"article","og_title":"Accesorio para Escalador de Agujas - THR Industrial Supplies","og_description":"Presentamos el Accesorio de Escala de Agujas, la herramienta definitiva para eliminar de manera efectiva \u00f3xido, pintura y otros revestimientos dif\u00edciles de superficies met\u00e1licas. Este resistente accesorio se acopla a esc\u00e1neres de aire o el\u00e9ctricos est\u00e1ndar, transform\u00e1ndolos instant\u00e1neamente en potentes escaladores de agujas que facilitan el trabajo de preparaci\u00f3n de superficies. Dise\u00f1ado para m\u00e1xima eficiencia y facilidad de uso, el Accesorio de Escala de Agujas es imprescindible para cualquier profesional o entusiasta del bricolaje que busque ahorrar tiempo y esfuerzo en la preparaci\u00f3n de superficies.  Fabricado con materiales de alta calidad, este accesorio est\u00e1 construido para resistir incluso los trabajos m\u00e1s dif\u00edciles y proporcionar un rendimiento duradero. Su dise\u00f1o compacto permite un control y maniobrabilidad precisos, lo que lo hace ideal para el uso en espacios reducidos y superficies intrincadas. Con sus agujas intercambiables, el Accesorio de Escala de Agujas ofrece versatilidad y comodidad para diversas aplicaciones. Desde la fabricaci\u00f3n de metales y la construcci\u00f3n hasta el mantenimiento automotriz y la renovaci\u00f3n del hogar, este producto es un cambio de juego en el mundo de la preparaci\u00f3n de superficies. Actualiza tu esc\u00e1ner hoy mismo y experimenta el poder y la eficiencia del Accesorio de Escala de Agujas.","og_url":"https:\/\/thr.tools\/es\/product\/ns-71\/","og_site_name":"THR Industrial Supplies","article_modified_time":"2024-07-02T00:52:38+00:00","og_image":[{"width":1200,"height":1200,"url":"https:\/\/thr.tools\/wp-content\/uploads\/2024\/06\/NS-71_1200x1200.jpg","type":"image\/jpeg"}],"twitter_card":"summary_large_image","schema":{"@context":"https:\/\/schema.org","@graph":[{"@type":"WebPage","@id":"https:\/\/thr.tools\/es\/product\/ns-71\/","url":"https:\/\/thr.tools\/es\/product\/ns-71\/","name":"Accesorio para Escalador de Agujas - THR Industrial Supplies","isPartOf":{"@id":"https:\/\/thr.tools\/es\/#website"},"primaryImageOfPage":{"@id":"https:\/\/thr.tools\/es\/product\/ns-71\/#primaryimage"},"image":{"@id":"https:\/\/thr.tools\/es\/product\/ns-71\/#primaryimage"},"thumbnailUrl":"https:\/\/thr.tools\/wp-content\/uploads\/2024\/06\/NS-71_1200x1200.jpg","datePublished":"2024-02-08T21:35:38+00:00","dateModified":"2024-07-02T00:52:38+00:00","breadcrumb":{"@id":"https:\/\/thr.tools\/es\/product\/ns-71\/#breadcrumb"},"inLanguage":"es","potentialAction":[{"@type":"ReadAction","target":["https:\/\/thr.tools\/es\/product\/ns-71\/"]}]},{"@type":"ImageObject","inLanguage":"es","@id":"https:\/\/thr.tools\/es\/product\/ns-71\/#primaryimage","url":"https:\/\/thr.tools\/wp-content\/uploads\/2024\/06\/NS-71_1200x1200.jpg","contentUrl":"https:\/\/thr.tools\/wp-content\/uploads\/2024\/06\/NS-71_1200x1200.jpg","width":1200,"height":1200},{"@type":"BreadcrumbList","@id":"https:\/\/thr.tools\/es\/product\/ns-71\/#breadcrumb","itemListElement":[{"@type":"ListItem","position":1,"name":"Home","item":"https:\/\/thr.tools\/es\/"},{"@type":"ListItem","position":2,"name":"Store","item":"https:\/\/thr.tools\/store\/"},{"@type":"ListItem","position":3,"name":"Accesorio para Escalador de Agujas"}]},{"@type":"WebSite","@id":"https:\/\/thr.tools\/es\/#website","url":"https:\/\/thr.tools\/es\/","name":"THR Industrial Supplies | Air Compressors & Tools","description":"OEM, ODM Air Equipment Supplier","publisher":{"@id":"https:\/\/thr.tools\/es\/#organization"},"alternateName":"THR Industrial Supplies | Compresores de Aire y Herramientas","potentialAction":[{"@type":"SearchAction","target":{"@type":"EntryPoint","urlTemplate":"https:\/\/thr.tools\/es\/?s={search_term_string}"},"query-input":{"@type":"PropertyValueSpecification","valueRequired":true,"valueName":"search_term_string"}}],"inLanguage":"es"},{"@type":"Organization","@id":"https:\/\/thr.tools\/es\/#organization","name":"THR Electronics LLC","url":"https:\/\/thr.tools\/es\/","logo":{"@type":"ImageObject","inLanguage":"es","@id":"https:\/\/thr.tools\/es\/#\/schema\/logo\/image\/","url":"https:\/\/thr.tools\/wp-content\/uploads\/2023\/07\/cropped-favicon-thr-logo-512x512-1.png","contentUrl":"https:\/\/thr.tools\/wp-content\/uploads\/2023\/07\/cropped-favicon-thr-logo-512x512-1.png","width":815,"height":814,"caption":"THR Electronics LLC"},"image":{"@id":"https:\/\/thr.tools\/es\/#\/schema\/logo\/image\/"}}]}},"_links":{"self":[{"href":"https:\/\/thr.tools\/es\/wp-json\/wp\/v2\/product\/7560","targetHints":{"allow":["GET"]}}],"collection":[{"href":"https:\/\/thr.tools\/es\/wp-json\/wp\/v2\/product"}],"about":[{"href":"https:\/\/thr.tools\/es\/wp-json\/wp\/v2\/types\/product"}],"version-history":[{"count":1,"href":"https:\/\/thr.tools\/es\/wp-json\/wp\/v2\/product\/7560\/revisions"}],"predecessor-version":[{"id":8708,"href":"https:\/\/thr.tools\/es\/wp-json\/wp\/v2\/product\/7560\/revisions\/8708"}],"wp:featuredmedia":[{"embeddable":true,"href":"https:\/\/thr.tools\/es\/wp-json\/wp\/v2\/media\/7379"}],"wp:attachment":[{"href":"https:\/\/thr.tools\/es\/wp-json\/wp\/v2\/media?parent=7560"}],"wp:term":[{"taxonomy":"product_brand","embeddable":true,"href":"https:\/\/thr.tools\/es\/wp-json\/wp\/v2\/product_brand?post=7560"},{"taxonomy":"product_cat","embeddable":true,"href":"https:\/\/thr.tools\/es\/wp-json\/wp\/v2\/product_cat?post=7560"},{"taxonomy":"product_tag","embeddable":true,"href":"https:\/\/thr.tools\/es\/wp-json\/wp\/v2\/product_tag?post=7560"}],"curies":[{"name":"wp","href":"https:\/\/api.w.org\/{rel}","templated":true}]}}