{"id":7553,"date":"2024-02-09T01:45:49","date_gmt":"2024-02-09T01:45:49","guid":{"rendered":"https:\/\/thr.tools\/product\/hs-3218\/"},"modified":"2024-07-02T00:52:58","modified_gmt":"2024-07-02T00:52:58","slug":"hs-3218","status":"publish","type":"product","link":"https:\/\/thr.tools\/es\/product\/hs-3218\/","title":{"rendered":"Grapadora de Cart\u00f3n Manual"},"content":{"rendered":"","protected":false},"excerpt":{"rendered":"<p>La engrapadora de cart\u00f3n manual es la herramienta perfecta para todas sus necesidades de embalaje. Dise\u00f1ada para uso general, esta engrapadora est\u00e1 equipada con caracter\u00edsticas que mejoran la eficiencia y la facilidad de uso. Con ajuste de ajuste y profundidad de penetraci\u00f3n, puede personalizar su engrapado para un ajuste perfecto en cada ocasi\u00f3n. Adem\u00e1s, con una capacidad de revista de 120, puede engrapar m\u00e1s sin tener que recargar constantemente. Compatible con longitudes de grapa de hasta 15~18 mm, esta engrapadora es vers\u00e1til y adecuada para una amplia gama de tareas. Ya sea en un almac\u00e9n, oficina o hogar, la engrapadora de cart\u00f3n manual es un elemento imprescindible para el engrapado eficiente y preciso. <\/p>\n<p>Mejore su t\u00e9cnica de engrapado con la engrapadora de cart\u00f3n manual. Esta engrapadora resistente est\u00e1 dise\u00f1ada para uso general y cuenta con una mayor eficiencia y facilidad de uso. Con ajuste de ajuste y profundidad de penetraci\u00f3n, puede garantizar un engrapado seguro y ordenado en todo momento. Y con una capacidad de revista de 120, puede engrapar m\u00e1s sin interrupciones. La engrapadora de cart\u00f3n manual tambi\u00e9n es compatible con longitudes de grapa de hasta 15~18 mm, lo que la convierte en una herramienta vers\u00e1til para todas sus necesidades de engrapado. Diga adi\u00f3s al engrapado desordenado e poco confiable y cambie a la engrapadora de cart\u00f3n manual para una experiencia de engrapado incomparable.<\/p>\n","protected":false},"featured_media":7403,"template":"","meta":{"site-sidebar-layout":"default","site-content-layout":"default","ast-site-content-layout":"default","site-content-style":"default","site-sidebar-style":"default","ast-global-header-display":"","ast-banner-title-visibility":"","ast-main-header-display":"","ast-hfb-above-header-display":"","ast-hfb-below-header-display":"","ast-hfb-mobile-header-display":"","site-post-title":"","ast-breadcrumbs-content":"","ast-featured-img":"","footer-sml-layout":"","ast-disable-related-posts":"","theme-transparent-header-meta":"default","adv-header-id-meta":"","stick-header-meta":"","header-above-stick-meta":"","header-main-stick-meta":"","header-below-stick-meta":"","astra-migrate-meta-layouts":"default","ast-page-background-enabled":"default","ast-page-background-meta":{"desktop":{"background-color":"","background-image":"","background-repeat":"repeat","background-position":"center center","background-size":"auto","background-attachment":"scroll","background-type":"","background-media":"","overlay-type":"","overlay-color":"","overlay-opacity":"","overlay-gradient":""},"tablet":{"background-color":"","background-image":"","background-repeat":"repeat","background-position":"center center","background-size":"auto","background-attachment":"scroll","background-type":"","background-media":"","overlay-type":"","overlay-color":"","overlay-opacity":"","overlay-gradient":""},"mobile":{"background-color":"","background-image":"","background-repeat":"repeat","background-position":"center center","background-size":"auto","background-attachment":"scroll","background-type":"","background-media":"","overlay-type":"","overlay-color":"","overlay-opacity":"","overlay-gradient":""}},"ast-content-background-meta":{"desktop":{"background-color":"var(--ast-global-color-5)","background-image":"","background-repeat":"repeat","background-position":"center center","background-size":"auto","background-attachment":"scroll","background-type":"","background-media":"","overlay-type":"","overlay-color":"","overlay-opacity":"","overlay-gradient":""},"tablet":{"background-color":"var(--ast-global-color-5)","background-image":"","background-repeat":"repeat","background-position":"center center","background-size":"auto","background-attachment":"scroll","background-type":"","background-media":"","overlay-type":"","overlay-color":"","overlay-opacity":"","overlay-gradient":""},"mobile":{"background-color":"var(--ast-global-color-5)","background-image":"","background-repeat":"repeat","background-position":"center center","background-size":"auto","background-attachment":"scroll","background-type":"","background-media":"","overlay-type":"","overlay-color":"","overlay-opacity":"","overlay-gradient":""}}},"product_brand":[],"product_cat":[948,565,947],"product_tag":[],"class_list":{"0":"post-7553","1":"product","2":"type-product","3":"status-publish","4":"has-post-thumbnail","6":"product_cat-clavadoras-grapadoras-remachadoras","7":"product_cat-herramientas","8":"product_cat-manuales","9":"desktop-align-left","10":"tablet-align-left","11":"mobile-align-left","13":"first","14":"instock","15":"shipping-taxable","16":"purchasable","17":"product-type-simple"},"yoast_head":"<!-- This site is optimized with the Yoast SEO plugin v26.7 - https:\/\/yoast.com\/wordpress\/plugins\/seo\/ -->\n<title>Grapadora de Cart\u00f3n Manual - THR Industrial Supplies<\/title>\n<meta name=\"robots\" content=\"index, follow, max-snippet:-1, max-image-preview:large, max-video-preview:-1\" \/>\n<link rel=\"canonical\" href=\"https:\/\/thr.tools\/es\/product\/hs-3218\/\" \/>\n<meta property=\"og:locale\" content=\"es_ES\" \/>\n<meta property=\"og:type\" content=\"article\" \/>\n<meta property=\"og:title\" content=\"Grapadora de Cart\u00f3n Manual - THR Industrial Supplies\" \/>\n<meta property=\"og:description\" content=\"La engrapadora de cart\u00f3n manual es la herramienta perfecta para todas sus necesidades de embalaje. Dise\u00f1ada para uso general, esta engrapadora est\u00e1 equipada con caracter\u00edsticas que mejoran la eficiencia y la facilidad de uso. Con ajuste de ajuste y profundidad de penetraci\u00f3n, puede personalizar su engrapado para un ajuste perfecto en cada ocasi\u00f3n. Adem\u00e1s, con una capacidad de revista de 120, puede engrapar m\u00e1s sin tener que recargar constantemente. Compatible con longitudes de grapa de hasta 15~18 mm, esta engrapadora es vers\u00e1til y adecuada para una amplia gama de tareas. Ya sea en un almac\u00e9n, oficina o hogar, la engrapadora de cart\u00f3n manual es un elemento imprescindible para el engrapado eficiente y preciso.  Mejore su t\u00e9cnica de engrapado con la engrapadora de cart\u00f3n manual. Esta engrapadora resistente est\u00e1 dise\u00f1ada para uso general y cuenta con una mayor eficiencia y facilidad de uso. Con ajuste de ajuste y profundidad de penetraci\u00f3n, puede garantizar un engrapado seguro y ordenado en todo momento. Y con una capacidad de revista de 120, puede engrapar m\u00e1s sin interrupciones. La engrapadora de cart\u00f3n manual tambi\u00e9n es compatible con longitudes de grapa de hasta 15~18 mm, lo que la convierte en una herramienta vers\u00e1til para todas sus necesidades de engrapado. Diga adi\u00f3s al engrapado desordenado e poco confiable y cambie a la engrapadora de cart\u00f3n manual para una experiencia de engrapado incomparable.\" \/>\n<meta property=\"og:url\" content=\"https:\/\/thr.tools\/es\/product\/hs-3218\/\" \/>\n<meta property=\"og:site_name\" content=\"THR Industrial Supplies\" \/>\n<meta property=\"article:modified_time\" content=\"2024-07-02T00:52:58+00:00\" \/>\n<meta property=\"og:image\" content=\"https:\/\/thr.tools\/wp-content\/uploads\/2024\/06\/HS-3218_1200x1200.jpg\" \/>\n\t<meta property=\"og:image:width\" content=\"1200\" \/>\n\t<meta property=\"og:image:height\" content=\"1200\" \/>\n\t<meta property=\"og:image:type\" content=\"image\/jpeg\" \/>\n<meta name=\"twitter:card\" content=\"summary_large_image\" \/>\n<script type=\"application\/ld+json\" class=\"yoast-schema-graph\">{\"@context\":\"https:\/\/schema.org\",\"@graph\":[{\"@type\":\"WebPage\",\"@id\":\"https:\/\/thr.tools\/es\/product\/hs-3218\/\",\"url\":\"https:\/\/thr.tools\/es\/product\/hs-3218\/\",\"name\":\"Grapadora de Cart\u00f3n Manual - THR Industrial Supplies\",\"isPartOf\":{\"@id\":\"https:\/\/thr.tools\/es\/#website\"},\"primaryImageOfPage\":{\"@id\":\"https:\/\/thr.tools\/es\/product\/hs-3218\/#primaryimage\"},\"image\":{\"@id\":\"https:\/\/thr.tools\/es\/product\/hs-3218\/#primaryimage\"},\"thumbnailUrl\":\"https:\/\/thr.tools\/wp-content\/uploads\/2024\/06\/HS-3218_1200x1200.jpg\",\"datePublished\":\"2024-02-09T01:45:49+00:00\",\"dateModified\":\"2024-07-02T00:52:58+00:00\",\"breadcrumb\":{\"@id\":\"https:\/\/thr.tools\/es\/product\/hs-3218\/#breadcrumb\"},\"inLanguage\":\"es\",\"potentialAction\":[{\"@type\":\"ReadAction\",\"target\":[\"https:\/\/thr.tools\/es\/product\/hs-3218\/\"]}]},{\"@type\":\"ImageObject\",\"inLanguage\":\"es\",\"@id\":\"https:\/\/thr.tools\/es\/product\/hs-3218\/#primaryimage\",\"url\":\"https:\/\/thr.tools\/wp-content\/uploads\/2024\/06\/HS-3218_1200x1200.jpg\",\"contentUrl\":\"https:\/\/thr.tools\/wp-content\/uploads\/2024\/06\/HS-3218_1200x1200.jpg\",\"width\":1200,\"height\":1200},{\"@type\":\"BreadcrumbList\",\"@id\":\"https:\/\/thr.tools\/es\/product\/hs-3218\/#breadcrumb\",\"itemListElement\":[{\"@type\":\"ListItem\",\"position\":1,\"name\":\"Home\",\"item\":\"https:\/\/thr.tools\/es\/\"},{\"@type\":\"ListItem\",\"position\":2,\"name\":\"Store\",\"item\":\"https:\/\/thr.tools\/store\/\"},{\"@type\":\"ListItem\",\"position\":3,\"name\":\"Grapadora de Cart\u00f3n Manual\"}]},{\"@type\":\"WebSite\",\"@id\":\"https:\/\/thr.tools\/es\/#website\",\"url\":\"https:\/\/thr.tools\/es\/\",\"name\":\"THR Industrial Supplies | Air Compressors & Tools\",\"description\":\"OEM, ODM Air Equipment Supplier\",\"publisher\":{\"@id\":\"https:\/\/thr.tools\/es\/#organization\"},\"alternateName\":\"THR Industrial Supplies | Compresores de Aire y Herramientas\",\"potentialAction\":[{\"@type\":\"SearchAction\",\"target\":{\"@type\":\"EntryPoint\",\"urlTemplate\":\"https:\/\/thr.tools\/es\/?s={search_term_string}\"},\"query-input\":{\"@type\":\"PropertyValueSpecification\",\"valueRequired\":true,\"valueName\":\"search_term_string\"}}],\"inLanguage\":\"es\"},{\"@type\":\"Organization\",\"@id\":\"https:\/\/thr.tools\/es\/#organization\",\"name\":\"THR Electronics LLC\",\"url\":\"https:\/\/thr.tools\/es\/\",\"logo\":{\"@type\":\"ImageObject\",\"inLanguage\":\"es\",\"@id\":\"https:\/\/thr.tools\/es\/#\/schema\/logo\/image\/\",\"url\":\"https:\/\/thr.tools\/wp-content\/uploads\/2023\/07\/cropped-favicon-thr-logo-512x512-1.png\",\"contentUrl\":\"https:\/\/thr.tools\/wp-content\/uploads\/2023\/07\/cropped-favicon-thr-logo-512x512-1.png\",\"width\":815,\"height\":814,\"caption\":\"THR Electronics LLC\"},\"image\":{\"@id\":\"https:\/\/thr.tools\/es\/#\/schema\/logo\/image\/\"}}]}<\/script>\n<!-- \/ Yoast SEO plugin. -->","yoast_head_json":{"title":"Grapadora de Cart\u00f3n Manual - THR Industrial Supplies","robots":{"index":"index","follow":"follow","max-snippet":"max-snippet:-1","max-image-preview":"max-image-preview:large","max-video-preview":"max-video-preview:-1"},"canonical":"https:\/\/thr.tools\/es\/product\/hs-3218\/","og_locale":"es_ES","og_type":"article","og_title":"Grapadora de Cart\u00f3n Manual - THR Industrial Supplies","og_description":"La engrapadora de cart\u00f3n manual es la herramienta perfecta para todas sus necesidades de embalaje. Dise\u00f1ada para uso general, esta engrapadora est\u00e1 equipada con caracter\u00edsticas que mejoran la eficiencia y la facilidad de uso. Con ajuste de ajuste y profundidad de penetraci\u00f3n, puede personalizar su engrapado para un ajuste perfecto en cada ocasi\u00f3n. Adem\u00e1s, con una capacidad de revista de 120, puede engrapar m\u00e1s sin tener que recargar constantemente. Compatible con longitudes de grapa de hasta 15~18 mm, esta engrapadora es vers\u00e1til y adecuada para una amplia gama de tareas. Ya sea en un almac\u00e9n, oficina o hogar, la engrapadora de cart\u00f3n manual es un elemento imprescindible para el engrapado eficiente y preciso.  Mejore su t\u00e9cnica de engrapado con la engrapadora de cart\u00f3n manual. Esta engrapadora resistente est\u00e1 dise\u00f1ada para uso general y cuenta con una mayor eficiencia y facilidad de uso. Con ajuste de ajuste y profundidad de penetraci\u00f3n, puede garantizar un engrapado seguro y ordenado en todo momento. Y con una capacidad de revista de 120, puede engrapar m\u00e1s sin interrupciones. La engrapadora de cart\u00f3n manual tambi\u00e9n es compatible con longitudes de grapa de hasta 15~18 mm, lo que la convierte en una herramienta vers\u00e1til para todas sus necesidades de engrapado. Diga adi\u00f3s al engrapado desordenado e poco confiable y cambie a la engrapadora de cart\u00f3n manual para una experiencia de engrapado incomparable.","og_url":"https:\/\/thr.tools\/es\/product\/hs-3218\/","og_site_name":"THR Industrial Supplies","article_modified_time":"2024-07-02T00:52:58+00:00","og_image":[{"width":1200,"height":1200,"url":"https:\/\/thr.tools\/wp-content\/uploads\/2024\/06\/HS-3218_1200x1200.jpg","type":"image\/jpeg"}],"twitter_card":"summary_large_image","schema":{"@context":"https:\/\/schema.org","@graph":[{"@type":"WebPage","@id":"https:\/\/thr.tools\/es\/product\/hs-3218\/","url":"https:\/\/thr.tools\/es\/product\/hs-3218\/","name":"Grapadora de Cart\u00f3n Manual - THR Industrial Supplies","isPartOf":{"@id":"https:\/\/thr.tools\/es\/#website"},"primaryImageOfPage":{"@id":"https:\/\/thr.tools\/es\/product\/hs-3218\/#primaryimage"},"image":{"@id":"https:\/\/thr.tools\/es\/product\/hs-3218\/#primaryimage"},"thumbnailUrl":"https:\/\/thr.tools\/wp-content\/uploads\/2024\/06\/HS-3218_1200x1200.jpg","datePublished":"2024-02-09T01:45:49+00:00","dateModified":"2024-07-02T00:52:58+00:00","breadcrumb":{"@id":"https:\/\/thr.tools\/es\/product\/hs-3218\/#breadcrumb"},"inLanguage":"es","potentialAction":[{"@type":"ReadAction","target":["https:\/\/thr.tools\/es\/product\/hs-3218\/"]}]},{"@type":"ImageObject","inLanguage":"es","@id":"https:\/\/thr.tools\/es\/product\/hs-3218\/#primaryimage","url":"https:\/\/thr.tools\/wp-content\/uploads\/2024\/06\/HS-3218_1200x1200.jpg","contentUrl":"https:\/\/thr.tools\/wp-content\/uploads\/2024\/06\/HS-3218_1200x1200.jpg","width":1200,"height":1200},{"@type":"BreadcrumbList","@id":"https:\/\/thr.tools\/es\/product\/hs-3218\/#breadcrumb","itemListElement":[{"@type":"ListItem","position":1,"name":"Home","item":"https:\/\/thr.tools\/es\/"},{"@type":"ListItem","position":2,"name":"Store","item":"https:\/\/thr.tools\/store\/"},{"@type":"ListItem","position":3,"name":"Grapadora de Cart\u00f3n Manual"}]},{"@type":"WebSite","@id":"https:\/\/thr.tools\/es\/#website","url":"https:\/\/thr.tools\/es\/","name":"THR Industrial Supplies | Air Compressors & Tools","description":"OEM, ODM Air Equipment Supplier","publisher":{"@id":"https:\/\/thr.tools\/es\/#organization"},"alternateName":"THR Industrial Supplies | Compresores de Aire y Herramientas","potentialAction":[{"@type":"SearchAction","target":{"@type":"EntryPoint","urlTemplate":"https:\/\/thr.tools\/es\/?s={search_term_string}"},"query-input":{"@type":"PropertyValueSpecification","valueRequired":true,"valueName":"search_term_string"}}],"inLanguage":"es"},{"@type":"Organization","@id":"https:\/\/thr.tools\/es\/#organization","name":"THR Electronics LLC","url":"https:\/\/thr.tools\/es\/","logo":{"@type":"ImageObject","inLanguage":"es","@id":"https:\/\/thr.tools\/es\/#\/schema\/logo\/image\/","url":"https:\/\/thr.tools\/wp-content\/uploads\/2023\/07\/cropped-favicon-thr-logo-512x512-1.png","contentUrl":"https:\/\/thr.tools\/wp-content\/uploads\/2023\/07\/cropped-favicon-thr-logo-512x512-1.png","width":815,"height":814,"caption":"THR Electronics LLC"},"image":{"@id":"https:\/\/thr.tools\/es\/#\/schema\/logo\/image\/"}}]}},"_links":{"self":[{"href":"https:\/\/thr.tools\/es\/wp-json\/wp\/v2\/product\/7553","targetHints":{"allow":["GET"]}}],"collection":[{"href":"https:\/\/thr.tools\/es\/wp-json\/wp\/v2\/product"}],"about":[{"href":"https:\/\/thr.tools\/es\/wp-json\/wp\/v2\/types\/product"}],"version-history":[{"count":1,"href":"https:\/\/thr.tools\/es\/wp-json\/wp\/v2\/product\/7553\/revisions"}],"predecessor-version":[{"id":8736,"href":"https:\/\/thr.tools\/es\/wp-json\/wp\/v2\/product\/7553\/revisions\/8736"}],"wp:featuredmedia":[{"embeddable":true,"href":"https:\/\/thr.tools\/es\/wp-json\/wp\/v2\/media\/7403"}],"wp:attachment":[{"href":"https:\/\/thr.tools\/es\/wp-json\/wp\/v2\/media?parent=7553"}],"wp:term":[{"taxonomy":"product_brand","embeddable":true,"href":"https:\/\/thr.tools\/es\/wp-json\/wp\/v2\/product_brand?post=7553"},{"taxonomy":"product_cat","embeddable":true,"href":"https:\/\/thr.tools\/es\/wp-json\/wp\/v2\/product_cat?post=7553"},{"taxonomy":"product_tag","embeddable":true,"href":"https:\/\/thr.tools\/es\/wp-json\/wp\/v2\/product_tag?post=7553"}],"curies":[{"name":"wp","href":"https:\/\/api.w.org\/{rel}","templated":true}]}}