{"id":7552,"date":"2024-02-09T01:47:55","date_gmt":"2024-02-09T01:47:55","guid":{"rendered":"https:\/\/thr.tools\/product\/cs-3218\/"},"modified":"2024-07-02T00:52:59","modified_gmt":"2024-07-02T00:52:59","slug":"cs-3218","status":"publish","type":"product","link":"https:\/\/thr.tools\/es\/product\/cs-3218\/","title":{"rendered":"Grapadora Neum\u00e1tica de Cart\u00f3n"},"content":{"rendered":"","protected":false},"excerpt":{"rendered":"<p>Presentamos el Grapadora de Cart\u00f3n de Aire, la herramienta perfecta para todas sus necesidades de grapado general. Esta innovadora grapadora cuenta con una variedad de caracter\u00edsticas que hacen que grapar sea m\u00e1s f\u00e1cil y eficiente que nunca. Dise\u00f1ada con la facilidad de operaci\u00f3n en mente, la Grapadora de Cart\u00f3n de Aire es perfecta tanto para uso profesional como personal. Con ajuste de apriete y profundidad de penetraci\u00f3n, esta grapadora permite un grapado preciso y personalizado, garantizando un agarre seguro cada vez. Adem\u00e1s, con una gran capacidad de carga de la revista de 120, pasar\u00e1 menos tiempo recargando y m\u00e1s tiempo haciendo sus grapados. La Grapadora de Cart\u00f3n de Aire es compatible con una amplia gama de longitudes de grapa, que van desde 15~18 mm, por lo que es vers\u00e1til para una variedad de tareas. Diga adi\u00f3s a las grapadoras a mano tradicionales y actual\u00edcese a la Grapadora de Cart\u00f3n de Aire para una experiencia de grapado m\u00e1s r\u00e1pida, eficiente y precisa.<\/p>\n","protected":false},"featured_media":7406,"template":"","meta":{"site-sidebar-layout":"default","site-content-layout":"default","ast-site-content-layout":"default","site-content-style":"default","site-sidebar-style":"default","ast-global-header-display":"","ast-banner-title-visibility":"","ast-main-header-display":"","ast-hfb-above-header-display":"","ast-hfb-below-header-display":"","ast-hfb-mobile-header-display":"","site-post-title":"","ast-breadcrumbs-content":"","ast-featured-img":"","footer-sml-layout":"","ast-disable-related-posts":"","theme-transparent-header-meta":"default","adv-header-id-meta":"","stick-header-meta":"","header-above-stick-meta":"","header-main-stick-meta":"","header-below-stick-meta":"","astra-migrate-meta-layouts":"default","ast-page-background-enabled":"default","ast-page-background-meta":{"desktop":{"background-color":"","background-image":"","background-repeat":"repeat","background-position":"center center","background-size":"auto","background-attachment":"scroll","background-type":"","background-media":"","overlay-type":"","overlay-color":"","overlay-opacity":"","overlay-gradient":""},"tablet":{"background-color":"","background-image":"","background-repeat":"repeat","background-position":"center center","background-size":"auto","background-attachment":"scroll","background-type":"","background-media":"","overlay-type":"","overlay-color":"","overlay-opacity":"","overlay-gradient":""},"mobile":{"background-color":"","background-image":"","background-repeat":"repeat","background-position":"center center","background-size":"auto","background-attachment":"scroll","background-type":"","background-media":"","overlay-type":"","overlay-color":"","overlay-opacity":"","overlay-gradient":""}},"ast-content-background-meta":{"desktop":{"background-color":"var(--ast-global-color-5)","background-image":"","background-repeat":"repeat","background-position":"center center","background-size":"auto","background-attachment":"scroll","background-type":"","background-media":"","overlay-type":"","overlay-color":"","overlay-opacity":"","overlay-gradient":""},"tablet":{"background-color":"var(--ast-global-color-5)","background-image":"","background-repeat":"repeat","background-position":"center center","background-size":"auto","background-attachment":"scroll","background-type":"","background-media":"","overlay-type":"","overlay-color":"","overlay-opacity":"","overlay-gradient":""},"mobile":{"background-color":"var(--ast-global-color-5)","background-image":"","background-repeat":"repeat","background-position":"center center","background-size":"auto","background-attachment":"scroll","background-type":"","background-media":"","overlay-type":"","overlay-color":"","overlay-opacity":"","overlay-gradient":""}}},"product_brand":[],"product_cat":[578,565,569],"product_tag":[],"class_list":{"0":"post-7552","1":"product","2":"type-product","3":"status-publish","4":"has-post-thumbnail","6":"product_cat-clavadoras-grapadoras-y-remachadoras","7":"product_cat-herramientas","8":"product_cat-neumaticas","9":"desktop-align-left","10":"tablet-align-left","11":"mobile-align-left","13":"first","14":"instock","15":"shipping-taxable","16":"purchasable","17":"product-type-simple"},"yoast_head":"<!-- This site is optimized with the Yoast SEO plugin v26.7 - https:\/\/yoast.com\/wordpress\/plugins\/seo\/ -->\n<title>Grapadora Neum\u00e1tica de Cart\u00f3n - THR Industrial Supplies<\/title>\n<meta name=\"robots\" content=\"index, follow, max-snippet:-1, max-image-preview:large, max-video-preview:-1\" \/>\n<link rel=\"canonical\" href=\"https:\/\/thr.tools\/es\/product\/cs-3218\/\" \/>\n<meta property=\"og:locale\" content=\"es_ES\" \/>\n<meta property=\"og:type\" content=\"article\" \/>\n<meta property=\"og:title\" content=\"Grapadora Neum\u00e1tica de Cart\u00f3n - THR Industrial Supplies\" \/>\n<meta property=\"og:description\" content=\"Presentamos el Grapadora de Cart\u00f3n de Aire, la herramienta perfecta para todas sus necesidades de grapado general. Esta innovadora grapadora cuenta con una variedad de caracter\u00edsticas que hacen que grapar sea m\u00e1s f\u00e1cil y eficiente que nunca. Dise\u00f1ada con la facilidad de operaci\u00f3n en mente, la Grapadora de Cart\u00f3n de Aire es perfecta tanto para uso profesional como personal. Con ajuste de apriete y profundidad de penetraci\u00f3n, esta grapadora permite un grapado preciso y personalizado, garantizando un agarre seguro cada vez. Adem\u00e1s, con una gran capacidad de carga de la revista de 120, pasar\u00e1 menos tiempo recargando y m\u00e1s tiempo haciendo sus grapados. La Grapadora de Cart\u00f3n de Aire es compatible con una amplia gama de longitudes de grapa, que van desde 15~18 mm, por lo que es vers\u00e1til para una variedad de tareas. Diga adi\u00f3s a las grapadoras a mano tradicionales y actual\u00edcese a la Grapadora de Cart\u00f3n de Aire para una experiencia de grapado m\u00e1s r\u00e1pida, eficiente y precisa.\" \/>\n<meta property=\"og:url\" content=\"https:\/\/thr.tools\/es\/product\/cs-3218\/\" \/>\n<meta property=\"og:site_name\" content=\"THR Industrial Supplies\" \/>\n<meta property=\"article:modified_time\" content=\"2024-07-02T00:52:59+00:00\" \/>\n<meta property=\"og:image\" content=\"https:\/\/thr.tools\/wp-content\/uploads\/2024\/06\/CS-3218_1200x1200.jpg\" \/>\n\t<meta property=\"og:image:width\" content=\"1200\" \/>\n\t<meta property=\"og:image:height\" content=\"1200\" \/>\n\t<meta property=\"og:image:type\" content=\"image\/jpeg\" \/>\n<meta name=\"twitter:card\" content=\"summary_large_image\" \/>\n<script type=\"application\/ld+json\" class=\"yoast-schema-graph\">{\"@context\":\"https:\/\/schema.org\",\"@graph\":[{\"@type\":\"WebPage\",\"@id\":\"https:\/\/thr.tools\/es\/product\/cs-3218\/\",\"url\":\"https:\/\/thr.tools\/es\/product\/cs-3218\/\",\"name\":\"Grapadora Neum\u00e1tica de Cart\u00f3n - THR Industrial Supplies\",\"isPartOf\":{\"@id\":\"https:\/\/thr.tools\/es\/#website\"},\"primaryImageOfPage\":{\"@id\":\"https:\/\/thr.tools\/es\/product\/cs-3218\/#primaryimage\"},\"image\":{\"@id\":\"https:\/\/thr.tools\/es\/product\/cs-3218\/#primaryimage\"},\"thumbnailUrl\":\"https:\/\/thr.tools\/wp-content\/uploads\/2024\/06\/CS-3218_1200x1200.jpg\",\"datePublished\":\"2024-02-09T01:47:55+00:00\",\"dateModified\":\"2024-07-02T00:52:59+00:00\",\"breadcrumb\":{\"@id\":\"https:\/\/thr.tools\/es\/product\/cs-3218\/#breadcrumb\"},\"inLanguage\":\"es\",\"potentialAction\":[{\"@type\":\"ReadAction\",\"target\":[\"https:\/\/thr.tools\/es\/product\/cs-3218\/\"]}]},{\"@type\":\"ImageObject\",\"inLanguage\":\"es\",\"@id\":\"https:\/\/thr.tools\/es\/product\/cs-3218\/#primaryimage\",\"url\":\"https:\/\/thr.tools\/wp-content\/uploads\/2024\/06\/CS-3218_1200x1200.jpg\",\"contentUrl\":\"https:\/\/thr.tools\/wp-content\/uploads\/2024\/06\/CS-3218_1200x1200.jpg\",\"width\":1200,\"height\":1200},{\"@type\":\"BreadcrumbList\",\"@id\":\"https:\/\/thr.tools\/es\/product\/cs-3218\/#breadcrumb\",\"itemListElement\":[{\"@type\":\"ListItem\",\"position\":1,\"name\":\"Home\",\"item\":\"https:\/\/thr.tools\/es\/\"},{\"@type\":\"ListItem\",\"position\":2,\"name\":\"Store\",\"item\":\"https:\/\/thr.tools\/store\/\"},{\"@type\":\"ListItem\",\"position\":3,\"name\":\"Grapadora Neum\u00e1tica de Cart\u00f3n\"}]},{\"@type\":\"WebSite\",\"@id\":\"https:\/\/thr.tools\/es\/#website\",\"url\":\"https:\/\/thr.tools\/es\/\",\"name\":\"THR Industrial Supplies | Air Compressors & Tools\",\"description\":\"OEM, ODM Air Equipment Supplier\",\"publisher\":{\"@id\":\"https:\/\/thr.tools\/es\/#organization\"},\"alternateName\":\"THR Industrial Supplies | Compresores de Aire y Herramientas\",\"potentialAction\":[{\"@type\":\"SearchAction\",\"target\":{\"@type\":\"EntryPoint\",\"urlTemplate\":\"https:\/\/thr.tools\/es\/?s={search_term_string}\"},\"query-input\":{\"@type\":\"PropertyValueSpecification\",\"valueRequired\":true,\"valueName\":\"search_term_string\"}}],\"inLanguage\":\"es\"},{\"@type\":\"Organization\",\"@id\":\"https:\/\/thr.tools\/es\/#organization\",\"name\":\"THR Electronics LLC\",\"url\":\"https:\/\/thr.tools\/es\/\",\"logo\":{\"@type\":\"ImageObject\",\"inLanguage\":\"es\",\"@id\":\"https:\/\/thr.tools\/es\/#\/schema\/logo\/image\/\",\"url\":\"https:\/\/thr.tools\/wp-content\/uploads\/2023\/07\/cropped-favicon-thr-logo-512x512-1.png\",\"contentUrl\":\"https:\/\/thr.tools\/wp-content\/uploads\/2023\/07\/cropped-favicon-thr-logo-512x512-1.png\",\"width\":815,\"height\":814,\"caption\":\"THR Electronics LLC\"},\"image\":{\"@id\":\"https:\/\/thr.tools\/es\/#\/schema\/logo\/image\/\"}}]}<\/script>\n<!-- \/ Yoast SEO plugin. -->","yoast_head_json":{"title":"Grapadora Neum\u00e1tica de Cart\u00f3n - THR Industrial Supplies","robots":{"index":"index","follow":"follow","max-snippet":"max-snippet:-1","max-image-preview":"max-image-preview:large","max-video-preview":"max-video-preview:-1"},"canonical":"https:\/\/thr.tools\/es\/product\/cs-3218\/","og_locale":"es_ES","og_type":"article","og_title":"Grapadora Neum\u00e1tica de Cart\u00f3n - THR Industrial Supplies","og_description":"Presentamos el Grapadora de Cart\u00f3n de Aire, la herramienta perfecta para todas sus necesidades de grapado general. Esta innovadora grapadora cuenta con una variedad de caracter\u00edsticas que hacen que grapar sea m\u00e1s f\u00e1cil y eficiente que nunca. Dise\u00f1ada con la facilidad de operaci\u00f3n en mente, la Grapadora de Cart\u00f3n de Aire es perfecta tanto para uso profesional como personal. Con ajuste de apriete y profundidad de penetraci\u00f3n, esta grapadora permite un grapado preciso y personalizado, garantizando un agarre seguro cada vez. Adem\u00e1s, con una gran capacidad de carga de la revista de 120, pasar\u00e1 menos tiempo recargando y m\u00e1s tiempo haciendo sus grapados. La Grapadora de Cart\u00f3n de Aire es compatible con una amplia gama de longitudes de grapa, que van desde 15~18 mm, por lo que es vers\u00e1til para una variedad de tareas. Diga adi\u00f3s a las grapadoras a mano tradicionales y actual\u00edcese a la Grapadora de Cart\u00f3n de Aire para una experiencia de grapado m\u00e1s r\u00e1pida, eficiente y precisa.","og_url":"https:\/\/thr.tools\/es\/product\/cs-3218\/","og_site_name":"THR Industrial Supplies","article_modified_time":"2024-07-02T00:52:59+00:00","og_image":[{"width":1200,"height":1200,"url":"https:\/\/thr.tools\/wp-content\/uploads\/2024\/06\/CS-3218_1200x1200.jpg","type":"image\/jpeg"}],"twitter_card":"summary_large_image","schema":{"@context":"https:\/\/schema.org","@graph":[{"@type":"WebPage","@id":"https:\/\/thr.tools\/es\/product\/cs-3218\/","url":"https:\/\/thr.tools\/es\/product\/cs-3218\/","name":"Grapadora Neum\u00e1tica de Cart\u00f3n - THR Industrial Supplies","isPartOf":{"@id":"https:\/\/thr.tools\/es\/#website"},"primaryImageOfPage":{"@id":"https:\/\/thr.tools\/es\/product\/cs-3218\/#primaryimage"},"image":{"@id":"https:\/\/thr.tools\/es\/product\/cs-3218\/#primaryimage"},"thumbnailUrl":"https:\/\/thr.tools\/wp-content\/uploads\/2024\/06\/CS-3218_1200x1200.jpg","datePublished":"2024-02-09T01:47:55+00:00","dateModified":"2024-07-02T00:52:59+00:00","breadcrumb":{"@id":"https:\/\/thr.tools\/es\/product\/cs-3218\/#breadcrumb"},"inLanguage":"es","potentialAction":[{"@type":"ReadAction","target":["https:\/\/thr.tools\/es\/product\/cs-3218\/"]}]},{"@type":"ImageObject","inLanguage":"es","@id":"https:\/\/thr.tools\/es\/product\/cs-3218\/#primaryimage","url":"https:\/\/thr.tools\/wp-content\/uploads\/2024\/06\/CS-3218_1200x1200.jpg","contentUrl":"https:\/\/thr.tools\/wp-content\/uploads\/2024\/06\/CS-3218_1200x1200.jpg","width":1200,"height":1200},{"@type":"BreadcrumbList","@id":"https:\/\/thr.tools\/es\/product\/cs-3218\/#breadcrumb","itemListElement":[{"@type":"ListItem","position":1,"name":"Home","item":"https:\/\/thr.tools\/es\/"},{"@type":"ListItem","position":2,"name":"Store","item":"https:\/\/thr.tools\/store\/"},{"@type":"ListItem","position":3,"name":"Grapadora Neum\u00e1tica de Cart\u00f3n"}]},{"@type":"WebSite","@id":"https:\/\/thr.tools\/es\/#website","url":"https:\/\/thr.tools\/es\/","name":"THR Industrial Supplies | Air Compressors & Tools","description":"OEM, ODM Air Equipment Supplier","publisher":{"@id":"https:\/\/thr.tools\/es\/#organization"},"alternateName":"THR Industrial Supplies | Compresores de Aire y Herramientas","potentialAction":[{"@type":"SearchAction","target":{"@type":"EntryPoint","urlTemplate":"https:\/\/thr.tools\/es\/?s={search_term_string}"},"query-input":{"@type":"PropertyValueSpecification","valueRequired":true,"valueName":"search_term_string"}}],"inLanguage":"es"},{"@type":"Organization","@id":"https:\/\/thr.tools\/es\/#organization","name":"THR Electronics LLC","url":"https:\/\/thr.tools\/es\/","logo":{"@type":"ImageObject","inLanguage":"es","@id":"https:\/\/thr.tools\/es\/#\/schema\/logo\/image\/","url":"https:\/\/thr.tools\/wp-content\/uploads\/2023\/07\/cropped-favicon-thr-logo-512x512-1.png","contentUrl":"https:\/\/thr.tools\/wp-content\/uploads\/2023\/07\/cropped-favicon-thr-logo-512x512-1.png","width":815,"height":814,"caption":"THR Electronics LLC"},"image":{"@id":"https:\/\/thr.tools\/es\/#\/schema\/logo\/image\/"}}]}},"_links":{"self":[{"href":"https:\/\/thr.tools\/es\/wp-json\/wp\/v2\/product\/7552","targetHints":{"allow":["GET"]}}],"collection":[{"href":"https:\/\/thr.tools\/es\/wp-json\/wp\/v2\/product"}],"about":[{"href":"https:\/\/thr.tools\/es\/wp-json\/wp\/v2\/types\/product"}],"version-history":[{"count":1,"href":"https:\/\/thr.tools\/es\/wp-json\/wp\/v2\/product\/7552\/revisions"}],"predecessor-version":[{"id":8738,"href":"https:\/\/thr.tools\/es\/wp-json\/wp\/v2\/product\/7552\/revisions\/8738"}],"wp:featuredmedia":[{"embeddable":true,"href":"https:\/\/thr.tools\/es\/wp-json\/wp\/v2\/media\/7406"}],"wp:attachment":[{"href":"https:\/\/thr.tools\/es\/wp-json\/wp\/v2\/media?parent=7552"}],"wp:term":[{"taxonomy":"product_brand","embeddable":true,"href":"https:\/\/thr.tools\/es\/wp-json\/wp\/v2\/product_brand?post=7552"},{"taxonomy":"product_cat","embeddable":true,"href":"https:\/\/thr.tools\/es\/wp-json\/wp\/v2\/product_cat?post=7552"},{"taxonomy":"product_tag","embeddable":true,"href":"https:\/\/thr.tools\/es\/wp-json\/wp\/v2\/product_tag?post=7552"}],"curies":[{"name":"wp","href":"https:\/\/api.w.org\/{rel}","templated":true}]}}