{"id":7551,"date":"2024-02-09T01:50:43","date_gmt":"2024-02-09T01:50:43","guid":{"rendered":"https:\/\/thr.tools\/product\/an-t64\/"},"modified":"2024-07-02T00:53:00","modified_gmt":"2024-07-02T00:53:00","slug":"an-t64","status":"publish","type":"product","link":"https:\/\/thr.tools\/es\/product\/an-t64\/","title":{"rendered":"Clavadora para Metal y Hormig\u00f3n"},"content":{"rendered":"","protected":false},"excerpt":{"rendered":"<p>Presentamos el Clavador de Metal y Concreto &#8211; la herramienta definitiva para todas tus necesidades de clavado. Este potente y liviano clavador cuenta con una punta estrecha para aumentar la precisi\u00f3n, mientras su poder aumentado garantiza la m\u00e1xima eficiencia con cada uso. Con la opci\u00f3n de modo de disparo secuencial, puedes cambiar f\u00e1cilmente entre modos de disparo para diferentes proyectos. La longitud de clavo compatible 18~64 mm lo hace adecuado para una variedad de tareas y materiales, desde metal hasta concreto. Adem\u00e1s, con una capacidad de revista 80, puedes trabajar por m\u00e1s tiempo sin tener que recargar constantemente. As\u00ed que ya seas un contratista profesional o un entusiasta del bricolaje, el Clavador de Metal y Concreto es la adici\u00f3n perfecta a tu caja de herramientas. <\/p>\n<p>\u00a1No te dejes enga\u00f1ar por su tama\u00f1o compacto &#8211; el Clavador de Metal y Concreto tiene un gran poder! Su cuerpo liviano lo hace f\u00e1cil de usar por per\u00edodos prolongados, mientras su punta estrecha permite un posicionamiento preciso de los clavos. Los calibres de clavos compatibles Calibre 13~14 te brindan a\u00fan m\u00e1s flexibilidad para enfrentar distintos proyectos. Desde estructuras hasta trabajos de acabado, este clavador vers\u00e1til te cubre las espaldas. Y con su modo de disparo secuencial, puedes trabajar a tu propio ritmo sin preocuparte por disparos accidentales. As\u00ed que ya sea que est\u00e9s construyendo una cerca, instalando paneles de yeso, o cualquier otra cosa, el Clavador de Metal y Concreto es la herramienta imprescindible para terminar el trabajo de manera r\u00e1pida y sin esfuerzo. <\/p>\n","protected":false},"featured_media":7409,"template":"","meta":{"site-sidebar-layout":"default","site-content-layout":"default","ast-site-content-layout":"default","site-content-style":"default","site-sidebar-style":"default","ast-global-header-display":"","ast-banner-title-visibility":"","ast-main-header-display":"","ast-hfb-above-header-display":"","ast-hfb-below-header-display":"","ast-hfb-mobile-header-display":"","site-post-title":"","ast-breadcrumbs-content":"","ast-featured-img":"","footer-sml-layout":"","ast-disable-related-posts":"","theme-transparent-header-meta":"default","adv-header-id-meta":"","stick-header-meta":"","header-above-stick-meta":"","header-main-stick-meta":"","header-below-stick-meta":"","astra-migrate-meta-layouts":"default","ast-page-background-enabled":"default","ast-page-background-meta":{"desktop":{"background-color":"","background-image":"","background-repeat":"repeat","background-position":"center center","background-size":"auto","background-attachment":"scroll","background-type":"","background-media":"","overlay-type":"","overlay-color":"","overlay-opacity":"","overlay-gradient":""},"tablet":{"background-color":"","background-image":"","background-repeat":"repeat","background-position":"center center","background-size":"auto","background-attachment":"scroll","background-type":"","background-media":"","overlay-type":"","overlay-color":"","overlay-opacity":"","overlay-gradient":""},"mobile":{"background-color":"","background-image":"","background-repeat":"repeat","background-position":"center center","background-size":"auto","background-attachment":"scroll","background-type":"","background-media":"","overlay-type":"","overlay-color":"","overlay-opacity":"","overlay-gradient":""}},"ast-content-background-meta":{"desktop":{"background-color":"var(--ast-global-color-5)","background-image":"","background-repeat":"repeat","background-position":"center center","background-size":"auto","background-attachment":"scroll","background-type":"","background-media":"","overlay-type":"","overlay-color":"","overlay-opacity":"","overlay-gradient":""},"tablet":{"background-color":"var(--ast-global-color-5)","background-image":"","background-repeat":"repeat","background-position":"center center","background-size":"auto","background-attachment":"scroll","background-type":"","background-media":"","overlay-type":"","overlay-color":"","overlay-opacity":"","overlay-gradient":""},"mobile":{"background-color":"var(--ast-global-color-5)","background-image":"","background-repeat":"repeat","background-position":"center center","background-size":"auto","background-attachment":"scroll","background-type":"","background-media":"","overlay-type":"","overlay-color":"","overlay-opacity":"","overlay-gradient":""}}},"product_brand":[],"product_cat":[578,565,569],"product_tag":[],"class_list":{"0":"post-7551","1":"product","2":"type-product","3":"status-publish","4":"has-post-thumbnail","6":"product_cat-clavadoras-grapadoras-y-remachadoras","7":"product_cat-herramientas","8":"product_cat-neumaticas","9":"desktop-align-left","10":"tablet-align-left","11":"mobile-align-left","13":"first","14":"instock","15":"shipping-taxable","16":"purchasable","17":"product-type-simple"},"yoast_head":"<!-- This site is optimized with the Yoast SEO plugin v26.7 - https:\/\/yoast.com\/wordpress\/plugins\/seo\/ -->\n<title>Clavadora para Metal y Hormig\u00f3n - THR Industrial Supplies<\/title>\n<meta name=\"robots\" content=\"index, follow, max-snippet:-1, max-image-preview:large, max-video-preview:-1\" \/>\n<link rel=\"canonical\" href=\"https:\/\/thr.tools\/es\/product\/an-t64\/\" \/>\n<meta property=\"og:locale\" content=\"es_ES\" \/>\n<meta property=\"og:type\" content=\"article\" \/>\n<meta property=\"og:title\" content=\"Clavadora para Metal y Hormig\u00f3n - THR Industrial Supplies\" \/>\n<meta property=\"og:description\" content=\"Presentamos el Clavador de Metal y Concreto - la herramienta definitiva para todas tus necesidades de clavado. Este potente y liviano clavador cuenta con una punta estrecha para aumentar la precisi\u00f3n, mientras su poder aumentado garantiza la m\u00e1xima eficiencia con cada uso. Con la opci\u00f3n de modo de disparo secuencial, puedes cambiar f\u00e1cilmente entre modos de disparo para diferentes proyectos. La longitud de clavo compatible 18~64 mm lo hace adecuado para una variedad de tareas y materiales, desde metal hasta concreto. Adem\u00e1s, con una capacidad de revista 80, puedes trabajar por m\u00e1s tiempo sin tener que recargar constantemente. As\u00ed que ya seas un contratista profesional o un entusiasta del bricolaje, el Clavador de Metal y Concreto es la adici\u00f3n perfecta a tu caja de herramientas.  \u00a1No te dejes enga\u00f1ar por su tama\u00f1o compacto - el Clavador de Metal y Concreto tiene un gran poder! Su cuerpo liviano lo hace f\u00e1cil de usar por per\u00edodos prolongados, mientras su punta estrecha permite un posicionamiento preciso de los clavos. Los calibres de clavos compatibles Calibre 13~14 te brindan a\u00fan m\u00e1s flexibilidad para enfrentar distintos proyectos. Desde estructuras hasta trabajos de acabado, este clavador vers\u00e1til te cubre las espaldas. Y con su modo de disparo secuencial, puedes trabajar a tu propio ritmo sin preocuparte por disparos accidentales. As\u00ed que ya sea que est\u00e9s construyendo una cerca, instalando paneles de yeso, o cualquier otra cosa, el Clavador de Metal y Concreto es la herramienta imprescindible para terminar el trabajo de manera r\u00e1pida y sin esfuerzo.\" \/>\n<meta property=\"og:url\" content=\"https:\/\/thr.tools\/es\/product\/an-t64\/\" \/>\n<meta property=\"og:site_name\" content=\"THR Industrial Supplies\" \/>\n<meta property=\"article:modified_time\" content=\"2024-07-02T00:53:00+00:00\" \/>\n<meta property=\"og:image\" content=\"https:\/\/thr.tools\/wp-content\/uploads\/2024\/06\/AN-T64_1200x1200.jpg\" \/>\n\t<meta property=\"og:image:width\" content=\"1200\" \/>\n\t<meta property=\"og:image:height\" content=\"1200\" \/>\n\t<meta property=\"og:image:type\" content=\"image\/jpeg\" \/>\n<meta name=\"twitter:card\" content=\"summary_large_image\" \/>\n<script type=\"application\/ld+json\" class=\"yoast-schema-graph\">{\"@context\":\"https:\/\/schema.org\",\"@graph\":[{\"@type\":\"WebPage\",\"@id\":\"https:\/\/thr.tools\/es\/product\/an-t64\/\",\"url\":\"https:\/\/thr.tools\/es\/product\/an-t64\/\",\"name\":\"Clavadora para Metal y Hormig\u00f3n - THR Industrial Supplies\",\"isPartOf\":{\"@id\":\"https:\/\/thr.tools\/es\/#website\"},\"primaryImageOfPage\":{\"@id\":\"https:\/\/thr.tools\/es\/product\/an-t64\/#primaryimage\"},\"image\":{\"@id\":\"https:\/\/thr.tools\/es\/product\/an-t64\/#primaryimage\"},\"thumbnailUrl\":\"https:\/\/thr.tools\/wp-content\/uploads\/2024\/06\/AN-T64_1200x1200.jpg\",\"datePublished\":\"2024-02-09T01:50:43+00:00\",\"dateModified\":\"2024-07-02T00:53:00+00:00\",\"breadcrumb\":{\"@id\":\"https:\/\/thr.tools\/es\/product\/an-t64\/#breadcrumb\"},\"inLanguage\":\"es\",\"potentialAction\":[{\"@type\":\"ReadAction\",\"target\":[\"https:\/\/thr.tools\/es\/product\/an-t64\/\"]}]},{\"@type\":\"ImageObject\",\"inLanguage\":\"es\",\"@id\":\"https:\/\/thr.tools\/es\/product\/an-t64\/#primaryimage\",\"url\":\"https:\/\/thr.tools\/wp-content\/uploads\/2024\/06\/AN-T64_1200x1200.jpg\",\"contentUrl\":\"https:\/\/thr.tools\/wp-content\/uploads\/2024\/06\/AN-T64_1200x1200.jpg\",\"width\":1200,\"height\":1200},{\"@type\":\"BreadcrumbList\",\"@id\":\"https:\/\/thr.tools\/es\/product\/an-t64\/#breadcrumb\",\"itemListElement\":[{\"@type\":\"ListItem\",\"position\":1,\"name\":\"Home\",\"item\":\"https:\/\/thr.tools\/es\/\"},{\"@type\":\"ListItem\",\"position\":2,\"name\":\"Store\",\"item\":\"https:\/\/thr.tools\/store\/\"},{\"@type\":\"ListItem\",\"position\":3,\"name\":\"Clavadora para Metal y Hormig\u00f3n\"}]},{\"@type\":\"WebSite\",\"@id\":\"https:\/\/thr.tools\/es\/#website\",\"url\":\"https:\/\/thr.tools\/es\/\",\"name\":\"THR Industrial Supplies | Air Compressors & Tools\",\"description\":\"OEM, ODM Air Equipment Supplier\",\"publisher\":{\"@id\":\"https:\/\/thr.tools\/es\/#organization\"},\"alternateName\":\"THR Industrial Supplies | Compresores de Aire y Herramientas\",\"potentialAction\":[{\"@type\":\"SearchAction\",\"target\":{\"@type\":\"EntryPoint\",\"urlTemplate\":\"https:\/\/thr.tools\/es\/?s={search_term_string}\"},\"query-input\":{\"@type\":\"PropertyValueSpecification\",\"valueRequired\":true,\"valueName\":\"search_term_string\"}}],\"inLanguage\":\"es\"},{\"@type\":\"Organization\",\"@id\":\"https:\/\/thr.tools\/es\/#organization\",\"name\":\"THR Electronics LLC\",\"url\":\"https:\/\/thr.tools\/es\/\",\"logo\":{\"@type\":\"ImageObject\",\"inLanguage\":\"es\",\"@id\":\"https:\/\/thr.tools\/es\/#\/schema\/logo\/image\/\",\"url\":\"https:\/\/thr.tools\/wp-content\/uploads\/2023\/07\/cropped-favicon-thr-logo-512x512-1.png\",\"contentUrl\":\"https:\/\/thr.tools\/wp-content\/uploads\/2023\/07\/cropped-favicon-thr-logo-512x512-1.png\",\"width\":815,\"height\":814,\"caption\":\"THR Electronics LLC\"},\"image\":{\"@id\":\"https:\/\/thr.tools\/es\/#\/schema\/logo\/image\/\"}}]}<\/script>\n<!-- \/ Yoast SEO plugin. -->","yoast_head_json":{"title":"Clavadora para Metal y Hormig\u00f3n - THR Industrial Supplies","robots":{"index":"index","follow":"follow","max-snippet":"max-snippet:-1","max-image-preview":"max-image-preview:large","max-video-preview":"max-video-preview:-1"},"canonical":"https:\/\/thr.tools\/es\/product\/an-t64\/","og_locale":"es_ES","og_type":"article","og_title":"Clavadora para Metal y Hormig\u00f3n - THR Industrial Supplies","og_description":"Presentamos el Clavador de Metal y Concreto - la herramienta definitiva para todas tus necesidades de clavado. Este potente y liviano clavador cuenta con una punta estrecha para aumentar la precisi\u00f3n, mientras su poder aumentado garantiza la m\u00e1xima eficiencia con cada uso. Con la opci\u00f3n de modo de disparo secuencial, puedes cambiar f\u00e1cilmente entre modos de disparo para diferentes proyectos. La longitud de clavo compatible 18~64 mm lo hace adecuado para una variedad de tareas y materiales, desde metal hasta concreto. Adem\u00e1s, con una capacidad de revista 80, puedes trabajar por m\u00e1s tiempo sin tener que recargar constantemente. As\u00ed que ya seas un contratista profesional o un entusiasta del bricolaje, el Clavador de Metal y Concreto es la adici\u00f3n perfecta a tu caja de herramientas.  \u00a1No te dejes enga\u00f1ar por su tama\u00f1o compacto - el Clavador de Metal y Concreto tiene un gran poder! Su cuerpo liviano lo hace f\u00e1cil de usar por per\u00edodos prolongados, mientras su punta estrecha permite un posicionamiento preciso de los clavos. Los calibres de clavos compatibles Calibre 13~14 te brindan a\u00fan m\u00e1s flexibilidad para enfrentar distintos proyectos. Desde estructuras hasta trabajos de acabado, este clavador vers\u00e1til te cubre las espaldas. Y con su modo de disparo secuencial, puedes trabajar a tu propio ritmo sin preocuparte por disparos accidentales. As\u00ed que ya sea que est\u00e9s construyendo una cerca, instalando paneles de yeso, o cualquier otra cosa, el Clavador de Metal y Concreto es la herramienta imprescindible para terminar el trabajo de manera r\u00e1pida y sin esfuerzo.","og_url":"https:\/\/thr.tools\/es\/product\/an-t64\/","og_site_name":"THR Industrial Supplies","article_modified_time":"2024-07-02T00:53:00+00:00","og_image":[{"width":1200,"height":1200,"url":"https:\/\/thr.tools\/wp-content\/uploads\/2024\/06\/AN-T64_1200x1200.jpg","type":"image\/jpeg"}],"twitter_card":"summary_large_image","schema":{"@context":"https:\/\/schema.org","@graph":[{"@type":"WebPage","@id":"https:\/\/thr.tools\/es\/product\/an-t64\/","url":"https:\/\/thr.tools\/es\/product\/an-t64\/","name":"Clavadora para Metal y Hormig\u00f3n - THR Industrial Supplies","isPartOf":{"@id":"https:\/\/thr.tools\/es\/#website"},"primaryImageOfPage":{"@id":"https:\/\/thr.tools\/es\/product\/an-t64\/#primaryimage"},"image":{"@id":"https:\/\/thr.tools\/es\/product\/an-t64\/#primaryimage"},"thumbnailUrl":"https:\/\/thr.tools\/wp-content\/uploads\/2024\/06\/AN-T64_1200x1200.jpg","datePublished":"2024-02-09T01:50:43+00:00","dateModified":"2024-07-02T00:53:00+00:00","breadcrumb":{"@id":"https:\/\/thr.tools\/es\/product\/an-t64\/#breadcrumb"},"inLanguage":"es","potentialAction":[{"@type":"ReadAction","target":["https:\/\/thr.tools\/es\/product\/an-t64\/"]}]},{"@type":"ImageObject","inLanguage":"es","@id":"https:\/\/thr.tools\/es\/product\/an-t64\/#primaryimage","url":"https:\/\/thr.tools\/wp-content\/uploads\/2024\/06\/AN-T64_1200x1200.jpg","contentUrl":"https:\/\/thr.tools\/wp-content\/uploads\/2024\/06\/AN-T64_1200x1200.jpg","width":1200,"height":1200},{"@type":"BreadcrumbList","@id":"https:\/\/thr.tools\/es\/product\/an-t64\/#breadcrumb","itemListElement":[{"@type":"ListItem","position":1,"name":"Home","item":"https:\/\/thr.tools\/es\/"},{"@type":"ListItem","position":2,"name":"Store","item":"https:\/\/thr.tools\/store\/"},{"@type":"ListItem","position":3,"name":"Clavadora para Metal y Hormig\u00f3n"}]},{"@type":"WebSite","@id":"https:\/\/thr.tools\/es\/#website","url":"https:\/\/thr.tools\/es\/","name":"THR Industrial Supplies | Air Compressors & Tools","description":"OEM, ODM Air Equipment Supplier","publisher":{"@id":"https:\/\/thr.tools\/es\/#organization"},"alternateName":"THR Industrial Supplies | Compresores de Aire y Herramientas","potentialAction":[{"@type":"SearchAction","target":{"@type":"EntryPoint","urlTemplate":"https:\/\/thr.tools\/es\/?s={search_term_string}"},"query-input":{"@type":"PropertyValueSpecification","valueRequired":true,"valueName":"search_term_string"}}],"inLanguage":"es"},{"@type":"Organization","@id":"https:\/\/thr.tools\/es\/#organization","name":"THR Electronics LLC","url":"https:\/\/thr.tools\/es\/","logo":{"@type":"ImageObject","inLanguage":"es","@id":"https:\/\/thr.tools\/es\/#\/schema\/logo\/image\/","url":"https:\/\/thr.tools\/wp-content\/uploads\/2023\/07\/cropped-favicon-thr-logo-512x512-1.png","contentUrl":"https:\/\/thr.tools\/wp-content\/uploads\/2023\/07\/cropped-favicon-thr-logo-512x512-1.png","width":815,"height":814,"caption":"THR Electronics LLC"},"image":{"@id":"https:\/\/thr.tools\/es\/#\/schema\/logo\/image\/"}}]}},"_links":{"self":[{"href":"https:\/\/thr.tools\/es\/wp-json\/wp\/v2\/product\/7551","targetHints":{"allow":["GET"]}}],"collection":[{"href":"https:\/\/thr.tools\/es\/wp-json\/wp\/v2\/product"}],"about":[{"href":"https:\/\/thr.tools\/es\/wp-json\/wp\/v2\/types\/product"}],"version-history":[{"count":1,"href":"https:\/\/thr.tools\/es\/wp-json\/wp\/v2\/product\/7551\/revisions"}],"predecessor-version":[{"id":8740,"href":"https:\/\/thr.tools\/es\/wp-json\/wp\/v2\/product\/7551\/revisions\/8740"}],"wp:featuredmedia":[{"embeddable":true,"href":"https:\/\/thr.tools\/es\/wp-json\/wp\/v2\/media\/7409"}],"wp:attachment":[{"href":"https:\/\/thr.tools\/es\/wp-json\/wp\/v2\/media?parent=7551"}],"wp:term":[{"taxonomy":"product_brand","embeddable":true,"href":"https:\/\/thr.tools\/es\/wp-json\/wp\/v2\/product_brand?post=7551"},{"taxonomy":"product_cat","embeddable":true,"href":"https:\/\/thr.tools\/es\/wp-json\/wp\/v2\/product_cat?post=7551"},{"taxonomy":"product_tag","embeddable":true,"href":"https:\/\/thr.tools\/es\/wp-json\/wp\/v2\/product_tag?post=7551"}],"curies":[{"name":"wp","href":"https:\/\/api.w.org\/{rel}","templated":true}]}}