{"id":7548,"date":"2024-02-09T05:20:43","date_gmt":"2024-02-09T05:20:43","guid":{"rendered":"https:\/\/thr.tools\/product\/s-2190\/"},"modified":"2024-07-02T00:53:06","modified_gmt":"2024-07-02T00:53:06","slug":"s-2190","status":"publish","type":"product","link":"https:\/\/thr.tools\/es\/product\/s-2190\/","title":{"rendered":"Clavadora Angular para Marcos de Alta Resistencia de 21&deg;"},"content":{"rendered":"","protected":false},"excerpt":{"rendered":"<p>Presentamos el Framing Stick Angle Nailer, la herramienta definitiva para proyectos de enmarcado de alta resistencia. Este clavador de \u00e1ngulo est\u00e1 dise\u00f1ado con una construcci\u00f3n ligera de magnesio, lo que lo hace duradero y f\u00e1cil de manejar. La punta estrecha permite una mayor precisi\u00f3n, mientras que la funci\u00f3n de carga superior r\u00e1pida garantiza eficiencia. Con un puerto de escape ajustable, puedes dirigir f\u00e1cilmente el aire lejos de ti mientras trabajas. Adem\u00e1s, con una capacidad de cargador de 70, puedes trabajar por m\u00e1s tiempo sin tener que recargar constantemente. Compatible con longitudes de clavos de hasta 50~90 mm, este clavador de \u00e1ngulo es perfecto para una variedad de tareas de enmarcado. Realiza el trabajo de manera r\u00e1pida y precisa con el Framing Stick Angle Nailer. <\/p>\n<p>Fabricado para el uso de alta resistencia, el Framing Stick Angle Nailer es una herramienta imprescindible para cualquier profesional del enmarcado. Su construcci\u00f3n ligera de magnesio lo hace f\u00e1cil de manejar, mientras que el dise\u00f1o de punta estrecha permite una colocaci\u00f3n precisa de clavos. La funci\u00f3n de carga superior r\u00e1pida permite un uso r\u00e1pido y eficiente, y el puerto de escape ajustable te permite controlar el flujo de aire. Con una capacidad de cargador de 70, puedes seguir trabajando sin interrupciones. Este clavador de \u00e1ngulo es compatible con una variedad de longitudes de clavos, hasta 50~90 mm, lo que lo hace vers\u00e1til para una variedad de proyectos. Con su \u00e1ngulo de 21&deg;, el Framing Stick Angle Nailer es la elecci\u00f3n perfecta para tareas de enmarcado de alta resistencia. <\/p>\n","protected":false},"featured_media":7415,"template":"","meta":{"site-sidebar-layout":"default","site-content-layout":"default","ast-site-content-layout":"default","site-content-style":"default","site-sidebar-style":"default","ast-global-header-display":"","ast-banner-title-visibility":"","ast-main-header-display":"","ast-hfb-above-header-display":"","ast-hfb-below-header-display":"","ast-hfb-mobile-header-display":"","site-post-title":"","ast-breadcrumbs-content":"","ast-featured-img":"","footer-sml-layout":"","ast-disable-related-posts":"","theme-transparent-header-meta":"default","adv-header-id-meta":"","stick-header-meta":"","header-above-stick-meta":"","header-main-stick-meta":"","header-below-stick-meta":"","astra-migrate-meta-layouts":"default","ast-page-background-enabled":"default","ast-page-background-meta":{"desktop":{"background-color":"","background-image":"","background-repeat":"repeat","background-position":"center center","background-size":"auto","background-attachment":"scroll","background-type":"","background-media":"","overlay-type":"","overlay-color":"","overlay-opacity":"","overlay-gradient":""},"tablet":{"background-color":"","background-image":"","background-repeat":"repeat","background-position":"center center","background-size":"auto","background-attachment":"scroll","background-type":"","background-media":"","overlay-type":"","overlay-color":"","overlay-opacity":"","overlay-gradient":""},"mobile":{"background-color":"","background-image":"","background-repeat":"repeat","background-position":"center center","background-size":"auto","background-attachment":"scroll","background-type":"","background-media":"","overlay-type":"","overlay-color":"","overlay-opacity":"","overlay-gradient":""}},"ast-content-background-meta":{"desktop":{"background-color":"var(--ast-global-color-5)","background-image":"","background-repeat":"repeat","background-position":"center center","background-size":"auto","background-attachment":"scroll","background-type":"","background-media":"","overlay-type":"","overlay-color":"","overlay-opacity":"","overlay-gradient":""},"tablet":{"background-color":"var(--ast-global-color-5)","background-image":"","background-repeat":"repeat","background-position":"center center","background-size":"auto","background-attachment":"scroll","background-type":"","background-media":"","overlay-type":"","overlay-color":"","overlay-opacity":"","overlay-gradient":""},"mobile":{"background-color":"var(--ast-global-color-5)","background-image":"","background-repeat":"repeat","background-position":"center center","background-size":"auto","background-attachment":"scroll","background-type":"","background-media":"","overlay-type":"","overlay-color":"","overlay-opacity":"","overlay-gradient":""}}},"product_brand":[],"product_cat":[578,565,569],"product_tag":[],"class_list":{"0":"post-7548","1":"product","2":"type-product","3":"status-publish","4":"has-post-thumbnail","6":"product_cat-clavadoras-grapadoras-y-remachadoras","7":"product_cat-herramientas","8":"product_cat-neumaticas","9":"desktop-align-left","10":"tablet-align-left","11":"mobile-align-left","13":"first","14":"instock","15":"shipping-taxable","16":"purchasable","17":"product-type-simple"},"yoast_head":"<!-- This site is optimized with the Yoast SEO plugin v26.7 - https:\/\/yoast.com\/wordpress\/plugins\/seo\/ -->\n<title>Clavadora Angular para Marcos de Alta Resistencia de 21&deg; - THR Industrial Supplies<\/title>\n<meta name=\"robots\" content=\"index, follow, max-snippet:-1, max-image-preview:large, max-video-preview:-1\" \/>\n<link rel=\"canonical\" href=\"https:\/\/thr.tools\/es\/product\/s-2190\/\" \/>\n<meta property=\"og:locale\" content=\"es_ES\" \/>\n<meta property=\"og:type\" content=\"article\" \/>\n<meta property=\"og:title\" content=\"Clavadora Angular para Marcos de Alta Resistencia de 21&deg; - THR Industrial Supplies\" \/>\n<meta property=\"og:description\" content=\"Presentamos el Framing Stick Angle Nailer, la herramienta definitiva para proyectos de enmarcado de alta resistencia. Este clavador de \u00e1ngulo est\u00e1 dise\u00f1ado con una construcci\u00f3n ligera de magnesio, lo que lo hace duradero y f\u00e1cil de manejar. La punta estrecha permite una mayor precisi\u00f3n, mientras que la funci\u00f3n de carga superior r\u00e1pida garantiza eficiencia. Con un puerto de escape ajustable, puedes dirigir f\u00e1cilmente el aire lejos de ti mientras trabajas. Adem\u00e1s, con una capacidad de cargador de 70, puedes trabajar por m\u00e1s tiempo sin tener que recargar constantemente. Compatible con longitudes de clavos de hasta 50~90 mm, este clavador de \u00e1ngulo es perfecto para una variedad de tareas de enmarcado. Realiza el trabajo de manera r\u00e1pida y precisa con el Framing Stick Angle Nailer.  Fabricado para el uso de alta resistencia, el Framing Stick Angle Nailer es una herramienta imprescindible para cualquier profesional del enmarcado. Su construcci\u00f3n ligera de magnesio lo hace f\u00e1cil de manejar, mientras que el dise\u00f1o de punta estrecha permite una colocaci\u00f3n precisa de clavos. La funci\u00f3n de carga superior r\u00e1pida permite un uso r\u00e1pido y eficiente, y el puerto de escape ajustable te permite controlar el flujo de aire. Con una capacidad de cargador de 70, puedes seguir trabajando sin interrupciones. Este clavador de \u00e1ngulo es compatible con una variedad de longitudes de clavos, hasta 50~90 mm, lo que lo hace vers\u00e1til para una variedad de proyectos. Con su \u00e1ngulo de 21&deg;, el Framing Stick Angle Nailer es la elecci\u00f3n perfecta para tareas de enmarcado de alta resistencia.\" \/>\n<meta property=\"og:url\" content=\"https:\/\/thr.tools\/es\/product\/s-2190\/\" \/>\n<meta property=\"og:site_name\" content=\"THR Industrial Supplies\" \/>\n<meta property=\"article:modified_time\" content=\"2024-07-02T00:53:06+00:00\" \/>\n<meta property=\"og:image\" content=\"https:\/\/thr.tools\/wp-content\/uploads\/2024\/06\/S-2190_1200x1200.jpg\" \/>\n\t<meta property=\"og:image:width\" content=\"1200\" \/>\n\t<meta property=\"og:image:height\" content=\"1200\" \/>\n\t<meta property=\"og:image:type\" content=\"image\/jpeg\" \/>\n<meta name=\"twitter:card\" content=\"summary_large_image\" \/>\n<script type=\"application\/ld+json\" class=\"yoast-schema-graph\">{\"@context\":\"https:\/\/schema.org\",\"@graph\":[{\"@type\":\"WebPage\",\"@id\":\"https:\/\/thr.tools\/es\/product\/s-2190\/\",\"url\":\"https:\/\/thr.tools\/es\/product\/s-2190\/\",\"name\":\"Clavadora Angular para Marcos de Alta Resistencia de 21&deg; - THR Industrial Supplies\",\"isPartOf\":{\"@id\":\"https:\/\/thr.tools\/es\/#website\"},\"primaryImageOfPage\":{\"@id\":\"https:\/\/thr.tools\/es\/product\/s-2190\/#primaryimage\"},\"image\":{\"@id\":\"https:\/\/thr.tools\/es\/product\/s-2190\/#primaryimage\"},\"thumbnailUrl\":\"https:\/\/thr.tools\/wp-content\/uploads\/2024\/06\/S-2190_1200x1200.jpg\",\"datePublished\":\"2024-02-09T05:20:43+00:00\",\"dateModified\":\"2024-07-02T00:53:06+00:00\",\"breadcrumb\":{\"@id\":\"https:\/\/thr.tools\/es\/product\/s-2190\/#breadcrumb\"},\"inLanguage\":\"es\",\"potentialAction\":[{\"@type\":\"ReadAction\",\"target\":[\"https:\/\/thr.tools\/es\/product\/s-2190\/\"]}]},{\"@type\":\"ImageObject\",\"inLanguage\":\"es\",\"@id\":\"https:\/\/thr.tools\/es\/product\/s-2190\/#primaryimage\",\"url\":\"https:\/\/thr.tools\/wp-content\/uploads\/2024\/06\/S-2190_1200x1200.jpg\",\"contentUrl\":\"https:\/\/thr.tools\/wp-content\/uploads\/2024\/06\/S-2190_1200x1200.jpg\",\"width\":1200,\"height\":1200},{\"@type\":\"BreadcrumbList\",\"@id\":\"https:\/\/thr.tools\/es\/product\/s-2190\/#breadcrumb\",\"itemListElement\":[{\"@type\":\"ListItem\",\"position\":1,\"name\":\"Home\",\"item\":\"https:\/\/thr.tools\/es\/\"},{\"@type\":\"ListItem\",\"position\":2,\"name\":\"Store\",\"item\":\"https:\/\/thr.tools\/store\/\"},{\"@type\":\"ListItem\",\"position\":3,\"name\":\"Clavadora Angular para Marcos de Alta Resistencia de 21&deg;\"}]},{\"@type\":\"WebSite\",\"@id\":\"https:\/\/thr.tools\/es\/#website\",\"url\":\"https:\/\/thr.tools\/es\/\",\"name\":\"THR Industrial Supplies | Air Compressors & Tools\",\"description\":\"OEM, ODM Air Equipment Supplier\",\"publisher\":{\"@id\":\"https:\/\/thr.tools\/es\/#organization\"},\"alternateName\":\"THR Industrial Supplies | Compresores de Aire y Herramientas\",\"potentialAction\":[{\"@type\":\"SearchAction\",\"target\":{\"@type\":\"EntryPoint\",\"urlTemplate\":\"https:\/\/thr.tools\/es\/?s={search_term_string}\"},\"query-input\":{\"@type\":\"PropertyValueSpecification\",\"valueRequired\":true,\"valueName\":\"search_term_string\"}}],\"inLanguage\":\"es\"},{\"@type\":\"Organization\",\"@id\":\"https:\/\/thr.tools\/es\/#organization\",\"name\":\"THR Electronics LLC\",\"url\":\"https:\/\/thr.tools\/es\/\",\"logo\":{\"@type\":\"ImageObject\",\"inLanguage\":\"es\",\"@id\":\"https:\/\/thr.tools\/es\/#\/schema\/logo\/image\/\",\"url\":\"https:\/\/thr.tools\/wp-content\/uploads\/2023\/07\/cropped-favicon-thr-logo-512x512-1.png\",\"contentUrl\":\"https:\/\/thr.tools\/wp-content\/uploads\/2023\/07\/cropped-favicon-thr-logo-512x512-1.png\",\"width\":815,\"height\":814,\"caption\":\"THR Electronics LLC\"},\"image\":{\"@id\":\"https:\/\/thr.tools\/es\/#\/schema\/logo\/image\/\"}}]}<\/script>\n<!-- \/ Yoast SEO plugin. -->","yoast_head_json":{"title":"Clavadora Angular para Marcos de Alta Resistencia de 21&deg; - THR Industrial Supplies","robots":{"index":"index","follow":"follow","max-snippet":"max-snippet:-1","max-image-preview":"max-image-preview:large","max-video-preview":"max-video-preview:-1"},"canonical":"https:\/\/thr.tools\/es\/product\/s-2190\/","og_locale":"es_ES","og_type":"article","og_title":"Clavadora Angular para Marcos de Alta Resistencia de 21&deg; - THR Industrial Supplies","og_description":"Presentamos el Framing Stick Angle Nailer, la herramienta definitiva para proyectos de enmarcado de alta resistencia. Este clavador de \u00e1ngulo est\u00e1 dise\u00f1ado con una construcci\u00f3n ligera de magnesio, lo que lo hace duradero y f\u00e1cil de manejar. La punta estrecha permite una mayor precisi\u00f3n, mientras que la funci\u00f3n de carga superior r\u00e1pida garantiza eficiencia. Con un puerto de escape ajustable, puedes dirigir f\u00e1cilmente el aire lejos de ti mientras trabajas. Adem\u00e1s, con una capacidad de cargador de 70, puedes trabajar por m\u00e1s tiempo sin tener que recargar constantemente. Compatible con longitudes de clavos de hasta 50~90 mm, este clavador de \u00e1ngulo es perfecto para una variedad de tareas de enmarcado. Realiza el trabajo de manera r\u00e1pida y precisa con el Framing Stick Angle Nailer.  Fabricado para el uso de alta resistencia, el Framing Stick Angle Nailer es una herramienta imprescindible para cualquier profesional del enmarcado. Su construcci\u00f3n ligera de magnesio lo hace f\u00e1cil de manejar, mientras que el dise\u00f1o de punta estrecha permite una colocaci\u00f3n precisa de clavos. La funci\u00f3n de carga superior r\u00e1pida permite un uso r\u00e1pido y eficiente, y el puerto de escape ajustable te permite controlar el flujo de aire. Con una capacidad de cargador de 70, puedes seguir trabajando sin interrupciones. Este clavador de \u00e1ngulo es compatible con una variedad de longitudes de clavos, hasta 50~90 mm, lo que lo hace vers\u00e1til para una variedad de proyectos. Con su \u00e1ngulo de 21&deg;, el Framing Stick Angle Nailer es la elecci\u00f3n perfecta para tareas de enmarcado de alta resistencia.","og_url":"https:\/\/thr.tools\/es\/product\/s-2190\/","og_site_name":"THR Industrial Supplies","article_modified_time":"2024-07-02T00:53:06+00:00","og_image":[{"width":1200,"height":1200,"url":"https:\/\/thr.tools\/wp-content\/uploads\/2024\/06\/S-2190_1200x1200.jpg","type":"image\/jpeg"}],"twitter_card":"summary_large_image","schema":{"@context":"https:\/\/schema.org","@graph":[{"@type":"WebPage","@id":"https:\/\/thr.tools\/es\/product\/s-2190\/","url":"https:\/\/thr.tools\/es\/product\/s-2190\/","name":"Clavadora Angular para Marcos de Alta Resistencia de 21&deg; - THR Industrial Supplies","isPartOf":{"@id":"https:\/\/thr.tools\/es\/#website"},"primaryImageOfPage":{"@id":"https:\/\/thr.tools\/es\/product\/s-2190\/#primaryimage"},"image":{"@id":"https:\/\/thr.tools\/es\/product\/s-2190\/#primaryimage"},"thumbnailUrl":"https:\/\/thr.tools\/wp-content\/uploads\/2024\/06\/S-2190_1200x1200.jpg","datePublished":"2024-02-09T05:20:43+00:00","dateModified":"2024-07-02T00:53:06+00:00","breadcrumb":{"@id":"https:\/\/thr.tools\/es\/product\/s-2190\/#breadcrumb"},"inLanguage":"es","potentialAction":[{"@type":"ReadAction","target":["https:\/\/thr.tools\/es\/product\/s-2190\/"]}]},{"@type":"ImageObject","inLanguage":"es","@id":"https:\/\/thr.tools\/es\/product\/s-2190\/#primaryimage","url":"https:\/\/thr.tools\/wp-content\/uploads\/2024\/06\/S-2190_1200x1200.jpg","contentUrl":"https:\/\/thr.tools\/wp-content\/uploads\/2024\/06\/S-2190_1200x1200.jpg","width":1200,"height":1200},{"@type":"BreadcrumbList","@id":"https:\/\/thr.tools\/es\/product\/s-2190\/#breadcrumb","itemListElement":[{"@type":"ListItem","position":1,"name":"Home","item":"https:\/\/thr.tools\/es\/"},{"@type":"ListItem","position":2,"name":"Store","item":"https:\/\/thr.tools\/store\/"},{"@type":"ListItem","position":3,"name":"Clavadora Angular para Marcos de Alta Resistencia de 21&deg;"}]},{"@type":"WebSite","@id":"https:\/\/thr.tools\/es\/#website","url":"https:\/\/thr.tools\/es\/","name":"THR Industrial Supplies | Air Compressors & Tools","description":"OEM, ODM Air Equipment Supplier","publisher":{"@id":"https:\/\/thr.tools\/es\/#organization"},"alternateName":"THR Industrial Supplies | Compresores de Aire y Herramientas","potentialAction":[{"@type":"SearchAction","target":{"@type":"EntryPoint","urlTemplate":"https:\/\/thr.tools\/es\/?s={search_term_string}"},"query-input":{"@type":"PropertyValueSpecification","valueRequired":true,"valueName":"search_term_string"}}],"inLanguage":"es"},{"@type":"Organization","@id":"https:\/\/thr.tools\/es\/#organization","name":"THR Electronics LLC","url":"https:\/\/thr.tools\/es\/","logo":{"@type":"ImageObject","inLanguage":"es","@id":"https:\/\/thr.tools\/es\/#\/schema\/logo\/image\/","url":"https:\/\/thr.tools\/wp-content\/uploads\/2023\/07\/cropped-favicon-thr-logo-512x512-1.png","contentUrl":"https:\/\/thr.tools\/wp-content\/uploads\/2023\/07\/cropped-favicon-thr-logo-512x512-1.png","width":815,"height":814,"caption":"THR Electronics LLC"},"image":{"@id":"https:\/\/thr.tools\/es\/#\/schema\/logo\/image\/"}}]}},"_links":{"self":[{"href":"https:\/\/thr.tools\/es\/wp-json\/wp\/v2\/product\/7548","targetHints":{"allow":["GET"]}}],"collection":[{"href":"https:\/\/thr.tools\/es\/wp-json\/wp\/v2\/product"}],"about":[{"href":"https:\/\/thr.tools\/es\/wp-json\/wp\/v2\/types\/product"}],"version-history":[{"count":1,"href":"https:\/\/thr.tools\/es\/wp-json\/wp\/v2\/product\/7548\/revisions"}],"predecessor-version":[{"id":8748,"href":"https:\/\/thr.tools\/es\/wp-json\/wp\/v2\/product\/7548\/revisions\/8748"}],"wp:featuredmedia":[{"embeddable":true,"href":"https:\/\/thr.tools\/es\/wp-json\/wp\/v2\/media\/7415"}],"wp:attachment":[{"href":"https:\/\/thr.tools\/es\/wp-json\/wp\/v2\/media?parent=7548"}],"wp:term":[{"taxonomy":"product_brand","embeddable":true,"href":"https:\/\/thr.tools\/es\/wp-json\/wp\/v2\/product_brand?post=7548"},{"taxonomy":"product_cat","embeddable":true,"href":"https:\/\/thr.tools\/es\/wp-json\/wp\/v2\/product_cat?post=7548"},{"taxonomy":"product_tag","embeddable":true,"href":"https:\/\/thr.tools\/es\/wp-json\/wp\/v2\/product_tag?post=7548"}],"curies":[{"name":"wp","href":"https:\/\/api.w.org\/{rel}","templated":true}]}}