{"id":7544,"date":"2024-02-09T05:34:09","date_gmt":"2024-02-09T05:34:09","guid":{"rendered":"https:\/\/thr.tools\/product\/sg-70\/"},"modified":"2024-07-02T00:53:15","modified_gmt":"2024-07-02T00:53:15","slug":"sg-70","status":"publish","type":"product","link":"https:\/\/thr.tools\/es\/product\/sg-70\/","title":{"rendered":"Equipo de Pintura Profesional Easy-Hold con Tanque de 2L"},"content":{"rendered":"","protected":false},"excerpt":{"rendered":"<p>Presentamos la herramienta definitiva para cualquier pintor o contratista profesional: la Pistola de Pintura Profesional Port\u00e1til. Dise\u00f1ada con precisi\u00f3n y durabilidad en mente, esta pistola de aire es la elecci\u00f3n perfecta para todas sus necesidades de pintura. Ya sea que est\u00e9 trabajando en un proyecto comercial grande o en uno residencial peque\u00f1o, este dispositivo le proporcionar\u00e1 un acabado impecable en todo momento. Su dise\u00f1o ergon\u00f3mico y construcci\u00f3n ligera facilitan su uso durante per\u00edodos prolongados, minimizando la fatiga en las manos y aumentando la productividad. Con su tipo de alimentaci\u00f3n Presi\u00f3n, puede ajustar sin esfuerzo el flujo de pintura para obtener la cobertura perfecta en cualquier superficie. Entonces, lleve su juego de pintura al siguiente nivel con la Pistola de Pintura Profesional Port\u00e1til.<\/p>\n<p>Con una gran capacidad de tanque de 2L, esta pistola de aire elimina la necesidad de rellenar frecuentemente, lo que le permite completar su tarea de pintura de manera eficiente. Su dise\u00f1o f\u00e1cil de limpiar tambi\u00e9n hace que sea muy sencillo de mantener, asegurando que pueda usarla durante a\u00f1os. La Pistola de Pintura Profesional Port\u00e1til es compatible con una variedad de pinturas, incluyendo latex, lacas, tintes y m\u00e1s, lo que la convierte en una opci\u00f3n vers\u00e1til para todos sus proyectos. Transforme cualquier espacio en una obra de arte con la Pistola de Pintura Profesional Port\u00e1til. <\/p>\n","protected":false},"featured_media":7427,"template":"","meta":{"site-sidebar-layout":"default","site-content-layout":"default","ast-site-content-layout":"default","site-content-style":"default","site-sidebar-style":"default","ast-global-header-display":"","ast-banner-title-visibility":"","ast-main-header-display":"","ast-hfb-above-header-display":"","ast-hfb-below-header-display":"","ast-hfb-mobile-header-display":"","site-post-title":"","ast-breadcrumbs-content":"","ast-featured-img":"","footer-sml-layout":"","ast-disable-related-posts":"","theme-transparent-header-meta":"default","adv-header-id-meta":"","stick-header-meta":"","header-above-stick-meta":"","header-main-stick-meta":"","header-below-stick-meta":"","astra-migrate-meta-layouts":"default","ast-page-background-enabled":"default","ast-page-background-meta":{"desktop":{"background-color":"","background-image":"","background-repeat":"repeat","background-position":"center center","background-size":"auto","background-attachment":"scroll","background-type":"","background-media":"","overlay-type":"","overlay-color":"","overlay-opacity":"","overlay-gradient":""},"tablet":{"background-color":"","background-image":"","background-repeat":"repeat","background-position":"center center","background-size":"auto","background-attachment":"scroll","background-type":"","background-media":"","overlay-type":"","overlay-color":"","overlay-opacity":"","overlay-gradient":""},"mobile":{"background-color":"","background-image":"","background-repeat":"repeat","background-position":"center center","background-size":"auto","background-attachment":"scroll","background-type":"","background-media":"","overlay-type":"","overlay-color":"","overlay-opacity":"","overlay-gradient":""}},"ast-content-background-meta":{"desktop":{"background-color":"var(--ast-global-color-5)","background-image":"","background-repeat":"repeat","background-position":"center center","background-size":"auto","background-attachment":"scroll","background-type":"","background-media":"","overlay-type":"","overlay-color":"","overlay-opacity":"","overlay-gradient":""},"tablet":{"background-color":"var(--ast-global-color-5)","background-image":"","background-repeat":"repeat","background-position":"center center","background-size":"auto","background-attachment":"scroll","background-type":"","background-media":"","overlay-type":"","overlay-color":"","overlay-opacity":"","overlay-gradient":""},"mobile":{"background-color":"var(--ast-global-color-5)","background-image":"","background-repeat":"repeat","background-position":"center center","background-size":"auto","background-attachment":"scroll","background-type":"","background-media":"","overlay-type":"","overlay-color":"","overlay-opacity":"","overlay-gradient":""}}},"product_brand":[],"product_cat":[565,569,579],"product_tag":[],"class_list":{"0":"post-7544","1":"product","2":"type-product","3":"status-publish","4":"has-post-thumbnail","6":"product_cat-herramientas","7":"product_cat-neumaticas","8":"product_cat-pintura","9":"desktop-align-left","10":"tablet-align-left","11":"mobile-align-left","13":"first","14":"instock","15":"shipping-taxable","16":"purchasable","17":"product-type-simple"},"yoast_head":"<!-- This site is optimized with the Yoast SEO plugin v26.7 - https:\/\/yoast.com\/wordpress\/plugins\/seo\/ -->\n<title>Equipo de Pintura Profesional Easy-Hold con Tanque de 2L - THR Industrial Supplies<\/title>\n<meta name=\"robots\" content=\"index, follow, max-snippet:-1, max-image-preview:large, max-video-preview:-1\" \/>\n<link rel=\"canonical\" href=\"https:\/\/thr.tools\/es\/product\/sg-70\/\" \/>\n<meta property=\"og:locale\" content=\"es_ES\" \/>\n<meta property=\"og:type\" content=\"article\" \/>\n<meta property=\"og:title\" content=\"Equipo de Pintura Profesional Easy-Hold con Tanque de 2L - THR Industrial Supplies\" \/>\n<meta property=\"og:description\" content=\"Presentamos la herramienta definitiva para cualquier pintor o contratista profesional: la Pistola de Pintura Profesional Port\u00e1til. Dise\u00f1ada con precisi\u00f3n y durabilidad en mente, esta pistola de aire es la elecci\u00f3n perfecta para todas sus necesidades de pintura. Ya sea que est\u00e9 trabajando en un proyecto comercial grande o en uno residencial peque\u00f1o, este dispositivo le proporcionar\u00e1 un acabado impecable en todo momento. Su dise\u00f1o ergon\u00f3mico y construcci\u00f3n ligera facilitan su uso durante per\u00edodos prolongados, minimizando la fatiga en las manos y aumentando la productividad. Con su tipo de alimentaci\u00f3n Presi\u00f3n, puede ajustar sin esfuerzo el flujo de pintura para obtener la cobertura perfecta en cualquier superficie. Entonces, lleve su juego de pintura al siguiente nivel con la Pistola de Pintura Profesional Port\u00e1til. Con una gran capacidad de tanque de 2L, esta pistola de aire elimina la necesidad de rellenar frecuentemente, lo que le permite completar su tarea de pintura de manera eficiente. Su dise\u00f1o f\u00e1cil de limpiar tambi\u00e9n hace que sea muy sencillo de mantener, asegurando que pueda usarla durante a\u00f1os. La Pistola de Pintura Profesional Port\u00e1til es compatible con una variedad de pinturas, incluyendo latex, lacas, tintes y m\u00e1s, lo que la convierte en una opci\u00f3n vers\u00e1til para todos sus proyectos. Transforme cualquier espacio en una obra de arte con la Pistola de Pintura Profesional Port\u00e1til.\" \/>\n<meta property=\"og:url\" content=\"https:\/\/thr.tools\/es\/product\/sg-70\/\" \/>\n<meta property=\"og:site_name\" content=\"THR Industrial Supplies\" \/>\n<meta property=\"article:modified_time\" content=\"2024-07-02T00:53:15+00:00\" \/>\n<meta property=\"og:image\" content=\"https:\/\/thr.tools\/wp-content\/uploads\/2024\/06\/SG-70_1200x1200.jpg\" \/>\n\t<meta property=\"og:image:width\" content=\"1200\" \/>\n\t<meta property=\"og:image:height\" content=\"1200\" \/>\n\t<meta property=\"og:image:type\" content=\"image\/jpeg\" \/>\n<meta name=\"twitter:card\" content=\"summary_large_image\" \/>\n<script type=\"application\/ld+json\" class=\"yoast-schema-graph\">{\"@context\":\"https:\/\/schema.org\",\"@graph\":[{\"@type\":\"WebPage\",\"@id\":\"https:\/\/thr.tools\/es\/product\/sg-70\/\",\"url\":\"https:\/\/thr.tools\/es\/product\/sg-70\/\",\"name\":\"Equipo de Pintura Profesional Easy-Hold con Tanque de 2L - THR Industrial Supplies\",\"isPartOf\":{\"@id\":\"https:\/\/thr.tools\/es\/#website\"},\"primaryImageOfPage\":{\"@id\":\"https:\/\/thr.tools\/es\/product\/sg-70\/#primaryimage\"},\"image\":{\"@id\":\"https:\/\/thr.tools\/es\/product\/sg-70\/#primaryimage\"},\"thumbnailUrl\":\"https:\/\/thr.tools\/wp-content\/uploads\/2024\/06\/SG-70_1200x1200.jpg\",\"datePublished\":\"2024-02-09T05:34:09+00:00\",\"dateModified\":\"2024-07-02T00:53:15+00:00\",\"breadcrumb\":{\"@id\":\"https:\/\/thr.tools\/es\/product\/sg-70\/#breadcrumb\"},\"inLanguage\":\"es\",\"potentialAction\":[{\"@type\":\"ReadAction\",\"target\":[\"https:\/\/thr.tools\/es\/product\/sg-70\/\"]}]},{\"@type\":\"ImageObject\",\"inLanguage\":\"es\",\"@id\":\"https:\/\/thr.tools\/es\/product\/sg-70\/#primaryimage\",\"url\":\"https:\/\/thr.tools\/wp-content\/uploads\/2024\/06\/SG-70_1200x1200.jpg\",\"contentUrl\":\"https:\/\/thr.tools\/wp-content\/uploads\/2024\/06\/SG-70_1200x1200.jpg\",\"width\":1200,\"height\":1200},{\"@type\":\"BreadcrumbList\",\"@id\":\"https:\/\/thr.tools\/es\/product\/sg-70\/#breadcrumb\",\"itemListElement\":[{\"@type\":\"ListItem\",\"position\":1,\"name\":\"Home\",\"item\":\"https:\/\/thr.tools\/es\/\"},{\"@type\":\"ListItem\",\"position\":2,\"name\":\"Store\",\"item\":\"https:\/\/thr.tools\/store\/\"},{\"@type\":\"ListItem\",\"position\":3,\"name\":\"Equipo de Pintura Profesional Easy-Hold con Tanque de 2L\"}]},{\"@type\":\"WebSite\",\"@id\":\"https:\/\/thr.tools\/es\/#website\",\"url\":\"https:\/\/thr.tools\/es\/\",\"name\":\"THR Industrial Supplies | Air Compressors & Tools\",\"description\":\"OEM, ODM Air Equipment Supplier\",\"publisher\":{\"@id\":\"https:\/\/thr.tools\/es\/#organization\"},\"alternateName\":\"THR Industrial Supplies | Compresores de Aire y Herramientas\",\"potentialAction\":[{\"@type\":\"SearchAction\",\"target\":{\"@type\":\"EntryPoint\",\"urlTemplate\":\"https:\/\/thr.tools\/es\/?s={search_term_string}\"},\"query-input\":{\"@type\":\"PropertyValueSpecification\",\"valueRequired\":true,\"valueName\":\"search_term_string\"}}],\"inLanguage\":\"es\"},{\"@type\":\"Organization\",\"@id\":\"https:\/\/thr.tools\/es\/#organization\",\"name\":\"THR Electronics LLC\",\"url\":\"https:\/\/thr.tools\/es\/\",\"logo\":{\"@type\":\"ImageObject\",\"inLanguage\":\"es\",\"@id\":\"https:\/\/thr.tools\/es\/#\/schema\/logo\/image\/\",\"url\":\"https:\/\/thr.tools\/wp-content\/uploads\/2023\/07\/cropped-favicon-thr-logo-512x512-1.png\",\"contentUrl\":\"https:\/\/thr.tools\/wp-content\/uploads\/2023\/07\/cropped-favicon-thr-logo-512x512-1.png\",\"width\":815,\"height\":814,\"caption\":\"THR Electronics LLC\"},\"image\":{\"@id\":\"https:\/\/thr.tools\/es\/#\/schema\/logo\/image\/\"}}]}<\/script>\n<!-- \/ Yoast SEO plugin. -->","yoast_head_json":{"title":"Equipo de Pintura Profesional Easy-Hold con Tanque de 2L - THR Industrial Supplies","robots":{"index":"index","follow":"follow","max-snippet":"max-snippet:-1","max-image-preview":"max-image-preview:large","max-video-preview":"max-video-preview:-1"},"canonical":"https:\/\/thr.tools\/es\/product\/sg-70\/","og_locale":"es_ES","og_type":"article","og_title":"Equipo de Pintura Profesional Easy-Hold con Tanque de 2L - THR Industrial Supplies","og_description":"Presentamos la herramienta definitiva para cualquier pintor o contratista profesional: la Pistola de Pintura Profesional Port\u00e1til. Dise\u00f1ada con precisi\u00f3n y durabilidad en mente, esta pistola de aire es la elecci\u00f3n perfecta para todas sus necesidades de pintura. Ya sea que est\u00e9 trabajando en un proyecto comercial grande o en uno residencial peque\u00f1o, este dispositivo le proporcionar\u00e1 un acabado impecable en todo momento. Su dise\u00f1o ergon\u00f3mico y construcci\u00f3n ligera facilitan su uso durante per\u00edodos prolongados, minimizando la fatiga en las manos y aumentando la productividad. Con su tipo de alimentaci\u00f3n Presi\u00f3n, puede ajustar sin esfuerzo el flujo de pintura para obtener la cobertura perfecta en cualquier superficie. Entonces, lleve su juego de pintura al siguiente nivel con la Pistola de Pintura Profesional Port\u00e1til. Con una gran capacidad de tanque de 2L, esta pistola de aire elimina la necesidad de rellenar frecuentemente, lo que le permite completar su tarea de pintura de manera eficiente. Su dise\u00f1o f\u00e1cil de limpiar tambi\u00e9n hace que sea muy sencillo de mantener, asegurando que pueda usarla durante a\u00f1os. La Pistola de Pintura Profesional Port\u00e1til es compatible con una variedad de pinturas, incluyendo latex, lacas, tintes y m\u00e1s, lo que la convierte en una opci\u00f3n vers\u00e1til para todos sus proyectos. Transforme cualquier espacio en una obra de arte con la Pistola de Pintura Profesional Port\u00e1til.","og_url":"https:\/\/thr.tools\/es\/product\/sg-70\/","og_site_name":"THR Industrial Supplies","article_modified_time":"2024-07-02T00:53:15+00:00","og_image":[{"width":1200,"height":1200,"url":"https:\/\/thr.tools\/wp-content\/uploads\/2024\/06\/SG-70_1200x1200.jpg","type":"image\/jpeg"}],"twitter_card":"summary_large_image","schema":{"@context":"https:\/\/schema.org","@graph":[{"@type":"WebPage","@id":"https:\/\/thr.tools\/es\/product\/sg-70\/","url":"https:\/\/thr.tools\/es\/product\/sg-70\/","name":"Equipo de Pintura Profesional Easy-Hold con Tanque de 2L - THR Industrial Supplies","isPartOf":{"@id":"https:\/\/thr.tools\/es\/#website"},"primaryImageOfPage":{"@id":"https:\/\/thr.tools\/es\/product\/sg-70\/#primaryimage"},"image":{"@id":"https:\/\/thr.tools\/es\/product\/sg-70\/#primaryimage"},"thumbnailUrl":"https:\/\/thr.tools\/wp-content\/uploads\/2024\/06\/SG-70_1200x1200.jpg","datePublished":"2024-02-09T05:34:09+00:00","dateModified":"2024-07-02T00:53:15+00:00","breadcrumb":{"@id":"https:\/\/thr.tools\/es\/product\/sg-70\/#breadcrumb"},"inLanguage":"es","potentialAction":[{"@type":"ReadAction","target":["https:\/\/thr.tools\/es\/product\/sg-70\/"]}]},{"@type":"ImageObject","inLanguage":"es","@id":"https:\/\/thr.tools\/es\/product\/sg-70\/#primaryimage","url":"https:\/\/thr.tools\/wp-content\/uploads\/2024\/06\/SG-70_1200x1200.jpg","contentUrl":"https:\/\/thr.tools\/wp-content\/uploads\/2024\/06\/SG-70_1200x1200.jpg","width":1200,"height":1200},{"@type":"BreadcrumbList","@id":"https:\/\/thr.tools\/es\/product\/sg-70\/#breadcrumb","itemListElement":[{"@type":"ListItem","position":1,"name":"Home","item":"https:\/\/thr.tools\/es\/"},{"@type":"ListItem","position":2,"name":"Store","item":"https:\/\/thr.tools\/store\/"},{"@type":"ListItem","position":3,"name":"Equipo de Pintura Profesional Easy-Hold con Tanque de 2L"}]},{"@type":"WebSite","@id":"https:\/\/thr.tools\/es\/#website","url":"https:\/\/thr.tools\/es\/","name":"THR Industrial Supplies | Air Compressors & Tools","description":"OEM, ODM Air Equipment Supplier","publisher":{"@id":"https:\/\/thr.tools\/es\/#organization"},"alternateName":"THR Industrial Supplies | Compresores de Aire y Herramientas","potentialAction":[{"@type":"SearchAction","target":{"@type":"EntryPoint","urlTemplate":"https:\/\/thr.tools\/es\/?s={search_term_string}"},"query-input":{"@type":"PropertyValueSpecification","valueRequired":true,"valueName":"search_term_string"}}],"inLanguage":"es"},{"@type":"Organization","@id":"https:\/\/thr.tools\/es\/#organization","name":"THR Electronics LLC","url":"https:\/\/thr.tools\/es\/","logo":{"@type":"ImageObject","inLanguage":"es","@id":"https:\/\/thr.tools\/es\/#\/schema\/logo\/image\/","url":"https:\/\/thr.tools\/wp-content\/uploads\/2023\/07\/cropped-favicon-thr-logo-512x512-1.png","contentUrl":"https:\/\/thr.tools\/wp-content\/uploads\/2023\/07\/cropped-favicon-thr-logo-512x512-1.png","width":815,"height":814,"caption":"THR Electronics LLC"},"image":{"@id":"https:\/\/thr.tools\/es\/#\/schema\/logo\/image\/"}}]}},"_links":{"self":[{"href":"https:\/\/thr.tools\/es\/wp-json\/wp\/v2\/product\/7544","targetHints":{"allow":["GET"]}}],"collection":[{"href":"https:\/\/thr.tools\/es\/wp-json\/wp\/v2\/product"}],"about":[{"href":"https:\/\/thr.tools\/es\/wp-json\/wp\/v2\/types\/product"}],"version-history":[{"count":1,"href":"https:\/\/thr.tools\/es\/wp-json\/wp\/v2\/product\/7544\/revisions"}],"predecessor-version":[{"id":8761,"href":"https:\/\/thr.tools\/es\/wp-json\/wp\/v2\/product\/7544\/revisions\/8761"}],"wp:featuredmedia":[{"embeddable":true,"href":"https:\/\/thr.tools\/es\/wp-json\/wp\/v2\/media\/7427"}],"wp:attachment":[{"href":"https:\/\/thr.tools\/es\/wp-json\/wp\/v2\/media?parent=7544"}],"wp:term":[{"taxonomy":"product_brand","embeddable":true,"href":"https:\/\/thr.tools\/es\/wp-json\/wp\/v2\/product_brand?post=7544"},{"taxonomy":"product_cat","embeddable":true,"href":"https:\/\/thr.tools\/es\/wp-json\/wp\/v2\/product_cat?post=7544"},{"taxonomy":"product_tag","embeddable":true,"href":"https:\/\/thr.tools\/es\/wp-json\/wp\/v2\/product_tag?post=7544"}],"curies":[{"name":"wp","href":"https:\/\/api.w.org\/{rel}","templated":true}]}}