{"id":7539,"date":"2024-02-09T05:55:58","date_gmt":"2024-02-09T05:55:58","guid":{"rendered":"https:\/\/thr.tools\/product\/r55bbp\/"},"modified":"2024-07-02T01:59:56","modified_gmt":"2024-07-02T01:59:56","slug":"r55bbp","status":"publish","type":"product","link":"https:\/\/thr.tools\/es\/product\/r55bbp\/","title":{"rendered":"Destornillador Neum\u00e1tico Industrial &#8211; Mango Tipo Pistola &#8211; Arranque-Apagado Tipo Gatillo"},"content":{"rendered":"","protected":false},"excerpt":{"rendered":"<p>Presentamos la herramienta definitiva para cualquier entorno industrial: el Destornillador de Aire Industrial. Con un potente rango de torque de 1.2~7.4 Nm, este destornillador est\u00e1 dise\u00f1ado para manejar incluso los trabajos m\u00e1s dif\u00edciles con facilidad. El tipo de cuerpo de la herramienta Pistola garantiza durabilidad y confiabilidad para un uso frecuente en entornos industriales. Adem\u00e1s, la velocidad de marcha sin carga de 1000-RPM permite precisi\u00f3n y eficiencia, convirti\u00e9ndolo en la elecci\u00f3n perfecta para cualquier proyecto industrial. Di adi\u00f3s a los destornilladores manuales y da la bienvenida al Destornillador de Aire Industrial, la herramienta imprescindible para todas tus necesidades industriales.<\/p>\n<p>Revoluciona tu proceso de trabajo con el Destornillador de Aire Industrial. Dise\u00f1ado espec\u00edficamente para fines industriales, esta herramienta de alto rendimiento cuenta con un rango de torque de 1.2~7.4 Nm, proporcionando m\u00e1xima potencia y eficiencia para cualquier tarea. El tipo de cuerpo de la herramienta Pistola est\u00e1 construido para durar, asegurando un agarre confiable y resistente para un uso a largo plazo. Y con una velocidad de marcha sin carga de 1000-RPM, este destornillador permite un atornillado r\u00e1pido y preciso, ahorr\u00e1ndote tiempo y esfuerzo en el trabajo. No te conformes con herramientas mediocres: elige el Destornillador de Aire Industrial para una experiencia industrial profesional y sin inconvenientes.<\/p>\n","protected":false},"featured_media":7442,"template":"","meta":{"site-sidebar-layout":"default","site-content-layout":"default","ast-site-content-layout":"default","site-content-style":"default","site-sidebar-style":"default","ast-global-header-display":"","ast-banner-title-visibility":"","ast-main-header-display":"","ast-hfb-above-header-display":"","ast-hfb-below-header-display":"","ast-hfb-mobile-header-display":"","site-post-title":"","ast-breadcrumbs-content":"","ast-featured-img":"","footer-sml-layout":"","ast-disable-related-posts":"","theme-transparent-header-meta":"default","adv-header-id-meta":"","stick-header-meta":"","header-above-stick-meta":"","header-main-stick-meta":"","header-below-stick-meta":"","astra-migrate-meta-layouts":"default","ast-page-background-enabled":"default","ast-page-background-meta":{"desktop":{"background-color":"","background-image":"","background-repeat":"repeat","background-position":"center center","background-size":"auto","background-attachment":"scroll","background-type":"","background-media":"","overlay-type":"","overlay-color":"","overlay-opacity":"","overlay-gradient":""},"tablet":{"background-color":"","background-image":"","background-repeat":"repeat","background-position":"center center","background-size":"auto","background-attachment":"scroll","background-type":"","background-media":"","overlay-type":"","overlay-color":"","overlay-opacity":"","overlay-gradient":""},"mobile":{"background-color":"","background-image":"","background-repeat":"repeat","background-position":"center center","background-size":"auto","background-attachment":"scroll","background-type":"","background-media":"","overlay-type":"","overlay-color":"","overlay-opacity":"","overlay-gradient":""}},"ast-content-background-meta":{"desktop":{"background-color":"var(--ast-global-color-5)","background-image":"","background-repeat":"repeat","background-position":"center center","background-size":"auto","background-attachment":"scroll","background-type":"","background-media":"","overlay-type":"","overlay-color":"","overlay-opacity":"","overlay-gradient":""},"tablet":{"background-color":"var(--ast-global-color-5)","background-image":"","background-repeat":"repeat","background-position":"center center","background-size":"auto","background-attachment":"scroll","background-type":"","background-media":"","overlay-type":"","overlay-color":"","overlay-opacity":"","overlay-gradient":""},"mobile":{"background-color":"var(--ast-global-color-5)","background-image":"","background-repeat":"repeat","background-position":"center center","background-size":"auto","background-attachment":"scroll","background-type":"","background-media":"","overlay-type":"","overlay-color":"","overlay-opacity":"","overlay-gradient":""}}},"product_brand":[],"product_cat":[565,569,573],"product_tag":[],"class_list":{"0":"post-7539","1":"product","2":"type-product","3":"status-publish","4":"has-post-thumbnail","6":"product_cat-herramientas","7":"product_cat-neumaticas","8":"product_cat-taladros-y-destornilladores-es","9":"desktop-align-left","10":"tablet-align-left","11":"mobile-align-left","13":"first","14":"instock","15":"shipping-taxable","16":"purchasable","17":"product-type-simple"},"yoast_head":"<!-- This site is optimized with the Yoast SEO plugin v26.7 - https:\/\/yoast.com\/wordpress\/plugins\/seo\/ -->\n<title>Destornillador Neum\u00e1tico Industrial - Mango Tipo Pistola - Arranque-Apagado Tipo Gatillo - THR Industrial Supplies<\/title>\n<meta name=\"robots\" content=\"index, follow, max-snippet:-1, max-image-preview:large, max-video-preview:-1\" \/>\n<link rel=\"canonical\" href=\"https:\/\/thr.tools\/es\/product\/r55bbp\/\" \/>\n<meta property=\"og:locale\" content=\"es_ES\" \/>\n<meta property=\"og:type\" content=\"article\" \/>\n<meta property=\"og:title\" content=\"Destornillador Neum\u00e1tico Industrial - Mango Tipo Pistola - Arranque-Apagado Tipo Gatillo - THR Industrial Supplies\" \/>\n<meta property=\"og:description\" content=\"Presentamos la herramienta definitiva para cualquier entorno industrial: el Destornillador de Aire Industrial. Con un potente rango de torque de 1.2~7.4 Nm, este destornillador est\u00e1 dise\u00f1ado para manejar incluso los trabajos m\u00e1s dif\u00edciles con facilidad. El tipo de cuerpo de la herramienta Pistola garantiza durabilidad y confiabilidad para un uso frecuente en entornos industriales. Adem\u00e1s, la velocidad de marcha sin carga de 1000-RPM permite precisi\u00f3n y eficiencia, convirti\u00e9ndolo en la elecci\u00f3n perfecta para cualquier proyecto industrial. Di adi\u00f3s a los destornilladores manuales y da la bienvenida al Destornillador de Aire Industrial, la herramienta imprescindible para todas tus necesidades industriales. Revoluciona tu proceso de trabajo con el Destornillador de Aire Industrial. Dise\u00f1ado espec\u00edficamente para fines industriales, esta herramienta de alto rendimiento cuenta con un rango de torque de 1.2~7.4 Nm, proporcionando m\u00e1xima potencia y eficiencia para cualquier tarea. El tipo de cuerpo de la herramienta Pistola est\u00e1 construido para durar, asegurando un agarre confiable y resistente para un uso a largo plazo. Y con una velocidad de marcha sin carga de 1000-RPM, este destornillador permite un atornillado r\u00e1pido y preciso, ahorr\u00e1ndote tiempo y esfuerzo en el trabajo. No te conformes con herramientas mediocres: elige el Destornillador de Aire Industrial para una experiencia industrial profesional y sin inconvenientes.\" \/>\n<meta property=\"og:url\" content=\"https:\/\/thr.tools\/es\/product\/r55bbp\/\" \/>\n<meta property=\"og:site_name\" content=\"THR Industrial Supplies\" \/>\n<meta property=\"article:modified_time\" content=\"2024-07-02T01:59:56+00:00\" \/>\n<meta property=\"og:image\" content=\"https:\/\/thr.tools\/wp-content\/uploads\/2024\/06\/R55BBP_1200x1200.jpg\" \/>\n\t<meta property=\"og:image:width\" content=\"1200\" \/>\n\t<meta property=\"og:image:height\" content=\"1200\" \/>\n\t<meta property=\"og:image:type\" content=\"image\/jpeg\" \/>\n<meta name=\"twitter:card\" content=\"summary_large_image\" \/>\n<script type=\"application\/ld+json\" class=\"yoast-schema-graph\">{\"@context\":\"https:\/\/schema.org\",\"@graph\":[{\"@type\":\"WebPage\",\"@id\":\"https:\/\/thr.tools\/es\/product\/r55bbp\/\",\"url\":\"https:\/\/thr.tools\/es\/product\/r55bbp\/\",\"name\":\"Destornillador Neum\u00e1tico Industrial - Mango Tipo Pistola - Arranque-Apagado Tipo Gatillo - THR Industrial Supplies\",\"isPartOf\":{\"@id\":\"https:\/\/thr.tools\/es\/#website\"},\"primaryImageOfPage\":{\"@id\":\"https:\/\/thr.tools\/es\/product\/r55bbp\/#primaryimage\"},\"image\":{\"@id\":\"https:\/\/thr.tools\/es\/product\/r55bbp\/#primaryimage\"},\"thumbnailUrl\":\"https:\/\/thr.tools\/wp-content\/uploads\/2024\/06\/R55BBP_1200x1200.jpg\",\"datePublished\":\"2024-02-09T05:55:58+00:00\",\"dateModified\":\"2024-07-02T01:59:56+00:00\",\"breadcrumb\":{\"@id\":\"https:\/\/thr.tools\/es\/product\/r55bbp\/#breadcrumb\"},\"inLanguage\":\"es\",\"potentialAction\":[{\"@type\":\"ReadAction\",\"target\":[\"https:\/\/thr.tools\/es\/product\/r55bbp\/\"]}]},{\"@type\":\"ImageObject\",\"inLanguage\":\"es\",\"@id\":\"https:\/\/thr.tools\/es\/product\/r55bbp\/#primaryimage\",\"url\":\"https:\/\/thr.tools\/wp-content\/uploads\/2024\/06\/R55BBP_1200x1200.jpg\",\"contentUrl\":\"https:\/\/thr.tools\/wp-content\/uploads\/2024\/06\/R55BBP_1200x1200.jpg\",\"width\":1200,\"height\":1200},{\"@type\":\"BreadcrumbList\",\"@id\":\"https:\/\/thr.tools\/es\/product\/r55bbp\/#breadcrumb\",\"itemListElement\":[{\"@type\":\"ListItem\",\"position\":1,\"name\":\"Home\",\"item\":\"https:\/\/thr.tools\/es\/\"},{\"@type\":\"ListItem\",\"position\":2,\"name\":\"Store\",\"item\":\"https:\/\/thr.tools\/store\/\"},{\"@type\":\"ListItem\",\"position\":3,\"name\":\"Destornillador Neum\u00e1tico Industrial &#8211; Mango Tipo Pistola &#8211; Arranque-Apagado Tipo Gatillo\"}]},{\"@type\":\"WebSite\",\"@id\":\"https:\/\/thr.tools\/es\/#website\",\"url\":\"https:\/\/thr.tools\/es\/\",\"name\":\"THR Industrial Supplies | Air Compressors & Tools\",\"description\":\"OEM, ODM Air Equipment Supplier\",\"publisher\":{\"@id\":\"https:\/\/thr.tools\/es\/#organization\"},\"alternateName\":\"THR Industrial Supplies | Compresores de Aire y Herramientas\",\"potentialAction\":[{\"@type\":\"SearchAction\",\"target\":{\"@type\":\"EntryPoint\",\"urlTemplate\":\"https:\/\/thr.tools\/es\/?s={search_term_string}\"},\"query-input\":{\"@type\":\"PropertyValueSpecification\",\"valueRequired\":true,\"valueName\":\"search_term_string\"}}],\"inLanguage\":\"es\"},{\"@type\":\"Organization\",\"@id\":\"https:\/\/thr.tools\/es\/#organization\",\"name\":\"THR Electronics LLC\",\"url\":\"https:\/\/thr.tools\/es\/\",\"logo\":{\"@type\":\"ImageObject\",\"inLanguage\":\"es\",\"@id\":\"https:\/\/thr.tools\/es\/#\/schema\/logo\/image\/\",\"url\":\"https:\/\/thr.tools\/wp-content\/uploads\/2023\/07\/cropped-favicon-thr-logo-512x512-1.png\",\"contentUrl\":\"https:\/\/thr.tools\/wp-content\/uploads\/2023\/07\/cropped-favicon-thr-logo-512x512-1.png\",\"width\":815,\"height\":814,\"caption\":\"THR Electronics LLC\"},\"image\":{\"@id\":\"https:\/\/thr.tools\/es\/#\/schema\/logo\/image\/\"}}]}<\/script>\n<!-- \/ Yoast SEO plugin. -->","yoast_head_json":{"title":"Destornillador Neum\u00e1tico Industrial - Mango Tipo Pistola - Arranque-Apagado Tipo Gatillo - THR Industrial Supplies","robots":{"index":"index","follow":"follow","max-snippet":"max-snippet:-1","max-image-preview":"max-image-preview:large","max-video-preview":"max-video-preview:-1"},"canonical":"https:\/\/thr.tools\/es\/product\/r55bbp\/","og_locale":"es_ES","og_type":"article","og_title":"Destornillador Neum\u00e1tico Industrial - Mango Tipo Pistola - Arranque-Apagado Tipo Gatillo - THR Industrial Supplies","og_description":"Presentamos la herramienta definitiva para cualquier entorno industrial: el Destornillador de Aire Industrial. Con un potente rango de torque de 1.2~7.4 Nm, este destornillador est\u00e1 dise\u00f1ado para manejar incluso los trabajos m\u00e1s dif\u00edciles con facilidad. El tipo de cuerpo de la herramienta Pistola garantiza durabilidad y confiabilidad para un uso frecuente en entornos industriales. Adem\u00e1s, la velocidad de marcha sin carga de 1000-RPM permite precisi\u00f3n y eficiencia, convirti\u00e9ndolo en la elecci\u00f3n perfecta para cualquier proyecto industrial. Di adi\u00f3s a los destornilladores manuales y da la bienvenida al Destornillador de Aire Industrial, la herramienta imprescindible para todas tus necesidades industriales. Revoluciona tu proceso de trabajo con el Destornillador de Aire Industrial. Dise\u00f1ado espec\u00edficamente para fines industriales, esta herramienta de alto rendimiento cuenta con un rango de torque de 1.2~7.4 Nm, proporcionando m\u00e1xima potencia y eficiencia para cualquier tarea. El tipo de cuerpo de la herramienta Pistola est\u00e1 construido para durar, asegurando un agarre confiable y resistente para un uso a largo plazo. Y con una velocidad de marcha sin carga de 1000-RPM, este destornillador permite un atornillado r\u00e1pido y preciso, ahorr\u00e1ndote tiempo y esfuerzo en el trabajo. No te conformes con herramientas mediocres: elige el Destornillador de Aire Industrial para una experiencia industrial profesional y sin inconvenientes.","og_url":"https:\/\/thr.tools\/es\/product\/r55bbp\/","og_site_name":"THR Industrial Supplies","article_modified_time":"2024-07-02T01:59:56+00:00","og_image":[{"width":1200,"height":1200,"url":"https:\/\/thr.tools\/wp-content\/uploads\/2024\/06\/R55BBP_1200x1200.jpg","type":"image\/jpeg"}],"twitter_card":"summary_large_image","schema":{"@context":"https:\/\/schema.org","@graph":[{"@type":"WebPage","@id":"https:\/\/thr.tools\/es\/product\/r55bbp\/","url":"https:\/\/thr.tools\/es\/product\/r55bbp\/","name":"Destornillador Neum\u00e1tico Industrial - Mango Tipo Pistola - Arranque-Apagado Tipo Gatillo - THR Industrial Supplies","isPartOf":{"@id":"https:\/\/thr.tools\/es\/#website"},"primaryImageOfPage":{"@id":"https:\/\/thr.tools\/es\/product\/r55bbp\/#primaryimage"},"image":{"@id":"https:\/\/thr.tools\/es\/product\/r55bbp\/#primaryimage"},"thumbnailUrl":"https:\/\/thr.tools\/wp-content\/uploads\/2024\/06\/R55BBP_1200x1200.jpg","datePublished":"2024-02-09T05:55:58+00:00","dateModified":"2024-07-02T01:59:56+00:00","breadcrumb":{"@id":"https:\/\/thr.tools\/es\/product\/r55bbp\/#breadcrumb"},"inLanguage":"es","potentialAction":[{"@type":"ReadAction","target":["https:\/\/thr.tools\/es\/product\/r55bbp\/"]}]},{"@type":"ImageObject","inLanguage":"es","@id":"https:\/\/thr.tools\/es\/product\/r55bbp\/#primaryimage","url":"https:\/\/thr.tools\/wp-content\/uploads\/2024\/06\/R55BBP_1200x1200.jpg","contentUrl":"https:\/\/thr.tools\/wp-content\/uploads\/2024\/06\/R55BBP_1200x1200.jpg","width":1200,"height":1200},{"@type":"BreadcrumbList","@id":"https:\/\/thr.tools\/es\/product\/r55bbp\/#breadcrumb","itemListElement":[{"@type":"ListItem","position":1,"name":"Home","item":"https:\/\/thr.tools\/es\/"},{"@type":"ListItem","position":2,"name":"Store","item":"https:\/\/thr.tools\/store\/"},{"@type":"ListItem","position":3,"name":"Destornillador Neum\u00e1tico Industrial &#8211; Mango Tipo Pistola &#8211; Arranque-Apagado Tipo Gatillo"}]},{"@type":"WebSite","@id":"https:\/\/thr.tools\/es\/#website","url":"https:\/\/thr.tools\/es\/","name":"THR Industrial Supplies | Air Compressors & Tools","description":"OEM, ODM Air Equipment Supplier","publisher":{"@id":"https:\/\/thr.tools\/es\/#organization"},"alternateName":"THR Industrial Supplies | Compresores de Aire y Herramientas","potentialAction":[{"@type":"SearchAction","target":{"@type":"EntryPoint","urlTemplate":"https:\/\/thr.tools\/es\/?s={search_term_string}"},"query-input":{"@type":"PropertyValueSpecification","valueRequired":true,"valueName":"search_term_string"}}],"inLanguage":"es"},{"@type":"Organization","@id":"https:\/\/thr.tools\/es\/#organization","name":"THR Electronics LLC","url":"https:\/\/thr.tools\/es\/","logo":{"@type":"ImageObject","inLanguage":"es","@id":"https:\/\/thr.tools\/es\/#\/schema\/logo\/image\/","url":"https:\/\/thr.tools\/wp-content\/uploads\/2023\/07\/cropped-favicon-thr-logo-512x512-1.png","contentUrl":"https:\/\/thr.tools\/wp-content\/uploads\/2023\/07\/cropped-favicon-thr-logo-512x512-1.png","width":815,"height":814,"caption":"THR Electronics LLC"},"image":{"@id":"https:\/\/thr.tools\/es\/#\/schema\/logo\/image\/"}}]}},"_links":{"self":[{"href":"https:\/\/thr.tools\/es\/wp-json\/wp\/v2\/product\/7539","targetHints":{"allow":["GET"]}}],"collection":[{"href":"https:\/\/thr.tools\/es\/wp-json\/wp\/v2\/product"}],"about":[{"href":"https:\/\/thr.tools\/es\/wp-json\/wp\/v2\/types\/product"}],"version-history":[{"count":1,"href":"https:\/\/thr.tools\/es\/wp-json\/wp\/v2\/product\/7539\/revisions"}],"predecessor-version":[{"id":8880,"href":"https:\/\/thr.tools\/es\/wp-json\/wp\/v2\/product\/7539\/revisions\/8880"}],"wp:featuredmedia":[{"embeddable":true,"href":"https:\/\/thr.tools\/es\/wp-json\/wp\/v2\/media\/7442"}],"wp:attachment":[{"href":"https:\/\/thr.tools\/es\/wp-json\/wp\/v2\/media?parent=7539"}],"wp:term":[{"taxonomy":"product_brand","embeddable":true,"href":"https:\/\/thr.tools\/es\/wp-json\/wp\/v2\/product_brand?post=7539"},{"taxonomy":"product_cat","embeddable":true,"href":"https:\/\/thr.tools\/es\/wp-json\/wp\/v2\/product_cat?post=7539"},{"taxonomy":"product_tag","embeddable":true,"href":"https:\/\/thr.tools\/es\/wp-json\/wp\/v2\/product_tag?post=7539"}],"curies":[{"name":"wp","href":"https:\/\/api.w.org\/{rel}","templated":true}]}}