{"id":6713,"date":"2023-08-30T19:33:45","date_gmt":"2023-08-30T19:33:45","guid":{"rendered":"https:\/\/thr.tools\/product\/7-5-hp-silent-operation-air-compressor\/"},"modified":"2024-07-24T04:26:19","modified_gmt":"2024-07-24T04:26:19","slug":"cs-75","status":"publish","type":"product","link":"https:\/\/thr.tools\/es\/product\/cs-75\/","title":{"rendered":"Compresor de Aire de Operaci\u00f3n Silenciosa de 7,5-CV (5,6-kW)"},"content":{"rendered":"","protected":false},"excerpt":{"rendered":"<p><strong>*** El cliente debe proporcionar su propio tanque de aire o consultar nuestras opciones a trav\u00e9s del proceso de cotizaci\u00f3n ***<\/strong><\/p>\n<p>Presentamos nuestro revolucionario Compresor de Aire Silencioso, dise\u00f1ado para ofrecer un rendimiento potente con un ruido m\u00ednimo. Este producto excepcional opera con una cantidad incre\u00edblemente baja de ruido durante su funcionamiento, asegurando un entorno de trabajo tranquilo y apacible. Ya sea que est\u00e9 trabajando en un \u00e1rea sensible al ruido o simplemente prefiera un espacio de trabajo m\u00e1s silencioso, este Compresor de Aire Silencioso es la soluci\u00f3n perfecta, permiti\u00e9ndole concentrarse en sus tareas sin distracciones.<\/p>\n<p>Con su funcionamiento sencillo, este Compresor de Aire ofrece ajustes manuales y autom\u00e1ticos, brind\u00e1ndole flexibilidad y comodidad. Ajustar la presi\u00f3n o cambiar entre modos es muy sencillo, lo que le permite personalizar f\u00e1cilmente el compresor seg\u00fan sus necesidades espec\u00edficas. Ya sea que prefiera el control manual o opte por ajustes autom\u00e1ticos, este Compresor de Aire Silencioso ofrece un rendimiento sin problemas en cada ocasi\u00f3n, haciendo que su flujo de trabajo sea m\u00e1s suave y eficiente.<\/p>\n<p>Adem\u00e1s de sus caracter\u00edsticas impresionantes, nuestro Compresor de Aire Silencioso le ofrece la libertad de elegir un tanque de aire de su preferencia. <strong> Puede emparejarlo con un tanque de aire de su elecci\u00f3n o seleccionar entre la gama de tanques de aire disponibles a trav\u00e9s de nuestra cotizaci\u00f3n.<\/strong> Esta flexibilidad garantiza que tenga la configuraci\u00f3n perfecta para sus requisitos espec\u00edficos, lo que le permite maximizar la productividad y obtener resultados sobresalientes. Experimente la tranquilidad de un entorno de trabajo sin ruido y adapte la configuraci\u00f3n de su compresor a sus necesidades exactas con nuestro Compresor de Aire Silencioso.<\/p>\n","protected":false},"featured_media":6525,"template":"","meta":{"site-sidebar-layout":"default","site-content-layout":"default","ast-site-content-layout":"default","site-content-style":"default","site-sidebar-style":"default","ast-global-header-display":"","ast-banner-title-visibility":"","ast-main-header-display":"","ast-hfb-above-header-display":"","ast-hfb-below-header-display":"","ast-hfb-mobile-header-display":"","site-post-title":"","ast-breadcrumbs-content":"","ast-featured-img":"","footer-sml-layout":"","ast-disable-related-posts":"","theme-transparent-header-meta":"default","adv-header-id-meta":"","stick-header-meta":"","header-above-stick-meta":"","header-main-stick-meta":"","header-below-stick-meta":"","astra-migrate-meta-layouts":"default","ast-page-background-enabled":"default","ast-page-background-meta":{"desktop":{"background-color":"","background-image":"","background-repeat":"repeat","background-position":"center center","background-size":"auto","background-attachment":"scroll","background-type":"","background-media":"","overlay-type":"","overlay-color":"","overlay-opacity":"","overlay-gradient":""},"tablet":{"background-color":"","background-image":"","background-repeat":"repeat","background-position":"center center","background-size":"auto","background-attachment":"scroll","background-type":"","background-media":"","overlay-type":"","overlay-color":"","overlay-opacity":"","overlay-gradient":""},"mobile":{"background-color":"","background-image":"","background-repeat":"repeat","background-position":"center center","background-size":"auto","background-attachment":"scroll","background-type":"","background-media":"","overlay-type":"","overlay-color":"","overlay-opacity":"","overlay-gradient":""}},"ast-content-background-meta":{"desktop":{"background-color":"var(--ast-global-color-5)","background-image":"","background-repeat":"repeat","background-position":"center center","background-size":"auto","background-attachment":"scroll","background-type":"","background-media":"","overlay-type":"","overlay-color":"","overlay-opacity":"","overlay-gradient":""},"tablet":{"background-color":"var(--ast-global-color-5)","background-image":"","background-repeat":"repeat","background-position":"center center","background-size":"auto","background-attachment":"scroll","background-type":"","background-media":"","overlay-type":"","overlay-color":"","overlay-opacity":"","overlay-gradient":""},"mobile":{"background-color":"var(--ast-global-color-5)","background-image":"","background-repeat":"repeat","background-position":"center center","background-size":"auto","background-attachment":"scroll","background-type":"","background-media":"","overlay-type":"","overlay-color":"","overlay-opacity":"","overlay-gradient":""}}},"product_brand":[],"product_cat":[270,277],"product_tag":[],"class_list":{"0":"post-6713","1":"product","2":"type-product","3":"status-publish","4":"has-post-thumbnail","6":"product_cat-compresores-aire","7":"product_cat-operacion-silenciosa","8":"desktop-align-left","9":"tablet-align-left","10":"mobile-align-left","12":"first","13":"instock","14":"shipping-taxable","15":"purchasable","16":"product-type-simple"},"yoast_head":"<!-- This site is optimized with the Yoast SEO plugin v26.7 - https:\/\/yoast.com\/wordpress\/plugins\/seo\/ -->\n<title>Compresor de Aire de Operaci\u00f3n Silenciosa de 7,5-CV (5,6-kW) - THR Industrial Supplies<\/title>\n<meta name=\"robots\" content=\"index, follow, max-snippet:-1, max-image-preview:large, max-video-preview:-1\" \/>\n<link rel=\"canonical\" href=\"https:\/\/thr.tools\/es\/product\/cs-75\/\" \/>\n<meta property=\"og:locale\" content=\"es_ES\" \/>\n<meta property=\"og:type\" content=\"article\" \/>\n<meta property=\"og:title\" content=\"Compresor de Aire de Operaci\u00f3n Silenciosa de 7,5-CV (5,6-kW) - THR Industrial Supplies\" \/>\n<meta property=\"og:description\" content=\"*** El cliente debe proporcionar su propio tanque de aire o consultar nuestras opciones a trav\u00e9s del proceso de cotizaci\u00f3n *** Presentamos nuestro revolucionario Compresor de Aire Silencioso, dise\u00f1ado para ofrecer un rendimiento potente con un ruido m\u00ednimo. Este producto excepcional opera con una cantidad incre\u00edblemente baja de ruido durante su funcionamiento, asegurando un entorno de trabajo tranquilo y apacible. Ya sea que est\u00e9 trabajando en un \u00e1rea sensible al ruido o simplemente prefiera un espacio de trabajo m\u00e1s silencioso, este Compresor de Aire Silencioso es la soluci\u00f3n perfecta, permiti\u00e9ndole concentrarse en sus tareas sin distracciones. Con su funcionamiento sencillo, este Compresor de Aire ofrece ajustes manuales y autom\u00e1ticos, brind\u00e1ndole flexibilidad y comodidad. Ajustar la presi\u00f3n o cambiar entre modos es muy sencillo, lo que le permite personalizar f\u00e1cilmente el compresor seg\u00fan sus necesidades espec\u00edficas. Ya sea que prefiera el control manual o opte por ajustes autom\u00e1ticos, este Compresor de Aire Silencioso ofrece un rendimiento sin problemas en cada ocasi\u00f3n, haciendo que su flujo de trabajo sea m\u00e1s suave y eficiente. Adem\u00e1s de sus caracter\u00edsticas impresionantes, nuestro Compresor de Aire Silencioso le ofrece la libertad de elegir un tanque de aire de su preferencia. Puede emparejarlo con un tanque de aire de su elecci\u00f3n o seleccionar entre la gama de tanques de aire disponibles a trav\u00e9s de nuestra cotizaci\u00f3n. Esta flexibilidad garantiza que tenga la configuraci\u00f3n perfecta para sus requisitos espec\u00edficos, lo que le permite maximizar la productividad y obtener resultados sobresalientes. Experimente la tranquilidad de un entorno de trabajo sin ruido y adapte la configuraci\u00f3n de su compresor a sus necesidades exactas con nuestro Compresor de Aire Silencioso.\" \/>\n<meta property=\"og:url\" content=\"https:\/\/thr.tools\/es\/product\/cs-75\/\" \/>\n<meta property=\"og:site_name\" content=\"THR Industrial Supplies\" \/>\n<meta property=\"article:modified_time\" content=\"2024-07-24T04:26:19+00:00\" \/>\n<meta property=\"og:image\" content=\"https:\/\/thr.tools\/wp-content\/uploads\/2023\/08\/CS-75_1200x1200.jpg\" \/>\n\t<meta property=\"og:image:width\" content=\"1200\" \/>\n\t<meta property=\"og:image:height\" content=\"1200\" \/>\n\t<meta property=\"og:image:type\" content=\"image\/jpeg\" \/>\n<meta name=\"twitter:card\" content=\"summary_large_image\" \/>\n<script type=\"application\/ld+json\" class=\"yoast-schema-graph\">{\"@context\":\"https:\/\/schema.org\",\"@graph\":[{\"@type\":\"WebPage\",\"@id\":\"https:\/\/thr.tools\/es\/product\/cs-75\/\",\"url\":\"https:\/\/thr.tools\/es\/product\/cs-75\/\",\"name\":\"Compresor de Aire de Operaci\u00f3n Silenciosa de 7,5-CV (5,6-kW) - THR Industrial Supplies\",\"isPartOf\":{\"@id\":\"https:\/\/thr.tools\/es\/#website\"},\"primaryImageOfPage\":{\"@id\":\"https:\/\/thr.tools\/es\/product\/cs-75\/#primaryimage\"},\"image\":{\"@id\":\"https:\/\/thr.tools\/es\/product\/cs-75\/#primaryimage\"},\"thumbnailUrl\":\"https:\/\/thr.tools\/wp-content\/uploads\/2023\/08\/CS-75_1200x1200.jpg\",\"datePublished\":\"2023-08-30T19:33:45+00:00\",\"dateModified\":\"2024-07-24T04:26:19+00:00\",\"breadcrumb\":{\"@id\":\"https:\/\/thr.tools\/es\/product\/cs-75\/#breadcrumb\"},\"inLanguage\":\"es\",\"potentialAction\":[{\"@type\":\"ReadAction\",\"target\":[\"https:\/\/thr.tools\/es\/product\/cs-75\/\"]}]},{\"@type\":\"ImageObject\",\"inLanguage\":\"es\",\"@id\":\"https:\/\/thr.tools\/es\/product\/cs-75\/#primaryimage\",\"url\":\"https:\/\/thr.tools\/wp-content\/uploads\/2023\/08\/CS-75_1200x1200.jpg\",\"contentUrl\":\"https:\/\/thr.tools\/wp-content\/uploads\/2023\/08\/CS-75_1200x1200.jpg\",\"width\":1200,\"height\":1200},{\"@type\":\"BreadcrumbList\",\"@id\":\"https:\/\/thr.tools\/es\/product\/cs-75\/#breadcrumb\",\"itemListElement\":[{\"@type\":\"ListItem\",\"position\":1,\"name\":\"Home\",\"item\":\"https:\/\/thr.tools\/es\/\"},{\"@type\":\"ListItem\",\"position\":2,\"name\":\"Store\",\"item\":\"https:\/\/thr.tools\/store\/\"},{\"@type\":\"ListItem\",\"position\":3,\"name\":\"Compresor de Aire de Operaci\u00f3n Silenciosa de 7,5-CV (5,6-kW)\"}]},{\"@type\":\"WebSite\",\"@id\":\"https:\/\/thr.tools\/es\/#website\",\"url\":\"https:\/\/thr.tools\/es\/\",\"name\":\"THR Industrial Supplies | Air Compressors & Tools\",\"description\":\"OEM, ODM Air Equipment Supplier\",\"publisher\":{\"@id\":\"https:\/\/thr.tools\/es\/#organization\"},\"alternateName\":\"THR Industrial Supplies | Compresores de Aire y Herramientas\",\"potentialAction\":[{\"@type\":\"SearchAction\",\"target\":{\"@type\":\"EntryPoint\",\"urlTemplate\":\"https:\/\/thr.tools\/es\/?s={search_term_string}\"},\"query-input\":{\"@type\":\"PropertyValueSpecification\",\"valueRequired\":true,\"valueName\":\"search_term_string\"}}],\"inLanguage\":\"es\"},{\"@type\":\"Organization\",\"@id\":\"https:\/\/thr.tools\/es\/#organization\",\"name\":\"THR Electronics LLC\",\"url\":\"https:\/\/thr.tools\/es\/\",\"logo\":{\"@type\":\"ImageObject\",\"inLanguage\":\"es\",\"@id\":\"https:\/\/thr.tools\/es\/#\/schema\/logo\/image\/\",\"url\":\"https:\/\/thr.tools\/wp-content\/uploads\/2023\/07\/cropped-favicon-thr-logo-512x512-1.png\",\"contentUrl\":\"https:\/\/thr.tools\/wp-content\/uploads\/2023\/07\/cropped-favicon-thr-logo-512x512-1.png\",\"width\":815,\"height\":814,\"caption\":\"THR Electronics LLC\"},\"image\":{\"@id\":\"https:\/\/thr.tools\/es\/#\/schema\/logo\/image\/\"}}]}<\/script>\n<!-- \/ Yoast SEO plugin. -->","yoast_head_json":{"title":"Compresor de Aire de Operaci\u00f3n Silenciosa de 7,5-CV (5,6-kW) - THR Industrial Supplies","robots":{"index":"index","follow":"follow","max-snippet":"max-snippet:-1","max-image-preview":"max-image-preview:large","max-video-preview":"max-video-preview:-1"},"canonical":"https:\/\/thr.tools\/es\/product\/cs-75\/","og_locale":"es_ES","og_type":"article","og_title":"Compresor de Aire de Operaci\u00f3n Silenciosa de 7,5-CV (5,6-kW) - THR Industrial Supplies","og_description":"*** El cliente debe proporcionar su propio tanque de aire o consultar nuestras opciones a trav\u00e9s del proceso de cotizaci\u00f3n *** Presentamos nuestro revolucionario Compresor de Aire Silencioso, dise\u00f1ado para ofrecer un rendimiento potente con un ruido m\u00ednimo. Este producto excepcional opera con una cantidad incre\u00edblemente baja de ruido durante su funcionamiento, asegurando un entorno de trabajo tranquilo y apacible. Ya sea que est\u00e9 trabajando en un \u00e1rea sensible al ruido o simplemente prefiera un espacio de trabajo m\u00e1s silencioso, este Compresor de Aire Silencioso es la soluci\u00f3n perfecta, permiti\u00e9ndole concentrarse en sus tareas sin distracciones. Con su funcionamiento sencillo, este Compresor de Aire ofrece ajustes manuales y autom\u00e1ticos, brind\u00e1ndole flexibilidad y comodidad. Ajustar la presi\u00f3n o cambiar entre modos es muy sencillo, lo que le permite personalizar f\u00e1cilmente el compresor seg\u00fan sus necesidades espec\u00edficas. Ya sea que prefiera el control manual o opte por ajustes autom\u00e1ticos, este Compresor de Aire Silencioso ofrece un rendimiento sin problemas en cada ocasi\u00f3n, haciendo que su flujo de trabajo sea m\u00e1s suave y eficiente. Adem\u00e1s de sus caracter\u00edsticas impresionantes, nuestro Compresor de Aire Silencioso le ofrece la libertad de elegir un tanque de aire de su preferencia. Puede emparejarlo con un tanque de aire de su elecci\u00f3n o seleccionar entre la gama de tanques de aire disponibles a trav\u00e9s de nuestra cotizaci\u00f3n. Esta flexibilidad garantiza que tenga la configuraci\u00f3n perfecta para sus requisitos espec\u00edficos, lo que le permite maximizar la productividad y obtener resultados sobresalientes. Experimente la tranquilidad de un entorno de trabajo sin ruido y adapte la configuraci\u00f3n de su compresor a sus necesidades exactas con nuestro Compresor de Aire Silencioso.","og_url":"https:\/\/thr.tools\/es\/product\/cs-75\/","og_site_name":"THR Industrial Supplies","article_modified_time":"2024-07-24T04:26:19+00:00","og_image":[{"width":1200,"height":1200,"url":"https:\/\/thr.tools\/wp-content\/uploads\/2023\/08\/CS-75_1200x1200.jpg","type":"image\/jpeg"}],"twitter_card":"summary_large_image","schema":{"@context":"https:\/\/schema.org","@graph":[{"@type":"WebPage","@id":"https:\/\/thr.tools\/es\/product\/cs-75\/","url":"https:\/\/thr.tools\/es\/product\/cs-75\/","name":"Compresor de Aire de Operaci\u00f3n Silenciosa de 7,5-CV (5,6-kW) - THR Industrial Supplies","isPartOf":{"@id":"https:\/\/thr.tools\/es\/#website"},"primaryImageOfPage":{"@id":"https:\/\/thr.tools\/es\/product\/cs-75\/#primaryimage"},"image":{"@id":"https:\/\/thr.tools\/es\/product\/cs-75\/#primaryimage"},"thumbnailUrl":"https:\/\/thr.tools\/wp-content\/uploads\/2023\/08\/CS-75_1200x1200.jpg","datePublished":"2023-08-30T19:33:45+00:00","dateModified":"2024-07-24T04:26:19+00:00","breadcrumb":{"@id":"https:\/\/thr.tools\/es\/product\/cs-75\/#breadcrumb"},"inLanguage":"es","potentialAction":[{"@type":"ReadAction","target":["https:\/\/thr.tools\/es\/product\/cs-75\/"]}]},{"@type":"ImageObject","inLanguage":"es","@id":"https:\/\/thr.tools\/es\/product\/cs-75\/#primaryimage","url":"https:\/\/thr.tools\/wp-content\/uploads\/2023\/08\/CS-75_1200x1200.jpg","contentUrl":"https:\/\/thr.tools\/wp-content\/uploads\/2023\/08\/CS-75_1200x1200.jpg","width":1200,"height":1200},{"@type":"BreadcrumbList","@id":"https:\/\/thr.tools\/es\/product\/cs-75\/#breadcrumb","itemListElement":[{"@type":"ListItem","position":1,"name":"Home","item":"https:\/\/thr.tools\/es\/"},{"@type":"ListItem","position":2,"name":"Store","item":"https:\/\/thr.tools\/store\/"},{"@type":"ListItem","position":3,"name":"Compresor de Aire de Operaci\u00f3n Silenciosa de 7,5-CV (5,6-kW)"}]},{"@type":"WebSite","@id":"https:\/\/thr.tools\/es\/#website","url":"https:\/\/thr.tools\/es\/","name":"THR Industrial Supplies | Air Compressors & Tools","description":"OEM, ODM Air Equipment Supplier","publisher":{"@id":"https:\/\/thr.tools\/es\/#organization"},"alternateName":"THR Industrial Supplies | Compresores de Aire y Herramientas","potentialAction":[{"@type":"SearchAction","target":{"@type":"EntryPoint","urlTemplate":"https:\/\/thr.tools\/es\/?s={search_term_string}"},"query-input":{"@type":"PropertyValueSpecification","valueRequired":true,"valueName":"search_term_string"}}],"inLanguage":"es"},{"@type":"Organization","@id":"https:\/\/thr.tools\/es\/#organization","name":"THR Electronics LLC","url":"https:\/\/thr.tools\/es\/","logo":{"@type":"ImageObject","inLanguage":"es","@id":"https:\/\/thr.tools\/es\/#\/schema\/logo\/image\/","url":"https:\/\/thr.tools\/wp-content\/uploads\/2023\/07\/cropped-favicon-thr-logo-512x512-1.png","contentUrl":"https:\/\/thr.tools\/wp-content\/uploads\/2023\/07\/cropped-favicon-thr-logo-512x512-1.png","width":815,"height":814,"caption":"THR Electronics LLC"},"image":{"@id":"https:\/\/thr.tools\/es\/#\/schema\/logo\/image\/"}}]}},"_links":{"self":[{"href":"https:\/\/thr.tools\/es\/wp-json\/wp\/v2\/product\/6713","targetHints":{"allow":["GET"]}}],"collection":[{"href":"https:\/\/thr.tools\/es\/wp-json\/wp\/v2\/product"}],"about":[{"href":"https:\/\/thr.tools\/es\/wp-json\/wp\/v2\/types\/product"}],"version-history":[{"count":4,"href":"https:\/\/thr.tools\/es\/wp-json\/wp\/v2\/product\/6713\/revisions"}],"predecessor-version":[{"id":9102,"href":"https:\/\/thr.tools\/es\/wp-json\/wp\/v2\/product\/6713\/revisions\/9102"}],"wp:featuredmedia":[{"embeddable":true,"href":"https:\/\/thr.tools\/es\/wp-json\/wp\/v2\/media\/6525"}],"wp:attachment":[{"href":"https:\/\/thr.tools\/es\/wp-json\/wp\/v2\/media?parent=6713"}],"wp:term":[{"taxonomy":"product_brand","embeddable":true,"href":"https:\/\/thr.tools\/es\/wp-json\/wp\/v2\/product_brand?post=6713"},{"taxonomy":"product_cat","embeddable":true,"href":"https:\/\/thr.tools\/es\/wp-json\/wp\/v2\/product_cat?post=6713"},{"taxonomy":"product_tag","embeddable":true,"href":"https:\/\/thr.tools\/es\/wp-json\/wp\/v2\/product_tag?post=6713"}],"curies":[{"name":"wp","href":"https:\/\/api.w.org\/{rel}","templated":true}]}}