{"id":6704,"date":"2023-08-30T19:28:36","date_gmt":"2023-08-30T19:28:36","guid":{"rendered":"https:\/\/thr.tools\/product\/5-5-hp-42-gal-automotive-air-compressor-2\/"},"modified":"2024-07-24T04:26:12","modified_gmt":"2024-07-24T04:26:12","slug":"auto-55t","status":"publish","type":"product","link":"https:\/\/thr.tools\/es\/product\/auto-55t\/","title":{"rendered":"Compresor de Aire Automotriz de 5,5-CV (4,1-kW) y 159-L de Dep\u00f3sito"},"content":{"rendered":"","protected":false},"excerpt":{"rendered":"<p>Presentamos nuestro revolucionario Compresor de Aire, dise\u00f1ado y fabricado espec\u00edficamente para entusiastas y profesionales del autom\u00f3vil por igual. Este producto de vanguardia est\u00e1 dise\u00f1ado a medida para satisfacer las exigentes necesidades de la reparaci\u00f3n automotriz, brind\u00e1ndote la potencia y el rendimiento que necesitas para abordar cualquier tarea. Dise\u00f1ado con precisi\u00f3n y experiencia, este Compresor de Aire es un cambio de juego en la industria, ofreciendo una confiabilidad, eficiencia y durabilidad inigualables.<\/p>\n<p>Una caracter\u00edstica notable de este Compresor de Aire es su disponibilidad en variantes de una etapa (Single Stage) y dos etapas (Two Stage), lo que te permite elegir el modelo perfecto para satisfacer tus necesidades espec\u00edficas. La variante de una etapa ofrece un rendimiento impresionante para trabajos de reparaci\u00f3n automotriz m\u00e1s peque\u00f1os, mientras que la variante de dos etapas proporciona una potencia y eficiencia excepcionales para proyectos a mayor escala. Sin importar el tama\u00f1o o la complejidad de la tarea en cuesti\u00f3n, este vers\u00e1til Compresor de Aire garantiza un rendimiento y productividad \u00f3ptimos, convirti\u00e9ndolo en una herramienta esencial en cualquier taller o garaje automotriz.<\/p>\n<p>Con su dise\u00f1o especializado para uso automotriz y la disponibilidad de variantes de una etapa y dos etapas, nuestro Compresor de Aire se destaca como una elecci\u00f3n de primer nivel para profesionales y entusiastas del autom\u00f3vil. Experimenta la diferencia en potencia, eficiencia y confiabilidad mientras optimizas tus reparaciones automotrices y llevas tus proyectos a nuevas alturas con este producto excepcional.<\/p>\n","protected":false},"featured_media":6482,"template":"","meta":{"site-sidebar-layout":"default","site-content-layout":"default","ast-site-content-layout":"default","site-content-style":"default","site-sidebar-style":"default","ast-global-header-display":"","ast-banner-title-visibility":"","ast-main-header-display":"","ast-hfb-above-header-display":"","ast-hfb-below-header-display":"","ast-hfb-mobile-header-display":"","site-post-title":"","ast-breadcrumbs-content":"","ast-featured-img":"","footer-sml-layout":"","ast-disable-related-posts":"","theme-transparent-header-meta":"default","adv-header-id-meta":"","stick-header-meta":"","header-above-stick-meta":"","header-main-stick-meta":"","header-below-stick-meta":"","astra-migrate-meta-layouts":"default","ast-page-background-enabled":"default","ast-page-background-meta":{"desktop":{"background-color":"","background-image":"","background-repeat":"repeat","background-position":"center center","background-size":"auto","background-attachment":"scroll","background-type":"","background-media":"","overlay-type":"","overlay-color":"","overlay-opacity":"","overlay-gradient":""},"tablet":{"background-color":"","background-image":"","background-repeat":"repeat","background-position":"center center","background-size":"auto","background-attachment":"scroll","background-type":"","background-media":"","overlay-type":"","overlay-color":"","overlay-opacity":"","overlay-gradient":""},"mobile":{"background-color":"","background-image":"","background-repeat":"repeat","background-position":"center center","background-size":"auto","background-attachment":"scroll","background-type":"","background-media":"","overlay-type":"","overlay-color":"","overlay-opacity":"","overlay-gradient":""}},"ast-content-background-meta":{"desktop":{"background-color":"var(--ast-global-color-5)","background-image":"","background-repeat":"repeat","background-position":"center center","background-size":"auto","background-attachment":"scroll","background-type":"","background-media":"","overlay-type":"","overlay-color":"","overlay-opacity":"","overlay-gradient":""},"tablet":{"background-color":"var(--ast-global-color-5)","background-image":"","background-repeat":"repeat","background-position":"center center","background-size":"auto","background-attachment":"scroll","background-type":"","background-media":"","overlay-type":"","overlay-color":"","overlay-opacity":"","overlay-gradient":""},"mobile":{"background-color":"var(--ast-global-color-5)","background-image":"","background-repeat":"repeat","background-position":"center center","background-size":"auto","background-attachment":"scroll","background-type":"","background-media":"","overlay-type":"","overlay-color":"","overlay-opacity":"","overlay-gradient":""}}},"product_brand":[],"product_cat":[272,270],"product_tag":[],"class_list":{"0":"post-6704","1":"product","2":"type-product","3":"status-publish","4":"has-post-thumbnail","6":"product_cat-automotor","7":"product_cat-compresores-aire","8":"desktop-align-left","9":"tablet-align-left","10":"mobile-align-left","12":"first","13":"instock","14":"shipping-taxable","15":"purchasable","16":"product-type-simple"},"yoast_head":"<!-- This site is optimized with the Yoast SEO plugin v26.7 - https:\/\/yoast.com\/wordpress\/plugins\/seo\/ -->\n<title>Compresor de Aire Automotriz de 5,5-CV (4,1-kW) y 159-L de Dep\u00f3sito - THR Industrial Supplies<\/title>\n<meta name=\"robots\" content=\"index, follow, max-snippet:-1, max-image-preview:large, max-video-preview:-1\" \/>\n<link rel=\"canonical\" href=\"https:\/\/thr.tools\/es\/product\/auto-55t\/\" \/>\n<meta property=\"og:locale\" content=\"es_ES\" \/>\n<meta property=\"og:type\" content=\"article\" \/>\n<meta property=\"og:title\" content=\"Compresor de Aire Automotriz de 5,5-CV (4,1-kW) y 159-L de Dep\u00f3sito - THR Industrial Supplies\" \/>\n<meta property=\"og:description\" content=\"Presentamos nuestro revolucionario Compresor de Aire, dise\u00f1ado y fabricado espec\u00edficamente para entusiastas y profesionales del autom\u00f3vil por igual. Este producto de vanguardia est\u00e1 dise\u00f1ado a medida para satisfacer las exigentes necesidades de la reparaci\u00f3n automotriz, brind\u00e1ndote la potencia y el rendimiento que necesitas para abordar cualquier tarea. Dise\u00f1ado con precisi\u00f3n y experiencia, este Compresor de Aire es un cambio de juego en la industria, ofreciendo una confiabilidad, eficiencia y durabilidad inigualables. Una caracter\u00edstica notable de este Compresor de Aire es su disponibilidad en variantes de una etapa (Single Stage) y dos etapas (Two Stage), lo que te permite elegir el modelo perfecto para satisfacer tus necesidades espec\u00edficas. La variante de una etapa ofrece un rendimiento impresionante para trabajos de reparaci\u00f3n automotriz m\u00e1s peque\u00f1os, mientras que la variante de dos etapas proporciona una potencia y eficiencia excepcionales para proyectos a mayor escala. Sin importar el tama\u00f1o o la complejidad de la tarea en cuesti\u00f3n, este vers\u00e1til Compresor de Aire garantiza un rendimiento y productividad \u00f3ptimos, convirti\u00e9ndolo en una herramienta esencial en cualquier taller o garaje automotriz. Con su dise\u00f1o especializado para uso automotriz y la disponibilidad de variantes de una etapa y dos etapas, nuestro Compresor de Aire se destaca como una elecci\u00f3n de primer nivel para profesionales y entusiastas del autom\u00f3vil. Experimenta la diferencia en potencia, eficiencia y confiabilidad mientras optimizas tus reparaciones automotrices y llevas tus proyectos a nuevas alturas con este producto excepcional.\" \/>\n<meta property=\"og:url\" content=\"https:\/\/thr.tools\/es\/product\/auto-55t\/\" \/>\n<meta property=\"og:site_name\" content=\"THR Industrial Supplies\" \/>\n<meta property=\"article:modified_time\" content=\"2024-07-24T04:26:12+00:00\" \/>\n<meta property=\"og:image\" content=\"https:\/\/thr.tools\/wp-content\/uploads\/2023\/08\/AUTO-55T_1200x1200.jpg\" \/>\n\t<meta property=\"og:image:width\" content=\"1200\" \/>\n\t<meta property=\"og:image:height\" content=\"1200\" \/>\n\t<meta property=\"og:image:type\" content=\"image\/jpeg\" \/>\n<meta name=\"twitter:card\" content=\"summary_large_image\" \/>\n<script type=\"application\/ld+json\" class=\"yoast-schema-graph\">{\"@context\":\"https:\/\/schema.org\",\"@graph\":[{\"@type\":\"WebPage\",\"@id\":\"https:\/\/thr.tools\/es\/product\/auto-55t\/\",\"url\":\"https:\/\/thr.tools\/es\/product\/auto-55t\/\",\"name\":\"Compresor de Aire Automotriz de 5,5-CV (4,1-kW) y 159-L de Dep\u00f3sito - THR Industrial Supplies\",\"isPartOf\":{\"@id\":\"https:\/\/thr.tools\/es\/#website\"},\"primaryImageOfPage\":{\"@id\":\"https:\/\/thr.tools\/es\/product\/auto-55t\/#primaryimage\"},\"image\":{\"@id\":\"https:\/\/thr.tools\/es\/product\/auto-55t\/#primaryimage\"},\"thumbnailUrl\":\"https:\/\/thr.tools\/wp-content\/uploads\/2023\/08\/AUTO-55T_1200x1200.jpg\",\"datePublished\":\"2023-08-30T19:28:36+00:00\",\"dateModified\":\"2024-07-24T04:26:12+00:00\",\"breadcrumb\":{\"@id\":\"https:\/\/thr.tools\/es\/product\/auto-55t\/#breadcrumb\"},\"inLanguage\":\"es\",\"potentialAction\":[{\"@type\":\"ReadAction\",\"target\":[\"https:\/\/thr.tools\/es\/product\/auto-55t\/\"]}]},{\"@type\":\"ImageObject\",\"inLanguage\":\"es\",\"@id\":\"https:\/\/thr.tools\/es\/product\/auto-55t\/#primaryimage\",\"url\":\"https:\/\/thr.tools\/wp-content\/uploads\/2023\/08\/AUTO-55T_1200x1200.jpg\",\"contentUrl\":\"https:\/\/thr.tools\/wp-content\/uploads\/2023\/08\/AUTO-55T_1200x1200.jpg\",\"width\":1200,\"height\":1200},{\"@type\":\"BreadcrumbList\",\"@id\":\"https:\/\/thr.tools\/es\/product\/auto-55t\/#breadcrumb\",\"itemListElement\":[{\"@type\":\"ListItem\",\"position\":1,\"name\":\"Home\",\"item\":\"https:\/\/thr.tools\/es\/\"},{\"@type\":\"ListItem\",\"position\":2,\"name\":\"Store\",\"item\":\"https:\/\/thr.tools\/store\/\"},{\"@type\":\"ListItem\",\"position\":3,\"name\":\"Compresor de Aire Automotriz de 5,5-CV (4,1-kW) y 159-L de Dep\u00f3sito\"}]},{\"@type\":\"WebSite\",\"@id\":\"https:\/\/thr.tools\/es\/#website\",\"url\":\"https:\/\/thr.tools\/es\/\",\"name\":\"THR Industrial Supplies | Air Compressors & Tools\",\"description\":\"OEM, ODM Air Equipment Supplier\",\"publisher\":{\"@id\":\"https:\/\/thr.tools\/es\/#organization\"},\"alternateName\":\"THR Industrial Supplies | Compresores de Aire y Herramientas\",\"potentialAction\":[{\"@type\":\"SearchAction\",\"target\":{\"@type\":\"EntryPoint\",\"urlTemplate\":\"https:\/\/thr.tools\/es\/?s={search_term_string}\"},\"query-input\":{\"@type\":\"PropertyValueSpecification\",\"valueRequired\":true,\"valueName\":\"search_term_string\"}}],\"inLanguage\":\"es\"},{\"@type\":\"Organization\",\"@id\":\"https:\/\/thr.tools\/es\/#organization\",\"name\":\"THR Electronics LLC\",\"url\":\"https:\/\/thr.tools\/es\/\",\"logo\":{\"@type\":\"ImageObject\",\"inLanguage\":\"es\",\"@id\":\"https:\/\/thr.tools\/es\/#\/schema\/logo\/image\/\",\"url\":\"https:\/\/thr.tools\/wp-content\/uploads\/2023\/07\/cropped-favicon-thr-logo-512x512-1.png\",\"contentUrl\":\"https:\/\/thr.tools\/wp-content\/uploads\/2023\/07\/cropped-favicon-thr-logo-512x512-1.png\",\"width\":815,\"height\":814,\"caption\":\"THR Electronics LLC\"},\"image\":{\"@id\":\"https:\/\/thr.tools\/es\/#\/schema\/logo\/image\/\"}}]}<\/script>\n<!-- \/ Yoast SEO plugin. -->","yoast_head_json":{"title":"Compresor de Aire Automotriz de 5,5-CV (4,1-kW) y 159-L de Dep\u00f3sito - THR Industrial Supplies","robots":{"index":"index","follow":"follow","max-snippet":"max-snippet:-1","max-image-preview":"max-image-preview:large","max-video-preview":"max-video-preview:-1"},"canonical":"https:\/\/thr.tools\/es\/product\/auto-55t\/","og_locale":"es_ES","og_type":"article","og_title":"Compresor de Aire Automotriz de 5,5-CV (4,1-kW) y 159-L de Dep\u00f3sito - THR Industrial Supplies","og_description":"Presentamos nuestro revolucionario Compresor de Aire, dise\u00f1ado y fabricado espec\u00edficamente para entusiastas y profesionales del autom\u00f3vil por igual. Este producto de vanguardia est\u00e1 dise\u00f1ado a medida para satisfacer las exigentes necesidades de la reparaci\u00f3n automotriz, brind\u00e1ndote la potencia y el rendimiento que necesitas para abordar cualquier tarea. Dise\u00f1ado con precisi\u00f3n y experiencia, este Compresor de Aire es un cambio de juego en la industria, ofreciendo una confiabilidad, eficiencia y durabilidad inigualables. Una caracter\u00edstica notable de este Compresor de Aire es su disponibilidad en variantes de una etapa (Single Stage) y dos etapas (Two Stage), lo que te permite elegir el modelo perfecto para satisfacer tus necesidades espec\u00edficas. La variante de una etapa ofrece un rendimiento impresionante para trabajos de reparaci\u00f3n automotriz m\u00e1s peque\u00f1os, mientras que la variante de dos etapas proporciona una potencia y eficiencia excepcionales para proyectos a mayor escala. Sin importar el tama\u00f1o o la complejidad de la tarea en cuesti\u00f3n, este vers\u00e1til Compresor de Aire garantiza un rendimiento y productividad \u00f3ptimos, convirti\u00e9ndolo en una herramienta esencial en cualquier taller o garaje automotriz. Con su dise\u00f1o especializado para uso automotriz y la disponibilidad de variantes de una etapa y dos etapas, nuestro Compresor de Aire se destaca como una elecci\u00f3n de primer nivel para profesionales y entusiastas del autom\u00f3vil. Experimenta la diferencia en potencia, eficiencia y confiabilidad mientras optimizas tus reparaciones automotrices y llevas tus proyectos a nuevas alturas con este producto excepcional.","og_url":"https:\/\/thr.tools\/es\/product\/auto-55t\/","og_site_name":"THR Industrial Supplies","article_modified_time":"2024-07-24T04:26:12+00:00","og_image":[{"width":1200,"height":1200,"url":"https:\/\/thr.tools\/wp-content\/uploads\/2023\/08\/AUTO-55T_1200x1200.jpg","type":"image\/jpeg"}],"twitter_card":"summary_large_image","schema":{"@context":"https:\/\/schema.org","@graph":[{"@type":"WebPage","@id":"https:\/\/thr.tools\/es\/product\/auto-55t\/","url":"https:\/\/thr.tools\/es\/product\/auto-55t\/","name":"Compresor de Aire Automotriz de 5,5-CV (4,1-kW) y 159-L de Dep\u00f3sito - THR Industrial Supplies","isPartOf":{"@id":"https:\/\/thr.tools\/es\/#website"},"primaryImageOfPage":{"@id":"https:\/\/thr.tools\/es\/product\/auto-55t\/#primaryimage"},"image":{"@id":"https:\/\/thr.tools\/es\/product\/auto-55t\/#primaryimage"},"thumbnailUrl":"https:\/\/thr.tools\/wp-content\/uploads\/2023\/08\/AUTO-55T_1200x1200.jpg","datePublished":"2023-08-30T19:28:36+00:00","dateModified":"2024-07-24T04:26:12+00:00","breadcrumb":{"@id":"https:\/\/thr.tools\/es\/product\/auto-55t\/#breadcrumb"},"inLanguage":"es","potentialAction":[{"@type":"ReadAction","target":["https:\/\/thr.tools\/es\/product\/auto-55t\/"]}]},{"@type":"ImageObject","inLanguage":"es","@id":"https:\/\/thr.tools\/es\/product\/auto-55t\/#primaryimage","url":"https:\/\/thr.tools\/wp-content\/uploads\/2023\/08\/AUTO-55T_1200x1200.jpg","contentUrl":"https:\/\/thr.tools\/wp-content\/uploads\/2023\/08\/AUTO-55T_1200x1200.jpg","width":1200,"height":1200},{"@type":"BreadcrumbList","@id":"https:\/\/thr.tools\/es\/product\/auto-55t\/#breadcrumb","itemListElement":[{"@type":"ListItem","position":1,"name":"Home","item":"https:\/\/thr.tools\/es\/"},{"@type":"ListItem","position":2,"name":"Store","item":"https:\/\/thr.tools\/store\/"},{"@type":"ListItem","position":3,"name":"Compresor de Aire Automotriz de 5,5-CV (4,1-kW) y 159-L de Dep\u00f3sito"}]},{"@type":"WebSite","@id":"https:\/\/thr.tools\/es\/#website","url":"https:\/\/thr.tools\/es\/","name":"THR Industrial Supplies | Air Compressors & Tools","description":"OEM, ODM Air Equipment Supplier","publisher":{"@id":"https:\/\/thr.tools\/es\/#organization"},"alternateName":"THR Industrial Supplies | Compresores de Aire y Herramientas","potentialAction":[{"@type":"SearchAction","target":{"@type":"EntryPoint","urlTemplate":"https:\/\/thr.tools\/es\/?s={search_term_string}"},"query-input":{"@type":"PropertyValueSpecification","valueRequired":true,"valueName":"search_term_string"}}],"inLanguage":"es"},{"@type":"Organization","@id":"https:\/\/thr.tools\/es\/#organization","name":"THR Electronics LLC","url":"https:\/\/thr.tools\/es\/","logo":{"@type":"ImageObject","inLanguage":"es","@id":"https:\/\/thr.tools\/es\/#\/schema\/logo\/image\/","url":"https:\/\/thr.tools\/wp-content\/uploads\/2023\/07\/cropped-favicon-thr-logo-512x512-1.png","contentUrl":"https:\/\/thr.tools\/wp-content\/uploads\/2023\/07\/cropped-favicon-thr-logo-512x512-1.png","width":815,"height":814,"caption":"THR Electronics LLC"},"image":{"@id":"https:\/\/thr.tools\/es\/#\/schema\/logo\/image\/"}}]}},"_links":{"self":[{"href":"https:\/\/thr.tools\/es\/wp-json\/wp\/v2\/product\/6704","targetHints":{"allow":["GET"]}}],"collection":[{"href":"https:\/\/thr.tools\/es\/wp-json\/wp\/v2\/product"}],"about":[{"href":"https:\/\/thr.tools\/es\/wp-json\/wp\/v2\/types\/product"}],"version-history":[{"count":4,"href":"https:\/\/thr.tools\/es\/wp-json\/wp\/v2\/product\/6704\/revisions"}],"predecessor-version":[{"id":9093,"href":"https:\/\/thr.tools\/es\/wp-json\/wp\/v2\/product\/6704\/revisions\/9093"}],"wp:featuredmedia":[{"embeddable":true,"href":"https:\/\/thr.tools\/es\/wp-json\/wp\/v2\/media\/6482"}],"wp:attachment":[{"href":"https:\/\/thr.tools\/es\/wp-json\/wp\/v2\/media?parent=6704"}],"wp:term":[{"taxonomy":"product_brand","embeddable":true,"href":"https:\/\/thr.tools\/es\/wp-json\/wp\/v2\/product_brand?post=6704"},{"taxonomy":"product_cat","embeddable":true,"href":"https:\/\/thr.tools\/es\/wp-json\/wp\/v2\/product_cat?post=6704"},{"taxonomy":"product_tag","embeddable":true,"href":"https:\/\/thr.tools\/es\/wp-json\/wp\/v2\/product_tag?post=6704"}],"curies":[{"name":"wp","href":"https:\/\/api.w.org\/{rel}","templated":true}]}}